{"id":13781,"date":"2023-11-04T20:46:51","date_gmt":"2023-11-04T19:46:51","guid":{"rendered":"https:\/\/fixator.fr\/?post_type=product&#038;p=13781"},"modified":"2026-02-02T16:39:51","modified_gmt":"2026-02-02T15:39:51","slug":"gondolas-permanentes-perm-02-perm-02b","status":"publish","type":"product","link":"https:\/\/fixator.fr\/lat-am\/produit\/nacelles-permanentes-perm-02-perm-02b\/","title":{"rendered":"PERM 02 \u2013 G\u00f3ndolas permanentes PERM 02B"},"content":{"rendered":"","protected":false},"excerpt":{"rendered":"<h2 style=\"text-align: left;\"><span style=\"color: #00a776;\"><span style=\"font-family: Raleway;\"><span style=\"font-size: x-large;\"><b>Descripci\u00f3n del Producto<\/b><\/span><\/span><\/span><\/h2>\n<p>Las<strong> g\u00f3ndolas suspendidas permanentes<\/strong> FIXATOR permiten realizar<strong> trabajos de limpieza de ventanas, muros cortina y atrios.<\/strong>.<\/p>\n<p>Nuestras c\u00e1psulas suspendidas permanentes son <strong>tambi\u00e9n utilizado en infraestructura industrial<\/strong>.<\/p>\n<p>Est\u00e1n motorizadas con el<strong> cabrestante el\u00e9ctrico de elevaci\u00f3n de personas e.lift 350<\/strong> \u2013 trif\u00e1sico o monof\u00e1sico.<\/p>\n<p>Ofrecemos dos modelos de g\u00f3ndolas permanentes:<\/p>\n<p>Plataforma<strong> PERM 02B<\/strong> en forma <strong>rectangular<\/strong>,<br \/>\nPlataforma <strong>PERM 02<\/strong> en forma <strong>trapezoidal<\/strong>.<\/p>\n<p>&nbsp;<\/p>\n<h2 style=\"text-align: left;\"><span style=\"color: #00a776;\"><span style=\"font-family: Raleway;\"><span style=\"font-size: x-large;\"><span style=\"color: #00a776; font-family: Raleway; font-size: x-large;\"><b>Beneficios<\/b><\/span><b style=\"color: #00a776; font-family: Raleway; font-size: x-large;\">\u00a0Usuarios<\/b><\/span><\/span><\/span><\/h2>\n<p>&nbsp;<\/p>\n<h3 style=\"text-align: left;\"><strong>Seguridad:<\/strong><\/h3>\n<ul>\n<li>Equipado con un bloque de seguridad S\u00e9curichute 500 (sistema antica\u00eddas);<\/li>\n<li>Descenso manual en caso de corte de energ\u00eda;<\/li>\n<li>Fabricados a partir de una construcci\u00f3n soldada mec\u00e1nicamente en acero galvanizado (soporte portante) y aluminio (estructura de tubo y carenado), lo que los hace muy resistentes a la corrosi\u00f3n.<\/li>\n<\/ul>\n<h3 style=\"text-align: left;\"><strong>Sentido pr\u00e1ctico:<\/strong><\/h3>\n<ul>\n<li>Enrolladores de cables de acero y bandejas portacables para cables el\u00e9ctricos;<\/li>\n<li>Piso antideslizante;<\/li>\n<li>Acceso r\u00e1pido a fachada y esquinas de fachada.<\/li>\n<\/ul>","protected":false},"featured_media":13810,"comment_status":"closed","ping_status":"closed","template":"","meta":{"_acf_changed":false,"_et_pb_use_builder":"on","_et_pb_old_content":"","_et_gb_content_width":""},"product_brand":[],"product_cat":[1481,1491,1308,1161,1169,1370,1449],"product_tag":[],"class_list":{"0":"post-13781","1":"product","2":"type-product","3":"status-publish","4":"has-post-thumbnail","6":"product_cat-nacelles-suspendues-permanentes","7":"product_cat-inferieur-a-300-kg-660-lbs","8":"product_cat-batiment-secteur-dactivite","9":"product_cat-equipements-permanents","10":"product_cat-industrie","11":"product_cat-levage-de-personnes-type-de-levage","12":"product_cat-travaux-permanents","14":"first","15":"instock","16":"shipping-taxable","17":"purchasable","18":"product-type-variable","19":"has-default-attributes"},"acf":[],"_links":{"self":[{"href":"https:\/\/fixator.fr\/lat-am\/wp-json\/wp\/v2\/product\/13781","targetHints":{"allow":["GET"]}}],"collection":[{"href":"https:\/\/fixator.fr\/lat-am\/wp-json\/wp\/v2\/product"}],"about":[{"href":"https:\/\/fixator.fr\/lat-am\/wp-json\/wp\/v2\/types\/product"}],"replies":[{"embeddable":true,"href":"https:\/\/fixator.fr\/lat-am\/wp-json\/wp\/v2\/comments?post=13781"}],"wp:featuredmedia":[{"embeddable":true,"href":"https:\/\/fixator.fr\/lat-am\/wp-json\/wp\/v2\/media\/13810"}],"wp:attachment":[{"href":"https:\/\/fixator.fr\/lat-am\/wp-json\/wp\/v2\/media?parent=13781"}],"wp:term":[{"taxonomy":"product_brand","embeddable":true,"href":"https:\/\/fixator.fr\/lat-am\/wp-json\/wp\/v2\/product_brand?post=13781"},{"taxonomy":"product_cat","embeddable":true,"href":"https:\/\/fixator.fr\/lat-am\/wp-json\/wp\/v2\/product_cat?post=13781"},{"taxonomy":"product_tag","embeddable":true,"href":"https:\/\/fixator.fr\/lat-am\/wp-json\/wp\/v2\/product_tag?post=13781"}],"curies":[{"name":"gracias","href":"https:\/\/api.w.org\/{rel}","templated":true}]}}