{"id":13744,"date":"2023-11-04T16:54:25","date_gmt":"2023-11-04T15:54:25","guid":{"rendered":"https:\/\/fixator.fr\/?post_type=product&#038;p=13744"},"modified":"2025-04-22T17:24:21","modified_gmt":"2025-04-22T15:24:21","slug":"sillas-colgantes-individuales-temporales","status":"publish","type":"product","link":"https:\/\/fixator.fr\/lat-am\/produit\/sellettes-individuelles-temporaires\/","title":{"rendered":"Sillas bosun colgantes temporales"},"content":{"rendered":"","protected":false},"excerpt":{"rendered":"<h1><span style=\"color: #00a776;\"><span style=\"font-family: Raleway;\"><span style=\"font-size: x-large;\"><b>Descripci\u00f3n del Producto<\/b><\/span><\/span><\/span><\/h1>\n<p>Las <strong>sillas colgantes individuales temporales<\/strong>, dise\u00f1adas para realizar inspecciones o trabajos de fachada en posici\u00f3n sentada, ofrecen una alternativa real a la plataforma suspendida con la diferencia de que solo utilizan<strong>un winche solamente para levantar una persona.<\/strong> (manual o el\u00e9ctrico).<\/p>\n<p>La silla individual, que puede equiparse con ruedas, es ideal para <strong>operaciones en espacios confinados y acceso restringido<\/strong> y se beneficia de una r\u00e1pida puesta en marcha en la obra.<\/p>\n<p>Fixator ofrece <strong>dos versiones<\/strong> de sillas colgantes: <strong>manual<\/strong> con cabrestante <strong><a href=\"https:\/\/fixator.fr\/lat-am\/producto\/winche-manual-mlift-400-kg-900lbs\/\">m.lift 400<\/a><\/strong> o <strong>el\u00e9ctrico<\/strong> con cabrestante<strong><a href=\"https:\/\/fixator.fr\/lat-am\/producto\/cabrestantes-e-lift-350-501-601\/\"> e.lift 350<\/a><\/strong>.<\/p>\n<p>Las sillas individuales <strong>est\u00e1n suspendidas por medio de sistemas colgantes<\/strong> como las <a href=\"https:\/\/fixator.fr\/lat-am\/producto\/vigas-de-suspension-fixapoutre\/\"><strong>vigas de suspensi\u00f3n<\/strong><\/a> o la <a href=\"https:\/\/fixator.fr\/lat-am\/producto\/pescantes-pinzas-de-peto-500-600-800\/\"><strong>pinza de peto<\/strong><\/a>.<\/p>\n<h1><span style=\"color: #00a776;\"><span style=\"font-family: Raleway;\"><span style=\"font-size: x-large;\"><span style=\"color: #00a776; font-family: Raleway; font-size: x-large;\"><b>Beneficios<\/b><\/span><b style=\"color: #00a776; font-family: Raleway; font-size: x-large;\">\u00a0Usuarios<\/b><\/span><\/span><\/span><\/h1>\n<p><strong>Comodidad y practicidad:<\/strong><\/p>\n<ul>\n<li>Ideal para trabajar en espacios reducidos y acceso restringido;<\/li>\n<li>Se entrega \u201clista para usar\u201d: cabrestante instalado en la quinta rueda antes del env\u00edo;<\/li>\n<li>Ergon\u00f3mica, manejable y que ahorra espacio;<\/li>\n<li>Acceso r\u00e1pido al frente en posici\u00f3n sentada con cintur\u00f3n para colgar;<\/li>\n<li>\u00c1gil montaje y desmontaje;<\/li>\n<li>Posibilidad de dise\u00f1o personalizado seg\u00fan especificaciones definidas conjuntamente con la oficina de dise\u00f1o.<\/li>\n<\/ul>","protected":false},"featured_media":9359,"comment_status":"closed","ping_status":"closed","template":"","meta":{"_acf_changed":false,"_et_pb_use_builder":"","_et_pb_old_content":"","_et_gb_content_width":""},"product_brand":[],"product_cat":[1478,1450,1311,1160,1169,1370,1448],"product_tag":[],"class_list":{"0":"post-13744","1":"product","2":"type-product","3":"status-publish","4":"has-post-thumbnail","6":"product_cat-sellettes-suspendues-temporaires","7":"product_cat-acces-exterieur","8":"product_cat-eolien","9":"product_cat-equipements-temporaires","10":"product_cat-industrie","11":"product_cat-levage-de-personnes-type-de-levage","12":"product_cat-travaux-temporaires","14":"first","15":"instock","16":"shipping-taxable","17":"purchasable","18":"product-type-variable","19":"has-default-attributes"},"acf":[],"_links":{"self":[{"href":"https:\/\/fixator.fr\/lat-am\/wp-json\/wp\/v2\/product\/13744","targetHints":{"allow":["GET"]}}],"collection":[{"href":"https:\/\/fixator.fr\/lat-am\/wp-json\/wp\/v2\/product"}],"about":[{"href":"https:\/\/fixator.fr\/lat-am\/wp-json\/wp\/v2\/types\/product"}],"replies":[{"embeddable":true,"href":"https:\/\/fixator.fr\/lat-am\/wp-json\/wp\/v2\/comments?post=13744"}],"wp:featuredmedia":[{"embeddable":true,"href":"https:\/\/fixator.fr\/lat-am\/wp-json\/wp\/v2\/media\/9359"}],"wp:attachment":[{"href":"https:\/\/fixator.fr\/lat-am\/wp-json\/wp\/v2\/media?parent=13744"}],"wp:term":[{"taxonomy":"product_brand","embeddable":true,"href":"https:\/\/fixator.fr\/lat-am\/wp-json\/wp\/v2\/product_brand?post=13744"},{"taxonomy":"product_cat","embeddable":true,"href":"https:\/\/fixator.fr\/lat-am\/wp-json\/wp\/v2\/product_cat?post=13744"},{"taxonomy":"product_tag","embeddable":true,"href":"https:\/\/fixator.fr\/lat-am\/wp-json\/wp\/v2\/product_tag?post=13744"}],"curies":[{"name":"gracias","href":"https:\/\/api.w.org\/{rel}","templated":true}]}}