{"id":13545,"date":"2023-11-02T19:53:32","date_gmt":"2023-11-02T18:53:32","guid":{"rendered":"https:\/\/fixator.fr\/?post_type=product&#038;p=13545"},"modified":"2025-05-23T10:36:51","modified_gmt":"2025-05-23T08:36:51","slug":"gondola-individual-de-una-sola-pieza","status":"publish","type":"product","link":"https:\/\/fixator.fr\/lat-am\/produit\/nacelle-individuelle-monobloc\/","title":{"rendered":"G\u00f3ndola suspendida individual monobloco"},"content":{"rendered":"","protected":false},"excerpt":{"rendered":"<h2 style=\"text-align: left;\"><span style=\"color: #00a776;\"><span style=\"font-family: Raleway;\"><span style=\"font-size: x-large;\"><b>Descripci\u00f3n del Producto<\/b><\/span><\/span><\/span><\/h2>\n<p>La<strong> g\u00f3ndola colgante individual de una sola pieza<\/strong> FIXATOR es una alternativa a la plataforma suspendida con la diferencia de que la cesta s\u00f3lo utiliza un \u00fanico torno el\u00e9ctrico o manual para levantar a una persona.<\/p>\n<p>La g\u00f3ndola individual es ideal para operaciones en <strong>espacios confinados<\/strong> y<strong> acceso restringido<\/strong> y se beneficia de una r\u00e1pida puesta en marcha en la obra.<\/p>\n<p>Se puede suspender de sistemas colgantes como <strong><a href=\"https:\/\/fixator.fr\/lat-am\/producto\/vigas-de-suspension-fixapoutre\/\">vigas de suspensi\u00f3n<\/a> <\/strong>o la<strong> <a href=\"https:\/\/fixator.fr\/lat-am\/producto\/pescantes-pinzas-de-peto-500-600-800\/\">pinza de peto<\/a><\/strong>.<\/p>\n<h2 style=\"text-align: left;\"><span style=\"color: #00a776;\"><span style=\"font-family: Raleway;\"><span style=\"font-size: x-large;\"><span style=\"color: #00a776; font-family: Raleway; font-size: x-large;\"><b>Beneficios<\/b><\/span><b style=\"color: #00a776; font-family: Raleway; font-size: x-large;\">\u00a0Usuarios<\/b><\/span><\/span><\/span><\/h2>\n<p><strong>Versatilidad:<\/strong><\/p>\n<ul>\n<li>La plataforma suspendida individual se puede utilizar para realizar diferentes trabajos en espacios reducidos.<\/li>\n<\/ul>\n<p><strong>Practicidad y Comodidad:<\/strong><\/p>\n<ul>\n<li>Ideal para trabajar en espacios reducidos y acceso restringido;<\/li>\n<li>Equipado con ruedas gu\u00eda;<\/li>\n<li>Ergon\u00f3mica, ligera y f\u00e1cil de manejar.<\/li>\n<\/ul>","protected":false},"featured_media":9296,"comment_status":"closed","ping_status":"closed","template":"","meta":{"_acf_changed":false,"_et_pb_use_builder":"on","_et_pb_old_content":"","_et_gb_content_width":""},"product_brand":[],"product_cat":[1479,1450,1311,1160,1169,1370,1448],"product_tag":[],"class_list":{"0":"post-13545","1":"product","2":"type-product","3":"status-publish","4":"has-post-thumbnail","6":"product_cat-nacelles-suspendues-temporaires","7":"product_cat-acces-exterieur","8":"product_cat-eolien","9":"product_cat-equipements-temporaires","10":"product_cat-industrie","11":"product_cat-levage-de-personnes-type-de-levage","12":"product_cat-travaux-temporaires","14":"first","15":"instock","16":"shipping-taxable","17":"purchasable","18":"product-type-variable","19":"has-default-attributes"},"acf":[],"_links":{"self":[{"href":"https:\/\/fixator.fr\/lat-am\/wp-json\/wp\/v2\/product\/13545","targetHints":{"allow":["GET"]}}],"collection":[{"href":"https:\/\/fixator.fr\/lat-am\/wp-json\/wp\/v2\/product"}],"about":[{"href":"https:\/\/fixator.fr\/lat-am\/wp-json\/wp\/v2\/types\/product"}],"replies":[{"embeddable":true,"href":"https:\/\/fixator.fr\/lat-am\/wp-json\/wp\/v2\/comments?post=13545"}],"wp:featuredmedia":[{"embeddable":true,"href":"https:\/\/fixator.fr\/lat-am\/wp-json\/wp\/v2\/media\/9296"}],"wp:attachment":[{"href":"https:\/\/fixator.fr\/lat-am\/wp-json\/wp\/v2\/media?parent=13545"}],"wp:term":[{"taxonomy":"product_brand","embeddable":true,"href":"https:\/\/fixator.fr\/lat-am\/wp-json\/wp\/v2\/product_brand?post=13545"},{"taxonomy":"product_cat","embeddable":true,"href":"https:\/\/fixator.fr\/lat-am\/wp-json\/wp\/v2\/product_cat?post=13545"},{"taxonomy":"product_tag","embeddable":true,"href":"https:\/\/fixator.fr\/lat-am\/wp-json\/wp\/v2\/product_tag?post=13545"}],"curies":[{"name":"gracias","href":"https:\/\/api.w.org\/{rel}","templated":true}]}}