{"id":13403,"date":"2023-10-31T18:40:59","date_gmt":"2023-10-31T17:40:59","guid":{"rendered":"https:\/\/fixator.fr\/?post_type=product&#038;p=13403"},"modified":"2024-08-29T16:11:05","modified_gmt":"2024-08-29T14:11:05","slug":"ayuda-de-ascenso-descenso-exolift","status":"publish","type":"product","link":"https:\/\/fixator.fr\/lat-am\/produit\/aide-a-la-montee-exolift\/","title":{"rendered":"Ayuda port\u00e1til de ascenso\/descenso Exolift"},"content":{"rendered":"<p>[et_pb_section fb_built=&#8221;1&#8243; _builder_version=&#8221;4.16&#8243; custom_padding=&#8221;0px||||false|false&#8221; global_colors_info=&#8221;{}&#8221;][et_pb_row admin_label=&#8221;Ligne&#8221; _builder_version=&#8221;4.16&#8243; background_size=&#8221;initial&#8221; background_position=&#8221;top_left&#8221; background_repeat=&#8221;repeat&#8221; width=&#8221;100%&#8221; custom_padding=&#8221;0px||0px||false|false&#8221; global_colors_info=&#8221;{}&#8221;][et_pb_column type=&#8221;4_4&#8243; _builder_version=&#8221;4.16&#8243; custom_padding=&#8221;|||&#8221; global_colors_info=&#8221;{}&#8221; custom_padding__hover=&#8221;|||&#8221;][et_pb_text _builder_version=&#8221;4.23.1&#8243; _module_preset=&#8221;default&#8221; global_colors_info=&#8221;{}&#8221;]<\/p>\n<nav aria-label=\"breadcrumbs\" class=\"rank-math-breadcrumb\"><p><span class=\"last\">Produits<\/span><\/p><\/nav>\n<p>[\/et_pb_text][et_pb_wc_cart_notice _builder_version=&#8221;4.16&#8243; global_colors_info=&#8221;{}&#8221;][\/et_pb_wc_cart_notice][\/et_pb_column][\/et_pb_row][et_pb_row column_structure=&#8221;1_2,1_2&#8243; _builder_version=&#8221;4.16&#8243; background_size=&#8221;initial&#8221; background_position=&#8221;top_left&#8221; background_repeat=&#8221;repeat&#8221; width=&#8221;100%&#8221; custom_padding=&#8221;0px||||false|false&#8221; global_colors_info=&#8221;{}&#8221;][et_pb_column type=&#8221;1_2&#8243; _builder_version=&#8221;4.16&#8243; custom_padding=&#8221;|||&#8221; global_colors_info=&#8221;{}&#8221; custom_padding__hover=&#8221;|||&#8221;][et_pb_wc_images _builder_version=&#8221;4.16&#8243; global_colors_info=&#8221;{}&#8221;][\/et_pb_wc_images][\/et_pb_column][et_pb_column type=&#8221;1_2&#8243; _builder_version=&#8221;4.16&#8243; custom_padding=&#8221;|||&#8221; global_colors_info=&#8221;{}&#8221; custom_padding__hover=&#8221;|||&#8221;][et_pb_wc_title _builder_version=&#8221;4.16&#8243; global_colors_info=&#8221;{}&#8221;][\/et_pb_wc_title][et_pb_wc_rating _builder_version=&#8221;4.16&#8243; global_colors_info=&#8221;{}&#8221;][\/et_pb_wc_rating][et_pb_wc_price _builder_version=&#8221;4.16&#8243; global_colors_info=&#8221;{}&#8221;][\/et_pb_wc_price][et_pb_wc_description _builder_version=&#8221;4.16&#8243; global_colors_info=&#8221;{}&#8221;][\/et_pb_wc_description][et_pb_wc_add_to_cart _builder_version=&#8221;4.16&#8243; global_colors_info=&#8221;{}&#8221;][\/et_pb_wc_add_to_cart][et_pb_wc_meta _builder_version=&#8221;4.16&#8243; global_colors_info=&#8221;{}&#8221;][\/et_pb_wc_meta][\/et_pb_column][\/et_pb_row][et_pb_row _builder_version=&#8221;4.16&#8243; background_size=&#8221;initial&#8221; background_position=&#8221;top_left&#8221; background_repeat=&#8221;repeat&#8221; width=&#8221;100%&#8221; global_colors_info=&#8221;{}&#8221;][et_pb_column type=&#8221;4_4&#8243; _builder_version=&#8221;4.16&#8243; custom_padding=&#8221;|||&#8221; global_colors_info=&#8221;{}&#8221; custom_padding__hover=&#8221;|||&#8221;][et_pb_wc_tabs _builder_version=&#8221;4.16&#8243; global_colors_info=&#8221;{}&#8221;] [\/et_pb_wc_tabs][et_pb_wc_upsells _builder_version=&#8221;4.16&#8243; global_colors_info=&#8221;{}&#8221;][\/et_pb_wc_upsells][et_pb_wc_related_products include_categories=&#8221;1242,1205&#8243; admin_label=&#8221;Woo Produits connexes&#8221; _builder_version=&#8221;4.22.1&#8243; global_colors_info=&#8221;{}&#8221;][\/et_pb_wc_related_products][\/et_pb_column][\/et_pb_row][\/et_pb_section]<\/p>\n","protected":false},"excerpt":{"rendered":"<h3><span style=\"color: #4786a6;\"><span style=\"font-family: Raleway;\"><span style=\"font-size: medium;\"><b>Norma CE<\/b><\/span><\/span><\/span><\/h3>\n<p><span style=\"color: #00a776;\"><span style=\"font-family: Raleway;\"><span style=\"font-size: x-large;\"><b>Descripci\u00f3n del Producto<\/b><\/span><\/span><\/span><\/p>\n<p>Exolift es un<strong> sistema port\u00e1til motorizado y aut\u00f3nomo<\/strong> que asiste al t\u00e9cnico en el ascenso y descenso de la escalera del aerogenerador, limitando sus esfuerzos f\u00edsicos y card\u00edacos y facilitando enormemente las operaciones de mantenimiento o reparaci\u00f3n de los aerogeneradores.<\/p>\n<p>Se puede utilizar para llegar a la g\u00f3ndola (tambi\u00e9n llamada g\u00f3ndola) para operaciones de transporte. <strong>mantenimiento <\/strong>o <strong>reparar<\/strong> pero tambi\u00e9n en <strong>fase de montaje de la torre de la turbina e\u00f3lica<\/strong>.<\/p>\n<p>Exolift es un dispositivo inteligente que <strong>se adapta instant\u00e1neamente a la velocidad del movimiento<\/strong> del operador <strong>soportando el 80% de su peso<\/strong>.<\/p>\n<p>Esta ayuda de ascenso o descenso funciona con una correa fija (incluida con el producto) para instalar en la escalera de servicio del aerogenerador o torre de iluminaci\u00f3n y un kit para colgar.<\/p>\n<p>El sistema de asistencia al ascenso Exolift se asigna bien a la flota o bien al equipo de t\u00e9cnicos.<\/p>\n<p>Un EXOLIFT por parque e\u00f3lico es suficiente.<\/p>\n<p><span style=\"color: #00a776;\"><span style=\"font-family: Raleway;\"><span style=\"font-size: x-large;\"><b><span style=\"color: #00a776; font-family: Raleway; font-size: x-large;\">Beneficios para el usuario<\/span><\/b><\/span><\/span><\/span><\/p>\n<p><strong>Universalidad:<\/strong><\/p>\n<ul>\n<li>Exolift instala y trabaja con cualquier tipo de escalera y dispositivo antica\u00eddas.<\/li>\n<\/ul>\n<p><strong>Comodidad :<\/strong><\/p>\n<ul>\n<li>Reduce la penosidad y el esfuerzo f\u00edsico por 5;<\/li>\n<li>Es aut\u00f3nomo gracias a su bater\u00eda recargable.<\/li>\n<\/ul>\n<p><strong>Seguridad :<\/strong><\/p>\n<ul>\n<li>Exolift deja de funcionar instant\u00e1neamente a la m\u00e1s m\u00ednima parada voluntaria del t\u00e9cnico.<\/li>\n<\/ul>\n<p><strong>Econom\u00eda :<\/strong><\/p>\n<ul>\n<li>Aumenta la rentabilidad de las operaciones de mantenimiento, al dividir el tiempo de subida por 3 para un coste muy bajo por aerogenerador;<\/li>\n<li>Mantenimiento simplificado, r\u00e1pido de realizar y muy econ\u00f3mico.<\/li>\n<\/ul>","protected":false},"featured_media":13409,"comment_status":"closed","ping_status":"closed","template":"","meta":{"_acf_changed":false,"_et_pb_use_builder":"on","_et_pb_old_content":"","_et_gb_content_width":""},"product_brand":[],"product_cat":[1514,1451,1285,1311],"product_tag":[],"class_list":{"0":"post-13403","1":"product","2":"type-product","3":"status-publish","4":"has-post-thumbnail","6":"product_cat-aide-a-la-montee","7":"product_cat-acces-interieur","8":"product_cat-ce","9":"product_cat-eolien","11":"first","12":"instock","13":"shipping-taxable","14":"purchasable","15":"product-type-simple"},"acf":[],"_links":{"self":[{"href":"https:\/\/fixator.fr\/lat-am\/wp-json\/wp\/v2\/product\/13403","targetHints":{"allow":["GET"]}}],"collection":[{"href":"https:\/\/fixator.fr\/lat-am\/wp-json\/wp\/v2\/product"}],"about":[{"href":"https:\/\/fixator.fr\/lat-am\/wp-json\/wp\/v2\/types\/product"}],"replies":[{"embeddable":true,"href":"https:\/\/fixator.fr\/lat-am\/wp-json\/wp\/v2\/comments?post=13403"}],"wp:featuredmedia":[{"embeddable":true,"href":"https:\/\/fixator.fr\/lat-am\/wp-json\/wp\/v2\/media\/13409"}],"wp:attachment":[{"href":"https:\/\/fixator.fr\/lat-am\/wp-json\/wp\/v2\/media?parent=13403"}],"wp:term":[{"taxonomy":"product_brand","embeddable":true,"href":"https:\/\/fixator.fr\/lat-am\/wp-json\/wp\/v2\/product_brand?post=13403"},{"taxonomy":"product_cat","embeddable":true,"href":"https:\/\/fixator.fr\/lat-am\/wp-json\/wp\/v2\/product_cat?post=13403"},{"taxonomy":"product_tag","embeddable":true,"href":"https:\/\/fixator.fr\/lat-am\/wp-json\/wp\/v2\/product_tag?post=13403"}],"curies":[{"name":"gracias","href":"https:\/\/api.w.org\/{rel}","templated":true}]}}