{"id":13235,"date":"2023-10-27T17:42:05","date_gmt":"2023-10-27T15:42:05","guid":{"rendered":"https:\/\/fixator.fr\/?post_type=product&#038;p=13235"},"modified":"2025-07-22T11:55:24","modified_gmt":"2025-07-22T09:55:24","slug":"ganchos-para-colgar","status":"publish","type":"product","link":"https:\/\/fixator.fr\/lat-am\/produit\/crochets-de-suspension\/","title":{"rendered":"Ganchos de suspensi\u00f3n"},"content":{"rendered":"","protected":false},"excerpt":{"rendered":"<p data-start=\"0\" data-end=\"228\">Los ganchos son dispositivos de elevaci\u00f3n y suspensi\u00f3n que se utilizan en diversos campos, incluida la elevaci\u00f3n industrial, la manipulaci\u00f3n y el transporte de cargas. A continuaci\u00f3n se muestran los principales tipos de ganchos:<\/p>\n<h3 data-start=\"230\" data-end=\"284\"><strong data-start=\"234\" data-end=\"282\">1. Ganchos fijos y semigiratorios con pestillo de seguridad<\/strong><\/h3>\n<p data-start=\"285\" data-end=\"423\"><strong>Estos ganchos est\u00e1n equipados con un pestillo de seguridad,<\/strong> que es un dispositivo de seguridad que evita que la carga se suelte accidentalmente.<\/p>\n<ul data-start=\"425\" data-end=\"862\">\n<li data-start=\"425\" data-end=\"660\">\n<h4 data-start=\"427\" data-end=\"458\"><strong data-start=\"427\" data-end=\"454\">Ganchos fijos (ojo) con pestillo de seguridad <\/strong>:<\/h4>\n<ul data-start=\"461\" data-end=\"660\">\n<li data-start=\"461\" data-end=\"552\">El pestillo es fijo y no se mueve, lo que garantiza una retenci\u00f3n constante de la carga;<\/li>\n<li data-start=\"461\" data-end=\"552\">El pestillo se utiliza para aplicaciones donde la estabilidad es esencial y no se requiere rotaci\u00f3n.<\/li>\n<\/ul>\n<\/li>\n<li data-start=\"662\" data-end=\"862\">\n<h4 data-start=\"664\" data-end=\"705\"><strong data-start=\"664\" data-end=\"701\">Ganchos semigiratorios con pestillo de seguridad<\/strong> :<\/h4>\n<ul data-start=\"425\" data-end=\"862\">\n<li data-start=\"662\" data-end=\"862\">\n<p data-start=\"664\" data-end=\"705\"><strong>Permiten cierta rotaci\u00f3n bajo carga.<\/strong>, facilitando el posicionamiento;<\/p>\n<\/li>\n<li data-start=\"708\" data-end=\"787\">El eje de rotaci\u00f3n est\u00e1 limitado para evitar movimientos incontrolados.<\/li>\n<\/ul>\n<\/li>\n<\/ul>\n<h3 data-start=\"864\" data-end=\"924\"><strong data-start=\"868\" data-end=\"922\">2. Ganchos autoblocantes fijos y semigiratorios<\/strong><\/h3>\n<p data-start=\"925\" data-end=\"1058\"><strong>Estos ganchos tienen un mecanismo de autobloqueo,<\/strong> lo que evita cualquier desenganche involuntario una vez suspendida la carga.<\/p>\n<ul data-start=\"1060\" data-end=\"1469\">\n<li data-start=\"1060\" data-end=\"1229\">\n<h4 data-start=\"1062\" data-end=\"1099\"><strong data-start=\"1062\" data-end=\"1095\">Ganchos autoblocantes fijos<\/strong> :<\/h4>\n<ul data-start=\"1060\" data-end=\"1469\">\n<li data-start=\"1060\" data-end=\"1229\">\n<p data-start=\"1062\" data-end=\"1099\"><strong>No pivotan <\/strong>y <strong>garantizan la m\u00e1xima seguridad<\/strong>;<\/p>\n<\/li>\n<li data-start=\"1060\" data-end=\"1229\">\n<p data-start=\"1062\" data-end=\"1099\">Se utilizan para cargas pesadas que requieren una fijaci\u00f3n r\u00edgida.<\/p>\n<\/li>\n<\/ul>\n<\/li>\n<li data-start=\"1231\" data-end=\"1469\">\n<h4 data-start=\"1233\" data-end=\"1279\"><strong data-start=\"1233\" data-end=\"1275\">Ganchos autoblocantes semigiratorios<\/strong> :<\/h4>\n<ul data-start=\"1060\" data-end=\"1469\">\n<li data-start=\"1231\" data-end=\"1469\">\n<p data-start=\"1233\" data-end=\"1279\"><strong>Pueden rotar parcialmente<\/strong> para facilitar la orientaci\u00f3n de la carga;<\/p>\n<\/li>\n<li data-start=\"1231\" data-end=\"1469\"><strong>Son ideales<\/strong> para operaciones que requieran un cierto ajuste garantizando una seguridad \u00f3ptima.<\/li>\n<\/ul>\n<\/li>\n<\/ul>\n<p data-start=\"1471\" data-end=\"1649\" data-is-last-node=\"\" data-is-only-node=\"\">Estos diferentes tipos de ganchos se seleccionan de acuerdo a las necesidades espec\u00edficas de manipulaci\u00f3n y elevaci\u00f3n de sus polipastos el\u00e9ctricos, manuales o neum\u00e1ticos suspendidos, teniendo en cuenta la seguridad y maniobrabilidad requeridas.<\/p>","protected":false},"featured_media":13241,"comment_status":"closed","ping_status":"closed","template":"","meta":{"_acf_changed":false,"_et_pb_use_builder":"","_et_pb_old_content":"","_et_gb_content_width":""},"product_brand":[],"product_cat":[1176],"product_tag":[1367],"class_list":{"0":"post-13235","1":"product","2":"type-product","3":"status-publish","4":"has-post-thumbnail","6":"product_cat-accessoires","7":"product_tag-accrochage","9":"first","10":"instock","11":"shipping-taxable","12":"purchasable","13":"product-type-variable","14":"has-default-attributes"},"acf":[],"_links":{"self":[{"href":"https:\/\/fixator.fr\/lat-am\/wp-json\/wp\/v2\/product\/13235","targetHints":{"allow":["GET"]}}],"collection":[{"href":"https:\/\/fixator.fr\/lat-am\/wp-json\/wp\/v2\/product"}],"about":[{"href":"https:\/\/fixator.fr\/lat-am\/wp-json\/wp\/v2\/types\/product"}],"replies":[{"embeddable":true,"href":"https:\/\/fixator.fr\/lat-am\/wp-json\/wp\/v2\/comments?post=13235"}],"wp:featuredmedia":[{"embeddable":true,"href":"https:\/\/fixator.fr\/lat-am\/wp-json\/wp\/v2\/media\/13241"}],"wp:attachment":[{"href":"https:\/\/fixator.fr\/lat-am\/wp-json\/wp\/v2\/media?parent=13235"}],"wp:term":[{"taxonomy":"product_brand","embeddable":true,"href":"https:\/\/fixator.fr\/lat-am\/wp-json\/wp\/v2\/product_brand?post=13235"},{"taxonomy":"product_cat","embeddable":true,"href":"https:\/\/fixator.fr\/lat-am\/wp-json\/wp\/v2\/product_cat?post=13235"},{"taxonomy":"product_tag","embeddable":true,"href":"https:\/\/fixator.fr\/lat-am\/wp-json\/wp\/v2\/product_tag?post=13235"}],"curies":[{"name":"gracias","href":"https:\/\/api.w.org\/{rel}","templated":true}]}}