{"id":11926,"date":"2023-08-28T13:45:56","date_gmt":"2023-08-28T11:45:56","guid":{"rendered":"https:\/\/fixator.fr\/?post_type=product&#038;p=11926"},"modified":"2024-08-23T11:05:10","modified_gmt":"2024-08-23T09:05:10","slug":"soporte-de-paso-de-cables","status":"publish","type":"product","link":"https:\/\/fixator.fr\/lat-am\/produit\/patte-de-passage-des-cables\/","title":{"rendered":"Soporte de paso de cables"},"content":{"rendered":"","protected":false},"excerpt":{"rendered":"<p>Si tu instalaci\u00f3n requiere pasar cables por alg\u00fan hueco, no dudes en a\u00f1adir este soporte a tu cesta para obtener un presupuesto personalizado.<\/p>\n<ul>\n<li>Capacidad hasta 1000 kg;<\/li>\n<li>Permite fijar el cabrestante en una pared o plataforma.<\/li>\n<\/ul>","protected":false},"featured_media":9381,"comment_status":"closed","ping_status":"closed","template":"","meta":{"_acf_changed":false,"_et_pb_use_builder":"","_et_pb_old_content":"","_et_gb_content_width":""},"product_brand":[],"product_cat":[1176],"product_tag":[1273],"class_list":{"0":"post-11926","1":"product","2":"type-product","3":"status-publish","4":"has-post-thumbnail","6":"product_cat-accessoires","7":"product_tag-installation-treuils","9":"first","10":"instock","11":"shipping-taxable","12":"purchasable","13":"product-type-simple"},"acf":[],"_links":{"self":[{"href":"https:\/\/fixator.fr\/lat-am\/wp-json\/wp\/v2\/product\/11926","targetHints":{"allow":["GET"]}}],"collection":[{"href":"https:\/\/fixator.fr\/lat-am\/wp-json\/wp\/v2\/product"}],"about":[{"href":"https:\/\/fixator.fr\/lat-am\/wp-json\/wp\/v2\/types\/product"}],"replies":[{"embeddable":true,"href":"https:\/\/fixator.fr\/lat-am\/wp-json\/wp\/v2\/comments?post=11926"}],"wp:featuredmedia":[{"embeddable":true,"href":"https:\/\/fixator.fr\/lat-am\/wp-json\/wp\/v2\/media\/9381"}],"wp:attachment":[{"href":"https:\/\/fixator.fr\/lat-am\/wp-json\/wp\/v2\/media?parent=11926"}],"wp:term":[{"taxonomy":"product_brand","embeddable":true,"href":"https:\/\/fixator.fr\/lat-am\/wp-json\/wp\/v2\/product_brand?post=11926"},{"taxonomy":"product_cat","embeddable":true,"href":"https:\/\/fixator.fr\/lat-am\/wp-json\/wp\/v2\/product_cat?post=11926"},{"taxonomy":"product_tag","embeddable":true,"href":"https:\/\/fixator.fr\/lat-am\/wp-json\/wp\/v2\/product_tag?post=11926"}],"curies":[{"name":"gracias","href":"https:\/\/api.w.org\/{rel}","templated":true}]}}