{"id":11336,"date":"2023-08-02T10:58:04","date_gmt":"2023-08-02T08:58:04","guid":{"rendered":"https:\/\/fixator.fr\/?post_type=product&#038;p=11336"},"modified":"2026-01-09T11:55:14","modified_gmt":"2026-01-09T10:55:14","slug":"polipasto-electrico-elevador-liftho-neo-600-1000-kg-208v-220v-230v-400v","status":"publish","type":"product","link":"https:\/\/fixator.fr\/lat-am\/produit\/treuil-ascenseur-electrique-liftho-neo-600-1000kg-208v-220v-230v-400v\/","title":{"rendered":"Cabrestante elevador el\u00e9ctrico LIFTHO NEO, 600-1000 kg, 208 V, 220 V y 400 V"},"content":{"rendered":"<p>[et_pb_section fb_built=&#8221;1&#8243; _builder_version=&#8221;4.16&#8243; custom_padding=&#8221;0px||||false|false&#8221; global_colors_info=&#8221;{}&#8221;][et_pb_row _builder_version=&#8221;4.16&#8243; background_size=&#8221;initial&#8221; background_position=&#8221;top_left&#8221; background_repeat=&#8221;repeat&#8221; width=&#8221;100%&#8221; custom_padding=&#8221;0px||0px||false|false&#8221; global_colors_info=&#8221;{}&#8221;][et_pb_column type=&#8221;4_4&#8243; _builder_version=&#8221;4.16&#8243; custom_padding=&#8221;|||&#8221; global_colors_info=&#8221;{}&#8221; custom_padding__hover=&#8221;|||&#8221;][et_pb_wc_breadcrumb _builder_version=&#8221;4.16&#8243; global_colors_info=&#8221;{}&#8221;][\/et_pb_wc_breadcrumb][et_pb_wc_cart_notice _builder_version=&#8221;4.16&#8243; global_colors_info=&#8221;{}&#8221;][\/et_pb_wc_cart_notice][\/et_pb_column][\/et_pb_row][et_pb_row column_structure=&#8221;1_2,1_2&#8243; _builder_version=&#8221;4.16&#8243; background_size=&#8221;initial&#8221; background_position=&#8221;top_left&#8221; background_repeat=&#8221;repeat&#8221; width=&#8221;100%&#8221; custom_padding=&#8221;0px||||false|false&#8221; global_colors_info=&#8221;{}&#8221;][et_pb_column type=&#8221;1_2&#8243; _builder_version=&#8221;4.16&#8243; custom_padding=&#8221;|||&#8221; global_colors_info=&#8221;{}&#8221; custom_padding__hover=&#8221;|||&#8221;][et_pb_wc_images _builder_version=&#8221;4.16&#8243; global_colors_info=&#8221;{}&#8221;][\/et_pb_wc_images][\/et_pb_column][et_pb_column type=&#8221;1_2&#8243; _builder_version=&#8221;4.16&#8243; custom_padding=&#8221;|||&#8221; global_colors_info=&#8221;{}&#8221; custom_padding__hover=&#8221;|||&#8221;][et_pb_wc_title _builder_version=&#8221;4.16&#8243; global_colors_info=&#8221;{}&#8221;][\/et_pb_wc_title][et_pb_wc_rating _builder_version=&#8221;4.16&#8243; global_colors_info=&#8221;{}&#8221;][\/et_pb_wc_rating][et_pb_wc_price _builder_version=&#8221;4.16&#8243; global_colors_info=&#8221;{}&#8221;][\/et_pb_wc_price][et_pb_wc_description _builder_version=&#8221;4.16&#8243; global_colors_info=&#8221;{}&#8221;][\/et_pb_wc_description][et_pb_wc_add_to_cart _builder_version=&#8221;4.16&#8243; global_colors_info=&#8221;{}&#8221;][\/et_pb_wc_add_to_cart][et_pb_wc_meta _builder_version=&#8221;4.16&#8243; global_colors_info=&#8221;{}&#8221;][\/et_pb_wc_meta][\/et_pb_column][\/et_pb_row][et_pb_row _builder_version=&#8221;4.16&#8243; background_size=&#8221;initial&#8221; background_position=&#8221;top_left&#8221; background_repeat=&#8221;repeat&#8221; width=&#8221;100%&#8221; global_colors_info=&#8221;{}&#8221;][et_pb_column type=&#8221;4_4&#8243; _builder_version=&#8221;4.16&#8243; custom_padding=&#8221;|||&#8221; global_colors_info=&#8221;{}&#8221; custom_padding__hover=&#8221;|||&#8221;][et_pb_wc_tabs _builder_version=&#8221;4.16&#8243; global_colors_info=&#8221;{}&#8221;] [\/et_pb_wc_tabs][et_pb_wc_upsells _builder_version=&#8221;4.16&#8243; global_colors_info=&#8221;{}&#8221;][\/et_pb_wc_upsells][et_pb_wc_related_products include_categories=&#8221;1242,1205&#8243; admin_label=&#8221;Woo Produits connexes&#8221; _builder_version=&#8221;4.22.1&#8243; global_colors_info=&#8221;{}&#8221;][\/et_pb_wc_related_products][\/et_pb_column][\/et_pb_row][\/et_pb_section]<\/p>\n","protected":false},"excerpt":{"rendered":"<h2 style=\"text-align: left; color: #4786a6; font-family: Raleway; font-size: medium;\"><b>Norma CE<\/b><\/h2>\n<h2 style=\"color: #00a776; text-align: left;\"><span style=\"font-family: Raleway; font-size: x-large;\"><b>Polipasto el\u00e9ctrico Liftho para la instalaci\u00f3n de cabinas de elevador<\/b><\/span><\/h2>\n<p>El <strong>LIFTHO NEO<\/strong> es un polipasto el\u00e9ctrico de cable pasante para elevaci\u00f3n de personas con sobrecarga electr\u00f3nica NEO System.<\/p>\n<p>La caja de control est\u00e1 integrada, lo que permite controlar el cabrestante directamente desde la caja de botones (una vez que esta \u00faltima est\u00e1 conectada al cabrestante).<\/p>\n<p>Dise\u00f1ado especialmente para el sector de los ascensores para <strong>elevaci\u00f3n de personas seg\u00fan las normas CE<\/strong>, <strong>el elevador de cable LIFTHO<\/strong> representa una soluci\u00f3n sencilla y r\u00e1pida a los andamios suspendidos y puede alcanzar <strong>capacidad de elevaci\u00f3n de 600, 800 o 1000 kg<\/strong> (LIFTHO 600, 800 o 1000) en monof\u00e1sico o trif\u00e1sico y tensiones de 208 V, 220 V, 230 V o 400 V seg\u00fan el modelo elegido y el pa\u00eds de uso.<\/p>\n<p>&nbsp;<\/p>\n<h2 style=\"text-align: left;\"><span style=\"color: #00a776;\"><span style=\"font-family: Raleway;\"><span style=\"font-size: x-large;\"><span style=\"color: #00a776; font-family: Raleway; font-size: x-large;\"><b>Beneficios para el usuario<\/b><\/span><\/span><\/span><\/span><\/h2>\n<ul>\n<li><strong>Sobrecarga electr\u00f3nica NEO System<\/strong> : el polipasto se para si se supera la carga m\u00e1xima, pesaje exacto de la carga levantada (en tiempo real), registro del n\u00famero de horas de uso, ajuste de sobrecarga.<\/li>\n<li><strong>Alarma sonora<\/strong> si se excede la carga m\u00e1xima<\/li>\n<li><strong>Carcasa de aluminio de una sola pieza<\/strong> muy resistente para evitar la corrosi\u00f3n<\/li>\n<li><strong>Mantenimiento simplificado<\/strong> gracias al f\u00e1cil acceso a la parte mec\u00e1nica<\/li>\n<li>Obligaci\u00f3n de utilizar un sistema antica\u00eddas\/bloque de seguridad <strong><u>Securichute<\/u><\/strong> o <strong><u>Securistop<\/u><\/strong><\/li>\n<\/ul>","protected":false},"featured_media":14652,"comment_status":"closed","ping_status":"closed","template":"","meta":{"_acf_changed":false,"_et_pb_use_builder":"on","_et_pb_old_content":"","_et_gb_content_width":""},"product_brand":[],"product_cat":[1167,1443,1361,1442,1494,1364,1499,1365,1500,1285,1475,1170,1473,1157,1281],"product_tag":[],"class_list":{"0":"post-11336","1":"product","2":"type-product","3":"status-publish","4":"has-post-thumbnail","6":"product_cat-treuils-de-levage-de-personnes","7":"product_cat-inferieur-a-1000-kg-2200-lbs","8":"product_cat-inferieur-a-2000-kg-4400-lbs","9":"product_cat-inferieur-a-600-kg-1320-lbs","10":"product_cat-inferieur-a-800-kg-1764-lbs","11":"product_cat-1-monophase-220-240v","12":"product_cat-3-triphase-208v","13":"product_cat-3-triphase-380-415v","14":"product_cat-527-c","15":"product_cat-ce","16":"product_cat-electronique","17":"product_cat-levage-de-personnes-dans-le-domaine-ascensoriste","18":"product_cat-surcharge","19":"product_cat-treuils-de-levage","20":"product_cat-treuils-electriques","22":"first","23":"instock","24":"shipping-taxable","25":"purchasable","26":"product-type-variable","27":"has-default-attributes"},"acf":[],"_links":{"self":[{"href":"https:\/\/fixator.fr\/lat-am\/wp-json\/wp\/v2\/product\/11336","targetHints":{"allow":["GET"]}}],"collection":[{"href":"https:\/\/fixator.fr\/lat-am\/wp-json\/wp\/v2\/product"}],"about":[{"href":"https:\/\/fixator.fr\/lat-am\/wp-json\/wp\/v2\/types\/product"}],"replies":[{"embeddable":true,"href":"https:\/\/fixator.fr\/lat-am\/wp-json\/wp\/v2\/comments?post=11336"}],"wp:featuredmedia":[{"embeddable":true,"href":"https:\/\/fixator.fr\/lat-am\/wp-json\/wp\/v2\/media\/14652"}],"wp:attachment":[{"href":"https:\/\/fixator.fr\/lat-am\/wp-json\/wp\/v2\/media?parent=11336"}],"wp:term":[{"taxonomy":"product_brand","embeddable":true,"href":"https:\/\/fixator.fr\/lat-am\/wp-json\/wp\/v2\/product_brand?post=11336"},{"taxonomy":"product_cat","embeddable":true,"href":"https:\/\/fixator.fr\/lat-am\/wp-json\/wp\/v2\/product_cat?post=11336"},{"taxonomy":"product_tag","embeddable":true,"href":"https:\/\/fixator.fr\/lat-am\/wp-json\/wp\/v2\/product_tag?post=11336"}],"curies":[{"name":"gracias","href":"https:\/\/api.w.org\/{rel}","templated":true}]}}