{"id":13813,"date":"2023-11-05T00:25:13","date_gmt":"2023-11-04T23:25:13","guid":{"rendered":"https:\/\/fixator.fr\/?post_type=product&#038;p=13813"},"modified":"2024-12-17T18:44:22","modified_gmt":"2024-12-17T17:44:22","slug":"piattaforma-sospesa-temporanea-a-due-piani","status":"publish","type":"product","link":"https:\/\/fixator.fr\/it\/produit\/plateforme-temporaire-a-etages\/","title":{"rendered":"Piattaforma temporanea multipiano"},"content":{"rendered":"","protected":false},"excerpt":{"rendered":"<h1><span style=\"color: #00a776;\"><span style=\"font-family: Raleway;\"><span style=\"font-size: x-large;\"><b>Descrizione del prodotto<\/b><\/span><\/span><\/span><\/h1>\n<p>La <strong>piattaforma sospesa temporanea a due piani<\/strong> \u00e8 l&#039;ideale per fare <strong>lavori di facciata di un grattacielo<\/strong>.<\/p>\n<p>\u00c8 composta da<strong> due piani<\/strong> con qualche <strong>pedana da 2 e 3 metri di lunghezza<\/strong> pu\u00f2 essere assemblato secondo le vostre esigenze.<\/p>\n<h1><span style=\"color: #00a776;\"><span style=\"font-family: Raleway;\"><span style=\"font-size: x-large;\"><span style=\"color: #00a776; font-family: Raleway; font-size: x-large;\"><b>Benefici<\/b><\/span><b style=\"color: #00a776; font-family: Raleway; font-size: x-large;\">\u00a0Utenti<\/b><\/span><\/span><\/span><\/h1>\n<p><strong>Economia e praticit\u00e0:<\/strong><\/p>\n<ul>\n<li>Si adatta a qualsiasi tipo di sito;<\/li>\n<li>Risparmio di tempo reale \u2013 la piattaforma offre la possibilit\u00e0 di eseguire lavori su un\u2019area pi\u00f9 ampia;<\/li>\n<li>Permette di lavorare contemporaneamente su due livelli.<\/li>\n<\/ul>\n<p><span style=\"color: #000000;\"><span style=\"font-family: webkit-standard;\"><span style=\"font-size: large;\">Una piattaforma temporanea multipiano \u00e8 una struttura mobile o modulare utilizzata principalmente per lavori in quota o per creare uno spazio di lavoro temporaneo, spesso durante lavori di costruzione, ristrutturazione o eventi. <\/span><\/span><\/span><\/p>\n<p><span style=\"color: #000000;\"><span style=\"font-family: webkit-standard;\"><span style=\"font-size: large;\">\u00c8 composto da pi\u00f9 livelli (o piani), che consentono ai lavoratori o agli utenti di accedere a diverse altezze a seconda delle esigenze. <\/span><\/span><\/span><\/p>\n<p><span style=\"color: #000000;\"><span style=\"font-family: webkit-standard;\"><span style=\"font-size: large;\">Ecco alcune caratteristiche di questo tipo di piattaforma: <\/span><\/span><\/span><\/p>\n<ol>\n<li><span style=\"color: #000000;\"><span style=\"font-family: webkit-standard;\"><span style=\"font-size: large;\"><strong>Multilivello:<\/strong> Dispone di pi\u00f9 piani o livelli, consentendo cos\u00ec l&#039;accesso a diverse altezze, utile per attivit\u00e0 che richiedono di lavorare a diversi livelli (verniciatura, installazione, ispezione, ecc.);<\/span><\/span><\/span><\/li>\n<li><span style=\"color: #000000;\"><span style=\"font-family: webkit-standard;\"><span style=\"font-size: large;\"><strong>Temporaneo:<\/strong> \u00c8 progettato per essere utilizzato per un periodo di tempo specifico, a seconda delle esigenze specifiche di un progetto. Una volta ultimati i lavori, la piattaforma pu\u00f2 essere smontata o spostata;<\/span><\/span><\/span><\/li>\n<li><span style=\"color: #000000;\"><span style=\"font-family: webkit-standard;\"><span style=\"font-size: large;\"><strong>Mobilit\u00e0:<\/strong> A seconda del progetto, queste piattaforme possono essere mobili (su ruote, ad esempio) o fisse, e sono spesso modulari, il che permette loro di adattarsi alle dimensioni del luogo o dell&#039;evento;<\/span><\/span><\/span><\/li>\n<li><span style=\"color: #000000;\"><span style=\"font-family: webkit-standard;\"><span style=\"font-size: large;\"><strong>Sicurezza:<\/strong> Sono dotati di dispositivi di sicurezza, quali parapetti, scale o scale, per prevenire cadute e garantire l&#039;incolumit\u00e0 dei lavoratori;<\/span><\/span><\/span><\/li>\n<li><span style=\"color: #000000;\"><span style=\"font-family: webkit-standard;\"><span style=\"font-size: large;\"><strong>Utilizzo:<\/strong> Vengono utilizzati in settori come l&#039;edilizia, la manutenzione industriale, fiere ed esposizioni, o per qualsiasi attivit\u00e0 che richieda l&#039;accesso in quota.<\/span><\/span><\/span><\/li>\n<\/ol>","protected":false},"featured_media":9326,"comment_status":"closed","ping_status":"closed","template":"","meta":{"_acf_changed":false,"_et_pb_use_builder":"","_et_pb_old_content":"","_et_gb_content_width":""},"product_brand":[],"product_cat":[1205,1494,1308,1160,1370,1448,1369],"product_tag":[],"class_list":{"0":"post-13813","1":"product","2":"type-product","3":"status-publish","4":"has-post-thumbnail","6":"product_cat-plateformes-suspendues-temporaires","7":"product_cat-inferieur-a-800-kg-1764-lbs","8":"product_cat-batiment-secteur-dactivite","9":"product_cat-equipements-temporaires","10":"product_cat-levage-de-personnes-type-de-levage","11":"product_cat-travaux-temporaires","12":"product_cat-type-de-levage","14":"first","15":"instock","16":"shipping-taxable","17":"purchasable","18":"product-type-simple"},"acf":[],"_links":{"self":[{"href":"https:\/\/fixator.fr\/it\/wp-json\/wp\/v2\/product\/13813","targetHints":{"allow":["GET"]}}],"collection":[{"href":"https:\/\/fixator.fr\/it\/wp-json\/wp\/v2\/product"}],"about":[{"href":"https:\/\/fixator.fr\/it\/wp-json\/wp\/v2\/types\/product"}],"replies":[{"embeddable":true,"href":"https:\/\/fixator.fr\/it\/wp-json\/wp\/v2\/comments?post=13813"}],"wp:featuredmedia":[{"embeddable":true,"href":"https:\/\/fixator.fr\/it\/wp-json\/wp\/v2\/media\/9326"}],"wp:attachment":[{"href":"https:\/\/fixator.fr\/it\/wp-json\/wp\/v2\/media?parent=13813"}],"wp:term":[{"taxonomy":"product_brand","embeddable":true,"href":"https:\/\/fixator.fr\/it\/wp-json\/wp\/v2\/product_brand?post=13813"},{"taxonomy":"product_cat","embeddable":true,"href":"https:\/\/fixator.fr\/it\/wp-json\/wp\/v2\/product_cat?post=13813"},{"taxonomy":"product_tag","embeddable":true,"href":"https:\/\/fixator.fr\/it\/wp-json\/wp\/v2\/product_tag?post=13813"}],"curies":[{"name":"wp","href":"https:\/\/api.w.org\/{rel}","templated":true}]}}