{"id":13235,"date":"2023-10-27T17:42:05","date_gmt":"2023-10-27T15:42:05","guid":{"rendered":"https:\/\/fixator.fr\/?post_type=product&#038;p=13235"},"modified":"2025-07-22T11:55:24","modified_gmt":"2025-07-22T09:55:24","slug":"ganci-per-appendere","status":"publish","type":"product","link":"https:\/\/fixator.fr\/it\/produit\/crochets-de-suspension\/","title":{"rendered":"Ganci di sospensione"},"content":{"rendered":"","protected":false},"excerpt":{"rendered":"<p data-start=\"0\" data-end=\"228\">I ganci sono dispositivi di sollevamento e sospensione utilizzati in vari campi, tra cui il sollevamento, la movimentazione e il trasporto di carichi a livello industriale. Ecco i principali tipi di ganci:<\/p>\n<h3 data-start=\"230\" data-end=\"284\"><strong data-start=\"234\" data-end=\"282\">1. Ganci fissi e semi-rotanti con linguetta di sicurezza<\/strong><\/h3>\n<p data-start=\"285\" data-end=\"423\"><strong>Questi ganci sono dotati di una linguetta di sicurezza,<\/strong> che \u00e8 un dispositivo di sicurezza che impedisce che il carico si stacchi accidentalmente.<\/p>\n<ul data-start=\"425\" data-end=\"862\">\n<li data-start=\"425\" data-end=\"660\">\n<h4 data-start=\"427\" data-end=\"458\"><strong data-start=\"427\" data-end=\"454\">Ganci fissi (a occhiello) con linguetta di sicurezza <\/strong>:<\/h4>\n<ul data-start=\"461\" data-end=\"660\">\n<li data-start=\"461\" data-end=\"552\">L'occhiello \u00e8 fisso e non si muove, il che garantisce un mantenimento costante del carico;<\/li>\n<li data-start=\"461\" data-end=\"552\">L'occhiello viene utilizzato nelle applicazioni in cui la stabilit\u00e0 \u00e8 essenziale e la rotazione non \u00e8 richiesta.<\/li>\n<\/ul>\n<\/li>\n<li data-start=\"662\" data-end=\"862\">\n<h4 data-start=\"664\" data-end=\"705\"><strong data-start=\"664\" data-end=\"701\">Ganci semi-rotanti con linguetta di sicurezza<\/strong> :<\/h4>\n<ul data-start=\"425\" data-end=\"862\">\n<li data-start=\"662\" data-end=\"862\">\n<p data-start=\"664\" data-end=\"705\"><strong>Consentono una certa rotazione sotto carico<\/strong>, facilitando il posizionamento;<\/p>\n<\/li>\n<li data-start=\"708\" data-end=\"787\">L&#039;asse di rotazione \u00e8 limitato per evitare movimenti incontrollati.<\/li>\n<\/ul>\n<\/li>\n<\/ul>\n<h3 data-start=\"864\" data-end=\"924\"><strong data-start=\"868\" data-end=\"922\">2. Ganci autobloccanti fissi e semirotanti<\/strong><\/h3>\n<p data-start=\"925\" data-end=\"1058\"><strong>Questi ganci hanno un meccanismo autobloccante,<\/strong> che impedisce qualsiasi sganciamento involontario una volta sospeso il carico.<\/p>\n<ul data-start=\"1060\" data-end=\"1469\">\n<li data-start=\"1060\" data-end=\"1229\">\n<h4 data-start=\"1062\" data-end=\"1099\"><strong data-start=\"1062\" data-end=\"1095\">Ganci autobloccanti fissi<\/strong> :<\/h4>\n<ul data-start=\"1060\" data-end=\"1469\">\n<li data-start=\"1060\" data-end=\"1229\">\n<p data-start=\"1062\" data-end=\"1099\"><strong>Non ruotano <\/strong>e <strong>garantiscono la massima sicurezza<\/strong>;<\/p>\n<\/li>\n<li data-start=\"1060\" data-end=\"1229\">\n<p data-start=\"1062\" data-end=\"1099\">Vengono utilizzati per carichi pesanti che richiedono un fissaggio rigido.<\/p>\n<\/li>\n<\/ul>\n<\/li>\n<li data-start=\"1231\" data-end=\"1469\">\n<h4 data-start=\"1233\" data-end=\"1279\"><strong data-start=\"1233\" data-end=\"1275\">Ganci autobloccanti semi-rotanti<\/strong> :<\/h4>\n<ul data-start=\"1060\" data-end=\"1469\">\n<li data-start=\"1231\" data-end=\"1469\">\n<p data-start=\"1233\" data-end=\"1279\"><strong>Possono ruotare parzialmente<\/strong> per facilitare l&#039;orientamento del carico;<\/p>\n<\/li>\n<li data-start=\"1231\" data-end=\"1469\"><strong>Sono ideali<\/strong> per operazioni che richiedono un certo adattamento garantendo al contempo la massima sicurezza.<\/li>\n<\/ul>\n<\/li>\n<\/ul>\n<p data-start=\"1471\" data-end=\"1649\" data-is-last-node=\"\" data-is-only-node=\"\">Questi diversi tipi di ganci vengono selezionati in base alle specifiche esigenze di movimentazione e sollevamento dei vostri argani sospesi elettrici, manuali o pneumatici, tenendo conto della sicurezza e della manovrabilit\u00e0 richieste.<\/p>","protected":false},"featured_media":13241,"comment_status":"closed","ping_status":"closed","template":"","meta":{"_acf_changed":false,"_et_pb_use_builder":"","_et_pb_old_content":"","_et_gb_content_width":""},"product_brand":[],"product_cat":[1176],"product_tag":[1367],"class_list":{"0":"post-13235","1":"product","2":"type-product","3":"status-publish","4":"has-post-thumbnail","6":"product_cat-accessoires","7":"product_tag-accrochage","9":"first","10":"instock","11":"shipping-taxable","12":"purchasable","13":"product-type-variable","14":"has-default-attributes"},"acf":[],"_links":{"self":[{"href":"https:\/\/fixator.fr\/it\/wp-json\/wp\/v2\/product\/13235","targetHints":{"allow":["GET"]}}],"collection":[{"href":"https:\/\/fixator.fr\/it\/wp-json\/wp\/v2\/product"}],"about":[{"href":"https:\/\/fixator.fr\/it\/wp-json\/wp\/v2\/types\/product"}],"replies":[{"embeddable":true,"href":"https:\/\/fixator.fr\/it\/wp-json\/wp\/v2\/comments?post=13235"}],"wp:featuredmedia":[{"embeddable":true,"href":"https:\/\/fixator.fr\/it\/wp-json\/wp\/v2\/media\/13241"}],"wp:attachment":[{"href":"https:\/\/fixator.fr\/it\/wp-json\/wp\/v2\/media?parent=13235"}],"wp:term":[{"taxonomy":"product_brand","embeddable":true,"href":"https:\/\/fixator.fr\/it\/wp-json\/wp\/v2\/product_brand?post=13235"},{"taxonomy":"product_cat","embeddable":true,"href":"https:\/\/fixator.fr\/it\/wp-json\/wp\/v2\/product_cat?post=13235"},{"taxonomy":"product_tag","embeddable":true,"href":"https:\/\/fixator.fr\/it\/wp-json\/wp\/v2\/product_tag?post=13235"}],"curies":[{"name":"wp","href":"https:\/\/api.w.org\/{rel}","templated":true}]}}