{"id":16156,"date":"2023-11-30T15:48:54","date_gmt":"2023-11-30T14:48:54","guid":{"rendered":"https:\/\/fixator.fr\/?post_type=product&#038;p=16156"},"modified":"2025-03-07T16:00:08","modified_gmt":"2025-03-07T15:00:08","slug":"kit-de-reenvio-liftho-o-motrix","status":"publish","type":"product","link":"https:\/\/fixator.fr\/es\/produit\/kit-de-mouflage-liftho-ou-motrix\/","title":{"rendered":"Kit de reenv\u00edo Liftho o Motrix"},"content":{"rendered":"","protected":false},"excerpt":{"rendered":"<p><span style=\"color: #00a776;\"><span style=\"font-family: Raleway;\"><span style=\"font-size: x-large;\"><b>Descripci\u00f3n del Producto<\/b><\/span><\/span><\/span><\/p>\n<p>Un kit de enhebrado para cabrestante el\u00e9ctrico es un conjunto de herramientas y dispositivos que le permiten aumentar la fuerza de tracci\u00f3n del cabrestante o cambiar la direcci\u00f3n de tracci\u00f3n. Se utiliza para hacer que el cabrestante sea m\u00e1s vers\u00e1til y para facilitar determinadas operaciones de elevaci\u00f3n o tracci\u00f3n en condiciones en las que la configuraci\u00f3n est\u00e1ndar del cabrestante no ser\u00eda suficiente.<\/p>\n<p>Este kit de enhebrado permite alcanzar capacidades de elevaci\u00f3n de hasta 2T para elevar personas con <strong><a href=\"https:\/\/fixator.fr\/es\/producto\/cabrestante-electrico-liftho-neo-600-1000kg-208v-220v-230v-400v\/\" target=\"_blank\" rel=\"noopener\">Cabrestantes el\u00e9ctricos Liftho 600-1000 kg<\/a><\/strong> o 2T para levantar materiales con <strong><a href=\"https:\/\/fixator.fr\/es\/producto\/cabrestante-electrico-motrix-600-1500kg-230v-380v\/\" target=\"_blank\" rel=\"noopener\">Cabrestantes el\u00e9ctricos Motrix 600-750-1000 kg<\/a><\/strong>.<\/p>\n<p>Permite recuperar la carga en el cabrestante evitando crear un segundo punto de fijaci\u00f3n.<\/p>\n<p>Limitado a cabrestantes de hasta 1000 kg.<\/p>","protected":false},"featured_media":16161,"comment_status":"closed","ping_status":"closed","template":"","meta":{"_acf_changed":false,"_et_pb_use_builder":"","_et_pb_old_content":"","_et_gb_content_width":""},"product_brand":[],"product_cat":[1176],"product_tag":[1510],"class_list":{"0":"post-16156","1":"product","2":"type-product","3":"status-publish","4":"has-post-thumbnail","6":"product_cat-accessoires","7":"product_tag-polyvalence","9":"first","10":"instock","11":"shipping-taxable","12":"purchasable","13":"product-type-simple"},"acf":[],"_links":{"self":[{"href":"https:\/\/fixator.fr\/es\/wp-json\/wp\/v2\/product\/16156","targetHints":{"allow":["GET"]}}],"collection":[{"href":"https:\/\/fixator.fr\/es\/wp-json\/wp\/v2\/product"}],"about":[{"href":"https:\/\/fixator.fr\/es\/wp-json\/wp\/v2\/types\/product"}],"replies":[{"embeddable":true,"href":"https:\/\/fixator.fr\/es\/wp-json\/wp\/v2\/comments?post=16156"}],"wp:featuredmedia":[{"embeddable":true,"href":"https:\/\/fixator.fr\/es\/wp-json\/wp\/v2\/media\/16161"}],"wp:attachment":[{"href":"https:\/\/fixator.fr\/es\/wp-json\/wp\/v2\/media?parent=16156"}],"wp:term":[{"taxonomy":"product_brand","embeddable":true,"href":"https:\/\/fixator.fr\/es\/wp-json\/wp\/v2\/product_brand?post=16156"},{"taxonomy":"product_cat","embeddable":true,"href":"https:\/\/fixator.fr\/es\/wp-json\/wp\/v2\/product_cat?post=16156"},{"taxonomy":"product_tag","embeddable":true,"href":"https:\/\/fixator.fr\/es\/wp-json\/wp\/v2\/product_tag?post=16156"}],"curies":[{"name":"wp","href":"https:\/\/api.w.org\/{rel}","templated":true}]}}