{"id":13817,"date":"2023-11-05T00:59:02","date_gmt":"2023-11-04T23:59:02","guid":{"rendered":"https:\/\/fixator.fr\/?post_type=product&#038;p=13817"},"modified":"2025-02-25T16:51:20","modified_gmt":"2025-02-25T15:51:20","slug":"andamio-colgante-modulaho-boca-de-hombre","status":"publish","type":"product","link":"https:\/\/fixator.fr\/es\/produit\/plateforme-suspendue-modulaho-trou-dhommes\/","title":{"rendered":"Andamio colgante Modulaho boca de hombre"},"content":{"rendered":"","protected":false},"excerpt":{"rendered":"<h1><span style=\"color: #00a776;\"><span style=\"font-family: Raleway;\"><span style=\"font-size: x-large;\"><b>Descripci\u00f3n del Producto<\/b><\/span><\/span><\/span><\/h1>\n<p><strong>La MODULAHO BOCA DE HOMBRE<\/strong> es una plataforma suspendida modular flexible ideal para realizar trabajos en \u00e1reas de acceso restringido como pasos de alcantarilla.<\/p>\n<p>La MODULAHO BOCA DE HOMBRE se puede utilizar en el interior de una caldera, tanque, silo, tanque de almacenamiento, pasando todo el equipo a trav\u00e9s de una boca de hombre de di\u00e1metro m\u00ednimo de 400 mm.<\/p>\n<h1><span style=\"color: #00a776;\"><span style=\"font-family: Raleway;\"><span style=\"font-size: x-large;\"><span style=\"color: #00a776; font-family: Raleway; font-size: x-large;\"><b>Beneficios<\/b><\/span><b style=\"color: #00a776; font-family: Raleway; font-size: x-large;\">\u00a0Usuarios<\/b><\/span><\/span><\/span><\/h1>\n<p><strong>Practicidad y sencillez:<\/strong><\/p>\n<ul>\n<li>Adecuado para accesos restringidos, como pasos de registro con un di\u00e1metro m\u00ednimo de 400 mm;<\/li>\n<li>Ancho est\u00e1ndar: 0,70 metros;<\/li>\n<li>Todos los elementos de la plataforma tienen una huella inferior a 400 mm y la longitud m\u00e1xima es de 2 metros;<\/li>\n<li>Compatible con cabrestantes el\u00e9ctricos, manuales y neum\u00e1ticos (<strong><a href=\"https:\/\/fixator.fr\/es\/producto\/cabrestante-electrico-de-elevacion-e-lift-350-500-600-kg-220v-y-380v\/\" target=\"_blank\" rel=\"noopener\">e.lift<\/a><\/strong> - <strong><a href=\"https:\/\/fixator.fr\/es\/producto\/cabrestante-manual-mlift-400kg-900lbs\/\" target=\"_blank\" rel=\"noopener\">m.lift<\/a><\/strong> - <strong><a href=\"https:\/\/fixator.fr\/es\/producto\/polipasto-pneumatico-plift-500\/\" target=\"_blank\" rel=\"noopener\">p.lift<\/a><\/strong>);<\/li>\n<li>4 modelos disponibles: longitudes de 2m, 4m, 6m y 8m;<\/li>\n<li>\u00c1gil montaje y desmontaje gracias a pasadores clip; ahorra tiempo: no se necesitan herramientas;<\/li>\n<li>Transporte y almacenamiento simplificados;<\/li>\n<li>F\u00e1cil de usar;<\/li>\n<li>Ergon\u00f3mico, ligero y f\u00e1cil de manejar.<\/li>\n<\/ul>","protected":false},"featured_media":5751,"comment_status":"closed","ping_status":"closed","template":"","meta":{"_acf_changed":false,"_et_pb_use_builder":"on","_et_pb_old_content":"","_et_gb_content_width":""},"product_brand":[],"product_cat":[1205,1492,1453,1160,1169,1370,1452,1369],"product_tag":[],"class_list":{"0":"post-13817","1":"product","2":"type-product","3":"status-publish","4":"has-post-thumbnail","6":"product_cat-plateformes-suspendues-temporaires","7":"product_cat-inferieur-a-400-kg-882-lbs","8":"product_cat-cheminee-chaudiere","9":"product_cat-equipements-temporaires","10":"product_cat-industrie","11":"product_cat-levage-de-personnes-type-de-levage","12":"product_cat-stockage-silos","13":"product_cat-type-de-levage","15":"first","16":"instock","17":"shipping-taxable","18":"purchasable","19":"product-type-simple"},"acf":[],"_links":{"self":[{"href":"https:\/\/fixator.fr\/es\/wp-json\/wp\/v2\/product\/13817","targetHints":{"allow":["GET"]}}],"collection":[{"href":"https:\/\/fixator.fr\/es\/wp-json\/wp\/v2\/product"}],"about":[{"href":"https:\/\/fixator.fr\/es\/wp-json\/wp\/v2\/types\/product"}],"replies":[{"embeddable":true,"href":"https:\/\/fixator.fr\/es\/wp-json\/wp\/v2\/comments?post=13817"}],"wp:featuredmedia":[{"embeddable":true,"href":"https:\/\/fixator.fr\/es\/wp-json\/wp\/v2\/media\/5751"}],"wp:attachment":[{"href":"https:\/\/fixator.fr\/es\/wp-json\/wp\/v2\/media?parent=13817"}],"wp:term":[{"taxonomy":"product_brand","embeddable":true,"href":"https:\/\/fixator.fr\/es\/wp-json\/wp\/v2\/product_brand?post=13817"},{"taxonomy":"product_cat","embeddable":true,"href":"https:\/\/fixator.fr\/es\/wp-json\/wp\/v2\/product_cat?post=13817"},{"taxonomy":"product_tag","embeddable":true,"href":"https:\/\/fixator.fr\/es\/wp-json\/wp\/v2\/product_tag?post=13817"}],"curies":[{"name":"wp","href":"https:\/\/api.w.org\/{rel}","templated":true}]}}