{"id":13816,"date":"2023-11-05T00:39:17","date_gmt":"2023-11-04T23:39:17","guid":{"rendered":"https:\/\/fixator.fr\/?post_type=product&#038;p=13816"},"modified":"2025-05-12T10:49:10","modified_gmt":"2025-05-12T08:49:10","slug":"plataforma-v-angulo-ajustable","status":"publish","type":"product","link":"https:\/\/fixator.fr\/es\/produit\/plateforme-en-v-angle-reglable\/","title":{"rendered":"Plataforma en forma de V (\u00e1ngulo ajustable)"},"content":{"rendered":"","protected":false},"excerpt":{"rendered":"<h1><span style=\"color: #00a776;\"><span style=\"font-family: Raleway;\"><span style=\"font-size: x-large;\"><b>Descripci\u00f3n del Producto<\/b><\/span><\/span><\/span><\/h1>\n<p>La <strong>Plataforma suspendida en forma de V<\/strong> (\u00e1ngulo ajustable) ha sido dise\u00f1ada para realizar trabajos de reparaci\u00f3n en <strong><a href=\"https:\/\/fixator.fr\/es\/sector-de-turbinas-eolicas\/\" target=\"_blank\" rel=\"noopener\">torres de turbinas e\u00f3licas<\/a><\/strong> \u00d8 4-5 metros, en <strong><a href=\"https:\/\/fixator.fr\/es\/sector-industrial\/#stockage_silos\" target=\"_blank\" rel=\"noopener\">tanques y silos<\/a><\/strong>.<\/p>\n<p>El andamio suspendido en forma de V se beneficia de una r\u00e1pida puesta en servicio en la obra.<\/p>\n<p>La operaci\u00f3n de instalaci\u00f3n del cable se puede realizar utilizando nuestros <strong><a href=\"https:\/\/fixator.fr\/es\/categoria-de-producto\/polipastos-de-elevacion\/polipastos-para-elevacion-de-materiales\/\" target=\"_blank\" rel=\"noopener\">tornos de elevaci\u00f3n de material<\/a><\/strong>.<\/p>\n<h1><span style=\"color: #00a776;\"><span style=\"font-family: Raleway;\"><span style=\"font-size: x-large;\"><span style=\"color: #00a776; font-family: Raleway; font-size: x-large;\"><b>Beneficios<\/b><\/span><b style=\"color: #00a776; font-family: Raleway; font-size: x-large;\">\u00a0Usuarios<\/b><\/span><\/span><\/span><\/h1>\n<p><strong>Practicidad y sencillez:<\/strong><\/p>\n<ul>\n<li>Adaptable a cualquier tipo de turbina e\u00f3lica: el \u00e1ngulo ajustable de 54\u00b0 ofrece un \u00e1rea de trabajo m\u00e1s sencilla;<\/li>\n<li>Acceso r\u00e1pido a m\u00e1stiles y esquinas de turbinas e\u00f3licas;<\/li>\n<li>Totalmente desmontable, f\u00e1cil de transportar y almacenar;<\/li>\n<li>Es posible utilizarlo con estribos de cuello de cisne;<\/li>\n<li>Compatible con <strong><a href=\"https:\/\/fixator.fr\/es\/producto\/cabrestante-manual-mlift-400kg-900lbs\/\" target=\"_blank\" rel=\"noopener\">cabrestantes manuales<\/a><\/strong> y <a href=\"https:\/\/fixator.fr\/es\/producto\/cabrestante-electrico-de-elevacion-e-lift-350-500-600-kg-220v-y-380v\/\" target=\"_blank\" rel=\"noopener\"><strong>Cabrestantes el\u00e9ctricos e.lift<\/strong><\/a>.<\/li>\n<\/ul>\n<p><strong>Comodidad:<\/strong><\/p>\n<ul>\n<li>Bandeja de aluminio antideslizante;<\/li>\n<li>Ruedas de apoyo para un ascenso y descenso m\u00e1s suaves.<\/li>\n<\/ul>","protected":false},"featured_media":5522,"comment_status":"closed","ping_status":"closed","template":"","meta":{"_acf_changed":false,"_et_pb_use_builder":"on","_et_pb_old_content":"","_et_gb_content_width":""},"product_brand":[],"product_cat":[1205,1491,1450,1453,1311,1160,1370,1452,1369],"product_tag":[],"class_list":{"0":"post-13816","1":"product","2":"type-product","3":"status-publish","4":"has-post-thumbnail","6":"product_cat-plateformes-suspendues-temporaires","7":"product_cat-inferieur-a-300-kg-660-lbs","8":"product_cat-acces-exterieur","9":"product_cat-cheminee-chaudiere","10":"product_cat-eolien","11":"product_cat-equipements-temporaires","12":"product_cat-levage-de-personnes-type-de-levage","13":"product_cat-stockage-silos","14":"product_cat-type-de-levage","16":"first","17":"instock","18":"shipping-taxable","19":"purchasable","20":"product-type-simple"},"acf":[],"_links":{"self":[{"href":"https:\/\/fixator.fr\/es\/wp-json\/wp\/v2\/product\/13816","targetHints":{"allow":["GET"]}}],"collection":[{"href":"https:\/\/fixator.fr\/es\/wp-json\/wp\/v2\/product"}],"about":[{"href":"https:\/\/fixator.fr\/es\/wp-json\/wp\/v2\/types\/product"}],"replies":[{"embeddable":true,"href":"https:\/\/fixator.fr\/es\/wp-json\/wp\/v2\/comments?post=13816"}],"wp:featuredmedia":[{"embeddable":true,"href":"https:\/\/fixator.fr\/es\/wp-json\/wp\/v2\/media\/5522"}],"wp:attachment":[{"href":"https:\/\/fixator.fr\/es\/wp-json\/wp\/v2\/media?parent=13816"}],"wp:term":[{"taxonomy":"product_brand","embeddable":true,"href":"https:\/\/fixator.fr\/es\/wp-json\/wp\/v2\/product_brand?post=13816"},{"taxonomy":"product_cat","embeddable":true,"href":"https:\/\/fixator.fr\/es\/wp-json\/wp\/v2\/product_cat?post=13816"},{"taxonomy":"product_tag","embeddable":true,"href":"https:\/\/fixator.fr\/es\/wp-json\/wp\/v2\/product_tag?post=13816"}],"curies":[{"name":"wp","href":"https:\/\/api.w.org\/{rel}","templated":true}]}}