{"id":13813,"date":"2023-11-05T00:25:13","date_gmt":"2023-11-04T23:25:13","guid":{"rendered":"https:\/\/fixator.fr\/?post_type=product&#038;p=13813"},"modified":"2024-12-17T18:44:22","modified_gmt":"2024-12-17T17:44:22","slug":"plataforma-colgante-temporal-de-doble-piso","status":"publish","type":"product","link":"https:\/\/fixator.fr\/es\/produit\/plateforme-temporaire-a-etages\/","title":{"rendered":"Plataforma temporal de varios pisos."},"content":{"rendered":"","protected":false},"excerpt":{"rendered":"<h1><span style=\"color: #00a776;\"><span style=\"font-family: Raleway;\"><span style=\"font-size: x-large;\"><b>Descripci\u00f3n del Producto<\/b><\/span><\/span><\/span><\/h1>\n<p>La <strong>plataforma colgante temporal de doble piso<\/strong> es ideal para hacer <strong>obras de fachada de gran altura<\/strong>.<\/p>\n<p>Est\u00e1 compuesta por un<strong> doble piso<\/strong> con <strong>bandejas de 2 y 3 metros de largo<\/strong> Se puede montar seg\u00fan sus necesidades.<\/p>\n<h1><span style=\"color: #00a776;\"><span style=\"font-family: Raleway;\"><span style=\"font-size: x-large;\"><span style=\"color: #00a776; font-family: Raleway; font-size: x-large;\"><b>Beneficios<\/b><\/span><b style=\"color: #00a776; font-family: Raleway; font-size: x-large;\">\u00a0Usuarios<\/b><\/span><\/span><\/span><\/h1>\n<p><strong>Econom\u00eda y practicidad:<\/strong><\/p>\n<ul>\n<li>Se adapta a cualquier tipo de sitio;<\/li>\n<li>Ahorro de tiempo real: la plataforma ofrece la posibilidad de realizar trabajos en un \u00e1rea m\u00e1s grande;<\/li>\n<li>Le permite trabajar simult\u00e1neamente en dos niveles.<\/li>\n<\/ul>\n<p><span style=\"color: #000000;\"><span style=\"font-family: webkit-standard;\"><span style=\"font-size: large;\">Una plataforma temporal de varios pisos es una estructura m\u00f3vil o modular que se utiliza principalmente para trabajos en altura o para crear un espacio de trabajo temporal, a menudo durante la construcci\u00f3n, renovaci\u00f3n o eventos. <\/span><\/span><\/span><\/p>\n<p><span style=\"color: #000000;\"><span style=\"font-family: webkit-standard;\"><span style=\"font-size: large;\">Se compone de varios niveles (o plantas), que permiten a los trabajadores o usuarios acceder a diferentes alturas seg\u00fan las necesidades. <\/span><\/span><\/span><\/p>\n<p><span style=\"color: #000000;\"><span style=\"font-family: webkit-standard;\"><span style=\"font-size: large;\">A continuaci\u00f3n se detallan algunas caracter\u00edsticas de este tipo de plataforma: <\/span><\/span><\/span><\/p>\n<ol>\n<li><span style=\"color: #000000;\"><span style=\"font-family: webkit-standard;\"><span style=\"font-size: large;\"><strong>Multinivel:<\/strong> Dispone de varias plantas o niveles, facilitando as\u00ed el acceso a diferentes alturas, lo que resulta \u00fatil para tareas que requieran trabajar a diferentes niveles (pintura, instalaci\u00f3n, inspecci\u00f3n, etc.);<\/span><\/span><\/span><\/li>\n<li><span style=\"color: #000000;\"><span style=\"font-family: webkit-standard;\"><span style=\"font-size: large;\"><strong>Temporario :<\/strong> Est\u00e1 dise\u00f1ado para ser utilizado durante un per\u00edodo de tiempo espec\u00edfico, dependiendo de las necesidades espec\u00edficas de un proyecto. Una vez finalizado el trabajo, la plataforma se puede desmontar o trasladar;<\/span><\/span><\/span><\/li>\n<li><span style=\"color: #000000;\"><span style=\"font-family: webkit-standard;\"><span style=\"font-size: large;\"><strong>Movilidad:<\/strong> Dependiendo del dise\u00f1o, estas plataformas pueden ser m\u00f3viles (sobre ruedas, por ejemplo) o fijas, y muchas veces son modulares, lo que permite adaptarlas a las dimensiones del sitio o evento;<\/span><\/span><\/span><\/li>\n<li><span style=\"color: #000000;\"><span style=\"font-family: webkit-standard;\"><span style=\"font-size: large;\"><strong>Seguridad :<\/strong> Est\u00e1n equipadas con dispositivos de seguridad, como barandillas, escaleras o escaleras, para evitar ca\u00eddas y garantizar la seguridad de los trabajadores;<\/span><\/span><\/span><\/li>\n<li><span style=\"color: #000000;\"><span style=\"font-family: webkit-standard;\"><span style=\"font-size: large;\"><strong>Uso:<\/strong> Se utilizan en sectores como la construcci\u00f3n, mantenimiento industrial, ferias y exposiciones, o para cualquier tarea que requiera acceso en altura.<\/span><\/span><\/span><\/li>\n<\/ol>","protected":false},"featured_media":9326,"comment_status":"closed","ping_status":"closed","template":"","meta":{"_acf_changed":false,"_et_pb_use_builder":"","_et_pb_old_content":"","_et_gb_content_width":""},"product_brand":[],"product_cat":[1205,1494,1308,1160,1370,1448,1369],"product_tag":[],"class_list":{"0":"post-13813","1":"product","2":"type-product","3":"status-publish","4":"has-post-thumbnail","6":"product_cat-plateformes-suspendues-temporaires","7":"product_cat-inferieur-a-800-kg-1764-lbs","8":"product_cat-batiment-secteur-dactivite","9":"product_cat-equipements-temporaires","10":"product_cat-levage-de-personnes-type-de-levage","11":"product_cat-travaux-temporaires","12":"product_cat-type-de-levage","14":"first","15":"instock","16":"shipping-taxable","17":"purchasable","18":"product-type-simple"},"acf":[],"_links":{"self":[{"href":"https:\/\/fixator.fr\/es\/wp-json\/wp\/v2\/product\/13813","targetHints":{"allow":["GET"]}}],"collection":[{"href":"https:\/\/fixator.fr\/es\/wp-json\/wp\/v2\/product"}],"about":[{"href":"https:\/\/fixator.fr\/es\/wp-json\/wp\/v2\/types\/product"}],"replies":[{"embeddable":true,"href":"https:\/\/fixator.fr\/es\/wp-json\/wp\/v2\/comments?post=13813"}],"wp:featuredmedia":[{"embeddable":true,"href":"https:\/\/fixator.fr\/es\/wp-json\/wp\/v2\/media\/9326"}],"wp:attachment":[{"href":"https:\/\/fixator.fr\/es\/wp-json\/wp\/v2\/media?parent=13813"}],"wp:term":[{"taxonomy":"product_brand","embeddable":true,"href":"https:\/\/fixator.fr\/es\/wp-json\/wp\/v2\/product_brand?post=13813"},{"taxonomy":"product_cat","embeddable":true,"href":"https:\/\/fixator.fr\/es\/wp-json\/wp\/v2\/product_cat?post=13813"},{"taxonomy":"product_tag","embeddable":true,"href":"https:\/\/fixator.fr\/es\/wp-json\/wp\/v2\/product_tag?post=13813"}],"curies":[{"name":"wp","href":"https:\/\/api.w.org\/{rel}","templated":true}]}}