{"id":13749,"date":"2023-11-04T17:42:19","date_gmt":"2023-11-04T16:42:19","guid":{"rendered":"https:\/\/fixator.fr\/?post_type=product&#038;p=13749"},"modified":"2025-03-06T13:02:00","modified_gmt":"2025-03-06T12:02:00","slug":"silla-colgante-permanente-perm-06","status":"publish","type":"product","link":"https:\/\/fixator.fr\/es\/produit\/sellette-permanente-perm-06\/","title":{"rendered":"Silla colgante permanente PERM 06"},"content":{"rendered":"","protected":false},"excerpt":{"rendered":"<h1><span style=\"color: #00a776;\"><span style=\"font-family: Raleway;\"><span style=\"font-size: x-large;\"><b>Descripci\u00f3n del Producto<\/b><\/span><\/span><\/span><\/h1>\n<p>La <strong>silla colgante individual PERM 06<\/strong> est\u00e1 especialmente dise\u00f1ada para realizar<strong> trabajar en accesos estrechos<\/strong>.<\/p>\n<p>PERM 06 est\u00e1 destinada a ser<strong> instalada permanentemente en un edificio<\/strong>.<\/p>\n<p>La silla colgante permanente es <strong>motorizada con cabrestante el\u00e9ctrico<\/strong> para elevaci\u00f3n de personas <a href=\"https:\/\/fixator.fr\/es\/producto\/cabrestante-electrico-de-elevacion-e-lift-350-500-600-kg-220v-y-380v\/\" target=\"_blank\" rel=\"noopener\"><strong>e.lift 350<\/strong><\/a> (trif\u00e1sico o monof\u00e1sico). PERM 06 utiliza s\u00f3lo un cabrestante el\u00e9ctrico para levantar personas.<\/p>\n<p>Puede ser <strong>suspendida<\/strong> a sistemas de suspensi\u00f3n del tipo <strong><a href=\"https:\/\/fixator.fr\/es\/producto\/carro-de-translacion-monorrail-manual\/\" target=\"_blank\" rel=\"noopener\">monocarril<\/a><\/strong>.<\/p>\n<h1><span style=\"color: #00a776;\"><span style=\"font-family: Raleway;\"><span style=\"font-size: x-large;\"><span style=\"color: #00a776; font-family: Raleway; font-size: x-large;\"><b>Beneficios<\/b><\/span><b style=\"color: #00a776; font-family: Raleway; font-size: x-large;\">\u00a0Usuarios<\/b><\/span><\/span><\/span><\/h1>\n<p><strong>Comodidad y practicidad:<\/strong><\/p>\n<ul>\n<li>Ideal para trabajar en espacios reducidos y acceso restringido;<\/li>\n<li>Se entrega \u201clista para usar\u201d: cabrestante instalado en la silla antes del env\u00edo;<\/li>\n<li>Se adapta a cualquier tipo de edificio;<\/li>\n<li>Acceso r\u00e1pido a fachadas y esquinas de fachadas;<\/li>\n<li>Ligera y altamente resistente a la corrosi\u00f3n \u2013 fabricada en aluminio;<\/li>\n<li>Ruedas gu\u00eda;<\/li>\n<li>Posibilidad de dise\u00f1o personalizado, seg\u00fan especificaciones definidas conjuntamente con la oficina de dise\u00f1o.<\/li>\n<\/ul>","protected":false},"featured_media":5095,"comment_status":"closed","ping_status":"closed","template":"","meta":{"_acf_changed":false,"_et_pb_use_builder":"","_et_pb_old_content":"","_et_gb_content_width":""},"product_brand":[],"product_cat":[1480,1441,1308,1161,1169,1370,1449],"product_tag":[],"class_list":{"0":"post-13749","1":"product","2":"type-product","3":"status-publish","4":"has-post-thumbnail","6":"product_cat-sellettes-suspendues-permanentes","7":"product_cat-inferieur-a-500-kg-1100-lbs","8":"product_cat-batiment-secteur-dactivite","9":"product_cat-equipements-permanents","10":"product_cat-industrie","11":"product_cat-levage-de-personnes-type-de-levage","12":"product_cat-travaux-permanents","14":"first","15":"instock","16":"shipping-taxable","17":"purchasable","18":"product-type-simple"},"acf":[],"_links":{"self":[{"href":"https:\/\/fixator.fr\/es\/wp-json\/wp\/v2\/product\/13749","targetHints":{"allow":["GET"]}}],"collection":[{"href":"https:\/\/fixator.fr\/es\/wp-json\/wp\/v2\/product"}],"about":[{"href":"https:\/\/fixator.fr\/es\/wp-json\/wp\/v2\/types\/product"}],"replies":[{"embeddable":true,"href":"https:\/\/fixator.fr\/es\/wp-json\/wp\/v2\/comments?post=13749"}],"wp:featuredmedia":[{"embeddable":true,"href":"https:\/\/fixator.fr\/es\/wp-json\/wp\/v2\/media\/5095"}],"wp:attachment":[{"href":"https:\/\/fixator.fr\/es\/wp-json\/wp\/v2\/media?parent=13749"}],"wp:term":[{"taxonomy":"product_brand","embeddable":true,"href":"https:\/\/fixator.fr\/es\/wp-json\/wp\/v2\/product_brand?post=13749"},{"taxonomy":"product_cat","embeddable":true,"href":"https:\/\/fixator.fr\/es\/wp-json\/wp\/v2\/product_cat?post=13749"},{"taxonomy":"product_tag","embeddable":true,"href":"https:\/\/fixator.fr\/es\/wp-json\/wp\/v2\/product_tag?post=13749"}],"curies":[{"name":"wp","href":"https:\/\/api.w.org\/{rel}","templated":true}]}}