{"id":13737,"date":"2023-11-04T14:04:17","date_gmt":"2023-11-04T13:04:17","guid":{"rendered":"https:\/\/fixator.fr\/?post_type=product&#038;p=13737"},"modified":"2025-05-22T12:44:35","modified_gmt":"2025-05-22T10:44:35","slug":"gondolas-con-mastiles-guiados-por-brazos-o-desmontables-mediante-cables","status":"publish","type":"product","link":"https:\/\/fixator.fr\/es\/produit\/nacelles-a-mats-guidees-a-bras-ou-demontables-sur-cables\/","title":{"rendered":"G\u00f3ndola sobre m\u00e1stil (guiadas por brazos o desmontables mediante cables)"},"content":{"rendered":"","protected":false},"excerpt":{"rendered":"<h1><span style=\"color: #00a776;\"><span style=\"font-family: Raleway;\"><span style=\"font-size: x-large;\"><b>Descripci\u00f3n del Producto<\/b><\/span><\/span><\/span><\/h1>\n<p>Las<strong> g\u00f3ndolas sobre m\u00e1stil<\/strong> de FIXATOR han sido especialmente dise\u00f1adas para <strong>subir a lo largo de las grandes torres de iluminaci\u00f3n<\/strong> (estadios, zonas portuarias, aeropuertos, pol\u00edgonos industriales) hasta la plataforma de mantenimiento.<\/p>\n<p>existen en <strong>dos versiones:<\/strong> la g\u00f3ndola guiada<strong> por un brazo articulado<\/strong> que envuelve el m\u00e1stil a lo largo de toda la elevaci\u00f3n o g\u00f3ndola<strong> desmontable en cables<\/strong>.<\/p>\n<p><strong>Las dos usan solo un cabrestante el\u00e9ctrico.<\/strong> (notablemente el <strong><a href=\"https:\/\/fixator.fr\/es\/categoria-de-producto\/polipastos-de-elevacion\/polipastos-para-elevacion-de-personas\/gama-e-lift\/\" target=\"_blank\" rel=\"noopener\">e.lift 350<\/a><\/strong>) para levantar a una o dos personas.<\/p>\n<h1><span style=\"color: #00a776;\"><span style=\"font-family: Raleway;\"><span style=\"font-size: x-large;\"><span style=\"color: #00a776; font-family: Raleway; font-size: x-large;\"><b>Beneficios<\/b><\/span><b style=\"color: #00a776; font-family: Raleway; font-size: x-large;\">\u00a0Usuarios<\/b><\/span><\/span><\/span><\/h1>\n<p><strong>Sentido pr\u00e1ctico:<\/strong><\/p>\n<ul>\n<li>Las g\u00f3ndolas se pueden mover f\u00e1cilmente de una torre a otra en el mismo sitio;<\/li>\n<li>Posibilidad de montaje en cualquier tipo de m\u00e1stiles de gran tama\u00f1o hasta 45 metros;<\/li>\n<li>Adaptaci\u00f3n personalizada a diferentes di\u00e1metros de m\u00e1stil (versi\u00f3n con cable);<\/li>\n<li>Totalmente desmontable (versi\u00f3n con brazos articulados).<\/li>\n<\/ul>\n<p><strong>Comodidad y seguridad:<\/strong><\/p>\n<ul>\n<li>Dise\u00f1o de aluminio \u2013 protecci\u00f3n anticorrosi\u00f3n;<\/li>\n<li>Equipado con ruedas gu\u00eda,<\/li>\n<li>Estructura rematada con una extensi\u00f3n (opcional), que permite el paso por la plataforma con total seguridad;<\/li>\n<li>Equipado con tensores y rodillos gu\u00eda con ruedas (versi\u00f3n con brazo articulado).<\/li>\n<\/ul>","protected":false},"featured_media":9286,"comment_status":"closed","ping_status":"closed","template":"","meta":{"_acf_changed":false,"_et_pb_use_builder":"","_et_pb_old_content":"","_et_gb_content_width":""},"product_brand":[],"product_cat":[1479,1450,1311,1160,1169,1370,1448],"product_tag":[],"class_list":{"0":"post-13737","1":"product","2":"type-product","3":"status-publish","4":"has-post-thumbnail","6":"product_cat-nacelles-suspendues-temporaires","7":"product_cat-acces-exterieur","8":"product_cat-eolien","9":"product_cat-equipements-temporaires","10":"product_cat-industrie","11":"product_cat-levage-de-personnes-type-de-levage","12":"product_cat-travaux-temporaires","14":"first","15":"instock","16":"shipping-taxable","17":"purchasable","18":"product-type-variable","19":"has-default-attributes"},"acf":[],"_links":{"self":[{"href":"https:\/\/fixator.fr\/es\/wp-json\/wp\/v2\/product\/13737","targetHints":{"allow":["GET"]}}],"collection":[{"href":"https:\/\/fixator.fr\/es\/wp-json\/wp\/v2\/product"}],"about":[{"href":"https:\/\/fixator.fr\/es\/wp-json\/wp\/v2\/types\/product"}],"replies":[{"embeddable":true,"href":"https:\/\/fixator.fr\/es\/wp-json\/wp\/v2\/comments?post=13737"}],"wp:featuredmedia":[{"embeddable":true,"href":"https:\/\/fixator.fr\/es\/wp-json\/wp\/v2\/media\/9286"}],"wp:attachment":[{"href":"https:\/\/fixator.fr\/es\/wp-json\/wp\/v2\/media?parent=13737"}],"wp:term":[{"taxonomy":"product_brand","embeddable":true,"href":"https:\/\/fixator.fr\/es\/wp-json\/wp\/v2\/product_brand?post=13737"},{"taxonomy":"product_cat","embeddable":true,"href":"https:\/\/fixator.fr\/es\/wp-json\/wp\/v2\/product_cat?post=13737"},{"taxonomy":"product_tag","embeddable":true,"href":"https:\/\/fixator.fr\/es\/wp-json\/wp\/v2\/product_tag?post=13737"}],"curies":[{"name":"wp","href":"https:\/\/api.w.org\/{rel}","templated":true}]}}