{"id":13540,"date":"2023-11-02T19:08:18","date_gmt":"2023-11-02T18:08:18","guid":{"rendered":"https:\/\/fixator.fr\/?post_type=product&#038;p=13540"},"modified":"2025-06-23T16:23:47","modified_gmt":"2025-06-23T14:23:47","slug":"cabrestante-para-aro-de-baloncesto","status":"publish","type":"product","link":"https:\/\/fixator.fr\/es\/produit\/treuil-pour-panier-de-basket\/","title":{"rendered":"Cabrestante para canasta de baloncesto"},"content":{"rendered":"","protected":false},"excerpt":{"rendered":"<h2 style=\"text-align: left;\"><span style=\"color: #4786a6;\"><span style=\"font-family: Raleway;\"><span style=\"font-size: medium;\"><b>Norma CE<\/b><\/span><\/span><\/span><\/h2>\n<h2 style=\"text-align: left;\"><span style=\"color: #00a776;\"><span style=\"font-family: Raleway;\"><span style=\"font-size: x-large;\"><b>Descripci\u00f3n del Producto<\/b><\/span><\/span><\/span><\/h2>\n<p>El<strong> cabrestante de baloncesto<\/strong> te permite subir y bajar tableros de baloncesto en el gimnasio.<\/p>\n<p>Su capacidad de carga m\u00e1xima es de 300 kg.<\/p>\n<p>Est\u00e1n disponibles dos modelos: con mando por llave o con mando por radio para mando a distancia.<\/p>\n<p>&nbsp;<\/p>\n<h2 style=\"text-align: left;\"><span style=\"color: #00a776;\"><span style=\"font-family: Raleway;\"><span style=\"font-size: x-large;\"><span style=\"color: #00a776; font-family: Raleway; font-size: x-large;\"><b>Beneficios<\/b><\/span><b style=\"color: #00a776; font-family: Raleway; font-size: x-large;\">\u00a0Usuarios<\/b><\/span><\/span><\/span><\/h2>\n<p><strong>Comodidad :<\/strong><\/p>\n<ul>\n<li>Compacto y ligero;<\/li>\n<li>Instalaci\u00f3n autom\u00e1tica de los 2 cables (trabajo y seguridad).<\/li>\n<\/ul>\n<p><strong>Seguridad :<\/strong><\/p>\n<ul>\n<li>Mantenimiento simplificado gracias al f\u00e1cil acceso a los repuestos (motor ubicado fuera de la parte tubular);<\/li>\n<li>Indicado para tableros de baloncesto retr\u00e1ctiles cada vez m\u00e1s pesados y que requieren una potente motorizaci\u00f3n.<\/li>\n<\/ul>\n<p><strong>Seguridad :<\/strong><\/p>\n<ul>\n<li>Finales de carrera superior e inferior<\/li>\n<\/ul>","protected":false},"featured_media":14654,"comment_status":"closed","ping_status":"closed","template":"","meta":{"_acf_changed":false,"_et_pb_use_builder":"","_et_pb_old_content":"","_et_gb_content_width":""},"product_brand":[],"product_cat":[1174,1491,1285,1439,1474,1284,1294,1511,1157,1281,1295],"product_tag":[],"class_list":{"0":"post-13540","1":"product","2":"type-product","3":"status-publish","4":"has-post-thumbnail","6":"product_cat-treuils-de-levage-de-materiels","7":"product_cat-inferieur-a-300-kg-660-lbs","8":"product_cat-ce","9":"product_cat-charge-maximale-dutilisation-cmu","10":"product_cat-mecanique","11":"product_cat-norme","12":"product_cat-secteur-dactivite","13":"product_cat-sport-et-spectacle","14":"product_cat-treuils-de-levage","15":"product_cat-treuils-electriques","16":"product_cat-type-de-treuil","18":"first","19":"instock","20":"shipping-taxable","21":"purchasable","22":"product-type-variable","23":"has-default-attributes"},"acf":[],"_links":{"self":[{"href":"https:\/\/fixator.fr\/es\/wp-json\/wp\/v2\/product\/13540","targetHints":{"allow":["GET"]}}],"collection":[{"href":"https:\/\/fixator.fr\/es\/wp-json\/wp\/v2\/product"}],"about":[{"href":"https:\/\/fixator.fr\/es\/wp-json\/wp\/v2\/types\/product"}],"replies":[{"embeddable":true,"href":"https:\/\/fixator.fr\/es\/wp-json\/wp\/v2\/comments?post=13540"}],"wp:featuredmedia":[{"embeddable":true,"href":"https:\/\/fixator.fr\/es\/wp-json\/wp\/v2\/media\/14654"}],"wp:attachment":[{"href":"https:\/\/fixator.fr\/es\/wp-json\/wp\/v2\/media?parent=13540"}],"wp:term":[{"taxonomy":"product_brand","embeddable":true,"href":"https:\/\/fixator.fr\/es\/wp-json\/wp\/v2\/product_brand?post=13540"},{"taxonomy":"product_cat","embeddable":true,"href":"https:\/\/fixator.fr\/es\/wp-json\/wp\/v2\/product_cat?post=13540"},{"taxonomy":"product_tag","embeddable":true,"href":"https:\/\/fixator.fr\/es\/wp-json\/wp\/v2\/product_tag?post=13540"}],"curies":[{"name":"wp","href":"https:\/\/api.w.org\/{rel}","templated":true}]}}