{"id":13537,"date":"2023-08-02T16:47:41","date_gmt":"2023-08-02T14:47:41","guid":{"rendered":"https:\/\/fixator.fr\/?post_type=product&#038;p=13537"},"modified":"2025-06-23T16:16:28","modified_gmt":"2025-06-23T14:16:28","slug":"polipasto-pneumatico-plift-500","status":"publish","type":"product","link":"https:\/\/fixator.fr\/es\/produit\/treuil-pneumatique-plift-500\/","title":{"rendered":"Cabrestante neum\u00e1tico p.lift 500 kg"},"content":{"rendered":"","protected":false},"excerpt":{"rendered":"<h2 style=\"text-align: left;\"><span style=\"color: #4786a6;\"><span style=\"font-family: Raleway;\"><span style=\"font-size: medium;\"><b>Norma CE<\/b><\/span><\/span><\/span><\/h2>\n<h2 style=\"text-align: left;\"><span style=\"color: #00a776;\"><span style=\"font-family: Raleway;\"><span style=\"font-size: x-large;\"><b>Descripci\u00f3n del Producto<\/b><\/span><\/span><\/span><\/h2>\n<p style=\"text-align: left;\">El<strong> p.lift 500 <\/strong>es un polipasto neum\u00e1tico con paso de cable que cumple con la norma CE.<\/p>\n<p>Funciona con aire comprimido con una potencia de 6 bares y un caudal de aire de 1,4 m3\/min.<\/p>\n<p>Su capacidad de carga m\u00e1xima es de 500 kg.<\/p>\n<p>Asociado a una plataforma suspendida o g\u00f3ndola, permite la elevaci\u00f3n de personas.<\/p>\n<p><strong>p.lift 500<\/strong> Se adapta a cualquier tipo de sitio y es ideal para <strong>Trabajos en atm\u00f3sferas confinadas (silos, dep\u00f3sitos, etc.), en ambientes riesgosos y extremos (riesgo ATEX o zonas potencialmente explosivas).<\/strong><\/p>\n<h2 style=\"text-align: left;\"><span style=\"color: #00a776;\"><span style=\"font-family: Raleway;\"><span style=\"font-size: x-large;\"><span style=\"color: #00a776; font-family: Raleway; font-size: x-large;\"><b>Beneficios<\/b><\/span><b style=\"color: #00a776; font-family: Raleway; font-size: x-large;\">\u00a0Usuarios<\/b><\/span><\/span><\/span><\/h2>\n<p><strong>Sentido pr\u00e1ctico:<\/strong><\/p>\n<ul>\n<li>El cabrestante neum\u00e1tico p.lift 500 se adapta a todo tipo de obras, plataformas y nacelles. Al no requerir fuente de alimentaci\u00f3n, es ideal para realizar trabajos en atm\u00f3sfera confinada o con riesgo de explosi\u00f3n.<\/li>\n<\/ul>\n<p><strong>Seguridad :<\/strong><\/p>\n<ul>\n<li>Limitador de carga;<\/li>\n<li>Equipado con sistemas de frenado principal con antica\u00eddas por falta de aire y exceso de velocidad y topes de seguridad con rodillos;<\/li>\n<li>Golpe de parada de emergencia.<\/li>\n<\/ul>","protected":false},"featured_media":9300,"comment_status":"closed","ping_status":"closed","template":"","meta":{"_acf_changed":false,"_et_pb_use_builder":"","_et_pb_old_content":"","_et_gb_content_width":""},"product_brand":[],"product_cat":[1167,1441,1308,1285,1169,1474,1452,1157,1515],"product_tag":[],"class_list":{"0":"post-13537","1":"product","2":"type-product","3":"status-publish","4":"has-post-thumbnail","6":"product_cat-treuils-de-levage-de-personnes","7":"product_cat-inferieur-a-500-kg-1100-lbs","8":"product_cat-batiment-secteur-dactivite","9":"product_cat-ce","10":"product_cat-industrie","11":"product_cat-mecanique","12":"product_cat-stockage-silos","13":"product_cat-treuils-de-levage","14":"product_cat-treuils-pneumatiques","16":"first","17":"instock","18":"shipping-taxable","19":"purchasable","20":"product-type-simple"},"acf":[],"_links":{"self":[{"href":"https:\/\/fixator.fr\/es\/wp-json\/wp\/v2\/product\/13537","targetHints":{"allow":["GET"]}}],"collection":[{"href":"https:\/\/fixator.fr\/es\/wp-json\/wp\/v2\/product"}],"about":[{"href":"https:\/\/fixator.fr\/es\/wp-json\/wp\/v2\/types\/product"}],"replies":[{"embeddable":true,"href":"https:\/\/fixator.fr\/es\/wp-json\/wp\/v2\/comments?post=13537"}],"wp:featuredmedia":[{"embeddable":true,"href":"https:\/\/fixator.fr\/es\/wp-json\/wp\/v2\/media\/9300"}],"wp:attachment":[{"href":"https:\/\/fixator.fr\/es\/wp-json\/wp\/v2\/media?parent=13537"}],"wp:term":[{"taxonomy":"product_brand","embeddable":true,"href":"https:\/\/fixator.fr\/es\/wp-json\/wp\/v2\/product_brand?post=13537"},{"taxonomy":"product_cat","embeddable":true,"href":"https:\/\/fixator.fr\/es\/wp-json\/wp\/v2\/product_cat?post=13537"},{"taxonomy":"product_tag","embeddable":true,"href":"https:\/\/fixator.fr\/es\/wp-json\/wp\/v2\/product_tag?post=13537"}],"curies":[{"name":"wp","href":"https:\/\/api.w.org\/{rel}","templated":true}]}}