{"id":13197,"date":"2023-07-26T10:51:15","date_gmt":"2023-07-26T08:51:15","guid":{"rendered":"https:\/\/fixator.fr\/?post_type=product&#038;p=13197"},"modified":"2025-11-24T12:45:32","modified_gmt":"2025-11-24T11:45:32","slug":"elevador-de-obra-electrico-lm-500-1000-lb-110v-y-230v","status":"publish","type":"product","link":"https:\/\/fixator.fr\/es\/produit\/treuil-electrique-de-chantier-lm-500-1000-lb-110v-et-230v\/","title":{"rendered":"Elevador el\u00e9ctrico de obra LM 500-1000 lb, 110V y 230V"},"content":{"rendered":"<p>[et_pb_section fb_built=&#8221;1&#8243; _builder_version=&#8221;4.16&#8243; custom_padding=&#8221;0px||||false|false&#8221; global_colors_info=&#8221;{}&#8221;][et_pb_row admin_label=&#8221;Ligne&#8221; _builder_version=&#8221;4.16&#8243; background_size=&#8221;initial&#8221; background_position=&#8221;top_left&#8221; background_repeat=&#8221;repeat&#8221; width=&#8221;100%&#8221; custom_padding=&#8221;0px||0px||false|false&#8221; global_colors_info=&#8221;{}&#8221;][et_pb_column type=&#8221;4_4&#8243; _builder_version=&#8221;4.16&#8243; custom_padding=&#8221;|||&#8221; global_colors_info=&#8221;{}&#8221; custom_padding__hover=&#8221;|||&#8221;][lwp_divi_breadcrumbs _builder_version=&#8221;4.23&#8243; _module_preset=&#8221;default&#8221; global_colors_info=&#8221;{}&#8221; _i=&#8221;0&#8243; _address=&#8221;0.0.0.0&#8243; \/][et_pb_wc_cart_notice _builder_version=&#8221;4.16&#8243; global_colors_info=&#8221;{}&#8221;][\/et_pb_wc_cart_notice][\/et_pb_column][\/et_pb_row][et_pb_row column_structure=&#8221;1_2,1_2&#8243; _builder_version=&#8221;4.16&#8243; background_size=&#8221;initial&#8221; background_position=&#8221;top_left&#8221; background_repeat=&#8221;repeat&#8221; width=&#8221;100%&#8221; custom_padding=&#8221;0px||||false|false&#8221; global_colors_info=&#8221;{}&#8221;][et_pb_column type=&#8221;1_2&#8243; _builder_version=&#8221;4.16&#8243; custom_padding=&#8221;|||&#8221; global_colors_info=&#8221;{}&#8221; custom_padding__hover=&#8221;|||&#8221;][et_pb_wc_images _builder_version=&#8221;4.16&#8243; global_colors_info=&#8221;{}&#8221;][\/et_pb_wc_images][\/et_pb_column][et_pb_column type=&#8221;1_2&#8243; _builder_version=&#8221;4.16&#8243; custom_padding=&#8221;|||&#8221; global_colors_info=&#8221;{}&#8221; custom_padding__hover=&#8221;|||&#8221;][et_pb_wc_title _builder_version=&#8221;4.16&#8243; global_colors_info=&#8221;{}&#8221;][\/et_pb_wc_title][et_pb_wc_rating _builder_version=&#8221;4.16&#8243; global_colors_info=&#8221;{}&#8221;][\/et_pb_wc_rating][et_pb_wc_price _builder_version=&#8221;4.16&#8243; global_colors_info=&#8221;{}&#8221;][\/et_pb_wc_price][et_pb_wc_description _builder_version=&#8221;4.16&#8243; global_colors_info=&#8221;{}&#8221;][\/et_pb_wc_description][et_pb_wc_add_to_cart _builder_version=&#8221;4.16&#8243; global_colors_info=&#8221;{}&#8221;][\/et_pb_wc_add_to_cart][et_pb_wc_meta _builder_version=&#8221;4.16&#8243; global_colors_info=&#8221;{}&#8221;][\/et_pb_wc_meta][\/et_pb_column][\/et_pb_row][et_pb_row _builder_version=&#8221;4.16&#8243; background_size=&#8221;initial&#8221; background_position=&#8221;top_left&#8221; background_repeat=&#8221;repeat&#8221; width=&#8221;100%&#8221; global_colors_info=&#8221;{}&#8221;][et_pb_column type=&#8221;4_4&#8243; _builder_version=&#8221;4.16&#8243; custom_padding=&#8221;|||&#8221; global_colors_info=&#8221;{}&#8221; custom_padding__hover=&#8221;|||&#8221;][et_pb_wc_tabs _builder_version=&#8221;4.16&#8243; global_colors_info=&#8221;{}&#8221;] [\/et_pb_wc_tabs][et_pb_wc_upsells _builder_version=&#8221;4.16&#8243; global_colors_info=&#8221;{}&#8221;][\/et_pb_wc_upsells][et_pb_wc_related_products include_categories=&#8221;1242,1205&#8243; admin_label=&#8221;Woo Produits connexes&#8221; _builder_version=&#8221;4.22.1&#8243; global_colors_info=&#8221;{}&#8221;][\/et_pb_wc_related_products][\/et_pb_column][\/et_pb_row][\/et_pb_section]<\/p>\n","protected":false},"excerpt":{"rendered":"<h2 style=\"color: #00a776; text-align: left;\"><span style=\"font-family: Raleway; font-size: x-large;\"><b>Descripci\u00f3n del Producto<\/b><\/span><\/h2>\n<h3><strong>Versi\u00f3n \u201ccarga m\u00e1xima en libras\u201d<\/strong><\/h3>\n<p><strong>Para la versi\u00f3n \u201ccarga m\u00e1xima en kilos\u201d,<\/strong> ver <strong><a title=\"https:\/\/fixator.fr\/produit\/treuil-de-chantier-electrique-lm-300-500kg-vfd-110v-230v\/\" href=\"https:\/\/fixator.fr\/es\/producto\/cabrestante-electrico-de-construccion-lm-300-500kg-110v-230v\/\" target=\"_blank\" rel=\"noopener\">el elevador el\u00e9ctrico de obras Fixator LM 300-500 kg<\/a><\/strong> (monof\u00e1sica de 110 a 240V) o <strong><a href=\"https:\/\/fixator.fr\/es\/producto\/cabrestante-electrico-para-obra-lm-300-500kg-vfd-variacion-de-frecuencia-208v-240v\/\" target=\"_blank\" rel=\"noopener\">el elevador el\u00e9ctrico de frecuencia variable (o VFD)<\/a><\/strong> capaz de levantar cargas que van desde 300 a 500kg (monof\u00e1sico de 208 a 240V).<\/p>\n<p>El elevador de obra de cable pasante <strong>LM 500-1000 libras <\/strong>es un cabrestante el\u00e9ctrico para levantar materiales o cargas promedio que van desde 480 lbs a 1000-1100 lb (220 kg a 500 kg) sin limitaci\u00f3n de altura de trabajo.<\/p>\n<p>Estos cabrestantes de elevaci\u00f3n el\u00e9ctricos pueden alcanzar capacidades de elevaci\u00f3n<strong> hasta 2200 libras<\/strong> con el uso de un kit de reenv\u00edo.<\/p>\n<p>&nbsp;<\/p>\n<h2 style=\"text-align: left;\"><strong><span style=\"color: #00a776;\"><span style=\"font-family: Raleway;\"><span style=\"font-size: x-large;\"><span style=\"color: #00a776; font-family: Raleway; font-size: x-large;\">Beneficios<\/span> Usuarios<\/span><\/span><\/span><\/strong><\/h2>\n<ul>\n<li><strong>Uso<\/strong> suspendido o fijado al suelo;<\/li>\n<li><strong>Los sensores de final de carrera<\/strong> superiores e inferiores garantizan la seguridad y evitan cualquier da\u00f1o a los dispositivos o liberaci\u00f3n accidental del cable;<\/li>\n<li>Capacidad de duplicar la capacidad de elevaci\u00f3n y alcanzar hasta 2200 libras de carga elevada mediante el uso de\u00a0<strong><u><a href=\"https:\/\/fixator.fr\/es\/producto\/kit-de-reenvio\/\">de un kit de reenv\u00edo<\/a>;<\/u><\/strong><\/li>\n<li><strong>Botonera<\/strong> Incluido con los cabrestantes: <a href=\"https:\/\/fixator.fr\/es\/producto\/mando-a-distancia-inalambrico\/\"><strong>el mando a distancia<\/strong> <\/a>,disponible como opci\u00f3n, permite el control de los polipastos sin enredos de cables;<\/li>\n<li><a href=\"https:\/\/fixator.fr\/es\/producto\/limitador-de-carga-mecanico\/\" target=\"_blank\" rel=\"noopener\"><strong>Limitador de carga electromec\u00e1nico<\/strong><\/a> opcional para detener el cabrestante si se excede la carga m\u00e1xima.<\/li>\n<\/ul>","protected":false},"featured_media":15338,"comment_status":"closed","ping_status":"closed","template":"","meta":{"_acf_changed":false,"_et_pb_use_builder":"on","_et_pb_old_content":"","_et_gb_content_width":""},"product_brand":[],"product_cat":[1174,1443,1491,1492,1441,1366,1364,1742,1308,1439,1311,1497,1169,1294,1302,1449,1448,1157,1281,1295],"product_tag":[],"class_list":{"0":"post-13197","1":"product","2":"type-product","3":"status-publish","4":"has-post-thumbnail","6":"product_cat-treuils-de-levage-de-materiels","7":"product_cat-inferieur-a-1000-kg-2200-lbs","8":"product_cat-inferieur-a-300-kg-660-lbs","9":"product_cat-inferieur-a-400-kg-882-lbs","10":"product_cat-inferieur-a-500-kg-1100-lbs","11":"product_cat-1-monophase-110v","12":"product_cat-1-monophase-220-240v","13":"product_cat-ascensoriste-levage-de-charges","14":"product_cat-batiment-secteur-dactivite","15":"product_cat-charge-maximale-dutilisation-cmu","16":"product_cat-eolien","17":"product_cat-gamme-lm","18":"product_cat-industrie","19":"product_cat-secteur-dactivite","20":"product_cat-tension","21":"product_cat-travaux-permanents","22":"product_cat-travaux-temporaires","23":"product_cat-treuils-de-levage","24":"product_cat-treuils-electriques","25":"product_cat-type-de-treuil","27":"first","28":"instock","29":"shipping-taxable","30":"purchasable","31":"product-type-variable","32":"has-default-attributes"},"acf":[],"_links":{"self":[{"href":"https:\/\/fixator.fr\/es\/wp-json\/wp\/v2\/product\/13197","targetHints":{"allow":["GET"]}}],"collection":[{"href":"https:\/\/fixator.fr\/es\/wp-json\/wp\/v2\/product"}],"about":[{"href":"https:\/\/fixator.fr\/es\/wp-json\/wp\/v2\/types\/product"}],"replies":[{"embeddable":true,"href":"https:\/\/fixator.fr\/es\/wp-json\/wp\/v2\/comments?post=13197"}],"wp:featuredmedia":[{"embeddable":true,"href":"https:\/\/fixator.fr\/es\/wp-json\/wp\/v2\/media\/15338"}],"wp:attachment":[{"href":"https:\/\/fixator.fr\/es\/wp-json\/wp\/v2\/media?parent=13197"}],"wp:term":[{"taxonomy":"product_brand","embeddable":true,"href":"https:\/\/fixator.fr\/es\/wp-json\/wp\/v2\/product_brand?post=13197"},{"taxonomy":"product_cat","embeddable":true,"href":"https:\/\/fixator.fr\/es\/wp-json\/wp\/v2\/product_cat?post=13197"},{"taxonomy":"product_tag","embeddable":true,"href":"https:\/\/fixator.fr\/es\/wp-json\/wp\/v2\/product_tag?post=13197"}],"curies":[{"name":"wp","href":"https:\/\/api.w.org\/{rel}","templated":true}]}}