{"id":13153,"date":"2023-10-26T16:34:56","date_gmt":"2023-10-26T14:34:56","guid":{"rendered":"https:\/\/fixator.fr\/?post_type=product&#038;p=13153"},"modified":"2025-05-09T15:23:16","modified_gmt":"2025-05-09T13:23:16","slug":"radio-control-lm-vfd-300-500kg","status":"publish","type":"product","link":"https:\/\/fixator.fr\/es\/produit\/radiocommande-lm-vfd-300-500kg\/","title":{"rendered":"Radio-mando para cabrestante el\u00e9ctrico LM VFD 300-500kg"},"content":{"rendered":"","protected":false},"excerpt":{"rendered":"<h1><span style=\"color: #00a776;\"><span style=\"font-family: Raleway;\"><span style=\"font-size: x-large;\"><b>Descripci\u00f3n del Producto<\/b><\/span><\/span><\/span><\/h1>\n<p data-start=\"0\" data-end=\"199\">A <strong data-start=\"4\" data-end=\"73\">Control por radio (con caja) para cabrestantes con frecuencia variable o velocidad variable<\/strong> se utiliza para <strong data-start=\"81\" data-end=\"105\">mando a distancia<\/strong> Operaci\u00f3n del cabrestante con gesti\u00f3n m\u00e1s precisa de la velocidad y la potencia.<\/p>\n<h1><span style=\"color: #00a776;\"><span style=\"font-family: Raleway;\"><span style=\"font-size: x-large;\"><span style=\"color: #00a776; font-family: Raleway; font-size: x-large;\"><b>Beneficios<\/b><\/span><b style=\"color: #00a776; font-family: Raleway; font-size: x-large;\">\u00a0Usuarios<\/b><\/span><\/span><\/span><\/h1>\n<ol data-start=\"235\" data-end=\"1114\">\n<li data-start=\"235\" data-end=\"367\"><strong data-start=\"238\" data-end=\"270\">Control remoto seguro<\/strong> :Permite operar el cabrestante sin estar cerca, reduciendo as\u00ed el riesgo de accidentes;<\/li>\n<li data-start=\"368\" data-end=\"670\"><strong data-start=\"371\" data-end=\"396\">Gesti\u00f3n de la velocidad<\/strong> :\n<ul data-start=\"404\" data-end=\"670\">\n<li data-start=\"404\" data-end=\"540\"><strong data-start=\"406\" data-end=\"441\">Cabrestante con variaci\u00f3n de frecuencia<\/strong> :Ajusta progresivamente la velocidad del motor para lograr un levantamiento o movimiento suave y preciso;<\/li>\n<li data-start=\"544\" data-end=\"670\"><strong data-start=\"546\" data-end=\"567\">Cabrestante de dos velocidades<\/strong> :Ofrece dos velocidades preestablecidas (una lenta para precisi\u00f3n y otra r\u00e1pida para ahorrar tiempo).<\/li>\n<\/ul>\n<\/li>\n<li data-start=\"671\" data-end=\"798\"><strong data-start=\"674\" data-end=\"701\">Precisi\u00f3n y eficiencia<\/strong> :Permite un mejor control del movimiento de la carga, evitando tirones y sacudidas;<\/li>\n<li data-start=\"799\" data-end=\"977\"><strong data-start=\"802\" data-end=\"827\">Facilidad de uso<\/strong> :El operador puede operar el cabrestante permaneciendo en una posici\u00f3n \u00f3ptima, sin tener que manipular directamente los controles del dispositivo.<\/li>\n<\/ol>\n<h3 data-start=\"1116\" data-end=\"1136\">Aplicaciones:<\/h3>\n<ul data-start=\"1137\" data-end=\"1387\">\n<li data-start=\"1137\" data-end=\"1213\"><strong data-start=\"1139\" data-end=\"1167\">Industria y manipulaci\u00f3n<\/strong> :Levantar cargas pesadas con precisi\u00f3n.<\/li>\n<li data-start=\"1214\" data-end=\"1290\"><strong data-start=\"1216\" data-end=\"1244\">Sector forestal y de la construcci\u00f3n<\/strong> :Mover troncos, materiales, etc.<\/li>\n<li data-start=\"1291\" data-end=\"1387\"><strong data-start=\"1293\" data-end=\"1320\">Todo terreno y rescate<\/strong> :Arrastre de veh\u00edculos o equipos con control preciso.<\/li>\n<\/ul>\n<p data-start=\"1389\" data-end=\"1518\" data-is-last-node=\"\" data-is-only-node=\"\">Por lo tanto, es esencial que <strong data-start=\"1420\" data-end=\"1517\">Mejorar la seguridad, la productividad y la comodidad de uso de los cabrestantes profesionales.<\/strong>.<\/p>","protected":false},"featured_media":20367,"comment_status":"closed","ping_status":"closed","template":"","meta":{"_acf_changed":false,"_et_pb_use_builder":"","_et_pb_old_content":"","_et_gb_content_width":""},"product_brand":[],"product_cat":[1176],"product_tag":[1510],"class_list":{"0":"post-13153","1":"product","2":"type-product","3":"status-publish","4":"has-post-thumbnail","6":"product_cat-accessoires","7":"product_tag-polyvalence","9":"first","10":"instock","11":"shipping-taxable","12":"purchasable","13":"product-type-simple"},"acf":[],"_links":{"self":[{"href":"https:\/\/fixator.fr\/es\/wp-json\/wp\/v2\/product\/13153","targetHints":{"allow":["GET"]}}],"collection":[{"href":"https:\/\/fixator.fr\/es\/wp-json\/wp\/v2\/product"}],"about":[{"href":"https:\/\/fixator.fr\/es\/wp-json\/wp\/v2\/types\/product"}],"replies":[{"embeddable":true,"href":"https:\/\/fixator.fr\/es\/wp-json\/wp\/v2\/comments?post=13153"}],"wp:featuredmedia":[{"embeddable":true,"href":"https:\/\/fixator.fr\/es\/wp-json\/wp\/v2\/media\/20367"}],"wp:attachment":[{"href":"https:\/\/fixator.fr\/es\/wp-json\/wp\/v2\/media?parent=13153"}],"wp:term":[{"taxonomy":"product_brand","embeddable":true,"href":"https:\/\/fixator.fr\/es\/wp-json\/wp\/v2\/product_brand?post=13153"},{"taxonomy":"product_cat","embeddable":true,"href":"https:\/\/fixator.fr\/es\/wp-json\/wp\/v2\/product_cat?post=13153"},{"taxonomy":"product_tag","embeddable":true,"href":"https:\/\/fixator.fr\/es\/wp-json\/wp\/v2\/product_tag?post=13153"}],"curies":[{"name":"wp","href":"https:\/\/api.w.org\/{rel}","templated":true}]}}