{"id":13095,"date":"2023-10-25T15:55:47","date_gmt":"2023-10-25T13:55:47","guid":{"rendered":"https:\/\/fixator.fr\/?post_type=product&#038;p=13095"},"modified":"2025-06-16T13:52:25","modified_gmt":"2025-06-16T11:52:25","slug":"limitador-de-carga-mecanico","status":"publish","type":"product","link":"https:\/\/fixator.fr\/es\/produit\/limiteur-de-charge-mecanique\/","title":{"rendered":"Limitador de carga mec\u00e1nico"},"content":{"rendered":"","protected":false},"excerpt":{"rendered":"<p><strong>El limitador de carga para cabrestantes el\u00e9ctricos con cable pasante Fixator<\/strong> es un dispositivo de seguridad integrado o adicional dise\u00f1ado para monitorear y controlar la carga ejercida sobre un cabrestante de cable el\u00e9ctrico. Desempe\u00f1a un papel crucial en la prevenci\u00f3n de sobrecargas que podr\u00edan da\u00f1ar el equipo, provocar roturas de cables o provocar accidentes durante las operaciones de elevaci\u00f3n o tracci\u00f3n.<\/p>\n<hr \/>\n<h3><strong>Descripci\u00f3n :<\/strong><\/h3>\n<ol>\n<li><strong>Pasando el cabrestante:<\/strong>\n<ul>\n<li>A diferencia de los cabrestantes de tambor convencionales, un cabrestante de cable pasante permite que el cable pase a trav\u00e9s del cabrestante sin enrollarse, lo cual es t\u00edpico de los sistemas utilizados para plataformas suspendidas o g\u00f3ndolas.<\/li>\n<li>Los cabrestantes Fixator se utilizan a menudo en trabajos en altura, mantenimiento de fachadas u otras aplicaciones industriales.<\/li>\n<\/ul>\n<\/li>\n<li><strong>Funci\u00f3n del limitador de carga:<\/strong>\n<ul>\n<li>Detecta si la fuerza ejercida sobre el cable supera un umbral predefinido correspondiente a la capacidad m\u00e1xima del cabrestante.<\/li>\n<li>En caso de sobrecarga, interrumpe autom\u00e1ticamente el suministro de energ\u00eda al cabrestante o activa un sistema de alerta para evitar cualquier mal funcionamiento o accidente.<\/li>\n<\/ul>\n<\/li>\n<\/ol>\n<hr \/>\n<h3><strong>Caracter\u00edsticas t\u00e9cnicas:<\/strong><\/h3>\n<ol>\n<li><strong>M\u00e9todos de detecci\u00f3n:<\/strong>\n<ul>\n<li><strong>Celda de carga:<\/strong>\n<ul>\n<li>Mide la fuerza ejercida sobre el cable en tiempo real.<\/li>\n<\/ul>\n<\/li>\n<li><strong>Sensor mec\u00e1nico:<\/strong>\n<ul>\n<li>Detecta tensi\u00f3n excesiva mediante resortes calibrados o mecanismos similares.<\/li>\n<\/ul>\n<\/li>\n<li><strong>Sensor electromec\u00e1nico:<\/strong>\n<ul>\n<li>Combina elementos mec\u00e1nicos y el\u00e9ctricos para monitorear y reportar sobrecargas.<\/li>\n<\/ul>\n<\/li>\n<\/ul>\n<\/li>\n<li><strong>Compatibilidad:<\/strong>\n<ul>\n<li>Dise\u00f1ado para funcionar con cabrestantes de cable el\u00e9ctrico de la gama Passant Fixator.<\/li>\n<li>Puede integrarse en el cabrestante o a\u00f1adirse como dispositivo externo.<\/li>\n<\/ul>\n<\/li>\n<li><strong>Energ\u00eda y conectividad:<\/strong>\n<ul>\n<li>Funciona desde la fuente de alimentaci\u00f3n del cabrestante.<\/li>\n<li>Algunos modelos tienen conectores para conectar a una unidad de control o sistema de control centralizado.<\/li>\n<\/ul>\n<\/li>\n<li><strong>Materiales:<\/strong>\n<ul>\n<li>Fabricado con aleaciones met\u00e1licas resistentes a la corrosi\u00f3n para mayor durabilidad en entornos hostiles.<\/li>\n<\/ul>\n<\/li>\n<\/ol>\n<p>Est\u00e1 dise\u00f1ado espec\u00edficamente para trabajar con <a href=\"https:\/\/fixator.fr\/es\/categoria-de-producto\/polipastos-de-elevacion\/gama-lm\/\" target=\"_blank\" rel=\"noopener\"><strong>Cabrestantes el\u00e9ctricos para obras LM de 300 kg y 500 kg (110 voltios, 220 voltios o 400 voltios)<\/strong><\/a>.<\/p>","protected":false},"featured_media":20374,"comment_status":"closed","ping_status":"closed","template":"","meta":{"_acf_changed":false,"_et_pb_use_builder":"","_et_pb_old_content":"","_et_gb_content_width":""},"product_brand":[],"product_cat":[1176],"product_tag":[1277],"class_list":{"0":"post-13095","1":"product","2":"type-product","3":"status-publish","4":"has-post-thumbnail","6":"product_cat-accessoires","7":"product_tag-protection","9":"first","10":"instock","11":"shipping-taxable","12":"purchasable","13":"product-type-variable","14":"has-default-attributes"},"acf":[],"_links":{"self":[{"href":"https:\/\/fixator.fr\/es\/wp-json\/wp\/v2\/product\/13095","targetHints":{"allow":["GET"]}}],"collection":[{"href":"https:\/\/fixator.fr\/es\/wp-json\/wp\/v2\/product"}],"about":[{"href":"https:\/\/fixator.fr\/es\/wp-json\/wp\/v2\/types\/product"}],"replies":[{"embeddable":true,"href":"https:\/\/fixator.fr\/es\/wp-json\/wp\/v2\/comments?post=13095"}],"wp:featuredmedia":[{"embeddable":true,"href":"https:\/\/fixator.fr\/es\/wp-json\/wp\/v2\/media\/20374"}],"wp:attachment":[{"href":"https:\/\/fixator.fr\/es\/wp-json\/wp\/v2\/media?parent=13095"}],"wp:term":[{"taxonomy":"product_brand","embeddable":true,"href":"https:\/\/fixator.fr\/es\/wp-json\/wp\/v2\/product_brand?post=13095"},{"taxonomy":"product_cat","embeddable":true,"href":"https:\/\/fixator.fr\/es\/wp-json\/wp\/v2\/product_cat?post=13095"},{"taxonomy":"product_tag","embeddable":true,"href":"https:\/\/fixator.fr\/es\/wp-json\/wp\/v2\/product_tag?post=13095"}],"curies":[{"name":"wp","href":"https:\/\/api.w.org\/{rel}","templated":true}]}}