{"id":13069,"date":"2023-10-24T19:55:42","date_gmt":"2023-10-24T17:55:42","guid":{"rendered":"https:\/\/fixator.fr\/?post_type=product&#038;p=13069"},"modified":"2024-08-23T11:34:53","modified_gmt":"2024-08-23T09:34:53","slug":"interruptor-de-limite-alto","status":"publish","type":"product","link":"https:\/\/fixator.fr\/es\/produit\/capteur-fin-de-course-haut\/","title":{"rendered":"Detector de final de carrera superior"},"content":{"rendered":"","protected":false},"excerpt":{"rendered":"<p>Asociado a un tope de disco u otro tope, el sensor de final de carrera superior permite detener el cabrestante y evitar cualquier da\u00f1o al producto antes de que la parte superior toque los dispositivos de suspensi\u00f3n o de fijaci\u00f3n.<\/p>","protected":false},"featured_media":19700,"comment_status":"closed","ping_status":"closed","template":"","meta":{"_acf_changed":false,"_et_pb_use_builder":"","_et_pb_old_content":"","_et_gb_content_width":""},"product_brand":[],"product_cat":[1176],"product_tag":[1367],"class_list":{"0":"post-13069","1":"product","2":"type-product","3":"status-publish","4":"has-post-thumbnail","6":"product_cat-accessoires","7":"product_tag-accrochage","9":"first","10":"instock","11":"shipping-taxable","12":"purchasable","13":"product-type-simple"},"acf":[],"_links":{"self":[{"href":"https:\/\/fixator.fr\/es\/wp-json\/wp\/v2\/product\/13069","targetHints":{"allow":["GET"]}}],"collection":[{"href":"https:\/\/fixator.fr\/es\/wp-json\/wp\/v2\/product"}],"about":[{"href":"https:\/\/fixator.fr\/es\/wp-json\/wp\/v2\/types\/product"}],"replies":[{"embeddable":true,"href":"https:\/\/fixator.fr\/es\/wp-json\/wp\/v2\/comments?post=13069"}],"wp:featuredmedia":[{"embeddable":true,"href":"https:\/\/fixator.fr\/es\/wp-json\/wp\/v2\/media\/19700"}],"wp:attachment":[{"href":"https:\/\/fixator.fr\/es\/wp-json\/wp\/v2\/media?parent=13069"}],"wp:term":[{"taxonomy":"product_brand","embeddable":true,"href":"https:\/\/fixator.fr\/es\/wp-json\/wp\/v2\/product_brand?post=13069"},{"taxonomy":"product_cat","embeddable":true,"href":"https:\/\/fixator.fr\/es\/wp-json\/wp\/v2\/product_cat?post=13069"},{"taxonomy":"product_tag","embeddable":true,"href":"https:\/\/fixator.fr\/es\/wp-json\/wp\/v2\/product_tag?post=13069"}],"curies":[{"name":"wp","href":"https:\/\/api.w.org\/{rel}","templated":true}]}}