{"id":13068,"date":"2023-10-24T19:24:12","date_gmt":"2023-10-24T17:24:12","guid":{"rendered":"https:\/\/fixator.fr\/?post_type=product&#038;p=13068"},"modified":"2024-08-23T11:03:49","modified_gmt":"2024-08-23T09:03:49","slug":"disco-de-final-de-carrera","status":"publish","type":"product","link":"https:\/\/fixator.fr\/es\/produit\/butee-disque\/","title":{"rendered":"Disco de final de carrera"},"content":{"rendered":"","protected":false},"excerpt":{"rendered":"<p>El disco de final de carrera gestiona la parada del cabrestante evitando cualquier da\u00f1o al dispositivo antes de que la parte superior entre en contacto con los dispositivos de suspensi\u00f3n o de fijaci\u00f3n.<\/p>","protected":false},"featured_media":18606,"comment_status":"closed","ping_status":"closed","template":"","meta":{"_acf_changed":false,"_et_pb_use_builder":"","_et_pb_old_content":"","_et_gb_content_width":""},"product_brand":[],"product_cat":[1176],"product_tag":[1367],"class_list":{"0":"post-13068","1":"product","2":"type-product","3":"status-publish","4":"has-post-thumbnail","6":"product_cat-accessoires","7":"product_tag-accrochage","9":"first","10":"instock","11":"shipping-taxable","12":"purchasable","13":"product-type-simple"},"acf":[],"_links":{"self":[{"href":"https:\/\/fixator.fr\/es\/wp-json\/wp\/v2\/product\/13068","targetHints":{"allow":["GET"]}}],"collection":[{"href":"https:\/\/fixator.fr\/es\/wp-json\/wp\/v2\/product"}],"about":[{"href":"https:\/\/fixator.fr\/es\/wp-json\/wp\/v2\/types\/product"}],"replies":[{"embeddable":true,"href":"https:\/\/fixator.fr\/es\/wp-json\/wp\/v2\/comments?post=13068"}],"wp:featuredmedia":[{"embeddable":true,"href":"https:\/\/fixator.fr\/es\/wp-json\/wp\/v2\/media\/18606"}],"wp:attachment":[{"href":"https:\/\/fixator.fr\/es\/wp-json\/wp\/v2\/media?parent=13068"}],"wp:term":[{"taxonomy":"product_brand","embeddable":true,"href":"https:\/\/fixator.fr\/es\/wp-json\/wp\/v2\/product_brand?post=13068"},{"taxonomy":"product_cat","embeddable":true,"href":"https:\/\/fixator.fr\/es\/wp-json\/wp\/v2\/product_cat?post=13068"},{"taxonomy":"product_tag","embeddable":true,"href":"https:\/\/fixator.fr\/es\/wp-json\/wp\/v2\/product_tag?post=13068"}],"curies":[{"name":"wp","href":"https:\/\/api.w.org\/{rel}","templated":true}]}}