{"id":13066,"date":"2023-10-24T19:17:56","date_gmt":"2023-10-24T17:17:56","guid":{"rendered":"https:\/\/fixator.fr\/?post_type=product&#038;p=13066"},"modified":"2024-08-23T11:03:49","modified_gmt":"2024-08-23T09:03:49","slug":"kit-de-gancho-de-fijacion","status":"publish","type":"product","link":"https:\/\/fixator.fr\/es\/produit\/kit-crochet-de-fixation\/","title":{"rendered":"Kit de ganchos de fijaci\u00f3n"},"content":{"rendered":"","protected":false},"excerpt":{"rendered":"<p>Gancho de fijaci\u00f3n para colgar los cabrestantes Fixator e.lift en plataforma, g\u00f3ndola o arn\u00e9s.<\/p>\n<p>El kit de ganchos de fijaci\u00f3n no es compatible con el sistema antica\u00eddas Securistop.<\/p>","protected":false},"featured_media":9431,"comment_status":"closed","ping_status":"closed","template":"","meta":{"_acf_changed":false,"_et_pb_use_builder":"","_et_pb_old_content":"","_et_gb_content_width":""},"product_brand":[],"product_cat":[1176],"product_tag":[1367],"class_list":{"0":"post-13066","1":"product","2":"type-product","3":"status-publish","4":"has-post-thumbnail","6":"product_cat-accessoires","7":"product_tag-accrochage","9":"first","10":"instock","11":"shipping-taxable","12":"purchasable","13":"product-type-simple"},"acf":[],"_links":{"self":[{"href":"https:\/\/fixator.fr\/es\/wp-json\/wp\/v2\/product\/13066","targetHints":{"allow":["GET"]}}],"collection":[{"href":"https:\/\/fixator.fr\/es\/wp-json\/wp\/v2\/product"}],"about":[{"href":"https:\/\/fixator.fr\/es\/wp-json\/wp\/v2\/types\/product"}],"replies":[{"embeddable":true,"href":"https:\/\/fixator.fr\/es\/wp-json\/wp\/v2\/comments?post=13066"}],"wp:featuredmedia":[{"embeddable":true,"href":"https:\/\/fixator.fr\/es\/wp-json\/wp\/v2\/media\/9431"}],"wp:attachment":[{"href":"https:\/\/fixator.fr\/es\/wp-json\/wp\/v2\/media?parent=13066"}],"wp:term":[{"taxonomy":"product_brand","embeddable":true,"href":"https:\/\/fixator.fr\/es\/wp-json\/wp\/v2\/product_brand?post=13066"},{"taxonomy":"product_cat","embeddable":true,"href":"https:\/\/fixator.fr\/es\/wp-json\/wp\/v2\/product_cat?post=13066"},{"taxonomy":"product_tag","embeddable":true,"href":"https:\/\/fixator.fr\/es\/wp-json\/wp\/v2\/product_tag?post=13066"}],"curies":[{"name":"wp","href":"https:\/\/api.w.org\/{rel}","templated":true}]}}