{"id":12992,"date":"2023-10-19T18:26:58","date_gmt":"2023-10-19T16:26:58","guid":{"rendered":"https:\/\/fixator.fr\/?post_type=product&#038;p=12992"},"modified":"2025-01-07T15:20:57","modified_gmt":"2025-01-07T14:20:57","slug":"cofre-de-herramientas","status":"publish","type":"product","link":"https:\/\/fixator.fr\/es\/produit\/bac-de-rangement\/","title":{"rendered":"Cofre de herramientas"},"content":{"rendered":"","protected":false},"excerpt":{"rendered":"<h2 style=\"text-align: left;\">Almacena, organiza y transporta tus materiales de forma segura<\/h2>\n<p><strong>Cofre de herramientas <\/strong>dise\u00f1ado a medida para almacenar, organizar y transportar de forma segura equipos o materiales de elevaci\u00f3n como plataformas Moduleco o Modulaho, cabrestantes y sus accesorios. Se utiliza a menudo en obras de construcci\u00f3n o en almacenes para evitar da\u00f1os a las herramientas y garantizar su disponibilidad durante el trabajo. Estas son sus principales caracter\u00edsticas:<\/p>\n<hr \/>\n<h3><strong>Descripci\u00f3n :<\/strong><\/h3>\n<ul>\n<li><strong>Estructura :<\/strong>\n<ul>\n<li>Fabricado en aluminio;<\/li>\n<li>Puerta extra\u00edble;<\/li>\n<li>Sobre ruedas para f\u00e1cil transporte.<\/li>\n<\/ul>\n<\/li>\n<li><strong>Dimensiones:<\/strong> Var\u00eda dependiendo del equipo a almacenar, pero suficientemente espacioso para acomodar cabrestantes, cables y sus accesorios.<\/li>\n<\/ul>","protected":false},"featured_media":20342,"comment_status":"closed","ping_status":"closed","template":"","meta":{"_acf_changed":false,"_et_pb_use_builder":"","_et_pb_old_content":"","_et_gb_content_width":""},"product_brand":[],"product_cat":[1176],"product_tag":[1276],"class_list":{"0":"post-12992","1":"product","2":"type-product","3":"status-publish","4":"has-post-thumbnail","6":"product_cat-accessoires","7":"product_tag-rangement","9":"first","10":"instock","11":"shipping-taxable","12":"purchasable","13":"product-type-simple"},"acf":[],"_links":{"self":[{"href":"https:\/\/fixator.fr\/es\/wp-json\/wp\/v2\/product\/12992","targetHints":{"allow":["GET"]}}],"collection":[{"href":"https:\/\/fixator.fr\/es\/wp-json\/wp\/v2\/product"}],"about":[{"href":"https:\/\/fixator.fr\/es\/wp-json\/wp\/v2\/types\/product"}],"replies":[{"embeddable":true,"href":"https:\/\/fixator.fr\/es\/wp-json\/wp\/v2\/comments?post=12992"}],"wp:featuredmedia":[{"embeddable":true,"href":"https:\/\/fixator.fr\/es\/wp-json\/wp\/v2\/media\/20342"}],"wp:attachment":[{"href":"https:\/\/fixator.fr\/es\/wp-json\/wp\/v2\/media?parent=12992"}],"wp:term":[{"taxonomy":"product_brand","embeddable":true,"href":"https:\/\/fixator.fr\/es\/wp-json\/wp\/v2\/product_brand?post=12992"},{"taxonomy":"product_cat","embeddable":true,"href":"https:\/\/fixator.fr\/es\/wp-json\/wp\/v2\/product_cat?post=12992"},{"taxonomy":"product_tag","embeddable":true,"href":"https:\/\/fixator.fr\/es\/wp-json\/wp\/v2\/product_tag?post=12992"}],"curies":[{"name":"wp","href":"https:\/\/api.w.org\/{rel}","templated":true}]}}