{"id":12576,"date":"2023-08-02T14:52:13","date_gmt":"2023-08-02T12:52:13","guid":{"rendered":"https:\/\/fixator.fr\/?post_type=product&#038;p=12576"},"modified":"2025-06-23T16:15:48","modified_gmt":"2025-06-23T14:15:48","slug":"cabrestante-electrico-de-elevacion-e-lift-350-500-600-kg-220v-y-380v","status":"publish","type":"product","link":"https:\/\/fixator.fr\/es\/produit\/treuil-electrique-de-levage-e-lift-350-500-600-kg-220v-et-380v\/","title":{"rendered":"Cabrestante el\u00e9ctrico de elevaci\u00f3n e.lift, 350-600 kg, 220v y 380v"},"content":{"rendered":"<p>[et_pb_section fb_built=&#8221;1&#8243; _builder_version=&#8221;4.16&#8243; custom_padding=&#8221;0px||||false|false&#8221; global_colors_info=&#8221;{}&#8221;][et_pb_row _builder_version=&#8221;4.16&#8243; background_size=&#8221;initial&#8221; background_position=&#8221;top_left&#8221; background_repeat=&#8221;repeat&#8221; width=&#8221;100%&#8221; custom_padding=&#8221;0px||0px||false|false&#8221; global_colors_info=&#8221;{}&#8221;][et_pb_column type=&#8221;4_4&#8243; _builder_version=&#8221;4.16&#8243; custom_padding=&#8221;|||&#8221; global_colors_info=&#8221;{}&#8221; custom_padding__hover=&#8221;|||&#8221;][et_pb_wc_breadcrumb _builder_version=&#8221;4.16&#8243; global_colors_info=&#8221;{}&#8221;][\/et_pb_wc_breadcrumb][et_pb_wc_cart_notice _builder_version=&#8221;4.16&#8243; global_colors_info=&#8221;{}&#8221;][\/et_pb_wc_cart_notice][\/et_pb_column][\/et_pb_row][et_pb_row column_structure=&#8221;1_2,1_2&#8243; _builder_version=&#8221;4.16&#8243; background_size=&#8221;initial&#8221; background_position=&#8221;top_left&#8221; background_repeat=&#8221;repeat&#8221; width=&#8221;100%&#8221; custom_padding=&#8221;0px||||false|false&#8221; global_colors_info=&#8221;{}&#8221;][et_pb_column type=&#8221;1_2&#8243; _builder_version=&#8221;4.16&#8243; custom_padding=&#8221;|||&#8221; global_colors_info=&#8221;{}&#8221; custom_padding__hover=&#8221;|||&#8221;][et_pb_wc_images _builder_version=&#8221;4.16&#8243; global_colors_info=&#8221;{}&#8221;][\/et_pb_wc_images][\/et_pb_column][et_pb_column type=&#8221;1_2&#8243; _builder_version=&#8221;4.16&#8243; custom_padding=&#8221;|||&#8221; global_colors_info=&#8221;{}&#8221; custom_padding__hover=&#8221;|||&#8221;][et_pb_wc_title _builder_version=&#8221;4.23&#8243; global_colors_info=&#8221;{}&#8221;][\/et_pb_wc_title][et_pb_wc_rating _builder_version=&#8221;4.16&#8243; global_colors_info=&#8221;{}&#8221;][\/et_pb_wc_rating][et_pb_wc_price _builder_version=&#8221;4.16&#8243; global_colors_info=&#8221;{}&#8221;][\/et_pb_wc_price][et_pb_wc_description _builder_version=&#8221;4.16&#8243; global_colors_info=&#8221;{}&#8221;][\/et_pb_wc_description][et_pb_wc_add_to_cart _builder_version=&#8221;4.16&#8243; global_colors_info=&#8221;{}&#8221;][\/et_pb_wc_add_to_cart][et_pb_wc_meta _builder_version=&#8221;4.16&#8243; global_colors_info=&#8221;{}&#8221;][\/et_pb_wc_meta][\/et_pb_column][\/et_pb_row][et_pb_row _builder_version=&#8221;4.23&#8243; background_size=&#8221;initial&#8221; background_position=&#8221;top_left&#8221; background_repeat=&#8221;repeat&#8221; width=&#8221;100%&#8221; global_colors_info=&#8221;{}&#8221;][et_pb_column type=&#8221;4_4&#8243; _builder_version=&#8221;4.16&#8243; custom_padding=&#8221;|||&#8221; global_colors_info=&#8221;{}&#8221; custom_padding__hover=&#8221;|||&#8221;][et_pb_wc_tabs _builder_version=&#8221;4.23&#8243; global_colors_info=&#8221;{}&#8221;] [\/et_pb_wc_tabs][et_pb_wc_upsells _builder_version=&#8221;4.16&#8243; global_colors_info=&#8221;{}&#8221;][\/et_pb_wc_upsells][et_pb_wc_related_products include_categories=&#8221;1242,1205&#8243; admin_label=&#8221;Woo Produits connexes&#8221; _builder_version=&#8221;4.22.1&#8243; global_colors_info=&#8221;{}&#8221;][\/et_pb_wc_related_products][\/et_pb_column][\/et_pb_row][\/et_pb_section]<\/p>\n","protected":false},"excerpt":{"rendered":"<h2 style=\"text-align: left;\"><span style=\"color: #4786a6;\"><span style=\"font-family: Raleway;\"><span style=\"font-size: medium;\"><b>Norma CE<\/b><\/span><\/span><\/span><\/h2>\n<h2 style=\"text-align: left;\"><span style=\"color: #00a776;\"><span style=\"font-family: Raleway;\"><span style=\"font-size: x-large;\"><b>Descripci\u00f3n del Producto<\/b><\/span><\/span><\/span><\/h2>\n<p>Las <strong>e.lift <\/strong>son polipastos el\u00e9ctricos para elevaci\u00f3n de personas de cable pasante con sobrecarga mec\u00e1nica NEO System.<\/p>\n<p>Se asocian a plataformas, nacelles suspendidas y arneses para trabajos en altura como trabajos de fachada.<\/p>\n<p>La <strong>orden es deportada<\/strong> y conectada a la caja de control que puede gestionar varios cabrestantes al mismo tiempo.<\/p>\n<p>Dise\u00f1ados para\u00a0<strong>levantar personas<\/strong>, los polipastos <strong>e.lift 350, e.lift 501 y e.lift 601<\/strong> pueden alcanzar respectivamente capacidades de elevaci\u00f3n de 350, 500 y 600 kg seg\u00fan el modelo elegido (disponible en versi\u00f3n monof\u00e1sica o trif\u00e1sica).<\/p>\n<p>&nbsp;<\/p>\n<h2 style=\"text-align: left;\"><span style=\"color: #00a776;\"><span style=\"font-family: Raleway;\"><span style=\"font-size: x-large;\"><b>Beneficios para el usuario<\/b><\/span><\/span><\/span><\/h2>\n<ul>\n<li>Uso suspendido, en un <a href=\"https:\/\/fixator.fr\/es\/producto\/plataforma-false-car-para-huecos-de-ascensores\/\"><strong>False Car<\/strong><\/a> o instalado en una plataforma dependiendo de su instalaci\u00f3n<\/li>\n<li><strong>Sobrecarga electromec\u00e1nica<\/strong><\/li>\n<li><strong>Un indicador rojo<\/strong> se\u00f1aliza cuando se ha superado la carga m\u00e1xima autorizada.<\/li>\n<li>Sistema de polea B particularmente adecuado para conjuntos de un solo cabrestante; limita los efectos de las rotaciones (e.lift 350).<\/li>\n<li><strong>Mantenimiento simplificado<\/strong> gracias al f\u00e1cil acceso a la parte mec\u00e1nica<\/li>\n<li>Obligaci\u00f3n de utilizar un sistema antica\u00eddas\/bloque de seguridad <a href=\"https:\/\/fixator.fr\/es\/producto\/bloques-de-seguridad-securichute-600-800-1000-2000kg\/\"><strong>Securichute<\/strong><\/a> o <a href=\"https:\/\/fixator.fr\/es\/producto\/anticaidas-securistop-600-800-1000\/\"><strong>Securistop<\/strong><\/a><\/li>\n<\/ul>","protected":false},"featured_media":14650,"comment_status":"closed","ping_status":"closed","template":"","meta":{"_acf_changed":false,"_et_pb_use_builder":"on","_et_pb_old_content":"","_et_gb_content_width":""},"product_brand":[],"product_cat":[1167,1491,1492,1441,1442,1364,1365,1285,1311,1495,1169,1474,1473,1157,1281],"product_tag":[],"class_list":{"0":"post-12576","1":"product","2":"type-product","3":"status-publish","4":"has-post-thumbnail","6":"product_cat-treuils-de-levage-de-personnes","7":"product_cat-inferieur-a-300-kg-660-lbs","8":"product_cat-inferieur-a-400-kg-882-lbs","9":"product_cat-inferieur-a-500-kg-1100-lbs","10":"product_cat-inferieur-a-600-kg-1320-lbs","11":"product_cat-1-monophase-220-240v","12":"product_cat-3-triphase-380-415v","13":"product_cat-ce","14":"product_cat-eolien","15":"product_cat-gamme-e-lift","16":"product_cat-industrie","17":"product_cat-mecanique","18":"product_cat-surcharge","19":"product_cat-treuils-de-levage","20":"product_cat-treuils-electriques","22":"first","23":"instock","24":"shipping-taxable","25":"purchasable","26":"product-type-variable","27":"has-default-attributes"},"acf":[],"_links":{"self":[{"href":"https:\/\/fixator.fr\/es\/wp-json\/wp\/v2\/product\/12576","targetHints":{"allow":["GET"]}}],"collection":[{"href":"https:\/\/fixator.fr\/es\/wp-json\/wp\/v2\/product"}],"about":[{"href":"https:\/\/fixator.fr\/es\/wp-json\/wp\/v2\/types\/product"}],"replies":[{"embeddable":true,"href":"https:\/\/fixator.fr\/es\/wp-json\/wp\/v2\/comments?post=12576"}],"wp:featuredmedia":[{"embeddable":true,"href":"https:\/\/fixator.fr\/es\/wp-json\/wp\/v2\/media\/14650"}],"wp:attachment":[{"href":"https:\/\/fixator.fr\/es\/wp-json\/wp\/v2\/media?parent=12576"}],"wp:term":[{"taxonomy":"product_brand","embeddable":true,"href":"https:\/\/fixator.fr\/es\/wp-json\/wp\/v2\/product_brand?post=12576"},{"taxonomy":"product_cat","embeddable":true,"href":"https:\/\/fixator.fr\/es\/wp-json\/wp\/v2\/product_cat?post=12576"},{"taxonomy":"product_tag","embeddable":true,"href":"https:\/\/fixator.fr\/es\/wp-json\/wp\/v2\/product_tag?post=12576"}],"curies":[{"name":"wp","href":"https:\/\/api.w.org\/{rel}","templated":true}]}}