{"id":11869,"date":"2023-08-24T14:23:31","date_gmt":"2023-08-24T12:23:31","guid":{"rendered":"https:\/\/fixator.fr\/?post_type=product&#038;p=11869"},"modified":"2025-07-31T12:06:21","modified_gmt":"2025-07-31T10:06:21","slug":"alargador-para-botonera","status":"publish","type":"product","link":"https:\/\/fixator.fr\/es\/produit\/rallonge-pour-boite-a-boutons\/","title":{"rendered":"Alargador para botonera"},"content":{"rendered":"","protected":false},"excerpt":{"rendered":"<div class=\"flex-shrink-0 flex flex-col relative items-end\">\n<div>\n<div class=\"pt-0\">\n<div class=\"gizmo-bot-avatar flex h-8 w-8 items-center justify-center overflow-hidden rounded-full\">\n<div class=\"relative p-1 rounded-sm flex items-center justify-center bg-token-main-surface-primary text-token-text-primary h-8 w-8\"><\/div>\n<\/div>\n<\/div>\n<\/div>\n<\/div>\n<div class=\"group\/conversation-turn relative flex w-full min-w-0 flex-col agent-turn\">\n<div class=\"flex-col gap-1 md:gap-3\">\n<div class=\"flex max-w-full flex-col flex-grow\">\n<div class=\"min-h-8 text-message flex w-full flex-col items-end gap-2 whitespace-normal break-words text-start [.text-message+&amp;]:mt-5\" dir=\"auto\" data-message-author-role=\"assistant\" data-message-id=\"05984df2-253c-419e-900d-0004332b3a54\" data-message-model-slug=\"gpt-4o\">\n<div class=\"flex w-full flex-col gap-1 empty:hidden first:pt-[3px]\">\n<div class=\"markdown prose w-full break-words dark:prose-invert light\">\n<p>Utilis\u00e9e avec des treuils \u00e9lectriques, une <strong>rallonge pour bo\u00eete \u00e0 boutons<\/strong> est un accessoire qui permet d&#8217;augmenter la distance entre la <a href=\"https:\/\/fixator.fr\/produit\/boite-a-boutons\/\"><strong>bo\u00eete \u00e0 boutons<\/strong><\/a> et votre treuil \u00e9lectrique pour levage de mat\u00e9riels <a href=\"https:\/\/fixator.fr\/categorie-produit\/treuils-de-levage\/gamme-lm\/\" target=\"_blank\" rel=\"noopener\"><strong>LM<\/strong><\/a> ou <strong><a href=\"https:\/\/fixator.fr\/produit\/treuil-electrique-motrix-750-1500kg-230v-380v\/\" target=\"_blank\" rel=\"noopener\">Motrix<\/a> <\/strong>ou pour levage de personnes <a href=\"https:\/\/fixator.fr\/categorie-produit\/treuils-de-levage\/treuils-de-levage-de-personnes\/gamme-e-lift\/\" target=\"_blank\" rel=\"noopener\"><strong>e.lift<\/strong><\/a> ou <strong><a href=\"https:\/\/fixator.fr\/produit\/treuil-electrique-liftho-neo-600-1000kg-208v-220v-230v-400v\/\" target=\"_blank\" rel=\"noopener\">Liftho<\/a><\/strong>.<\/p>\n<p>Elle est essentielle pour am\u00e9liorer la flexibilit\u00e9 et la s\u00e9curit\u00e9 des op\u00e9rations de levage ou de traction, en permettant \u00e0 l\u2019op\u00e9rateur de se positionner \u00e0 une distance s\u00fbre de la charge ou du treuil.<\/p>\n<hr \/>\n<h2><strong>Description :<\/strong><\/h2>\n<h3><strong>1. Composants principaux :<\/strong><\/h3>\n<ul>\n<li style=\"list-style-type: none;\">\n<ul>\n<li><strong>C\u00e2ble \u00e9lectrique :<\/strong> Con\u00e7u pour transmettre les commandes de la bo\u00eete \u00e0 boutons au treuil. Ce c\u00e2ble est g\u00e9n\u00e9ralement multiconduteur (avec plusieurs fils \u00e9lectriques internes).<\/li>\n<li><strong>Connecteurs :<\/strong>\n<ul>\n<li>Des connecteurs m\u00e2les et femelles \u00e0 chaque extr\u00e9mit\u00e9 pour une connexion facile et s\u00e9curis\u00e9e.<\/li>\n<li>Compatibles avec les syst\u00e8mes standard des bo\u00eetes \u00e0 boutons et des treuils.<\/li>\n<\/ul>\n<\/li>\n<li><strong>Protection :<\/strong> Une gaine isolante renforc\u00e9e pour prot\u00e9ger le c\u00e2ble contre les chocs, l&#8217;abrasion, l&#8217;humidit\u00e9 ou l&#8217;exposition aux produits chimiques.<\/li>\n<\/ul>\n<\/li>\n<\/ul>\n<h3><strong>2. Longueur :<\/strong><\/h3>\n<ul>\n<li>Disponible en plusieurs longueurs, selon les besoins (de 5 m \u00e0 60 m de longueur).<\/li>\n<\/ul>\n<h2><strong>Utilit\u00e9 :<\/strong><\/h2>\n<h3><strong>1. Augmentation de la port\u00e9e :<\/strong><\/h3>\n<ul>\n<li style=\"list-style-type: none;\">\n<ul>\n<li>Permet \u00e0 l&#8217;op\u00e9rateur de contr\u00f4ler le treuil \u00e9lectrique \u00e0 distance, ce qui est essentiel dans les environnements confin\u00e9s ou dangereux.<\/li>\n<li>Am\u00e9liore la visibilit\u00e9 sur la charge en offrant un angle de vue plus adapt\u00e9.<\/li>\n<\/ul>\n<\/li>\n<\/ul>\n<h3><strong style=\"color: #333333; font-size: 22px;\">2. S\u00e9curit\u00e9 accrue :<\/strong><\/h3>\n<ul>\n<li style=\"list-style-type: none;\">\n<ul>\n<li>Maintient l\u2019op\u00e9rateur hors de la zone de danger (par exemple, en cas de chute de charge).<\/li>\n<li>R\u00e9duit le risque d\u2019accidents li\u00e9s \u00e0 une proximit\u00e9 trop proche du treuil ou de la zone de levage.<\/li>\n<\/ul>\n<\/li>\n<\/ul>\n<h3><strong>3. Flexibilit\u00e9 :<\/strong><\/h3>\n<ul>\n<li style=\"list-style-type: none;\">\n<ul>\n<li>Id\u00e9al pour les situations o\u00f9 le point de commande d&#8217;origine est difficilement accessible.<\/li>\n<\/ul>\n<\/li>\n<\/ul>\n<hr \/>\n<h2><strong>Caract\u00e9ristiques techniques :<\/strong><\/h2>\n<ol>\n<li style=\"list-style-type: none;\">\n<ol>\n<li style=\"list-style-type: none;\">\n<ol>\n<li><strong>Conducteurs \u00e9lectriques :<\/strong>\n<ul>\n<li>Nombre de fils : D\u00e9pend du nombre de boutons ou fonctions (par exemple, mont\u00e9e, descente, arr\u00eat d\u2019urgence, etc.).<\/li>\n<li>Section des conducteurs : Suffisamment dimensionn\u00e9e pour transmettre les signaux sans pertes ni interf\u00e9rences.<\/li>\n<\/ul>\n<\/li>\n<li><strong>Gaine :<\/strong>\n<ul>\n<li>R\u00e9sistante aux conditions de chantier (abrasion, poussi\u00e8re, humidit\u00e9).<\/li>\n<li>Parfois renforc\u00e9e pour une utilisation en ext\u00e9rieur ou dans des environnements industriels difficiles.<\/li>\n<\/ul>\n<\/li>\n<li><strong>Connecteurs :<\/strong>\n<ul>\n<li>Con\u00e7us pour s&#8217;adapter facilement aux bo\u00eetes \u00e0 boutons standards et aux commandes des treuils \u00e9lectriques.<\/li>\n<li>Souvent \u00e9quip\u00e9s de syst\u00e8mes \u00e0 verrouillage rapide pour \u00e9viter les d\u00e9connexions accidentelles.<\/li>\n<\/ul>\n<\/li>\n<\/ol>\n<\/li>\n<\/ol>\n<\/li>\n<\/ol>\n<\/div>\n<\/div>\n<p>Disponible \u00e0 la coupe de 5 \u00e0 60 m de longueur.<\/p>\n<p>Merci de pr\u00e9ciser la longueur souhait\u00e9 dans votre demande de devis.<\/p>\n<\/div>\n<\/div>\n<\/div>\n<\/div>\n","protected":false},"featured_media":11871,"comment_status":"closed","ping_status":"closed","template":"","meta":{"_acf_changed":false,"_et_pb_use_builder":"","_et_pb_old_content":"","_et_gb_content_width":""},"product_brand":[],"product_cat":[1176],"product_tag":[1274],"class_list":{"0":"post-11869","1":"product","2":"type-product","3":"status-publish","4":"has-post-thumbnail","6":"product_cat-accessoires","7":"product_tag-confort-dutilisation","9":"first","10":"instock","11":"shipping-taxable","12":"purchasable","13":"product-type-variable","14":"has-default-attributes"},"acf":[],"_links":{"self":[{"href":"https:\/\/fixator.fr\/es\/wp-json\/wp\/v2\/product\/11869","targetHints":{"allow":["GET"]}}],"collection":[{"href":"https:\/\/fixator.fr\/es\/wp-json\/wp\/v2\/product"}],"about":[{"href":"https:\/\/fixator.fr\/es\/wp-json\/wp\/v2\/types\/product"}],"replies":[{"embeddable":true,"href":"https:\/\/fixator.fr\/es\/wp-json\/wp\/v2\/comments?post=11869"}],"wp:featuredmedia":[{"embeddable":true,"href":"https:\/\/fixator.fr\/es\/wp-json\/wp\/v2\/media\/11871"}],"wp:attachment":[{"href":"https:\/\/fixator.fr\/es\/wp-json\/wp\/v2\/media?parent=11869"}],"wp:term":[{"taxonomy":"product_brand","embeddable":true,"href":"https:\/\/fixator.fr\/es\/wp-json\/wp\/v2\/product_brand?post=11869"},{"taxonomy":"product_cat","embeddable":true,"href":"https:\/\/fixator.fr\/es\/wp-json\/wp\/v2\/product_cat?post=11869"},{"taxonomy":"product_tag","embeddable":true,"href":"https:\/\/fixator.fr\/es\/wp-json\/wp\/v2\/product_tag?post=11869"}],"curies":[{"name":"wp","href":"https:\/\/api.w.org\/{rel}","templated":true}]}}