{"id":11660,"date":"2023-08-21T15:08:01","date_gmt":"2023-08-21T13:08:01","guid":{"rendered":"https:\/\/fixator.fr\/?post_type=product&#038;p=11660"},"modified":"2025-03-07T15:05:03","modified_gmt":"2025-03-07T14:05:03","slug":"mando-a-distancia-inalambrico","status":"publish","type":"product","link":"https:\/\/fixator.fr\/es\/produit\/radiocommande\/","title":{"rendered":"Mando a distancia inal\u00e1mbrico"},"content":{"rendered":"","protected":false},"excerpt":{"rendered":"<h1><span style=\"color: #00a776;\"><span style=\"font-family: Raleway;\"><span style=\"font-size: x-large;\"><b>Descripci\u00f3n del Producto<\/b><\/span><\/span><\/span><\/h1>\n<p>Un mando a distancia por radio para cabrestantes el\u00e9ctricos permite controlar a distancia el funcionamiento de un cabrestante, ofreciendo varias ventajas pr\u00e1cticas y de seguridad.<\/p>\n<h1><span style=\"color: #00a776;\"><span style=\"font-family: Raleway;\"><span style=\"font-size: x-large;\"><span style=\"color: #00a776; font-family: Raleway; font-size: x-large;\"><b>Beneficios<\/b><\/span><b style=\"color: #00a776; font-family: Raleway; font-size: x-large;\">\u00a0Usuarios<\/b><\/span><\/span><\/span><\/h1>\n<p>A continuaci\u00f3n se detallan las principales funciones y ventajas de un radiocontrol para cabrestantes el\u00e9ctricos:<\/p>\n<ol>\n<li><strong>Mando a distancia:<\/strong> El control por radio permite operar el cabrestante sin necesidad de estar en las inmediaciones del mismo, lo que resulta especialmente \u00fatil en situaciones en las que el acceso directo es dif\u00edcil o peligroso, como en obras, en barcos o en entornos industriales;<\/li>\n<li><strong>Seguridad :<\/strong> Al permitir que el usuario permanezca a una distancia segura de la carga levantada o arrastrada, el radiocontrol reduce el riesgo de accidente. Esto es particularmente importante en entornos donde est\u00e1n involucradas cargas pesadas o situaciones potencialmente peligrosas;<\/li>\n<li><strong>Comodidad de uso:<\/strong> El usuario puede operar el cabrestante sin perder movilidad, lo que facilita el trabajo. Esto permite monitorear la operaci\u00f3n desde lejos y ajustar las acciones a medida que evoluciona la situaci\u00f3n (por ejemplo, para evitar un accidente o una sobrecarga);<\/li>\n<li><strong>Precisi\u00f3n y control:<\/strong> Posibilidad de detener o reanudar la operaci\u00f3n con total seguridad, e incluso invertir el sentido de operaci\u00f3n;<\/li>\n<li><strong>Versatilidad: <\/strong>Los modernos radiomandos se pueden utilizar con varios tipos de cabrestantes el\u00e9ctricos, ya sean cabrestantes para autom\u00f3viles, cabrestantes para barcos, cabrestantes para la construcci\u00f3n o cabrestantes industriales.<\/li>\n<\/ol>\n<p>El control remoto por radio Fixator se puede utilizar para accionar cabrestantes el\u00e9ctricos con cables pasantes para la elevaci\u00f3n de cargas (<strong><a href=\"https:\/\/fixator.fr\/es\/categoria-de-producto\/polipastos-de-elevacion\/gama-lm\/\" target=\"_blank\" rel=\"noopener\">LM<\/a><\/strong> y <strong><a href=\"https:\/\/fixator.fr\/es\/producto\/polipasto-electrico-motrix-750-1500kg-230v-380v\/\" target=\"_blank\" rel=\"noopener\">Motrix<\/a><\/strong>) o personas (<strong><a href=\"https:\/\/fixator.fr\/es\/producto\/cabrestante-electrico-liftho-neo-600-1000kg-208v-220v-230v-400v\/\" target=\"_blank\" rel=\"noopener\">Liftho<\/a><\/strong>\u00a0y\u00a0<strong><a href=\"https:\/\/fixator.fr\/es\/categoria-de-producto\/polipastos-de-elevacion\/polipastos-para-elevacion-de-personas\/gama-e-lift\/\" target=\"_blank\" rel=\"noopener\">e.lift<\/a><\/strong>).<\/p>","protected":false},"featured_media":10222,"comment_status":"closed","ping_status":"closed","template":"","meta":{"_acf_changed":false,"_et_pb_use_builder":"","_et_pb_old_content":"","_et_gb_content_width":""},"product_brand":[],"product_cat":[1176],"product_tag":[1274],"class_list":{"0":"post-11660","1":"product","2":"type-product","3":"status-publish","4":"has-post-thumbnail","6":"product_cat-accessoires","7":"product_tag-confort-dutilisation","9":"first","10":"instock","11":"shipping-taxable","12":"purchasable","13":"product-type-simple"},"acf":[],"_links":{"self":[{"href":"https:\/\/fixator.fr\/es\/wp-json\/wp\/v2\/product\/11660","targetHints":{"allow":["GET"]}}],"collection":[{"href":"https:\/\/fixator.fr\/es\/wp-json\/wp\/v2\/product"}],"about":[{"href":"https:\/\/fixator.fr\/es\/wp-json\/wp\/v2\/types\/product"}],"replies":[{"embeddable":true,"href":"https:\/\/fixator.fr\/es\/wp-json\/wp\/v2\/comments?post=11660"}],"wp:featuredmedia":[{"embeddable":true,"href":"https:\/\/fixator.fr\/es\/wp-json\/wp\/v2\/media\/10222"}],"wp:attachment":[{"href":"https:\/\/fixator.fr\/es\/wp-json\/wp\/v2\/media?parent=11660"}],"wp:term":[{"taxonomy":"product_brand","embeddable":true,"href":"https:\/\/fixator.fr\/es\/wp-json\/wp\/v2\/product_brand?post=11660"},{"taxonomy":"product_cat","embeddable":true,"href":"https:\/\/fixator.fr\/es\/wp-json\/wp\/v2\/product_cat?post=11660"},{"taxonomy":"product_tag","embeddable":true,"href":"https:\/\/fixator.fr\/es\/wp-json\/wp\/v2\/product_tag?post=11660"}],"curies":[{"name":"wp","href":"https:\/\/api.w.org\/{rel}","templated":true}]}}