{"id":11213,"date":"2023-07-28T10:38:10","date_gmt":"2023-07-28T08:38:10","guid":{"rendered":"https:\/\/fixator.fr\/?post_type=product&#038;p=11213"},"modified":"2026-02-09T15:39:59","modified_gmt":"2026-02-09T14:39:59","slug":"cable-acero-polipasto","status":"publish","type":"product","link":"https:\/\/fixator.fr\/es\/produit\/cable-treuil-acier\/","title":{"rendered":"Cable de acero"},"content":{"rendered":"<p>[et_pb_section fb_built=&#8221;1&#8243; _builder_version=&#8221;4.16&#8243; custom_padding=&#8221;0px||||false|false&#8221; global_colors_info=&#8221;{}&#8221;][et_pb_row _builder_version=&#8221;4.16&#8243; background_size=&#8221;initial&#8221; background_position=&#8221;top_left&#8221; background_repeat=&#8221;repeat&#8221; width=&#8221;100%&#8221; custom_padding=&#8221;0px||0px||false|false&#8221; global_colors_info=&#8221;{}&#8221;][et_pb_column type=&#8221;4_4&#8243; _builder_version=&#8221;4.16&#8243; custom_padding=&#8221;|||&#8221; global_colors_info=&#8221;{}&#8221; custom_padding__hover=&#8221;|||&#8221;][et_pb_wc_breadcrumb _builder_version=&#8221;4.16&#8243; global_colors_info=&#8221;{}&#8221;][\/et_pb_wc_breadcrumb][et_pb_wc_cart_notice _builder_version=&#8221;4.16&#8243; global_colors_info=&#8221;{}&#8221;][\/et_pb_wc_cart_notice][\/et_pb_column][\/et_pb_row][et_pb_row column_structure=&#8221;1_2,1_2&#8243; _builder_version=&#8221;4.25.0&#8243; background_size=&#8221;initial&#8221; background_position=&#8221;top_left&#8221; background_repeat=&#8221;repeat&#8221; width=&#8221;100%&#8221; custom_padding=&#8221;0px||||false|false&#8221; global_colors_info=&#8221;{}&#8221;][et_pb_column type=&#8221;1_2&#8243; _builder_version=&#8221;4.16&#8243; custom_padding=&#8221;|||&#8221; global_colors_info=&#8221;{}&#8221; custom_padding__hover=&#8221;|||&#8221;][et_pb_wc_images _builder_version=&#8221;4.16&#8243; global_colors_info=&#8221;{}&#8221;][\/et_pb_wc_images][\/et_pb_column][et_pb_column type=&#8221;1_2&#8243; _builder_version=&#8221;4.16&#8243; custom_padding=&#8221;|||&#8221; global_colors_info=&#8221;{}&#8221; custom_padding__hover=&#8221;|||&#8221;][et_pb_wc_title _builder_version=&#8221;4.16&#8243; global_colors_info=&#8221;{}&#8221;][\/et_pb_wc_title][et_pb_wc_rating _builder_version=&#8221;4.16&#8243; global_colors_info=&#8221;{}&#8221;][\/et_pb_wc_rating][et_pb_wc_price _builder_version=&#8221;4.16&#8243; global_colors_info=&#8221;{}&#8221;][\/et_pb_wc_price][et_pb_wc_description _builder_version=&#8221;4.16&#8243; global_colors_info=&#8221;{}&#8221;][\/et_pb_wc_description][et_pb_wc_add_to_cart _builder_version=&#8221;4.16&#8243; global_colors_info=&#8221;{}&#8221;][\/et_pb_wc_add_to_cart][et_pb_wc_meta _builder_version=&#8221;4.16&#8243; global_colors_info=&#8221;{}&#8221;][\/et_pb_wc_meta][\/et_pb_column][\/et_pb_row][et_pb_row _builder_version=&#8221;4.16&#8243; background_size=&#8221;initial&#8221; background_position=&#8221;top_left&#8221; background_repeat=&#8221;repeat&#8221; width=&#8221;100%&#8221; global_colors_info=&#8221;{}&#8221;][et_pb_column type=&#8221;4_4&#8243; _builder_version=&#8221;4.16&#8243; custom_padding=&#8221;|||&#8221; global_colors_info=&#8221;{}&#8221; custom_padding__hover=&#8221;|||&#8221;][et_pb_wc_tabs _builder_version=&#8221;4.25.0&#8243; global_colors_info=&#8221;{}&#8221;]\t\t\t\t\t[\/et_pb_wc_tabs][et_pb_wc_upsells _builder_version=&#8221;4.16&#8243; global_colors_info=&#8221;{}&#8221;][\/et_pb_wc_upsells][et_pb_wc_related_products _builder_version=&#8221;4.16&#8243; global_colors_info=&#8221;{}&#8221;][\/et_pb_wc_related_products][\/et_pb_column][\/et_pb_row][\/et_pb_section]<\/p>\n","protected":false},"excerpt":{"rendered":"<h2 style=\"text-align: left;\"><strong><span style=\"color: #00a776;\"><span style=\"font-family: Raleway;\"><span style=\"font-size: x-large;\">Cable de acero de trabajo y seguridad para polipastos de cable pasante<\/span><\/span><\/span><\/strong><\/h2>\n<p data-start=\"73\" data-end=\"216\"><strong>El cable de trabajo para un polipasto de cable pasante<\/strong> se utiliza para <strong data-start=\"82\" data-end=\"104\">trabajos en altura<\/strong> con <a href=\"https:\/\/fixator.fr\/es\/gama-polipastos\/\" target=\"_blank\" rel=\"noopener\"><strong>polipastos de cable el\u00e9ctricos, manuales o neum\u00e1ticos Fixator <\/strong><\/a>para elevar cargas o personas.<\/p>\n<p data-start=\"73\" data-end=\"216\">Para la elevaci\u00f3n de personal mediante una plataforma suspendida por cable equipada con un <a href=\"https:\/\/fixator.fr\/es\/sistemas-anticaidas\/\" target=\"_blank\" rel=\"noopener\"><strong>Bloques de seguridad o descargadores Securichute\/Securistop<\/strong><\/a>tambi\u00e9n es obligatorio utilizar un cable de seguridad.<\/p>\n<p data-start=\"73\" data-end=\"216\">En la jerga profesional, se puede o\u00edr hablar de:<\/p>\n<ul data-start=\"487\" data-end=\"607\">\n<li data-start=\"487\" data-end=\"512\">\n<p data-start=\"489\" data-end=\"512\">Cable de elevaci\u00f3n de acero para polipasto Tirfor \/ Minifor;<\/p>\n<\/li>\n<li data-start=\"564\" data-end=\"607\">\n<p data-start=\"566\" data-end=\"607\"><em data-start=\"566\" data-end=\"607\">Cable para plataforma colgante o plataforma suspendida por cable.<\/em><em data-start=\"566\" data-end=\"607\">.<\/em><\/p>\n<\/li>\n<\/ul>\n<p>En funci\u00f3n de su cabrestante de elevaci\u00f3n Fixator, ya sea <strong><a href=\"https:\/\/fixator.fr\/es\/categoria-de-producto\/polipastos-de-elevacion\/tipo-de-polipasto\/polipastos-electricos\/\" target=\"_blank\" rel=\"noopener\">un polipasto el\u00e9ctrico<\/a><\/strong>, <a href=\"https:\/\/fixator.fr\/es\/categoria-de-producto\/polipastos-de-elevacion\/tipo-de-polipasto\/polipastos-manuales\/\" target=\"_blank\" rel=\"noopener\"><strong>un polipasto manual<\/strong><\/a> o <strong><a href=\"https:\/\/fixator.fr\/es\/categoria-de-producto\/polipastos-de-elevacion\/tipo-de-polipasto\/polipastos-neumaticos\/\" target=\"_blank\" rel=\"noopener\">un polipasto neum\u00e1tico<\/a><\/strong>utilice el di\u00e1metro de cable de acero recomendado por el proveedor (tambi\u00e9n puede consultarlo en la placa del cabrestante) para permitir un uso \u00f3ptimo y evitar cualquier riesgo de accidente.<\/p>","protected":false},"featured_media":9401,"comment_status":"closed","ping_status":"closed","template":"","meta":{"_acf_changed":false,"_et_pb_use_builder":"on","_et_pb_old_content":"","_et_gb_content_width":""},"product_brand":[],"product_cat":[1487],"product_tag":[],"class_list":{"0":"post-11213","1":"product","2":"type-product","3":"status-publish","4":"has-post-thumbnail","6":"product_cat-cables","8":"first","9":"instock","10":"shipping-taxable","11":"purchasable","12":"product-type-variable","13":"has-default-attributes"},"acf":[],"_links":{"self":[{"href":"https:\/\/fixator.fr\/es\/wp-json\/wp\/v2\/product\/11213","targetHints":{"allow":["GET"]}}],"collection":[{"href":"https:\/\/fixator.fr\/es\/wp-json\/wp\/v2\/product"}],"about":[{"href":"https:\/\/fixator.fr\/es\/wp-json\/wp\/v2\/types\/product"}],"replies":[{"embeddable":true,"href":"https:\/\/fixator.fr\/es\/wp-json\/wp\/v2\/comments?post=11213"}],"wp:featuredmedia":[{"embeddable":true,"href":"https:\/\/fixator.fr\/es\/wp-json\/wp\/v2\/media\/9401"}],"wp:attachment":[{"href":"https:\/\/fixator.fr\/es\/wp-json\/wp\/v2\/media?parent=11213"}],"wp:term":[{"taxonomy":"product_brand","embeddable":true,"href":"https:\/\/fixator.fr\/es\/wp-json\/wp\/v2\/product_brand?post=11213"},{"taxonomy":"product_cat","embeddable":true,"href":"https:\/\/fixator.fr\/es\/wp-json\/wp\/v2\/product_cat?post=11213"},{"taxonomy":"product_tag","embeddable":true,"href":"https:\/\/fixator.fr\/es\/wp-json\/wp\/v2\/product_tag?post=11213"}],"curies":[{"name":"wp","href":"https:\/\/api.w.org\/{rel}","templated":true}]}}