{"id":11121,"date":"2023-07-27T14:26:10","date_gmt":"2023-07-27T12:26:10","guid":{"rendered":"https:\/\/fixator.fr\/?post_type=product&#038;p=11121"},"modified":"2025-03-07T15:26:13","modified_gmt":"2025-03-07T14:26:13","slug":"ruedas","status":"publish","type":"product","link":"https:\/\/fixator.fr\/es\/produit\/roues\/","title":{"rendered":"Ruedas"},"content":{"rendered":"","protected":false},"excerpt":{"rendered":"<h1><span style=\"color: #00a776;\"><span style=\"font-family: Raleway;\"><span style=\"font-size: x-large;\"><b>Descripci\u00f3n del Producto<\/b><\/span><\/span><\/span><\/h1>\n<p data-start=\"0\" data-end=\"159\">Las <strong data-start=\"4\" data-end=\"39\">Ruedas de transporte para cabrestantes<\/strong> est\u00e1n acostumbrados a <strong data-start=\"50\" data-end=\"78\">facilitar el movimiento<\/strong> del cabrestante, especialmente cuando es pesado o se utiliza en terrenos dif\u00edciles.<\/p>\n<h1><span style=\"color: #00a776;\"><span style=\"font-family: Raleway;\"><span style=\"font-size: x-large;\"><span style=\"color: #00a776; font-family: Raleway; font-size: x-large;\"><b>Beneficios<\/b><\/span><b style=\"color: #00a776; font-family: Raleway; font-size: x-large;\">\u00a0Usuarios<\/b><\/span><\/span><\/span><\/h1>\n<ol data-start=\"190\" data-end=\"832\">\n<li data-start=\"190\" data-end=\"302\"><strong data-start=\"193\" data-end=\"216\">Transporte simplificado<\/strong> :Permite mover el cabrestante sin necesidad de transportarlo, reduciendo el esfuerzo f\u00edsico.<\/li>\n<li data-start=\"303\" data-end=\"439\"><strong data-start=\"306\" data-end=\"331\">Manejo mejorado<\/strong> :Ideal para cabrestantes pesados utilizados en sitios de construcci\u00f3n, en bosques o en entornos industriales.<\/li>\n<li data-start=\"440\" data-end=\"577\"><strong data-start=\"443\" data-end=\"481\">Riesgo reducido de lesiones<\/strong> :Menos peso para levantar, reduciendo el riesgo de dolor de espalda o accidentes.<\/li>\n<li data-start=\"578\" data-end=\"700\"><strong data-start=\"581\" data-end=\"597\">Adaptabilidad<\/strong> :Algunas ruedas est\u00e1n dise\u00f1adas para circular por terrenos accidentados (barro, grava, hierba, etc.).<\/li>\n<li data-start=\"701\" data-end=\"832\"><strong data-start=\"704\" data-end=\"736\">F\u00e1cil montaje y desmontaje.<\/strong> :Generalmente se fija en un marco o un soporte m\u00f3vil para un uso m\u00e1s c\u00f3modo.<\/li>\n<\/ol>\n<p data-start=\"834\" data-end=\"950\" data-is-last-node=\"\" data-is-only-node=\"\">Son particularmente \u00fatiles para la <strong data-start=\"878\" data-end=\"914\">Cabrestantes port\u00e1tiles o de obra<\/strong>, donde la movilidad es un criterio clave.<\/p>","protected":false},"featured_media":9454,"comment_status":"closed","ping_status":"closed","template":"","meta":{"_acf_changed":false,"_et_pb_use_builder":"","_et_pb_old_content":"","_et_gb_content_width":""},"product_brand":[],"product_cat":[1176],"product_tag":[1274],"class_list":{"0":"post-11121","1":"product","2":"type-product","3":"status-publish","4":"has-post-thumbnail","6":"product_cat-accessoires","7":"product_tag-confort-dutilisation","9":"first","10":"instock","11":"shipping-taxable","12":"purchasable","13":"product-type-simple"},"acf":[],"_links":{"self":[{"href":"https:\/\/fixator.fr\/es\/wp-json\/wp\/v2\/product\/11121","targetHints":{"allow":["GET"]}}],"collection":[{"href":"https:\/\/fixator.fr\/es\/wp-json\/wp\/v2\/product"}],"about":[{"href":"https:\/\/fixator.fr\/es\/wp-json\/wp\/v2\/types\/product"}],"replies":[{"embeddable":true,"href":"https:\/\/fixator.fr\/es\/wp-json\/wp\/v2\/comments?post=11121"}],"wp:featuredmedia":[{"embeddable":true,"href":"https:\/\/fixator.fr\/es\/wp-json\/wp\/v2\/media\/9454"}],"wp:attachment":[{"href":"https:\/\/fixator.fr\/es\/wp-json\/wp\/v2\/media?parent=11121"}],"wp:term":[{"taxonomy":"product_brand","embeddable":true,"href":"https:\/\/fixator.fr\/es\/wp-json\/wp\/v2\/product_brand?post=11121"},{"taxonomy":"product_cat","embeddable":true,"href":"https:\/\/fixator.fr\/es\/wp-json\/wp\/v2\/product_cat?post=11121"},{"taxonomy":"product_tag","embeddable":true,"href":"https:\/\/fixator.fr\/es\/wp-json\/wp\/v2\/product_tag?post=11121"}],"curies":[{"name":"wp","href":"https:\/\/api.w.org\/{rel}","templated":true}]}}