{"id":23,"date":"2020-11-20T12:44:10","date_gmt":"2020-11-20T11:44:10","guid":{"rendered":"https:\/\/fixator.fr\/conditions-generales-dutilisation-cgu\/"},"modified":"2025-12-15T14:56:09","modified_gmt":"2025-12-15T13:56:09","slug":"condiciones-generales-de-uso-cgu","status":"publish","type":"page","link":"https:\/\/fixator.fr\/es\/conditions-generales-dutilisation-cgu\/","title":{"rendered":"Condiciones Generales de Uso (CGU)"},"content":{"rendered":"[et_pb_section fb_built=&#8221;1&#8243; admin_label=&#8221;section&#8221; _builder_version=&#8221;4.16&#8243; global_colors_info=&#8221;{}&#8221;][et_pb_row admin_label=&#8221;row&#8221; _builder_version=&#8221;4.16&#8243; background_size=&#8221;initial&#8221; background_position=&#8221;top_left&#8221; background_repeat=&#8221;repeat&#8221; global_colors_info=&#8221;{}&#8221;][et_pb_column type=&#8221;4_4&#8243; _builder_version=&#8221;4.16&#8243; custom_padding=&#8221;|||&#8221; global_colors_info=&#8221;{}&#8221; custom_padding__hover=&#8221;|||&#8221;][et_pb_text admin_label=&#8221;Text&#8221; _builder_version=&#8221;4.27.5&#8243; background_size=&#8221;initial&#8221; background_position=&#8221;top_left&#8221; background_repeat=&#8221;repeat&#8221; hover_enabled=&#8221;0&#8243; global_colors_info=&#8221;{}&#8221; sticky_enabled=&#8221;0&#8243;]<p><\/p>\n<div class=\"wp-block-columns is-layout-flex wp-container-core-columns-is-layout-9d6595d7 wp-block-columns-is-layout-flex\">\n<p><\/p>\n<div class=\"wp-block-column is-layout-flow wp-block-column-is-layout-flow\" style=\"flex-basis: 100%;\">\n<p><\/p>\n<div class=\"wp-block-columns is-layout-flex wp-container-core-columns-is-layout-9d6595d7 wp-block-columns-is-layout-flex\">\n<p><\/p>\n<div class=\"wp-block-column is-layout-flow wp-block-column-is-layout-flow\">\n<p><\/p>\n<h1 class=\"wp-block-heading\" style=\"text-align: center;\">Conditions g\u00e9n\u00e9rales d\u2019utilisation du site et des services propos\u00e9s<\/h1>\n<p><\/p>\n<p><\/p>\n<p>L\u2019utilisation du site <a href=\"https:\/\/fixator.fr\">https:\/\/fixator.fr<\/a> implique l\u2019acceptation pleine et enti\u00e8re des conditions g\u00e9n\u00e9rales d\u2019utilisation ci-apr\u00e8s d\u00e9crites. Ces conditions d\u2019utilisation sont susceptibles d\u2019\u00eatre modifi\u00e9es ou compl\u00e9t\u00e9es \u00e0 tout moment, les utilisateurs du site <a href=\"https:\/\/fixator.fr\">https:\/\/fixator.fr<\/a> sont donc invit\u00e9s \u00e0 les consulter de mani\u00e8re r\u00e9guli\u00e8re.<\/p>\n<p><\/p>\n<p><\/p>\n<p>Ce site est normalement accessible \u00e0 tout moment aux utilisateurs. Une interruption pour raison de maintenance technique peut \u00eatre toutefois d\u00e9cid\u00e9e par <a href=\"https:\/\/fixator.fr\">https:\/\/fixator.fr<\/a>, qui s\u2019efforcera alors de communiquer pr\u00e9alablement aux utilisateurs les dates et heures de l\u2019intervention.<\/p>\n<p><\/p>\n<p><\/p>\n<p>Le site <a href=\"https:\/\/fixator.fr\">https:\/\/fixator.fr<\/a> est mis \u00e0 jour r\u00e9guli\u00e8rement par FIXATOR et les utilisateurs habilit\u00e9s (associations). De la m\u00eame fa\u00e7on, les mentions l\u00e9gales peuvent \u00eatre modifi\u00e9es \u00e0 tout moment : elles s\u2019imposent n\u00e9anmoins \u00e0 l\u2019utilisateur qui est invit\u00e9 \u00e0 s\u2019y r\u00e9f\u00e9rer le plus souvent possible afin d\u2019en prendre connaissance.<\/p>\n<p><\/p>\n<p><\/p>\n<h2 class=\"wp-block-heading\">1. Description des services fournis<\/h2>\n<p><\/p>\n<p><\/p>\n<p>Le site <a href=\"https:\/\/fixator.fr\">https:\/\/fixator.fr<\/a> a pour objet de fournir une information concernant l\u2019ensemble des activit\u00e9s de FIXATOR.<\/p>\n<p><\/p>\n<p><\/p>\n<p>FIXATOR s\u2019efforce de fournir sur le site <a href=\"https:\/\/fixator.fr\">https:\/\/fixator.fr<\/a> des informations aussi pr\u00e9cises que possible. Toutefois, elle ne pourra \u00eatre tenue responsable des omissions, des inexactitudes et des carences dans la mise \u00e0 jour, qu\u2019elles soient de son fait ou du fait des tiers partenaires qui lui fournissent ces informations.<\/p>\n<p><\/p>\n<p><\/p>\n<p>Tous les informations indiqu\u00e9es sur le site <a href=\"https:\/\/fixator.fr\">https:\/\/fixator.fr<\/a> sont donn\u00e9es \u00e0 titre indicatif, et sont susceptibles d\u2019\u00e9voluer. Par ailleurs, les renseignements figurant sur le site <a href=\"https:\/\/fixator.fr\">https:\/\/fixator.fr<\/a> ne sont pas exhaustifs. Ils sont donn\u00e9s sous r\u00e9serve de modifications ayant \u00e9t\u00e9 apport\u00e9es depuis leur mise en ligne.<\/p>\n<p><\/p>\n<p><\/p>\n<h3 class=\"wp-block-heading\">2. Limitations contractuelles sur les donn\u00e9es techniques<\/h3>\n<p><\/p>\n<p><\/p>\n<p>Le site utilise la technologie JavaScript.<\/p>\n<p><\/p>\n<p><\/p>\n<p>Le site Internet ne pourra \u00eatre tenu responsable de dommages mat\u00e9riels li\u00e9s \u00e0 l\u2019utilisation du site. De plus, l\u2019utilisateur du site s\u2019engage \u00e0 acc\u00e9der au site en utilisant un mat\u00e9riel r\u00e9cent, ne contenant pas de virus et avec un navigateur de derni\u00e8re g\u00e9n\u00e9ration mis-\u00e0-jour.<\/p>\n<p><\/p>\n<p><\/p>\n<h3 class=\"wp-block-heading\">3. Propri\u00e9t\u00e9 intellectuelle et contrefa\u00e7ons<\/h3>\n<p><\/p>\n<p><\/p>\n<p>FIXATOR est propri\u00e9taire des droits de propri\u00e9t\u00e9 intellectuelle ou d\u00e9tient les droits d\u2019usage sur tous les \u00e9l\u00e9ments accessibles sur le site, notamment les textes, images, graphismes, logo, ic\u00f4nes, sons, logiciels.<\/p>\n<p><\/p>\n<p><\/p>\n<p>Toute reproduction, repr\u00e9sentation, modification, publication, adaptation de tout ou partie des \u00e9l\u00e9ments du site, quel que soit le moyen ou le proc\u00e9d\u00e9 utilis\u00e9, est interdite, sauf autorisation \u00e9crite pr\u00e9alable de FIXATOR.<\/p>\n<p><\/p>\n<p><\/p>\n<p><strong>Contact<\/strong> : FIXATOR FIXATOR \u2013 8 Rue du Bois Rinier, 49180 Saint-Barth\u00e9lemy-d\u2019Anjou \u2013 FRANCE<\/p>\n<p><\/p>\n<p><\/p>\n<p>T\u00e9l : +33 (0)2 41 31 17 00 \u2013 Courriel :\u00a0<a href=\"mailto:info@fixator.com\">info@fixator.com<\/a><\/p>\n<p><\/p>\n<p><\/p>\n<p>Toute exploitation non autoris\u00e9e du site ou de l\u2019un quelconque des \u00e9l\u00e9ments qu\u2019il contient sera consid\u00e9r\u00e9e comme constitutive d\u2019une contrefa\u00e7on et poursuivie conform\u00e9ment aux dispositions des articles L.335-2 et suivants du Code de Propri\u00e9t\u00e9 Intellectuelle.<\/p>\n<p><\/p>\n<p><\/p>\n<h3 class=\"wp-block-heading\">4. Limitations de responsabilit\u00e9<\/h3>\n<p><\/p>\n<p><\/p>\n<p>FIXATOR ne pourra \u00eatre tenue responsable des dommages directs et indirects caus\u00e9s au mat\u00e9riel de l\u2019utilisateur, lors de l\u2019acc\u00e8s au Site officiel de FIXATOR, et r\u00e9sultant soit de l\u2019utilisation d\u2019un mat\u00e9riel ne r\u00e9pondant pas aux sp\u00e9cifications indiqu\u00e9es au point 4, soit de l\u2019apparition d\u2019un bug ou d\u2019une incompatibilit\u00e9.<\/p>\n<p><\/p>\n<p><\/p>\n<h3 class=\"wp-block-heading\">5. Gestion des donn\u00e9es personnelles<\/h3>\n<p><\/p>\n<p><\/p>\n<p>Voir notre page <a href=\"https:\/\/fixator.fr\/politique-de-confidentialite\/\">Politique de confidentialit\u00e9<\/a>.<\/p>\n<p><\/p>\n<p><\/p>\n<h3 class=\"wp-block-heading\">6. Liens hypertextes et cookies<\/h3>\n<p><\/p>\n<p><\/p>\n<p>Le site <a href=\"https:\/\/fixator.fr\">https:\/\/fixator.fr<\/a> contient un certain nombre de liens hypertextes vers d\u2019autres sites, mis en place avec l\u2019autorisation de FIXATOR. Cependant,\u00a0FIXATOR n\u2019a pas la possibilit\u00e9 de v\u00e9rifier le contenu des sites ainsi visit\u00e9s, et n\u2019assumera en cons\u00e9quence aucune responsabilit\u00e9 de ce fait.<\/p>\n<p><\/p>\n<p><\/p>\n<p>Les utilisateurs et visiteurs du site Web ne peuvent mettre en place un hyperlien en direction de ce site sans l\u2019autorisation expresse et pr\u00e9alable de FIXATOR.<\/p>\n<p><\/p>\n<p><\/p>\n<p><strong>Contact\u00a0<\/strong>: FIXATOR \u2013 8 Rue du Bois Rinier, 49180 Saint-Barth\u00e9lemy-d\u2019Anjou \u2013 FRANCE<\/p>\n<p><\/p>\n<p><\/p>\n<p>T\u00e9T\u00e9l : +33 (0)2 41 31 17 00 \u2013 Courriel :\u00a0<a href=\"mailto:info@fixator.com\">info@fixator.com<\/a><\/p>\n<p><\/p>\n<p><\/p>\n<p>La navigation sur le site <a href=\"https:\/\/fixator.fr\">https:\/\/fixator.fr<\/a> est susceptible de provoquer l\u2019installation de cookie(s) sur l\u2019ordinateur de l\u2019utilisateur. Un cookie est un fichier de petite taille, qui ne permet pas l\u2019identification de l\u2019utilisateur, mais qui enregistre des informations relatives \u00e0 la navigation d\u2019un ordinateur sur un site. Les donn\u00e9es ainsi obtenues visent \u00e0 faciliter la navigation ult\u00e9rieure sur le site, et ont \u00e9galement vocation \u00e0 permettre diverses mesures de fr\u00e9quentation.<\/p>\n<p><\/p>\n<p><\/p>\n<p>Pour plus d\u2019informations sur les cookies, voir notre page\u00a0<a href=\"\/politique-de-confidentialite\/\">Politique de confidentialit\u00e9<\/a>.<\/p>\n<p><\/p>\n<p><\/p>\n<h3 class=\"wp-block-heading\">7. Droit applicable et attribution de juridiction<\/h3>\n<p><\/p>\n<p><\/p>\n<p>Tout litige en relation avec l\u2019utilisation du site <a href=\"https:\/\/fixator.fr\">https:\/\/fixator.fr<\/a> est soumis au droit fran\u00e7ais. Il est fait attribution de juridiction au tribunal comp\u00e9tent : Tribunal Administratif de Nantes \u2013 6 all\u00e9e de l\u2019Ile Gloriette 44041 NANTES Cedex \u2013 T\u00e9l :\u00a002 40 99 46 00<\/p>\n<p><\/p>\n<p><\/p>\n<h3 class=\"wp-block-heading\">8. Les principales lois concern\u00e9es<\/h3>\n<p><\/p>\n<p><\/p>\n<p>Loi n\u00b0 78-87 du 6 janvier 1978, notamment modifi\u00e9e par la loi n\u00b0 2004-801 du 6 ao\u00fbt 2004 relative \u00e0 l\u2019informatique, aux fichiers et aux libert\u00e9s.<\/p>\n<p><\/p>\n<p><\/p>\n<p>Loi n\u00b0 2004-575 du 21 juin 2004 pour la confiance dans l\u2019\u00e9conomie num\u00e9rique.<\/p>\n<p><\/p>\n<p><\/p>\n<p>R\u00e8glement n\u00b0 2016\/679 du Parlement europ\u00e9en et du Conseil (RGPD).<\/p>\n<p><\/p>\n<p><\/p>\n<h3 class=\"wp-block-heading\">9. Lexique<\/h3>\n<p><\/p>\n<p><\/p>\n<p>Utilisateur : Internaute se connectant, utilisant le site susnomm\u00e9.<\/p>\n<p><\/p>\n<p><\/p>\n<p>Informations personnelles : \u00ab les informations qui permettent, sous quelque forme que ce soit, directement ou non, l\u2019identification des personnes physiques auxquelles elles s\u2019appliquent \u00bb (article 4 de la loi n\u00b0 78-17 du 6 janvier 1978).<\/p>\n<p><\/p>\n<p><\/p>\n<p><em>Version applicable au 25 mai 2018.<\/em><\/p>\n<p><\/p>\n<\/div>\n<p><\/p>\n<\/div>\n<p><\/p>\n<\/div>\n<p><\/p>\n<\/div>\n<p><\/p>[\/et_pb_text][\/et_pb_column][\/et_pb_row][\/et_pb_section]","protected":false},"excerpt":{"rendered":"<p>Conditions g\u00e9n\u00e9rales d\u2019utilisation du site et des services propos\u00e9s L\u2019utilisation du site https:\/\/fixator.fr implique l\u2019acceptation pleine et enti\u00e8re des conditions g\u00e9n\u00e9rales d\u2019utilisation ci-apr\u00e8s d\u00e9crites. Ces conditions d\u2019utilisation sont susceptibles d\u2019\u00eatre modifi\u00e9es ou compl\u00e9t\u00e9es \u00e0 tout moment, les utilisateurs du site https:\/\/fixator.fr sont donc invit\u00e9s \u00e0 les consulter de mani\u00e8re r\u00e9guli\u00e8re. Ce site est normalement accessible [&hellip;]<\/p>\n","protected":false},"author":377,"featured_media":0,"parent":0,"menu_order":0,"comment_status":"closed","ping_status":"closed","template":"","meta":{"_acf_changed":false,"_et_pb_use_builder":"on","_et_pb_old_content":"<!-- wp:columns -->\n<div class=\"wp-block-columns\"><!-- wp:column {\"width\":\"100%\"} -->\n<div class=\"wp-block-column\" style=\"flex-basis:100%\"><!-- wp:columns -->\n<div class=\"wp-block-columns\"><!-- wp:column -->\n<div class=\"wp-block-column\"><!-- wp:heading -->\n<h2>Conditions g\u00e9n\u00e9rales d\u2019utilisation du site et des services propos\u00e9s<\/h2>\n<!-- \/wp:heading -->\n\n<!-- wp:paragraph -->\n<p>L\u2019utilisation du site <a href=\"https:\/\/fixator.fr\">https:\/\/fixator.fr<\/a> implique l\u2019acceptation pleine et enti\u00e8re des conditions g\u00e9n\u00e9rales d\u2019utilisation ci-apr\u00e8s d\u00e9crites. Ces conditions d\u2019utilisation sont susceptibles d\u2019\u00eatre modifi\u00e9es ou compl\u00e9t\u00e9es \u00e0 tout moment, les utilisateurs du site <a href=\"https:\/\/fixator.fr\">https:\/\/fixator.fr<\/a> sont donc invit\u00e9s \u00e0 les consulter de mani\u00e8re r\u00e9guli\u00e8re.<\/p>\n<!-- \/wp:paragraph -->\n\n<!-- wp:paragraph -->\n<p>Ce site est normalement accessible \u00e0 tout moment aux utilisateurs. Une interruption pour raison de maintenance technique peut \u00eatre toutefois d\u00e9cid\u00e9e par <a href=\"https:\/\/fixator.fr\">https:\/\/fixator.fr<\/a>, qui s\u2019efforcera alors de communiquer pr\u00e9alablement aux utilisateurs les dates et heures de l\u2019intervention.<\/p>\n<!-- \/wp:paragraph -->\n\n<!-- wp:paragraph -->\n<p>Le site <a href=\"https:\/\/fixator.fr\">https:\/\/fixator.fr<\/a> est mis \u00e0 jour r\u00e9guli\u00e8rement par FIXATOR et les utilisateurs habilit\u00e9s (associations). De la m\u00eame fa\u00e7on, les mentions l\u00e9gales peuvent \u00eatre modifi\u00e9es \u00e0 tout moment : elles s\u2019imposent n\u00e9anmoins \u00e0 l\u2019utilisateur qui est invit\u00e9 \u00e0 s\u2019y r\u00e9f\u00e9rer le plus souvent possible afin d\u2019en prendre connaissance.<\/p>\n<!-- \/wp:paragraph -->\n\n<!-- wp:heading -->\n<h2>1. Description des services fournis<\/h2>\n<!-- \/wp:heading -->\n\n<!-- wp:paragraph -->\n<p>Le site <a href=\"https:\/\/fixator.fr\">https:\/\/fixator.fr<\/a> a pour objet de fournir une information concernant l\u2019ensemble des activit\u00e9s de FIXATOR.<\/p>\n<!-- \/wp:paragraph -->\n\n<!-- wp:paragraph -->\n<p>FIXATOR s\u2019efforce de fournir sur le site <a href=\"https:\/\/fixator.fr\">https:\/\/fixator.fr<\/a> des informations aussi pr\u00e9cises que possible. Toutefois, elle ne pourra \u00eatre tenue responsable des omissions, des inexactitudes et des carences dans la mise \u00e0 jour, qu\u2019elles soient de son fait ou du fait des tiers partenaires qui lui fournissent ces informations.<\/p>\n<!-- \/wp:paragraph -->\n\n<!-- wp:paragraph -->\n<p>Tous les informations indiqu\u00e9es sur le site <a href=\"https:\/\/fixator.fr\">https:\/\/fixator.fr<\/a> sont donn\u00e9es \u00e0 titre indicatif, et sont susceptibles d\u2019\u00e9voluer. Par ailleurs, les renseignements figurant sur le site <a href=\"https:\/\/fixator.fr\">https:\/\/fixator.fr<\/a> ne sont pas exhaustifs. Ils sont donn\u00e9s sous r\u00e9serve de modifications ayant \u00e9t\u00e9 apport\u00e9es depuis leur mise en ligne.<\/p>\n<!-- \/wp:paragraph -->\n\n<!-- wp:heading {\"level\":3} -->\n<h3>2. Limitations contractuelles sur les donn\u00e9es techniques<\/h3>\n<!-- \/wp:heading -->\n\n<!-- wp:paragraph -->\n<p>Le site utilise la technologie JavaScript.<\/p>\n<!-- \/wp:paragraph -->\n\n<!-- wp:paragraph -->\n<p>Le site Internet ne pourra \u00eatre tenu responsable de dommages mat\u00e9riels li\u00e9s \u00e0 l\u2019utilisation du site. De plus, l\u2019utilisateur du site s\u2019engage \u00e0 acc\u00e9der au site en utilisant un mat\u00e9riel r\u00e9cent, ne contenant pas de virus et avec un navigateur de derni\u00e8re g\u00e9n\u00e9ration mis-\u00e0-jour.<\/p>\n<!-- \/wp:paragraph -->\n\n<!-- wp:heading {\"level\":3} -->\n<h3>3. Propri\u00e9t\u00e9 intellectuelle et contrefa\u00e7ons<\/h3>\n<!-- \/wp:heading -->\n\n<!-- wp:paragraph -->\n<p>FIXATOR est propri\u00e9taire des droits de propri\u00e9t\u00e9 intellectuelle ou d\u00e9tient les droits d\u2019usage sur tous les \u00e9l\u00e9ments accessibles sur le site, notamment les textes, images, graphismes, logo, ic\u00f4nes, sons, logiciels.<\/p>\n<!-- \/wp:paragraph -->\n\n<!-- wp:paragraph -->\n<p>Toute reproduction, repr\u00e9sentation, modification, publication, adaptation de tout ou partie des \u00e9l\u00e9ments du site, quel que soit le moyen ou le proc\u00e9d\u00e9 utilis\u00e9, est interdite, sauf autorisation \u00e9crite pr\u00e9alable de FIXATOR.<\/p>\n<!-- \/wp:paragraph -->\n\n<!-- wp:paragraph -->\n<p><strong>Contact<\/strong> : FIXATOR FIXATOR \u2013 8 Rue du Bois Rinier, 49180 Saint-Barth\u00e9lemy-d\u2019Anjou \u2013 FRANCE<\/p>\n<!-- \/wp:paragraph -->\n\n<!-- wp:paragraph -->\n<p>T\u00e9l : +33 (0)2 41 31 17 00 \u2013 Courriel :\u00a0<a href=\"mailto:info@fixator.fr\">info@fixator.fr<\/a><\/p>\n<!-- \/wp:paragraph -->\n\n<!-- wp:paragraph -->\n<p>Toute exploitation non autoris\u00e9e du site ou de l\u2019un quelconque des \u00e9l\u00e9ments qu\u2019il contient sera consid\u00e9r\u00e9e comme constitutive d\u2019une contrefa\u00e7on et poursuivie conform\u00e9ment aux dispositions des articles L.335-2 et suivants du Code de Propri\u00e9t\u00e9 Intellectuelle.<\/p>\n<!-- \/wp:paragraph -->\n\n<!-- wp:heading {\"level\":3} -->\n<h3>4. Limitations de responsabilit\u00e9<\/h3>\n<!-- \/wp:heading -->\n\n<!-- wp:paragraph -->\n<p>FIXATOR ne pourra \u00eatre tenue responsable des dommages directs et indirects caus\u00e9s au mat\u00e9riel de l\u2019utilisateur, lors de l\u2019acc\u00e8s au Site officiel de FIXATOR, et r\u00e9sultant soit de l\u2019utilisation d\u2019un mat\u00e9riel ne r\u00e9pondant pas aux sp\u00e9cifications indiqu\u00e9es au point 4, soit de l\u2019apparition d\u2019un bug ou d\u2019une incompatibilit\u00e9.<\/p>\n<!-- \/wp:paragraph -->\n\n<!-- wp:heading {\"level\":3} -->\n<h3>5. Gestion des donn\u00e9es personnelles<\/h3>\n<!-- \/wp:heading -->\n\n<!-- wp:paragraph -->\n<p>Voir notre page <a href=\"\/politique-de-confidentialite\/\">Politique de confidentialit\u00e9<\/a>.<\/p>\n<!-- \/wp:paragraph -->\n\n<!-- wp:heading {\"level\":3} -->\n<h3>6. Liens hypertextes et cookies<\/h3>\n<!-- \/wp:heading -->\n\n<!-- wp:paragraph -->\n<p>Le site <a href=\"https:\/\/fixator.fr\">https:\/\/fixator.fr<\/a> contient un certain nombre de liens hypertextes vers d\u2019autres sites, mis en place avec l\u2019autorisation de FIXATOR. Cependant,\u00a0FIXATOR n\u2019a pas la possibilit\u00e9 de v\u00e9rifier le contenu des sites ainsi visit\u00e9s, et n\u2019assumera en cons\u00e9quence aucune responsabilit\u00e9 de ce fait.<\/p>\n<!-- \/wp:paragraph -->\n\n<!-- wp:paragraph -->\n<p>Les utilisateurs et visiteurs du site Web ne peuvent mettre en place un hyperlien en direction de ce site sans l\u2019autorisation expresse et pr\u00e9alable de FIXATOR.<\/p>\n<!-- \/wp:paragraph -->\n\n<!-- wp:paragraph -->\n<p><strong>Contact\u00a0<\/strong>: FIXATOR \u2013 8 Rue du Bois Rinier, 49180 Saint-Barth\u00e9lemy-d\u2019Anjou \u2013 FRANCE<\/p>\n<!-- \/wp:paragraph -->\n\n<!-- wp:paragraph -->\n<p>T\u00e9T\u00e9l : +33 (0)2 41 31 17 00 \u2013 Courriel :\u00a0<a href=\"mailto:info@fixator.fr\">info@fixator.fr<\/a><\/p>\n<!-- \/wp:paragraph -->\n\n<!-- wp:paragraph -->\n<p>La navigation sur le site <a href=\"https:\/\/fixator.fr\">https:\/\/fixator.fr<\/a> est susceptible de provoquer l\u2019installation de cookie(s) sur l\u2019ordinateur de l\u2019utilisateur. Un cookie est un fichier de petite taille, qui ne permet pas l\u2019identification de l\u2019utilisateur, mais qui enregistre des informations relatives \u00e0 la navigation d\u2019un ordinateur sur un site. Les donn\u00e9es ainsi obtenues visent \u00e0 faciliter la navigation ult\u00e9rieure sur le site, et ont \u00e9galement vocation \u00e0 permettre diverses mesures de fr\u00e9quentation.<\/p>\n<!-- \/wp:paragraph -->\n\n<!-- wp:paragraph -->\n<p>Pour plus d\u2019informations sur les cookies, voir notre page&nbsp;<a href=\"\/politique-de-confidentialite\/\">Politique de confidentialit\u00e9<\/a>.<\/p>\n<!-- \/wp:paragraph -->\n\n<!-- wp:heading {\"level\":3} -->\n<h3>7. Droit applicable et attribution de juridiction<\/h3>\n<!-- \/wp:heading -->\n\n<!-- wp:paragraph -->\n<p>Tout litige en relation avec l\u2019utilisation du site <a href=\"https:\/\/fixator.fr\">https:\/\/fixator.fr<\/a> est soumis au droit fran\u00e7ais. Il est fait attribution de juridiction au tribunal comp\u00e9tent : Tribunal Administratif de Nantes \u2013 6 all\u00e9e de l\u2019Ile Gloriette 44041 NANTES Cedex \u2013 T\u00e9l :\u00a002 40 99 46 00<\/p>\n<!-- \/wp:paragraph -->\n\n<!-- wp:heading {\"level\":3} -->\n<h3>8. Les principales lois concern\u00e9es<\/h3>\n<!-- \/wp:heading -->\n\n<!-- wp:paragraph -->\n<p>Loi n\u00b0 78-87 du 6 janvier 1978, notamment modifi\u00e9e par la loi n\u00b0 2004-801 du 6 ao\u00fbt 2004 relative \u00e0 l\u2019informatique, aux fichiers et aux libert\u00e9s.<\/p>\n<!-- \/wp:paragraph -->\n\n<!-- wp:paragraph -->\n<p>Loi n\u00b0 2004-575 du 21 juin 2004 pour la confiance dans l\u2019\u00e9conomie num\u00e9rique.<\/p>\n<!-- \/wp:paragraph -->\n\n<!-- wp:paragraph -->\n<p>R\u00e8glement n\u00b0 2016\/679 du Parlement europ\u00e9en et du Conseil (RGPD).<\/p>\n<!-- \/wp:paragraph -->\n\n<!-- wp:heading {\"level\":3} -->\n<h3>9. Lexique<\/h3>\n<!-- \/wp:heading -->\n\n<!-- wp:paragraph -->\n<p>Utilisateur : Internaute se connectant, utilisant le site susnomm\u00e9.<\/p>\n<!-- \/wp:paragraph -->\n\n<!-- wp:paragraph -->\n<p>Informations personnelles : \u00ab les informations qui permettent, sous quelque forme que ce soit, directement ou non, l\u2019identification des personnes physiques auxquelles elles s\u2019appliquent \u00bb (article 4 de la loi n\u00b0 78-17 du 6 janvier 1978).<\/p>\n<!-- \/wp:paragraph -->\n\n<!-- wp:paragraph -->\n<p><em>Version applicable au 25 mai 2018.<\/em><\/p>\n<!-- \/wp:paragraph --><\/div>\n<!-- \/wp:column --><\/div>\n<!-- \/wp:columns --><\/div>\n<!-- \/wp:column --><\/div>\n<!-- \/wp:columns -->","_et_gb_content_width":"","two_page_speed":[],"footnotes":""},"class_list":["post-23","page","type-page","status-publish","hentry"],"acf":[],"_links":{"self":[{"href":"https:\/\/fixator.fr\/es\/wp-json\/wp\/v2\/pages\/23","targetHints":{"allow":["GET"]}}],"collection":[{"href":"https:\/\/fixator.fr\/es\/wp-json\/wp\/v2\/pages"}],"about":[{"href":"https:\/\/fixator.fr\/es\/wp-json\/wp\/v2\/types\/page"}],"author":[{"embeddable":true,"href":"https:\/\/fixator.fr\/es\/wp-json\/wp\/v2\/users\/377"}],"replies":[{"embeddable":true,"href":"https:\/\/fixator.fr\/es\/wp-json\/wp\/v2\/comments?post=23"}],"version-history":[{"count":2,"href":"https:\/\/fixator.fr\/es\/wp-json\/wp\/v2\/pages\/23\/revisions"}],"predecessor-version":[{"id":22098,"href":"https:\/\/fixator.fr\/es\/wp-json\/wp\/v2\/pages\/23\/revisions\/22098"}],"wp:attachment":[{"href":"https:\/\/fixator.fr\/es\/wp-json\/wp\/v2\/media?parent=23"}],"curies":[{"name":"wp","href":"https:\/\/api.w.org\/{rel}","templated":true}]}}