{"id":16036,"date":"2021-05-31T16:00:14","date_gmt":"2021-05-31T14:00:14","guid":{"rendered":"https:\/\/fixator.fr\/our-mission\/"},"modified":"2024-01-29T15:21:45","modified_gmt":"2024-01-29T14:21:45","slug":"nuestra-mision","status":"publish","type":"page","link":"https:\/\/fixator.fr\/es\/notre-mission\/","title":{"rendered":"Nuestra misi\u00f3n"},"content":{"rendered":"<p>[et_pb_section fb_built=&#8221;1&#8243; _builder_version=&#8221;4.21.2&#8243; _module_preset=&#8221;default&#8221; custom_margin=&#8221;0px||||false|false&#8221; custom_padding=&#8221;0px||0px||false|false&#8221; global_colors_info=&#8221;{}&#8221;][et_pb_row _builder_version=&#8221;4.21.2&#8243; _module_preset=&#8221;default&#8221; global_colors_info=&#8221;{}&#8221;][et_pb_column type=&#8221;4_4&#8243; _builder_version=&#8221;4.21.2&#8243; _module_preset=&#8221;default&#8221; global_colors_info=&#8221;{}&#8221;][et_pb_text _builder_version=&#8221;4.23.1&#8243; _module_preset=&#8221;default&#8221; global_colors_info=&#8221;{}&#8221;]<\/p>\n<h1 class=\"entry-title post-title\" style=\"text-align: center;\">Notre mission<\/h1>\n<p>[\/et_pb_text][\/et_pb_column][\/et_pb_row][\/et_pb_section][et_pb_section fb_built=&#8221;1&#8243; admin_label=&#8221;section&#8221; _builder_version=&#8221;4.21.2&#8243; background_color=&#8221;#262626&#8243; use_background_color_gradient=&#8221;on&#8221; background_color_gradient_stops=&#8221;rgba(5,10,1,0.69) 0%|rgba(10,1,1,0.87) 100%&#8221; background_color_gradient_overlays_image=&#8221;on&#8221; background_image=&#8221;https:\/\/fixator.fr\/wp-content\/uploads\/2021\/06\/bandeau-mission-1.jpg&#8221; parallax=&#8221;on&#8221; min_height=&#8221;380px&#8221; custom_margin=&#8221;0px||||false|false&#8221; custom_padding=&#8221;0px||23px||false|false&#8221; global_colors_info=&#8221;{}&#8221;][et_pb_row admin_label=&#8221;row&#8221; module_id=&#8221;formation&#8221; _builder_version=&#8221;4.21.2&#8243; background_size=&#8221;initial&#8221; background_position=&#8221;top_left&#8221; background_repeat=&#8221;repeat&#8221; custom_padding=&#8221;55px||55px||false|false&#8221; global_colors_info=&#8221;{}&#8221;][et_pb_column type=&#8221;4_4&#8243; _builder_version=&#8221;4.21.2&#8243; _module_preset=&#8221;default&#8221; global_colors_info=&#8221;{}&#8221;][et_pb_text _builder_version=&#8221;4.21.2&#8243; _module_preset=&#8221;default&#8221; text_text_color=&#8221;#FFFFFF&#8221; text_font_size=&#8221;33px&#8221; text_line_height=&#8221;1.5em&#8221; header_2_text_color=&#8221;#FFFFFF&#8221; header_2_font_size=&#8221;52px&#8221; text_orientation=&#8221;center&#8221; custom_margin=&#8221;130px|||||&#8221; custom_margin_tablet=&#8221;86px||||false|false&#8221; custom_margin_phone=&#8221;74px||||false|false&#8221; custom_margin_last_edited=&#8221;on|tablet&#8221; global_colors_info=&#8221;{}&#8221;]<\/p>\n<p><span>Lorsque vous utilisez une de nos solutions suspendues, vous entrez dans le monde de l\u2019acc\u00e8s en hauteur illimit\u00e9.<\/span><\/p>\n<p>[\/et_pb_text][\/et_pb_column][\/et_pb_row][\/et_pb_section][et_pb_section fb_built=&#8221;1&#8243; admin_label=&#8221;section&#8221; _builder_version=&#8221;4.21.2&#8243; background_color=&#8221;#262626&#8243; custom_margin=&#8221;0px||||false|false&#8221; custom_padding=&#8221;0px||23px||false|false&#8221; global_colors_info=&#8221;{}&#8221;][et_pb_row column_structure=&#8221;2_5,3_5&#8243; admin_label=&#8221;row&#8221; module_id=&#8221;formation&#8221; _builder_version=&#8221;4.21.2&#8243; background_size=&#8221;initial&#8221; background_position=&#8221;top_left&#8221; background_repeat=&#8221;repeat&#8221; custom_padding=&#8221;55px||55px||false|false&#8221; global_colors_info=&#8221;{}&#8221;][et_pb_column type=&#8221;2_5&#8243; _builder_version=&#8221;4.16&#8243; custom_padding=&#8221;|||&#8221; global_colors_info=&#8221;{}&#8221; custom_padding__hover=&#8221;|||&#8221;][et_pb_image src=&#8221;https:\/\/fixator.fr\/wp-content\/uploads\/2021\/06\/mission-fixator-2-2.jpg&#8221; title_text=&#8221;mission-fixator-2&#8243; _builder_version=&#8221;4.23.1&#8243; _module_preset=&#8221;default&#8221; global_colors_info=&#8221;{}&#8221;][\/et_pb_image][\/et_pb_column][et_pb_column type=&#8221;3_5&#8243; _builder_version=&#8221;4.21.2&#8243; _module_preset=&#8221;default&#8221; global_colors_info=&#8221;{}&#8221;][et_pb_text _builder_version=&#8221;4.23.1&#8243; _module_preset=&#8221;default&#8221; text_text_color=&#8221;#FFFFFF&#8221; global_colors_info=&#8221;{}&#8221;]<\/p>\n<h2 class=\"wp-block-heading\">La Mission FIXATOR<\/h2>\n<p>&nbsp;<\/p>\n<div class=\"wp-block-columns are-vertically-aligned-center has-ui-dark-color has-ui-light-background-color has-text-color has-background\">\n<div class=\"wp-block-column is-vertically-aligned-center\">\n<p><strong>La mission de FIXATOR est de fournir les professionnels qui louent, vendent et\/ou utilisent des syst\u00e8mes d\u2019acc\u00e8s en hauteur suspendus en France et dans le monde entier.<\/strong><\/p>\n<p><strong>Nous nous concentrons<\/strong> en permanence sur les besoins, les nouvelles attentes de nos clients et concevons des <strong>solutions de levage innovantes, faciles d\u2019utilisation et tr\u00e8s s\u00e9cures<\/strong>.<\/p>\n<p>Nous mettons \u00e9galement \u00e0 disposition un d\u00e9partement d\u00e9di\u00e9 \u00e0 la <strong>r\u00e9alisation de solutions \u201csur-mesure\u201d<\/strong>. Notre objectif est de r\u00e9pondre aux sp\u00e9cificit\u00e9s de projets de travaux dans les moindres d\u00e9tails, car chacun d\u2019entre eux n\u00e9cessite un accompagnement personnalis\u00e9 sur la base de besoins r\u00e9els.<\/p>\n<\/div>\n<\/div>\n<div class=\"wp-block-columns are-vertically-aligned-center has-ui-light-color has-ui-dark-background-color has-text-color has-background\">\n<div class=\"wp-block-column is-vertically-aligned-center\">\n<p>&nbsp;<\/p>\n<\/div>\n<\/div>\n<p>[\/et_pb_text][\/et_pb_column][\/et_pb_row][\/et_pb_section][et_pb_section fb_built=&#8221;1&#8243; admin_label=&#8221;section&#8221; module_id=&#8221;sav&#8221; _builder_version=&#8221;4.21.2&#8243; background_color=&#8221;#FFFFFF&#8221; custom_margin=&#8221;0px||||false|false&#8221; custom_padding=&#8221;0px||23px||false|false&#8221; global_colors_info=&#8221;{}&#8221;][et_pb_row column_structure=&#8221;3_5,2_5&#8243; admin_label=&#8221;row&#8221; _builder_version=&#8221;4.21.2&#8243; background_size=&#8221;initial&#8221; background_position=&#8221;top_left&#8221; background_repeat=&#8221;repeat&#8221; custom_padding=&#8221;55px||55px||false|false&#8221; global_colors_info=&#8221;{}&#8221;][et_pb_column type=&#8221;3_5&#8243; _builder_version=&#8221;4.21.2&#8243; _module_preset=&#8221;default&#8221; global_colors_info=&#8221;{}&#8221;][et_pb_text _builder_version=&#8221;4.21.2&#8243; _module_preset=&#8221;default&#8221; text_text_color=&#8221;#000000&#8243; global_colors_info=&#8221;{}&#8221;]<\/p>\n<div class=\"wp-block-columns are-vertically-aligned-center has-ui-dark-color has-ui-light-background-color has-text-color has-background\">\n<div class=\"wp-block-column is-vertically-aligned-center\">\n<p>Notre particularit\u00e9 depuis plus de 97 ans : le suspendu.<\/p>\n<p>&nbsp;<\/p>\n<\/div>\n<\/div>\n<div class=\"wp-block-columns are-vertically-aligned-center has-ui-light-color has-ui-dark-background-color has-text-color has-background\">\n<div class=\"wp-block-column is-vertically-aligned-center\">\n<p>Les \u00e9chafaudages suspendus (ou plateformes suspendues) que nous concevons sont diff\u00e9rents des \u00e9chafaudages tubulaires \/ fixes. <strong>Nos plateformes, nacelles et sellettes suspendues ne reposent pas au sol<\/strong>. Elles s\u2019\u00e9l\u00e8vent \u00e0 l\u2019aide d\u2019un ou plusieurs <strong>treuils \u00e0 c\u00e2bles passant reli\u00e9s \u00e0 un dispositif de suspension<\/strong> (poutres, consoles d\u2019acrot\u00e8re, sur m\u00e2ts), permettant \u00e0 l\u2019utilisateur de se d\u00e9placer de bas en haut le long d\u2019une fa\u00e7ade sur <strong>une hauteur de travail illimit\u00e9e<\/strong>.<\/p>\n<p>Les solutions propos\u00e9es par FIXATOR pr\u00e9sentent <strong>une grande stabilit\u00e9\u00a0<\/strong>et sont sp\u00e9cialement con\u00e7ues pour effectuer des travaux de construction, d\u2019entretien ou de r\u00e9paration sur des b\u00e2timents de <strong>grande hauteur<\/strong>, \u00e0 l\u2019architecture parfois complexe.<\/p>\n<p>Tous les produits que nous d\u00e9veloppons <strong>ont pour but de r\u00e9duire la p\u00e9nibilit\u00e9<\/strong> des hommes et des femmes et <strong>d\u2019accro\u00eetre la rentabilit\u00e9<\/strong> des chantiers.<\/p>\n<p>Nos produits sont <strong>con\u00e7us conform\u00e9ment aux exigences de s\u00e9curit\u00e9 suivant les normes suivantes\u00a0:<\/strong><\/p>\n<ul>\n<li><strong>Directive Machine 2006\/42\/CE <\/strong><em>(Europe)<\/em><\/li>\n<li><strong>CE EN 1808 <\/strong><em>(Europe)<\/em><\/li>\n<li><strong>SASO <\/strong><em>(Arabie Saoudite)<\/em><\/li>\n<li><strong>UL \u00a0<\/strong><em>(Am\u00e9rique du Nord\u00a0: Etats-Unis et Canada)<\/em><\/li>\n<li><strong>CSA <\/strong><em>(Am\u00e9rique du Nord\u00a0: Etats-Unis et Canada)<\/em><\/li>\n<\/ul>\n<p>L\u2019ensemble de nos processus internes est r\u00e9alis\u00e9 selon la <strong>norme ISO 9001 version 2015<\/strong>, certifi\u00e9 par LRQA.<\/p>\n<\/div>\n<\/div>\n<p>[\/et_pb_text][\/et_pb_column][et_pb_column type=&#8221;2_5&#8243; _builder_version=&#8221;4.16&#8243; custom_padding=&#8221;|||&#8221; global_colors_info=&#8221;{}&#8221; custom_padding__hover=&#8221;|||&#8221;][et_pb_image src=&#8221;https:\/\/fixator.fr\/wp-content\/uploads\/2021\/06\/echaffaudage.jpg&#8221; title_text=&#8221;echaffaudage&#8221; _builder_version=&#8221;4.23.1&#8243; _module_preset=&#8221;default&#8221; global_colors_info=&#8221;{}&#8221;][\/et_pb_image][\/et_pb_column][\/et_pb_row][\/et_pb_section][et_pb_section fb_built=&#8221;1&#8243; admin_label=&#8221;section&#8221; module_id=&#8221;repair&#8221; _builder_version=&#8221;4.21.2&#8243; background_color=&#8221;#262626&#8243; custom_margin=&#8221;0px||||false|false&#8221; custom_padding=&#8221;0px||23px||false|false&#8221; global_colors_info=&#8221;{}&#8221;][et_pb_row column_structure=&#8221;1_3,2_3&#8243; admin_label=&#8221;row&#8221; _builder_version=&#8221;4.21.2&#8243; background_size=&#8221;initial&#8221; background_position=&#8221;top_left&#8221; background_repeat=&#8221;repeat&#8221; custom_padding=&#8221;55px||55px||false|false&#8221; global_colors_info=&#8221;{}&#8221;][et_pb_column type=&#8221;1_3&#8243; _builder_version=&#8221;4.16&#8243; custom_padding=&#8221;|||&#8221; global_colors_info=&#8221;{}&#8221; custom_padding__hover=&#8221;|||&#8221;][et_pb_image src=&#8221;https:\/\/fixator.fr\/wp-content\/uploads\/2021\/06\/valeurs-1.jpg&#8221; title_text=&#8221;valeurs-1&#8243; _builder_version=&#8221;4.23.1&#8243; _module_preset=&#8221;default&#8221; global_colors_info=&#8221;{}&#8221;][\/et_pb_image][\/et_pb_column][et_pb_column type=&#8221;2_3&#8243; _builder_version=&#8221;4.21.2&#8243; _module_preset=&#8221;default&#8221; global_colors_info=&#8221;{}&#8221;][et_pb_text _builder_version=&#8221;4.21.2&#8243; _module_preset=&#8221;default&#8221; text_text_color=&#8221;#FFFFFF&#8221; custom_padding=&#8221;||0px|||&#8221; global_colors_info=&#8221;{}&#8221;]<\/p>\n<h2>Our values<\/h2>\n<p>&nbsp;<\/p>\n<div class=\"wp-block-columns are-vertically-aligned-center has-ui-dark-color has-ui-light-background-color has-text-color has-background\">\n<div class=\"wp-block-column is-vertically-aligned-center\">\n<p>La culture de FIXATOR repose avant tout sur des valeurs humaines, qui placent <strong>l\u2019esprit d\u2019\u00e9quipe<\/strong>, le <strong>savoir-faire<\/strong> et le <strong>savoir-\u00eatre<\/strong> au centre des diff\u00e9rents m\u00e9tiers et partenariats. Elles guident nos actions au quotidien et constituent un cadre \u00e0 la mise en \u0153uvre de nos projets au service de nos clients.<\/p>\n<p><strong>L\u2019esprit d\u2019\u00e9quipe<\/strong>, c\u2019est tout d\u2019abord une ouverture d\u2019esprit,\u00a0 un \u00e9change d\u2019exp\u00e9riences, un partage des comp\u00e9tences, une transmission de l\u2019expertise et du savoir-faire. C\u2019est aussi \u00eatre <strong>apte au changement, disponible et ouvert aux autres, au monde<\/strong> avec ce r\u00e9el d\u00e9sir d\u2019entreprendre, de construire et de r\u00e9ussir ensemble.<\/p>\n<p>Ces valeurs sont port\u00e9es par nos \u00e9quipes, qui travaillent avec un seul objectif : <strong>la recherche permanente de l\u2019am\u00e9lioration de la satisfaction de nos clients en France et dans le monde entier<\/strong>.<\/p>\n<\/div>\n<\/div>\n<p>[\/et_pb_text][\/et_pb_column][\/et_pb_row][\/et_pb_section][et_pb_section fb_built=&#8221;1&#8243; admin_label=&#8221;section&#8221; module_id=&#8221;assistance&#8221; _builder_version=&#8221;4.21.2&#8243; background_color=&#8221;#FFFFFF&#8221; custom_margin=&#8221;0px||||false|false&#8221; custom_padding=&#8221;0px||23px||false|false&#8221; global_colors_info=&#8221;{}&#8221;][et_pb_row column_structure=&#8221;3_4,1_4&#8243; admin_label=&#8221;row&#8221; _builder_version=&#8221;4.21.2&#8243; background_size=&#8221;initial&#8221; background_position=&#8221;top_left&#8221; background_repeat=&#8221;repeat&#8221; custom_padding=&#8221;55px||55px||false|false&#8221; global_colors_info=&#8221;{}&#8221;][et_pb_column type=&#8221;3_4&#8243; _builder_version=&#8221;4.21.2&#8243; _module_preset=&#8221;default&#8221; global_colors_info=&#8221;{}&#8221;][et_pb_text _builder_version=&#8221;4.21.2&#8243; _module_preset=&#8221;default&#8221; text_text_color=&#8221;#000000&#8243; custom_margin=&#8221;34px|||||&#8221; global_colors_info=&#8221;{}&#8221;]<\/p>\n<p>O\u00f9 que vous soyez, nous sommes \u00e0 l\u2019\u00e9coute des besoins exprim\u00e9s afin de vous r\u00e9pondre avec r\u00e9activit\u00e9 et performance.<\/p>\n<p>Nous cherchons constamment \u00e0 optimiser nos processus et notre efficacit\u00e9 afin de maximiser notre performance, la qualit\u00e9 de nos produits et de nos services.<\/p>\n<p>Nous garantissons \u00e9galement les prestations attendues par nos clients en termes d\u2019engagement qualit\u00e9 et de d\u00e9lai de livraison en aspirant \u00e0 faire toujours mieux.<\/p>\n<p>La <strong>satisfaction client<\/strong>, est une exigence de comp\u00e9tence, d\u2019expertise, de rigueur, de s\u00e9curit\u00e9 et du travail bien fait.<\/p>\n<p>[\/et_pb_text][\/et_pb_column][et_pb_column type=&#8221;1_4&#8243; _builder_version=&#8221;4.16&#8243; custom_padding=&#8221;|||&#8221; global_colors_info=&#8221;{}&#8221; custom_padding__hover=&#8221;|||&#8221;][et_pb_image src=&#8221;https:\/\/fixator.fr\/wp-content\/uploads\/2021\/06\/valeurs-2-1.jpg&#8221; title_text=&#8221;valeurs-2&#8243; _builder_version=&#8221;4.23.1&#8243; _module_preset=&#8221;default&#8221; global_colors_info=&#8221;{}&#8221;][\/et_pb_image][\/et_pb_column][\/et_pb_row][\/et_pb_section][et_pb_section fb_built=&#8221;1&#8243; admin_label=&#8221;section&#8221; module_id=&#8221;assistance&#8221; _builder_version=&#8221;4.21.2&#8243; background_color=&#8221;#b7b7b7&#8243; background_image=&#8221;https:\/\/fixator.fr\/wp-content\/uploads\/2021\/06\/bandeau-mission-3.jpg&#8221; background_blend=&#8221;screen&#8221; min_height=&#8221;350px&#8221; custom_margin=&#8221;0px||||false|false&#8221; custom_padding=&#8221;0px||23px||false|false&#8221; global_colors_info=&#8221;{}&#8221;][et_pb_row admin_label=&#8221;row&#8221; _builder_version=&#8221;4.21.2&#8243; background_size=&#8221;initial&#8221; background_position=&#8221;top_left&#8221; background_repeat=&#8221;repeat&#8221; custom_padding=&#8221;55px||55px||false|false&#8221; global_colors_info=&#8221;{}&#8221;][et_pb_column type=&#8221;4_4&#8243; _builder_version=&#8221;4.21.2&#8243; _module_preset=&#8221;default&#8221; global_colors_info=&#8221;{}&#8221;][et_pb_text _builder_version=&#8221;4.23.1&#8243; _module_preset=&#8221;default&#8221; text_text_color=&#8221;#000000&#8243; text_font_size=&#8221;32px&#8221; text_line_height=&#8221;1.6em&#8221; custom_margin=&#8221;107px||||false|false&#8221; custom_margin_tablet=&#8221;107px||||false|false&#8221; custom_margin_phone=&#8221;46px||||false|false&#8221; custom_margin_last_edited=&#8221;on|phone&#8221; global_colors_info=&#8221;{}&#8221;]<\/p>\n<p style=\"text-align: center;\"><span>Notre philosophie\u00a0: <\/span><strong>\u00eatre toujours \u00e0 la pointe, penser \u00e0 demain<\/strong><span>.<\/span><\/p>\n<p>[\/et_pb_text][\/et_pb_column][\/et_pb_row][\/et_pb_section]<\/p>\n","protected":false},"excerpt":{"rendered":"<p>Notre missionLorsque vous utilisez une de nos solutions suspendues, vous entrez dans le monde de l\u2019acc\u00e8s en hauteur illimit\u00e9.La Mission FIXATOR &nbsp; La mission de FIXATOR est de fournir les professionnels qui louent, vendent et\/ou utilisent des syst\u00e8mes d\u2019acc\u00e8s en hauteur suspendus en France et dans le monde entier. Nous nous concentrons en permanence sur [&hellip;]<\/p>\n","protected":false},"author":377,"featured_media":14793,"parent":0,"menu_order":2,"comment_status":"closed","ping_status":"closed","template":"","meta":{"_acf_changed":false,"_et_pb_use_builder":"on","_et_pb_old_content":"","_et_gb_content_width":"","two_page_speed":[],"footnotes":""},"class_list":["post-16036","page","type-page","status-publish","has-post-thumbnail","hentry"],"acf":[],"_links":{"self":[{"href":"https:\/\/fixator.fr\/es\/wp-json\/wp\/v2\/pages\/16036","targetHints":{"allow":["GET"]}}],"collection":[{"href":"https:\/\/fixator.fr\/es\/wp-json\/wp\/v2\/pages"}],"about":[{"href":"https:\/\/fixator.fr\/es\/wp-json\/wp\/v2\/types\/page"}],"author":[{"embeddable":true,"href":"https:\/\/fixator.fr\/es\/wp-json\/wp\/v2\/users\/377"}],"replies":[{"embeddable":true,"href":"https:\/\/fixator.fr\/es\/wp-json\/wp\/v2\/comments?post=16036"}],"version-history":[{"count":0,"href":"https:\/\/fixator.fr\/es\/wp-json\/wp\/v2\/pages\/16036\/revisions"}],"wp:featuredmedia":[{"embeddable":true,"href":"https:\/\/fixator.fr\/es\/wp-json\/wp\/v2\/media\/14793"}],"wp:attachment":[{"href":"https:\/\/fixator.fr\/es\/wp-json\/wp\/v2\/media?parent=16036"}],"curies":[{"name":"wp","href":"https:\/\/api.w.org\/{rel}","templated":true}]}}