{"id":3,"date":"2020-11-20T11:37:14","date_gmt":"2020-11-20T11:37:14","guid":{"rendered":"https:\/\/fixator.fr\/?page_id=3"},"modified":"2025-12-15T14:59:02","modified_gmt":"2025-12-15T13:59:02","slug":"legal-notice","status":"publish","type":"page","link":"https:\/\/fixator.fr\/en\/mentions-legales\/","title":{"rendered":"Legal Notice"},"content":{"rendered":"[et_pb_section fb_built=&#8221;1&#8243; admin_label=&#8221;section&#8221; _builder_version=&#8221;4.16&#8243; global_colors_info=&#8221;{}&#8221;][et_pb_row admin_label=&#8221;row&#8221; _builder_version=&#8221;4.16&#8243; background_size=&#8221;initial&#8221; background_position=&#8221;top_left&#8221; background_repeat=&#8221;repeat&#8221; global_colors_info=&#8221;{}&#8221; custom_padding=&#8221;40px|||||&#8221;][et_pb_column type=&#8221;4_4&#8243; _builder_version=&#8221;4.16&#8243; custom_padding=&#8221;|||&#8221; global_colors_info=&#8221;{}&#8221; custom_padding__hover=&#8221;|||&#8221;][et_pb_text admin_label=&#8221;Text&#8221; _builder_version=&#8221;4.27.5&#8243; background_size=&#8221;initial&#8221; background_position=&#8221;top_left&#8221; background_repeat=&#8221;repeat&#8221; hover_enabled=&#8221;0&#8243; global_colors_info=&#8221;{}&#8221; sticky_enabled=&#8221;0&#8243;]<h1 style=\"text-align: center;\">Mentions l\u00e9gales<\/h1>\n<div class=\"wp-block-columns is-layout-flex wp-container-core-columns-is-layout-9d6595d7 wp-block-columns-is-layout-flex\">\n<div class=\"wp-block-column\">\n<p>&nbsp;<\/p>\n<p>En vertu de l\u2019article 6 de la loi n\u00b0 2004-575 du 21 juin 2004 pour la confiance dans l\u2019\u00e9conomie num\u00e9rique, il est pr\u00e9cis\u00e9 aux utilisateurs du site <a href=\"https:\/\/fixator.fr\">https:\/\/fixator.fr<\/a> l\u2019identit\u00e9 des diff\u00e9rents intervenants dans le cadre de sa r\u00e9alisation et de son suivi.<\/p>\n<p><\/p>\n<\/div>\n<p><\/p>\n<\/div>\n<p><!-- \/wp:post-content --><\/p>\n<p><!-- wp:columns --><\/p>\n<div class=\"wp-block-columns\">\n<p><!-- wp:column --><\/p>\n<div class=\"wp-block-column\">\n<p><!-- wp:heading --><\/p>\n<h2 class=\"wp-block-heading\">Cr\u00e9ateur et \u00c9diteur du site<\/h2>\n<p><!-- \/wp:heading --><\/p>\n<p><!-- wp:paragraph -->Le site <a href=\"https:\/\/fixator.fr\">https:\/\/fixator.fr<\/a> a \u00e9t\u00e9 cr\u00e9e par <a href=\"https:\/\/agence-iotaweb.fr\/\" target=\"_blank\" rel=\"noopener\"><strong>IOTAWEB<\/strong><\/a>.<\/p>\n<p><!-- wp:paragraph -->Le site <a href=\"https:\/\/fixator.fr\">https:\/\/fixator.fr<\/a>\u00a0est \u00e9dit\u00e9 par <strong>FIXATOR<\/strong>.<br \/><strong>Directeur de la publication<\/strong> : Bruno PATRON<\/p>\n<p><!-- \/wp:paragraph --><\/p>\n<p><!-- wp:paragraph --><strong>Si\u00e8ge social<\/strong> :<br \/>8 Rue du Bois Rinier<br \/>49180 Saint-Barth\u00e9lemy-d&#8217;Anjou &#8211; FRANCE<\/p>\n<p><!-- \/wp:paragraph --><\/p>\n<p><!-- wp:paragraph --><strong>Forme juridique<\/strong> : Soci\u00e9t\u00e9 par Actions Simplifi\u00e9e<br \/><strong>RCS<\/strong> : Angers B 418\u00a0741\u00a0856<br \/><strong>SIRET<\/strong> : 41874185600029<br \/><strong>N\u00b0TVA Intracommunautaire<\/strong> : FR17418741856<br \/><strong>T\u00e9l\u00e9phone<\/strong> : +33 (0)2 41 31 17 00<br \/><strong>Courrier \u00e9lectronique<\/strong> : <a href=\"mailto:info@fixator.com\" class=\"ek-link\">info@fixator.com<\/a><\/p>\n<p><!-- \/wp:paragraph --><\/p>\n<\/div>\n<p><!-- \/wp:paragraph --><\/p>\n<p><!-- wp:column --><\/p>\n<div class=\"wp-block-column\">\n<p><!-- wp:heading --><\/p>\n<h2 class=\"wp-block-heading\">H\u00e9bergeur du site<\/h2>\n<p><!-- \/wp:heading --><\/p>\n<p><!-- wp:paragraph -->L\u2019h\u00e9bergement du site est assur\u00e9 par\u00a0<strong>la soci\u00e9t\u00e9 <strong>IONOS\u00a0SARL<\/strong><\/strong>.<\/p>\n<p><!-- \/wp:paragraph --><\/p>\n<p><!-- wp:paragraph --><strong>Si\u00e8ge social\u00a0: \u00a0\u00a0\u00a0\u00a0\u00a0\u00a0\u00a0\u00a0\u00a0\u00a0\u00a0\u00a0<\/strong><br \/>7, place de la Gare<br \/>BP 70109<br \/>57200 Sarreguemines Cedex<br \/>France<\/p>\n<p><!-- \/wp:paragraph --><\/p>\n<p><!-- wp:paragraph --><strong>Forme juridique\u00a0: <\/strong>Soci\u00e9t\u00e9 \u00e0 responsabilit\u00e9 limit\u00e9e (sans autre indication)<br \/><strong>SIREN\u00a0: <\/strong>431 303 775<br \/><strong>SIRET\u00a0: <\/strong>431 303 775 00016<\/p>\n<p><!-- \/wp:paragraph --><\/p>\n<\/div>\n<p><!-- \/wp:column --><\/p>\n<\/div>\n<p><!-- \/wp:column --><\/p>\n<p><!-- wp:columns --><\/p>\n<div class=\"wp-block-columns\">\n<p><!-- wp:column --><\/p>\n<div class=\"wp-block-column\">\n<p><!-- wp:paragraph -->Pour consulter :<span style=\"font-size: 14px;\">\u00a0<\/span><\/p>\n<ul>\n<ul>\n<li>Notre Politique de protection de la vie priv\u00e9e, cliquez <a href=\"\/politique-de-confidentialite\/\" class=\"ek-link\">ici<\/a><\/li>\n<li>Nos Conditions G\u00e9n\u00e9rales d\u2019Utilisation, cliquez <a href=\"\/conditions-generales-dutilisation-cgu\/\" class=\"ek-link\" style=\"font-size: 14px;\">ici<\/a><\/li>\n<\/ul>\n<\/ul>\n<p><!-- \/wp:paragraph --><\/p>\n<p><!-- \/wp:column --><\/p>\n<\/div>\n<p><!-- \/wp:columns --><\/p>\n<\/div>\n<p><!-- \/wp:columns --><\/p>[\/et_pb_text][\/et_pb_column][\/et_pb_row][\/et_pb_section]","protected":false},"excerpt":{"rendered":"<p>Mentions l\u00e9gales &nbsp; En vertu de l\u2019article 6 de la loi n\u00b0 2004-575 du 21 juin 2004 pour la confiance dans l\u2019\u00e9conomie num\u00e9rique, il est pr\u00e9cis\u00e9 aux utilisateurs du site https:\/\/fixator.fr l\u2019identit\u00e9 des diff\u00e9rents intervenants dans le cadre de sa r\u00e9alisation et de son suivi. Cr\u00e9ateur et \u00c9diteur du site Le site https:\/\/fixator.fr a \u00e9t\u00e9 [&hellip;]<\/p>\n","protected":false},"author":377,"featured_media":0,"parent":0,"menu_order":0,"comment_status":"open","ping_status":"open","template":"","meta":{"_acf_changed":false,"_et_pb_use_builder":"on","_et_pb_old_content":"<!-- wp:columns -->\n<div class=\"wp-block-columns\"><!-- wp:column -->\n<div class=\"wp-block-column\"><!-- wp:paragraph -->\n<p>En vertu de l\u2019article 6 de la loi n\u00b0 2004-575 du 21 juin 2004 pour la confiance dans l\u2019\u00e9conomie num\u00e9rique, il est pr\u00e9cis\u00e9 aux utilisateurs du site <a href=\"https:\/\/fixator.fr\">https:\/\/fixator.fr<\/a> l\u2019identit\u00e9 des diff\u00e9rents intervenants dans le cadre de sa r\u00e9alisation et de son suivi.<\/p>\n<!-- \/wp:paragraph --><\/div>\n<!-- \/wp:column --><\/div>\n<!-- \/wp:columns -->\n\n<!-- wp:columns -->\n<div class=\"wp-block-columns\"><!-- wp:column -->\n<div class=\"wp-block-column\"><!-- wp:heading -->\n<h2 class=\"wp-block-heading\">\u00c9diteur du site<\/h2>\n<!-- \/wp:heading -->\n\n<!-- wp:paragraph -->\n<p>Le site <a href=\"https:\/\/fixator.fr\">https:\/\/fixator.fr<\/a>&nbsp;est \u00e9dit\u00e9 par <strong>FIXATOR<\/strong>.<br><strong>Directeur de la publication<\/strong> : Bruno PATRON<\/p>\n<!-- \/wp:paragraph -->\n\n<!-- wp:paragraph -->\n<p><strong>Si\u00e8ge social<\/strong> :<br>8 Rue du Bois Rinier<br>49180 Saint-Barth\u00e9lemy-d'Anjou - FRANCE<\/p>\n<!-- \/wp:paragraph -->\n\n<!-- wp:paragraph -->\n<p><strong>Forme juridique<\/strong> : Soci\u00e9t\u00e9 par Actions Simplifi\u00e9e<br><strong>RCS<\/strong> : Angers B 418\u00a0741\u00a0856<br><strong>SIRET<\/strong> : 41874185600029<br><strong>N\u00b0TVA Intracommunautaire<\/strong> : FR17418741856<br><strong>T\u00e9l\u00e9phone<\/strong> : +33 (0)2 41 31 17 00<br><strong>Courrier \u00e9lectronique<\/strong> : <a href=\"mailto:info@fixator.com\" class=\"ek-link\">info@fixator.com<\/a><\/p>\n<!-- \/wp:paragraph --><\/div>\n<!-- \/wp:column -->\n\n<!-- wp:column -->\n<div class=\"wp-block-column\"><!-- wp:heading -->\n<h2 class=\"wp-block-heading\">H\u00e9bergeur du site<\/h2>\n<!-- \/wp:heading -->\n\n<!-- wp:paragraph -->\n<p>L\u2019h\u00e9bergement du site est assur\u00e9 par\u00a0<strong>la soci\u00e9t\u00e9 <strong>IONOS\u00a0SARL<\/strong><\/strong>.<\/p>\n<!-- \/wp:paragraph -->\n\n<!-- wp:paragraph -->\n<p><strong>Si\u00e8ge social\u00a0: \u00a0\u00a0\u00a0\u00a0\u00a0\u00a0\u00a0\u00a0\u00a0\u00a0\u00a0\u00a0<\/strong>\u00a0\u00a0\u00a0\u00a0\u00a0\u00a0\u00a0\u00a0\u00a0\u00a0\u00a0\u00a0\u00a0\u00a0\u00a0\u00a0\u00a0\u00a0\u00a0\u00a0\u00a0\u00a0\u00a0\u00a0\u00a0\u00a0\u00a0\u00a0\u00a0\u00a0\u00a0\u00a0\u00a0\u00a0\u00a0\u00a0\u00a0\u00a0\u00a0\u00a0\u00a0\u00a0\u00a0\u00a0\u00a0\u00a0 \u00a0\u00a0\u00a0\u00a0\u00a0\u00a0\u00a0\u00a0\u00a0\u00a0\u00a0<br>7, place de la Gare \u00a0\u00a0\u00a0\u00a0\u00a0\u00a0\u00a0\u00a0\u00a0\u00a0\u00a0\u00a0\u00a0\u00a0\u00a0\u00a0\u00a0\u00a0\u00a0\u00a0\u00a0\u00a0\u00a0\u00a0\u00a0\u00a0\u00a0\u00a0\u00a0\u00a0\u00a0\u00a0\u00a0\u00a0\u00a0\u00a0\u00a0\u00a0\u00a0\u00a0\u00a0\u00a0\u00a0\u00a0\u00a0\u00a0\u00a0\u00a0\u00a0\u00a0\u00a0\u00a0\u00a0\u00a0\u00a0\u00a0\u00a0\u00a0\u00a0\u00a0\u00a0\u00a0\u00a0\u00a0\u00a0\u00a0\u00a0\u00a0\u00a0\u00a0\u00a0\u00a0\u00a0\u00a0\u00a0\u00a0 \u00a0\u00a0\u00a0\u00a0\u00a0\u00a0\u00a0<br>BP 70109 \u00a0\u00a0\u00a0\u00a0\u00a0\u00a0\u00a0\u00a0\u00a0\u00a0\u00a0\u00a0\u00a0\u00a0\u00a0\u00a0\u00a0\u00a0\u00a0\u00a0\u00a0\u00a0\u00a0\u00a0\u00a0\u00a0\u00a0\u00a0\u00a0\u00a0\u00a0\u00a0\u00a0\u00a0\u00a0\u00a0\u00a0\u00a0\u00a0\u00a0\u00a0\u00a0\u00a0\u00a0\u00a0\u00a0\u00a0\u00a0\u00a0\u00a0\u00a0\u00a0\u00a0\u00a0\u00a0\u00a0\u00a0\u00a0\u00a0\u00a0\u00a0\u00a0\u00a0\u00a0\u00a0\u00a0\u00a0\u00a0\u00a0\u00a0\u00a0\u00a0\u00a0\u00a0\u00a0\u00a0 \u00a0\u00a0\u00a0\u00a0\u00a0\u00a0\u00a0\u00a0\u00a0\u00a0\u00a0\u00a0\u00a0\u00a0<br>57200 Sarreguemines Cedex<br>France<\/p>\n<!-- \/wp:paragraph -->\n\n<!-- wp:paragraph -->\n<p><strong>Forme juridique\u00a0: <\/strong>Soci\u00e9t\u00e9 \u00e0 responsabilit\u00e9 limit\u00e9e (sans autre indication)<br><strong>SIREN\u00a0: <\/strong>431 303 775<br><strong>SIRET\u00a0: <\/strong>431 303 775 00016<\/p>\n<!-- \/wp:paragraph --><\/div>\n<!-- \/wp:column --><\/div>\n<!-- \/wp:columns -->\n\n<!-- wp:columns -->\n<div class=\"wp-block-columns\"><!-- wp:column -->\n<div class=\"wp-block-column\"><!-- wp:paragraph -->\n<p>Pour consulter :<\/p>\n<!-- \/wp:paragraph -->\n\n<!-- wp:list -->\n<ul><!-- wp:list-item -->\n<li>Notre Politique de protection de la vie priv\u00e9e, cliquez <a href=\"\/politique-de-confidentialite\/\" class=\"ek-link\">ici<\/a><\/li>\n<!-- \/wp:list-item -->\n\n<!-- wp:list-item -->\n<li>Nos Conditions G\u00e9n\u00e9rales d\u2019Utilisation, cliquez <a href=\"\/conditions-generales-dutilisation-cgu\/\" class=\"ek-link\">ici<\/a><\/li>\n<!-- \/wp:list-item --><\/ul>\n<!-- \/wp:list --><\/div>\n<!-- \/wp:column --><\/div>\n<!-- \/wp:columns -->","_et_gb_content_width":"","two_page_speed":[],"footnotes":""},"class_list":["post-3","page","type-page","status-publish","hentry"],"acf":[],"_links":{"self":[{"href":"https:\/\/fixator.fr\/en\/wp-json\/wp\/v2\/pages\/3","targetHints":{"allow":["GET"]}}],"collection":[{"href":"https:\/\/fixator.fr\/en\/wp-json\/wp\/v2\/pages"}],"about":[{"href":"https:\/\/fixator.fr\/en\/wp-json\/wp\/v2\/types\/page"}],"author":[{"embeddable":true,"href":"https:\/\/fixator.fr\/en\/wp-json\/wp\/v2\/users\/377"}],"replies":[{"embeddable":true,"href":"https:\/\/fixator.fr\/en\/wp-json\/wp\/v2\/comments?post=3"}],"version-history":[{"count":1,"href":"https:\/\/fixator.fr\/en\/wp-json\/wp\/v2\/pages\/3\/revisions"}],"predecessor-version":[{"id":22099,"href":"https:\/\/fixator.fr\/en\/wp-json\/wp\/v2\/pages\/3\/revisions\/22099"}],"wp:attachment":[{"href":"https:\/\/fixator.fr\/en\/wp-json\/wp\/v2\/media?parent=3"}],"curies":[{"name":"wp","href":"https:\/\/api.w.org\/{rel}","templated":true}]}}