{"id":24,"date":"2020-11-20T12:44:10","date_gmt":"2020-11-20T11:44:10","guid":{"rendered":"https:\/\/fixator.fr\/politique-de-confidentialite\/"},"modified":"2025-12-15T15:35:00","modified_gmt":"2025-12-15T14:35:00","slug":"privacy-policy","status":"publish","type":"page","link":"https:\/\/fixator.fr\/en\/politique-de-confidentialite\/","title":{"rendered":"Privacy Policy"},"content":{"rendered":"[et_pb_section fb_built=&#8221;1&#8243; admin_label=&#8221;section&#8221; _builder_version=&#8221;4.16&#8243; global_colors_info=&#8221;{}&#8221;][et_pb_row admin_label=&#8221;row&#8221; _builder_version=&#8221;4.16&#8243; background_size=&#8221;initial&#8221; background_position=&#8221;top_left&#8221; background_repeat=&#8221;repeat&#8221; global_colors_info=&#8221;{}&#8221;][et_pb_column type=&#8221;4_4&#8243; _builder_version=&#8221;4.16&#8243; custom_padding=&#8221;|||&#8221; global_colors_info=&#8221;{}&#8221; custom_padding__hover=&#8221;|||&#8221;][et_pb_text admin_label=&#8221;Text&#8221; _builder_version=&#8221;4.27.5&#8243; background_size=&#8221;initial&#8221; background_position=&#8221;top_left&#8221; background_repeat=&#8221;repeat&#8221; global_colors_info=&#8221;{}&#8221;]<p><\/p>\n<div class=\"wp-block-columns is-layout-flex wp-container-core-columns-is-layout-9d6595d7 wp-block-columns-is-layout-flex\">\n<p><\/p>\n<div class=\"wp-block-column is-layout-flow wp-block-column-is-layout-flow\" style=\"flex-basis: 100%;\">\n<p><\/p>\n<div class=\"wp-block-columns is-layout-flex wp-container-core-columns-is-layout-9d6595d7 wp-block-columns-is-layout-flex\">\n<p><\/p>\n<div class=\"wp-block-column is-layout-flow wp-block-column-is-layout-flow\" style=\"flex-basis: 100%;\">\n<p><\/p>\n<div class=\"wp-block-columns is-layout-flex wp-container-core-columns-is-layout-9d6595d7 wp-block-columns-is-layout-flex\">\n<p><\/p>\n<div class=\"wp-block-column is-layout-flow wp-block-column-is-layout-flow\">\n<p><\/p>\n<h1 class=\"wp-block-heading\" style=\"text-align: center;\">Politique de confidentialit\u00e9<\/h1>\n<p>&nbsp;<\/p>\n<h2>Qui sommes-nous ?<\/h2>\n<p><\/p>\n<p><\/p>\n<p>L\u2019adresse de notre site Web est\u00a0: <a href=\"https:\/\/fixator.fr\">https:\/\/fixator.fr<\/a>.<\/p>\n<p><\/p>\n<p><\/p>\n<h2 class=\"wp-block-heading\">Utilisation des donn\u00e9es personnelles collect\u00e9es<\/h2>\n<p><\/p>\n<p><\/p>\n<h3 class=\"wp-block-heading\">M\u00e9dias<\/h3>\n<p><\/p>\n<p><\/p>\n<p>Si vous \u00eates un utilisateur ou une utilisatrice enregistr\u00e9(e) et que vous t\u00e9l\u00e9versez des images sur le site web, nous vous conseillons d\u2019\u00e9viter de t\u00e9l\u00e9verser des images contenant des donn\u00e9es EXIF de coordonn\u00e9es GPS. Les visiteurs de notre site web peuvent t\u00e9l\u00e9charger et extraire des donn\u00e9es de localisation depuis ces images.<\/p>\n<p><\/p>\n<p><\/p>\n<h3 class=\"wp-block-heading\">Formulaire de contact<\/h3>\n<p><\/p>\n<p><\/p>\n<p>Les donn\u00e9es personnelles recueillies sur le site r\u00e9sultent de la <strong>communication volontaire<\/strong> d\u2019une adresse ou de donn\u00e9es saisies volontairement dans des formulaires. Ces \u00e9l\u00e9ments ne sont utilis\u00e9s que pour satisfaire une demande de l\u2019utilisateur ou finaliser une formalit\u00e9 administrative et restent confidentielles.<\/p>\n<p><\/p>\n<p><\/p>\n<h3 class=\"wp-block-heading\">Cookies<\/h3>\n<p><\/p>\n<p><\/p>\n<p><strong>Cookies internes n\u00e9cessaires au site pour fonctionner<\/strong><\/p>\n<p><\/p>\n<p><\/p>\n<p>Ces cookies permettent au site de fonctionner de mani\u00e8re optimale. Vous pouvez vous y opposer et les supprimer en utilisant les param\u00e8tres de votre navigateur, cependant votre exp\u00e9rience utilisateur risque d\u2019\u00eatre d\u00e9grad\u00e9e.<\/p>\n<p><\/p>\n<p><\/p>\n<figure class=\"wp-block-table\">\n<table>\n<tbody>\n<tr>\n<td><strong>Nom brut du cookie<\/strong><\/td>\n<td><strong>Nom courant du cookie<\/strong><\/td>\n<td><strong>Finalit\u00e9s<\/strong><\/td>\n<td><strong>Editeur du cookie<\/strong><\/td>\n<td><strong>Dur\u00e9e de conservation<\/strong><\/td>\n<\/tr>\n<tr>\n<td>PHPSESSID<\/td>\n<td>Session de PHP<\/td>\n<td>Permet de g\u00e9rer la session d\u2019un internaute sur son navigateur.<\/td>\n<td>Anthony Menard<\/td>\n<td>Jusqu\u2019\u00e0 la fermeture du navigateur.<\/td>\n<\/tr>\n<tr>\n<td>resolution<\/td>\n<td>R\u00e9solution<\/td>\n<td>D\u00e9termine la taille d\u2019\u00e9cran du navigateur Internet.<\/td>\n<td>Anthony Menard<\/td>\n<td>Jusqu\u2019\u00e0 la fermeture du navigateur.<\/td>\n<\/tr>\n<tr>\n<td>tarteaucitron<\/td>\n<td>Tarte au citron<\/td>\n<td>Gestionnaire de consentement des cookies<\/td>\n<td>Anthony Menard<\/td>\n<td>Jusqu\u2019\u00e0 suppression par l\u2019utilisateur ou, par d\u00e9faut, 13 mois.<\/td>\n<\/tr>\n<\/tbody>\n<\/table>\n<\/figure>\n<p><\/p>\n<p><\/p>\n<p><strong>Cookies de mesure d\u2019audience<\/strong><\/p>\n<p><\/p>\n<p><\/p>\n<p>En vue d\u2019adapter le site aux demandes de ses visiteurs, le nombre de visites, le nombre de pages vues ainsi que l\u2019activit\u00e9 des visiteurs sur le site et leur fr\u00e9quence de retour sont mesur\u00e9s via Google Analytics, lequel g\u00e9n\u00e8re les cookies suivants :<\/p>\n<p><\/p>\n<p><\/p>\n<figure class=\"wp-block-table\">\n<table>\n<tbody>\n<tr>\n<td><strong>Nom brut du cookie<\/strong><\/td>\n<td><strong>Nom courant du cookie<\/strong><\/td>\n<td><strong>Finalit\u00e9s<\/strong><\/td>\n<td><strong>Editeur du cookie<\/strong><\/td>\n<td><strong>Dur\u00e9e de conservation<\/strong><\/td>\n<\/tr>\n<tr>\n<td>_ga\u00a0; _gid\u00a0; _gat<\/td>\n<td>Google Analytics<\/td>\n<td>Analyse du trafic du site internet pour Google.<\/td>\n<td>Google<\/td>\n<td>Jusqu\u2019\u00e0 suppression par l\u2019utilisateur ou, par d\u00e9faut, 13 mois.<\/td>\n<\/tr>\n<\/tbody>\n<\/table>\n<\/figure>\n<p><\/p>\n<p><\/p>\n<p><strong>Cookies tiers<\/strong><\/p>\n<p><\/p>\n<p><\/p>\n<p>Certains services tiers utilis\u00e9s sur notre site Internet (Google Maps, Google ReCAPTCHA, etc.) peuvent d\u00e9poser des cookies sur votre ordinateur. Vous pouvez s\u00e9lectionner quel(s) cookie(s) vous autorisez en cliquant sur le lien \u00ab Gestion des cookies \u00bb qui se trouve dans le pied-de-page de ce site Internet.<\/p>\n<p><\/p>\n<p><\/p>\n<h3 class=\"wp-block-heading\">Contenu embarqu\u00e9 depuis d\u2019autres sites<\/h3>\n<p><\/p>\n<p><\/p>\n<p>Les articles de ce site peuvent inclure des contenus int\u00e9gr\u00e9s (par exemple des vid\u00e9os, images, articles\u2026). Le contenu int\u00e9gr\u00e9 depuis d\u2019autres sites se comporte de la m\u00eame mani\u00e8re que si le visiteur se rendait sur cet autre site.<\/p>\n<p><\/p>\n<p><\/p>\n<p>Ces sites web pourraient collecter des donn\u00e9es sur vous, utiliser des cookies, embarquer des outils de suivis tiers, suivre vos interactions avec ces contenus embarqu\u00e9s si vous disposez d\u2019un compte connect\u00e9 sur leur site web.<\/p>\n<p><\/p>\n<p><\/p>\n<h3 class=\"wp-block-heading\">Statistiques et mesures d\u2019audience<\/h3>\n<p><\/p>\n<p><\/p>\n<p>Nous utilisons le service Google Analytics afin de mesurer les visites sur notre site Internet. Vous avez la possibilit\u00e9 de d\u00e9sactiver ce service gr\u00e2ce au lien\u00a0\u00ab\u00a0Gestion des cookies\u00a0\u00bb qui se trouve dans le footer de nos pages.<\/p>\n<p><\/p>\n<p><\/p>\n<h2 class=\"wp-block-heading\">Utilisation et transmission de vos donn\u00e9es personnelles<\/h2>\n<p><\/p>\n<p><\/p>\n<h3 class=\"wp-block-heading\">Dur\u00e9es de stockage de vos donn\u00e9es<\/h3>\n<p><\/p>\n<p><\/p>\n<p>Les donn\u00e9es personnelles recueillies sur ce site ne seront conserv\u00e9es au-del\u00e0 de 36 mois que si le dossier concernant ces donn\u00e9es est actif. En cas d\u2019inactivit\u00e9, les donn\u00e9es personnelles seront supprim\u00e9es au maximum dans les 36 mois suivant la collecte.<\/p>\n<p><\/p>\n<p><\/p>\n<p>Tout utilisateur (enregistr\u00e9 ou non) a \u00e9galement la possibilit\u00e9 de demander \u00e0 consulter et\/ou supprimer ses donn\u00e9es personnelles\u00a0en contactant FIXATOR.<\/p>\n<p><\/p>\n<p><\/p>\n<p><strong>Contact\u00a0<\/strong>: FIXATOR \u2013 8 Rue du Bois Rinier, 49180 Saint-Barth\u00e9lemy-d\u2019Anjou \u2013 FRANCE<\/p>\n<p><\/p>\n<p><\/p>\n<p>T\u00e9l : +33 (0)2 41 31 17 00 \u2013 Courriel : <a href=\"mailto:info@fixator.com\">info@fixator.com<\/a><\/p>\n<p><\/p>\n<p><\/p>\n<h3 class=\"wp-block-heading\">Transmission de vos donn\u00e9es personnelles<\/h3>\n<p><\/p>\n<p><\/p>\n<p>Les donn\u00e9es personnelles recueillies sur ce site ne peuvent en aucun \u00eatre transmises \u00e0 des tiers \u00e0 des fins commerciales ou autre.<\/p>\n<p><\/p>\n<p><\/p>\n<h3 class=\"wp-block-heading\">Proc\u00e9dure mises en \u0153uvre en cas de fuite de donn\u00e9es<\/h3>\n<p><\/p>\n<p><\/p>\n<p>Conform\u00e9ment \u00e0 l\u2019article 33 du RPGD, la commune notifiera \u00e0 la CNIL toute\u00a0violation de donn\u00e9es \u00e0 caract\u00e8re personnel pr\u00e9sentant un risque pour les droits et libert\u00e9s des personnes dans un d\u00e9lai maximum de 72 heures.<\/p>\n<p><\/p>\n<p><\/p>\n<p><em>Version applicable au 25 mai 2018.<\/em><\/p>\n<\/div>\n<p><\/p>\n<\/div>\n<p><\/p>\n<\/div>\n<p><\/p>\n<\/div>\n<p><\/p>\n<\/div>\n<p><\/p>\n<\/div>\n<p><\/p>[\/et_pb_text][\/et_pb_column][\/et_pb_row][\/et_pb_section]","protected":false},"excerpt":{"rendered":"<p>Politique de confidentialit\u00e9 &nbsp; Qui sommes-nous ? L\u2019adresse de notre site Web est\u00a0: https:\/\/fixator.fr. Utilisation des donn\u00e9es personnelles collect\u00e9es M\u00e9dias Si vous \u00eates un utilisateur ou une utilisatrice enregistr\u00e9(e) et que vous t\u00e9l\u00e9versez des images sur le site web, nous vous conseillons d\u2019\u00e9viter de t\u00e9l\u00e9verser des images contenant des donn\u00e9es EXIF de coordonn\u00e9es GPS. Les [&hellip;]<\/p>\n","protected":false},"author":377,"featured_media":0,"parent":0,"menu_order":0,"comment_status":"closed","ping_status":"closed","template":"","meta":{"_acf_changed":false,"_et_pb_use_builder":"on","_et_pb_old_content":"<!-- wp:columns -->\r\n<div class=\"wp-block-columns\"><!-- wp:column {\"width\":\"100%\"} -->\r\n<div class=\"wp-block-column\" style=\"flex-basis:100%\"><!-- wp:columns -->\r\n<div class=\"wp-block-columns\"><!-- wp:column {\"width\":\"100%\"} -->\r\n<div class=\"wp-block-column\" style=\"flex-basis:100%\"><!-- wp:columns -->\r\n<div class=\"wp-block-columns\"><!-- wp:column -->\r\n<div class=\"wp-block-column\"><!-- wp:heading -->\r\n<h2>Qui sommes-nous\u00a0?<\/h2>\r\n<!-- \/wp:heading -->\r\n\r\n<!-- wp:paragraph -->\r\n<p>L\u2019adresse de notre site Web est\u00a0: <a href=\"https:\/\/fixator.fr\">https:\/\/fixator.fr<\/a>.<\/p>\r\n<!-- \/wp:paragraph -->\r\n\r\n<!-- wp:heading -->\r\n<h2>Utilisation des donn\u00e9es personnelles collect\u00e9es<\/h2>\r\n<!-- \/wp:heading -->\r\n\r\n<!-- wp:heading {\"level\":3} -->\r\n<h3>M\u00e9dias<\/h3>\r\n<!-- \/wp:heading -->\r\n\r\n<!-- wp:paragraph -->\r\n<p>Si vous \u00eates un utilisateur ou une utilisatrice enregistr\u00e9(e) et que vous t\u00e9l\u00e9versez des images sur le site web, nous vous conseillons d\u2019\u00e9viter de t\u00e9l\u00e9verser des images contenant des donn\u00e9es EXIF de coordonn\u00e9es GPS. Les visiteurs de notre site web peuvent t\u00e9l\u00e9charger et extraire des donn\u00e9es de localisation depuis ces images.<\/p>\r\n<!-- \/wp:paragraph -->\r\n\r\n<!-- wp:heading {\"level\":3} -->\r\n<h3>Formulaire de contact<\/h3>\r\n<!-- \/wp:heading -->\r\n\r\n<!-- wp:paragraph -->\r\n<p>Les donn\u00e9es personnelles recueillies sur le site r\u00e9sultent de la <strong>communication volontaire<\/strong> d\u2019une adresse ou de donn\u00e9es saisies volontairement dans des formulaires. Ces \u00e9l\u00e9ments ne sont utilis\u00e9s que pour satisfaire une demande de l\u2019utilisateur ou finaliser une formalit\u00e9 administrative et restent confidentielles.<\/p>\r\n<!-- \/wp:paragraph -->\r\n\r\n<!-- wp:heading {\"level\":3} -->\r\n<h3>Cookies<\/h3>\r\n<!-- \/wp:heading -->\r\n\r\n<!-- wp:paragraph -->\r\n<p><strong>Cookies internes n\u00e9cessaires au site pour fonctionner<\/strong><\/p>\r\n<!-- \/wp:paragraph -->\r\n\r\n<!-- wp:paragraph -->\r\n<p>Ces cookies permettent au site de fonctionner de mani\u00e8re optimale. Vous pouvez vous y opposer et les supprimer en utilisant les param\u00e8tres de votre navigateur, cependant votre exp\u00e9rience utilisateur risque d\u2019\u00eatre d\u00e9grad\u00e9e.<\/p>\r\n<!-- \/wp:paragraph -->\r\n\r\n<!-- wp:table -->\r\n<figure class=\"wp-block-table\"><table><tbody><tr><td><strong>Nom brut du cookie<\/strong><\/td><td><strong>Nom courant du cookie<\/strong><\/td><td><strong>Finalit\u00e9s<\/strong><\/td><td><strong>Editeur du cookie<\/strong><\/td><td><strong>Dur\u00e9e de conservation<\/strong><\/td><\/tr><tr><td>PHPSESSID<\/td><td>Session de PHP<\/td><td>Permet de g\u00e9rer la session d\u2019un internaute sur son navigateur.<\/td><td>Atmosph\u00e8re Communication<\/td><td>Jusqu\u2019\u00e0 la fermeture du navigateur.<\/td><\/tr><tr><td>resolution<\/td><td>R\u00e9solution<\/td><td>D\u00e9termine la taille d\u2019\u00e9cran du navigateur Internet.<\/td><td>Atmosph\u00e8re Communication<\/td><td>Jusqu\u2019\u00e0 la fermeture du navigateur.<\/td><\/tr><tr><td>tarteaucitron<\/td><td>Tarte au citron<\/td><td>Gestionnaire de consentement des cookies<\/td><td>Tarte au citron<\/td><td>Jusqu\u2019\u00e0 suppression par l\u2019utilisateur ou, par d\u00e9faut, 13 mois.<\/td><\/tr><\/tbody><\/table><\/figure>\r\n<!-- \/wp:table -->\r\n\r\n<!-- wp:paragraph -->\r\n<p><strong>Cookies de mesure d\u2019audience<\/strong><\/p>\r\n<!-- \/wp:paragraph -->\r\n\r\n<!-- wp:paragraph -->\r\n<p>En vue d\u2019adapter le site aux demandes de ses visiteurs, le nombre de visites, le nombre de pages vues ainsi que l\u2019activit\u00e9 des visiteurs sur le site et leur fr\u00e9quence de retour sont mesur\u00e9s via Google Analytics, lequel g\u00e9n\u00e8re les cookies suivants :<\/p>\r\n<!-- \/wp:paragraph -->\r\n\r\n<!-- wp:table -->\r\n<figure class=\"wp-block-table\"><table><tbody><tr><td><strong>Nom brut du cookie<\/strong><\/td><td><strong>Nom courant du cookie<\/strong><\/td><td><strong>Finalit\u00e9s<\/strong><\/td><td><strong>Editeur du cookie<\/strong><\/td><td><strong>Dur\u00e9e de conservation<\/strong><\/td><\/tr><tr><td>_ga\u00a0; _gid\u00a0; _gat<\/td><td>Google Analytics<\/td><td>Analyse du trafic du site internet pour Google.<\/td><td>Google<\/td><td>Jusqu\u2019\u00e0 suppression par l\u2019utilisateur ou, par d\u00e9faut, 13 mois.<\/td><\/tr><\/tbody><\/table><\/figure>\r\n<!-- \/wp:table -->\r\n\r\n<!-- wp:paragraph -->\r\n<p><strong>Cookies tiers<\/strong><\/p>\r\n<!-- \/wp:paragraph -->\r\n\r\n<!-- wp:paragraph -->\r\n<p>Certains services tiers utilis\u00e9s sur notre site Internet (Google Maps, Google ReCAPTCHA, etc.) peuvent d\u00e9poser des cookies sur votre ordinateur. Vous pouvez s\u00e9lectionner quel(s) cookie(s) vous autorisez en cliquant sur le lien \u00ab Gestion des cookies \u00bb qui se trouve dans le pied-de-page de ce site Internet.<\/p>\r\n<!-- \/wp:paragraph -->\r\n\r\n<!-- wp:heading {\"level\":3} -->\r\n<h3>Contenu embarqu\u00e9 depuis d\u2019autres sites<\/h3>\r\n<!-- \/wp:heading -->\r\n\r\n<!-- wp:paragraph -->\r\n<p>Les articles de ce site peuvent inclure des contenus int\u00e9gr\u00e9s (par exemple des vid\u00e9os, images, articles\u2026). Le contenu int\u00e9gr\u00e9 depuis d\u2019autres sites se comporte de la m\u00eame mani\u00e8re que si le visiteur se rendait sur cet autre site.<\/p>\r\n<!-- \/wp:paragraph -->\r\n\r\n<!-- wp:paragraph -->\r\n<p>Ces sites web pourraient collecter des donn\u00e9es sur vous, utiliser des cookies, embarquer des outils de suivis tiers, suivre vos interactions avec ces contenus embarqu\u00e9s si vous disposez d\u2019un compte connect\u00e9 sur leur site web.<\/p>\r\n<!-- \/wp:paragraph -->\r\n\r\n<!-- wp:heading {\"level\":3} -->\r\n<h3>Statistiques et mesures d\u2019audience<\/h3>\r\n<!-- \/wp:heading -->\r\n\r\n<!-- wp:paragraph -->\r\n<p>Nous utilisons le service Google Analytics afin de mesurer les visites sur notre site Internet. Vous avez la possibilit\u00e9 de d\u00e9sactiver ce service gr\u00e2ce au lien\u00a0\u00ab\u00a0Gestion des cookies\u00a0\u00bb qui se trouve dans le footer de nos pages.<\/p>\r\n<!-- \/wp:paragraph -->\r\n\r\n<!-- wp:heading -->\r\n<h2>Utilisation et transmission de vos donn\u00e9es personnelles<\/h2>\r\n<!-- \/wp:heading -->\r\n\r\n<!-- wp:heading {\"level\":3} -->\r\n<h3>Dur\u00e9es de stockage de vos donn\u00e9es<\/h3>\r\n<!-- \/wp:heading -->\r\n\r\n<!-- wp:paragraph -->\r\n<p>Les donn\u00e9es personnelles recueillies sur ce site ne seront conserv\u00e9es au-del\u00e0 de 36 mois que si le dossier concernant ces donn\u00e9es est actif. En cas d\u2019inactivit\u00e9, les donn\u00e9es personnelles seront supprim\u00e9es au maximum dans les 36 mois suivant la collecte.<\/p>\r\n<!-- \/wp:paragraph -->\r\n\r\n<!-- wp:paragraph -->\r\n<p>Tout utilisateur (enregistr\u00e9 ou non) a \u00e9galement la possibilit\u00e9 de demander \u00e0 consulter et\/ou supprimer ses donn\u00e9es personnelles\u00a0<strong>\u00e0 l\u2019aide du formulaire en bas de page <\/strong>ou\u00a0en contactant FIXATOR.<\/p>\r\n<!-- \/wp:paragraph -->\r\n\r\n<!-- wp:paragraph -->\r\n<p><strong>Contact\u00a0<\/strong>: FIXATOR \u2013 8 Rue du Bois Rinier, 49180 Saint-Barth\u00e9lemy-d\u2019Anjou \u2013 FRANCE<\/p>\r\n<!-- \/wp:paragraph -->\r\n\r\n<!-- wp:paragraph -->\r\n<p>T\u00e9l : +33 (0)2 41 31 17 00 \u2013 Courriel : <a href=\"mailto:info@fixator.fr\">info@fixator.fr<\/a><\/p>\r\n<!-- \/wp:paragraph -->\r\n\r\n<!-- wp:heading {\"level\":3} -->\r\n<h3>Transmission de vos donn\u00e9es personnelles<\/h3>\r\n<!-- \/wp:heading -->\r\n\r\n<!-- wp:paragraph -->\r\n<p>Les donn\u00e9es personnelles recueillies sur ce site ne peuvent en aucun \u00eatre transmises \u00e0 des tiers \u00e0 des fins commerciales ou autre.<\/p>\r\n<!-- \/wp:paragraph -->\r\n\r\n<!-- wp:heading {\"level\":3} -->\r\n<h3>Proc\u00e9dure mises en \u0153uvre en cas de fuite de donn\u00e9es<\/h3>\r\n<!-- \/wp:heading -->\r\n\r\n<!-- wp:paragraph -->\r\n<p>Conform\u00e9ment \u00e0 l\u2019article 33 du RPGD, la commune notifiera \u00e0 la CNIL toute\u00a0violation de donn\u00e9es \u00e0 caract\u00e8re personnel pr\u00e9sentant un risque pour les droits et libert\u00e9s des personnes dans un d\u00e9lai maximum de 72 heures.<\/p>\r\n<!-- \/wp:paragraph -->\r\n\r\n<!-- wp:paragraph -->\r\n<p><em>Version applicable au 25 mai 2018.<\/em><\/p>\r\n<!-- \/wp:paragraph -->\r\n\r\n<!-- wp:separator -->\r\n<hr class=\"wp-block-separator\"\/>\r\n<!-- \/wp:separator -->\r\n\r\n<!-- wp:shortcode -->\r\n[atm-gpdr-data-request]\r\n<!-- \/wp:shortcode --><\/div>\r\n<!-- \/wp:column --><\/div>\r\n<!-- \/wp:columns --><\/div>\r\n<!-- \/wp:column --><\/div>\r\n<!-- \/wp:columns --><\/div>\r\n<!-- \/wp:column --><\/div>\r\n<!-- \/wp:columns -->","_et_gb_content_width":"","two_page_speed":[],"footnotes":""},"class_list":["post-24","page","type-page","status-publish","hentry"],"acf":[],"_links":{"self":[{"href":"https:\/\/fixator.fr\/en\/wp-json\/wp\/v2\/pages\/24","targetHints":{"allow":["GET"]}}],"collection":[{"href":"https:\/\/fixator.fr\/en\/wp-json\/wp\/v2\/pages"}],"about":[{"href":"https:\/\/fixator.fr\/en\/wp-json\/wp\/v2\/types\/page"}],"author":[{"embeddable":true,"href":"https:\/\/fixator.fr\/en\/wp-json\/wp\/v2\/users\/377"}],"replies":[{"embeddable":true,"href":"https:\/\/fixator.fr\/en\/wp-json\/wp\/v2\/comments?post=24"}],"version-history":[{"count":4,"href":"https:\/\/fixator.fr\/en\/wp-json\/wp\/v2\/pages\/24\/revisions"}],"predecessor-version":[{"id":22106,"href":"https:\/\/fixator.fr\/en\/wp-json\/wp\/v2\/pages\/24\/revisions\/22106"}],"wp:attachment":[{"href":"https:\/\/fixator.fr\/en\/wp-json\/wp\/v2\/media?parent=24"}],"curies":[{"name":"wp","href":"https:\/\/api.w.org\/{rel}","templated":true}]}}