{"id":17172,"date":"2024-02-16T11:50:36","date_gmt":"2024-02-16T10:50:36","guid":{"rendered":"https:\/\/fixator.fr\/?page_id=17172"},"modified":"2025-03-20T17:19:39","modified_gmt":"2025-03-20T16:19:39","slug":"frequently-asked-questions-faq","status":"publish","type":"page","link":"https:\/\/fixator.fr\/en\/questions-frequentes-faq\/","title":{"rendered":"Frequently Asked Questions (FAQ)"},"content":{"rendered":"<p>[et_pb_section fb_built=&#8221;1&#8243; _builder_version=&#8221;4.21.2&#8243; _module_preset=&#8221;default&#8221; custom_margin=&#8221;0px||||false|false&#8221; custom_padding=&#8221;0px||0px||false|false&#8221; global_colors_info=&#8221;{}&#8221;][et_pb_row _builder_version=&#8221;4.21.2&#8243; _module_preset=&#8221;default&#8221; global_colors_info=&#8221;{}&#8221;][et_pb_column type=&#8221;4_4&#8243; _builder_version=&#8221;4.21.2&#8243; _module_preset=&#8221;default&#8221; global_colors_info=&#8221;{}&#8221;][et_pb_text _builder_version=&#8221;4.24.0&#8243; _module_preset=&#8221;default&#8221; global_colors_info=&#8221;{}&#8221;]<\/p>\n<h1 class=\"entry-title post-title\" style=\"text-align: center;\">Questions Fr\u00e9quentes (FAQ)<\/h1>\n<p>[\/et_pb_text][\/et_pb_column][\/et_pb_row][\/et_pb_section][et_pb_section fb_built=&#8221;1&#8243; admin_label=&#8221;section&#8221; _builder_version=&#8221;4.24.0&#8243; background_color=&#8221;#262626&#8243; use_background_color_gradient=&#8221;on&#8221; background_color_gradient_stops=&#8221;rgba(22,4,4,0.69) 0%|rgba(10,1,1,0.87) 100%&#8221; background_color_gradient_overlays_image=&#8221;on&#8221; background_image=&#8221;https:\/\/fixator.fr\/wp-content\/uploads\/2024\/02\/faq-qa_327105644-scaled.jpeg&#8221; background_size=&#8221;custom&#8221; background_image_width=&#8221;0%&#8221; background_image_height=&#8221;0%&#8221; min_height=&#8221;380px&#8221; custom_margin=&#8221;0px||||false|false&#8221; custom_padding=&#8221;0px||23px||false|false&#8221; global_colors_info=&#8221;{}&#8221;][et_pb_row admin_label=&#8221;row&#8221; module_id=&#8221;formation&#8221; _builder_version=&#8221;4.21.2&#8243; background_size=&#8221;initial&#8221; background_position=&#8221;top_left&#8221; background_repeat=&#8221;repeat&#8221; custom_padding=&#8221;55px||55px||false|false&#8221; global_colors_info=&#8221;{}&#8221;][et_pb_column type=&#8221;4_4&#8243; _builder_version=&#8221;4.21.2&#8243; _module_preset=&#8221;default&#8221; global_colors_info=&#8221;{}&#8221;][et_pb_text _builder_version=&#8221;4.24.3&#8243; _module_preset=&#8221;default&#8221; text_text_color=&#8221;#FFFFFF&#8221; text_font_size=&#8221;33px&#8221; text_line_height=&#8221;1.5em&#8221; header_2_text_color=&#8221;#FFFFFF&#8221; header_2_font_size=&#8221;52px&#8221; text_orientation=&#8221;center&#8221; custom_margin=&#8221;130px|||||&#8221; custom_margin_tablet=&#8221;86px||||false|false&#8221; custom_margin_phone=&#8221;74px||||false|false&#8221; custom_margin_last_edited=&#8221;on|tablet&#8221; global_colors_info=&#8221;{}&#8221;]<\/p>\n<p><span style=\"color: #ffffff;\">Retrouvez dans cette page la liste de questions fr\u00e9quemment pos\u00e9es par les utilisateurs<\/span><\/p>\n<p>[\/et_pb_text][\/et_pb_column][\/et_pb_row][\/et_pb_section][et_pb_section fb_built=&#8221;1&#8243; admin_label=&#8221;section&#8221; module_id=&#8221;sav&#8221; _builder_version=&#8221;4.21.2&#8243; background_color=&#8221;#FFFFFF&#8221; custom_margin=&#8221;0px||||false|false&#8221; custom_padding=&#8221;0px||23px||false|false&#8221; global_colors_info=&#8221;{}&#8221;][et_pb_row admin_label=&#8221;row&#8221; _builder_version=&#8221;4.24.0&#8243; background_size=&#8221;initial&#8221; background_position=&#8221;top_left&#8221; background_repeat=&#8221;repeat&#8221; custom_padding=&#8221;55px||55px||false|false&#8221; global_colors_info=&#8221;{}&#8221;][et_pb_column type=&#8221;4_4&#8243; _builder_version=&#8221;4.21.2&#8243; _module_preset=&#8221;default&#8221; global_colors_info=&#8221;{}&#8221;][et_pb_code _builder_version=&#8221;4.24.3&#8243; _module_preset=&#8221;default&#8221; global_colors_info=&#8221;{}&#8221;]<style>#sp-ea-19301 .spcollapsing { height: 0; overflow: hidden; transition-property: height;transition-duration: 300ms;}#sp-ea-19301.sp-easy-accordion>.sp-ea-single {margin-bottom: 10px; border: 1px solid #e2e2e2; }#sp-ea-19301.sp-easy-accordion>.sp-ea-single>.ea-header a {color: #444;}#sp-ea-19301.sp-easy-accordion>.sp-ea-single>.sp-collapse>.ea-body {background: #fff; color: #444;}#sp-ea-19301.sp-easy-accordion>.sp-ea-single {background: #00a776;}#sp-ea-19301.sp-easy-accordion>.sp-ea-single>.ea-header a .ea-expand-icon { float: left; color: #444;font-size: 16px;}<\/style><div id=\"sp_easy_accordion-1713194055\"><div id=\"sp-ea-19301\" class=\"sp-ea-one sp-easy-accordion\" data-ea-active=\"ea-click\" data-ea-mode=\"vertical\" data-preloader=\"\" data-scroll-active-item=\"\" data-offset-to-scroll=\"0\"><div class=\"ea-card ea-expand sp-ea-single\"><h3 class=\"ea-header\"><a class=\"collapsed\" id=\"ea-header-193010\" role=\"button\" data-sptoggle=\"spcollapse\" data-sptarget=\"#collapse193010\" aria-controls=\"collapse193010\" href=\"#\" aria-expanded=\"true\" tabindex=\"0\"><i aria-hidden=\"true\" role=\"presentation\" class=\"ea-expand-icon eap-icon-ea-expand-minus\"><\/i> Quels sont les diff\u00e9rences entre un treuil de levage et un palan de levage?<\/a><\/h3><div class=\"sp-collapse spcollapse collapsed show\" id=\"collapse193010\" data-parent=\"#sp-ea-19301\" role=\"region\" aria-labelledby=\"ea-header-193010\"> <div class=\"ea-body\"><p>Un treuil de levage ou halage est un dispositif m\u00e9canique utilis\u00e9 pour soulever ou d\u00e9placer des charges lourdes, tandis qu'un palan de levage est plus fr\u00e9quemment utilis\u00e9 pour soulever seulement des charges.<\/p><p>Le palan est g\u00e9n\u00e9ralement compos\u00e9 d\u2019un tambour autour duquel est enroul\u00e9e une corde ou une cha\u00eene m\u00e9tallique.<\/p><p>Le treuil, quant \u00e0 lui, se sert principalement d'un c\u00e2ble acier \"passant\", ce qui veut dire qu'il a aucune limitation concernant la hauteur de la charge \u00e0 lever, descendre ou d\u00e9placer.<\/p><p>En actionnant le treuil \u00e0 l\u2019aide d\u2019une manivelle, d\u2019un moteur \u00e9lectrique ou hydraulique, la corde ou la cha\u00eene est enroul\u00e9e ou d\u00e9roul\u00e9e, ce qui permet de lever ou de descendre la charge.<\/p><p>Les treuils et palans sont largement utilis\u00e9s dans divers domaines tels que la\u00a0<a href=\"https:\/\/fixator.fr\/secteur-batiment\/\" target=\"_blank\" rel=\"noopener\">construction<\/a>, le sauvetage,\u00a0<a href=\"https:\/\/fixator.fr\/secteur-industrie\/\" target=\"_blank\" rel=\"noopener\">l\u2019industrie mini\u00e8re, l\u2019industrie maritime<\/a>, et bien d\u2019autres encore. Ils offrent une solution efficace pour manipuler des charges lourdes en toute s\u00e9curit\u00e9.<\/p><p>Fixator con\u00e7oit, fabrique et forme \u00e0 l\u2019entretien de tous les\u00a0<a href=\"https:\/\/fixator.fr\/gamme-treuils\/\">treuils manuels, \u00e9lectriques <\/a>ou<a href=\"https:\/\/fixator.fr\/gamme-treuils\/\"> pneumatiques Fixator<\/a>.<\/p><\/div><\/div><\/div><div class=\"ea-card sp-ea-single\"><h3 class=\"ea-header\"><a class=\"collapsed\" id=\"ea-header-193011\" role=\"button\" data-sptoggle=\"spcollapse\" data-sptarget=\"#collapse193011\" aria-controls=\"collapse193011\" href=\"#\" aria-expanded=\"false\" tabindex=\"0\"><i aria-hidden=\"true\" role=\"presentation\" class=\"ea-expand-icon eap-icon-ea-expand-plus\"><\/i> Choisir un treuil manuel, \u00e9lectrique ou pneumatique?<\/a><\/h3><div class=\"sp-collapse spcollapse \" id=\"collapse193011\" data-parent=\"#sp-ea-19301\" role=\"region\" aria-labelledby=\"ea-header-193011\"> <div class=\"ea-body\"><p>Le choix entre un treuil manuel, \u00e9lectrique ou pneumatique d\u00e9pend de plusieurs facteurs, notamment de l\u2019application sp\u00e9cifique, de la fr\u00e9quence d\u2019utilisation, de\u00a0<a href=\"https:\/\/fixator.fr\/categorie-produit\/charge-maximale-dutilisation-cmu\/\" target=\"_blank\" rel=\"noopener\">la charge \u00e0 soulever<\/a>\u00a0et des conditions environnementales. Voici quelques points \u00e0 consid\u00e9rer pour chaque type de treuil :<\/p><ol><li><strong>Treuil manuel :<\/strong><ul><li>Avantages :<ul><li>Simplicit\u00e9 d\u2019utilisation.<\/li><li>Pas besoin d\u2019\u00e9lectricit\u00e9 ou d\u2019air comprim\u00e9.<\/li><li>Id\u00e9al pour les applications l\u00e9g\u00e8res ou ponctuelles.<\/li><\/ul><\/li><li>Inconv\u00e9nients :<ul><li>Peut \u00eatre fatigant \u00e0 utiliser pour des charges lourdes ou lors d\u2019une utilisation fr\u00e9quente.<\/li><li>Limit\u00e9 en termes de capacit\u00e9 de levage et de vitesse.<\/li><\/ul><\/li><\/ul><\/li><li><strong>Treuil \u00e9lectrique :<\/strong><ul><li>Avantages :<ul><li>Facilit\u00e9 d\u2019utilisation avec une simple activation par bouton ou t\u00e9l\u00e9commande.<\/li><li>Capacit\u00e9 de levage plus \u00e9lev\u00e9e par rapport aux treuils manuels.<\/li><li>Convient \u00e0 une utilisation fr\u00e9quente et pour des charges lourdes.<\/li><\/ul><\/li><li>Inconv\u00e9nients :<ul><li>N\u00e9cessite une source d\u2019alimentation \u00e9lectrique.<\/li><li>Peut \u00eatre plus co\u00fbteux \u00e0 l\u2019achat et \u00e0 l\u2019entretien que les treuils manuels.<\/li><\/ul><\/li><\/ul><\/li><li><strong>Treuil pneumatique :<\/strong><ul><li>Avantages :<ul><li>Adapt\u00e9 aux environnements o\u00f9 l\u2019\u00e9lectricit\u00e9 est difficilement accessible ou dangereuse.<\/li><li>Peut fournir une puissance de levage \u00e9lev\u00e9e.<\/li><li>Fonctionne bien dans des conditions extr\u00eames telles que des temp\u00e9ratures tr\u00e8s basses ou des environnements corrosifs.<\/li><\/ul><\/li><li>Inconv\u00e9nients :<ul><li>N\u00e9cessite un compresseur d\u2019air pour fonctionner.<\/li><li>Peut n\u00e9cessiter des comp\u00e9tences sp\u00e9cifiques pour l\u2019installation et la maintenance.<\/li><li>Co\u00fbts initiaux plus \u00e9lev\u00e9s que les treuils manuels dans de nombreux cas.<\/li><\/ul><\/li><\/ul><\/li><\/ol><p>Fixator con\u00e7oit, fabrique et forme \u00e0 l\u2019entretien de tous ses <a href=\"https:\/\/fixator.fr\/categorie-produit\/treuils\/type-de-treuil\/treuils-manuels\/\" target=\"_blank\" rel=\"noopener\">treuils manuels<\/a>,\u00a0<a href=\"https:\/\/fixator.fr\/categorie-produit\/treuils\/type-de-treuil\/treuils-electriques\/\" target=\"_blank\" rel=\"noopener\">\u00e9lectriques<\/a>\u00a0et\u00a0<a href=\"https:\/\/fixator.fr\/categorie-produit\/treuils\/type-de-treuil\/treuils-pneumatiques\/\" target=\"_blank\" rel=\"noopener\">pneumatiques<\/a>.<\/p><\/div><\/div><\/div><\/div><\/div>[\/et_pb_code][et_pb_button button_url=&#8221;\/contact\/&#8221; button_text=&#8221;Prendre contact&#8221; _builder_version=&#8221;4.21.2&#8243; _module_preset=&#8221;default&#8221; global_colors_info=&#8221;{}&#8221;][\/et_pb_button][\/et_pb_column][\/et_pb_row][\/et_pb_section]<\/p>\n","protected":false},"excerpt":{"rendered":"<p>Find on this page the list of questions frequently asked by users, accompanied by their corresponding answers.<\/p>\n<p>Please feel free to ask your specific questions so that we can provide you with detailed answers within the context of this FAQ.<\/p>","protected":false},"author":273,"featured_media":17175,"parent":0,"menu_order":0,"comment_status":"closed","ping_status":"closed","template":"","meta":{"_acf_changed":false,"_et_pb_use_builder":"on","_et_pb_old_content":"","_et_gb_content_width":"","two_page_speed":[],"footnotes":""},"class_list":["post-17172","page","type-page","status-publish","has-post-thumbnail","hentry"],"acf":[],"_links":{"self":[{"href":"https:\/\/fixator.fr\/en\/wp-json\/wp\/v2\/pages\/17172","targetHints":{"allow":["GET"]}}],"collection":[{"href":"https:\/\/fixator.fr\/en\/wp-json\/wp\/v2\/pages"}],"about":[{"href":"https:\/\/fixator.fr\/en\/wp-json\/wp\/v2\/types\/page"}],"author":[{"embeddable":true,"href":"https:\/\/fixator.fr\/en\/wp-json\/wp\/v2\/users\/273"}],"replies":[{"embeddable":true,"href":"https:\/\/fixator.fr\/en\/wp-json\/wp\/v2\/comments?post=17172"}],"version-history":[{"count":0,"href":"https:\/\/fixator.fr\/en\/wp-json\/wp\/v2\/pages\/17172\/revisions"}],"wp:featuredmedia":[{"embeddable":true,"href":"https:\/\/fixator.fr\/en\/wp-json\/"}],"wp:attachment":[{"href":"https:\/\/fixator.fr\/en\/wp-json\/wp\/v2\/media?parent=17172"}],"curies":[{"name":"wp","href":"https:\/\/api.w.org\/{rel}","templated":true}]}}