{"id":18898,"date":"2023-07-26T10:21:34","date_gmt":"2023-07-26T08:21:34","guid":{"rendered":"https:\/\/fixator.fr\/?post_type=product&#038;p=18898"},"modified":"2025-11-24T12:45:44","modified_gmt":"2025-11-24T11:45:44","slug":"elektrische-baustellenseilwinde-lm-90-250-kg_220v","status":"publish","type":"product","link":"https:\/\/fixator.fr\/de\/produit\/treuil-electrique-de-chantier-lm-90-250-kg_220v\/","title":{"rendered":"LM 90-250kg, 220V elektrische Baustellenseilwinde"},"content":{"rendered":"<p>[et_pb_section fb_built=&#8221;1&#8243; _builder_version=&#8221;4.16&#8243; custom_padding=&#8221;0px||||false|false&#8221; global_colors_info=&#8221;{}&#8221;][et_pb_row _builder_version=&#8221;4.16&#8243; background_size=&#8221;initial&#8221; background_position=&#8221;top_left&#8221; background_repeat=&#8221;repeat&#8221; width=&#8221;100%&#8221; custom_padding=&#8221;0px||0px||false|false&#8221; global_colors_info=&#8221;{}&#8221;][et_pb_column type=&#8221;4_4&#8243; _builder_version=&#8221;4.16&#8243; custom_padding=&#8221;|||&#8221; global_colors_info=&#8221;{}&#8221; custom_padding__hover=&#8221;|||&#8221;][et_pb_wc_breadcrumb _builder_version=&#8221;4.16&#8243; global_colors_info=&#8221;{}&#8221;][\/et_pb_wc_breadcrumb][et_pb_wc_cart_notice _builder_version=&#8221;4.16&#8243; global_colors_info=&#8221;{}&#8221;][\/et_pb_wc_cart_notice][\/et_pb_column][\/et_pb_row][et_pb_row column_structure=&#8221;1_2,1_2&#8243; _builder_version=&#8221;4.16&#8243; background_size=&#8221;initial&#8221; background_position=&#8221;top_left&#8221; background_repeat=&#8221;repeat&#8221; width=&#8221;100%&#8221; custom_padding=&#8221;0px||||false|false&#8221; global_colors_info=&#8221;{}&#8221;][et_pb_column type=&#8221;1_2&#8243; _builder_version=&#8221;4.16&#8243; custom_padding=&#8221;|||&#8221; global_colors_info=&#8221;{}&#8221; custom_padding__hover=&#8221;|||&#8221;][et_pb_wc_images _builder_version=&#8221;4.16&#8243; global_colors_info=&#8221;{}&#8221;][\/et_pb_wc_images][\/et_pb_column][et_pb_column type=&#8221;1_2&#8243; _builder_version=&#8221;4.16&#8243; custom_padding=&#8221;|||&#8221; global_colors_info=&#8221;{}&#8221; custom_padding__hover=&#8221;|||&#8221;][et_pb_wc_title _builder_version=&#8221;4.16&#8243; global_colors_info=&#8221;{}&#8221;][\/et_pb_wc_title][et_pb_wc_rating _builder_version=&#8221;4.16&#8243; global_colors_info=&#8221;{}&#8221;][\/et_pb_wc_rating][et_pb_wc_price _builder_version=&#8221;4.16&#8243; global_colors_info=&#8221;{}&#8221;][\/et_pb_wc_price][et_pb_wc_description _builder_version=&#8221;4.16&#8243; global_colors_info=&#8221;{}&#8221;][\/et_pb_wc_description][et_pb_wc_add_to_cart _builder_version=&#8221;4.16&#8243; global_colors_info=&#8221;{}&#8221;][\/et_pb_wc_add_to_cart][et_pb_wc_meta _builder_version=&#8221;4.16&#8243; global_colors_info=&#8221;{}&#8221;][\/et_pb_wc_meta][\/et_pb_column][\/et_pb_row][et_pb_row _builder_version=&#8221;4.16&#8243; background_size=&#8221;initial&#8221; background_position=&#8221;top_left&#8221; background_repeat=&#8221;repeat&#8221; width=&#8221;100%&#8221; global_colors_info=&#8221;{}&#8221;][et_pb_column type=&#8221;4_4&#8243; _builder_version=&#8221;4.16&#8243; custom_padding=&#8221;|||&#8221; global_colors_info=&#8221;{}&#8221; custom_padding__hover=&#8221;|||&#8221;][et_pb_wc_tabs _builder_version=&#8221;4.16&#8243; global_colors_info=&#8221;{}&#8221;] [\/et_pb_wc_tabs][et_pb_wc_upsells _builder_version=&#8221;4.16&#8243; global_colors_info=&#8221;{}&#8221;][\/et_pb_wc_upsells][et_pb_wc_related_products _builder_version=&#8221;4.27.4&#8243; global_colors_info=&#8221;{}&#8221;][\/et_pb_wc_related_products][\/et_pb_column][\/et_pb_row][\/et_pb_section]<\/p>\n","protected":false},"excerpt":{"rendered":"<h2 style=\"text-align: left; color: #4786a6; font-family: Raleway; font-size: medium;\"><b>CE-Norm<\/b><\/h2>\n<h2 style=\"color: #00a776; text-align: left;\"><span style=\"font-family: Raleway; font-size: x-large;\"><b>Produktbeschreibung<\/b><\/span><\/h2>\n<p><strong>LM 90\/250 Baustellenseilwinden <\/strong>sind Winden mit Kabeldurchf\u00fchrung\u00a0<strong>Hebe- und Schleppger\u00e4te von 90 kg bis 250 kg<\/strong>\u00a0ohne Arbeitsh\u00f6henbegrenzung.<\/p>\n<p>Um Lasten bis zu 1000 kg mit einem Hebezeug zu heben, sehen Sie sich unser Angebot an <a href=\"https:\/\/fixator.fr\/de\/produkt\/elektrische-baustellenseilwinde-lm-300-500kg-110v-240v-400v\/\"><strong>Elektrische Seilwinden LM 300-500<\/strong><\/a>, auch verf\u00fcgbar in <strong><a href=\"https:\/\/fixator.fr\/de\/produkt\/lm-elektrische-winde-300-500kg-vfd-variationsfrequenzantrieb-230v\/\">Version mit variabler Frequenz oder VFD<\/a><\/strong>.<\/p>\n<p style=\"text-align: left;\"><span style=\"color: #00a776;\"><span style=\"font-family: Raleway;\"><span style=\"font-size: x-large;\"><span style=\"color: #00a776; font-family: Raleway; font-size: x-large;\"><b>Vorteile<\/b><\/span><b style=\"color: #00a776; font-family: Raleway; font-size: x-large;\">\u00a0Benutzer<\/b><\/span><\/span><\/span><\/p>\n<ul>\n<li><strong>Ausgesetzte Nutzung<\/strong> oder <strong>am Boden befestigt<\/strong><\/li>\n<li><strong>Der obere und untere Endschalter<\/strong> um die Sicherheit zu gew\u00e4hrleisten und Sch\u00e4den an Ger\u00e4ten oder versehentliches Herausziehen des Kabels zu verhindern<\/li>\n<li><strong>M\u00f6glichkeit zur Verdoppelung der Tragf\u00e4higkeit<\/strong> und erreichen bis zu 500 kg Hublast dank der Verwendung <a href=\"https:\/\/fixator.fr\/de\/produkt\/einscherungssatz\/\" target=\"_blank\" rel=\"noopener\"><strong>Flaschenzug-Bausatz<\/strong><\/a>.<\/li>\n<li><a href=\"https:\/\/fixator.fr\/de\/produkt\/mechanischer-lastbegrenzer\/\" target=\"_blank\" rel=\"noopener\"><strong>Optionaler elektromechanischer Lastbegrenzer<\/strong><\/a> Erm\u00f6glicht das Stoppen der Winde, wenn die maximale Last \u00fcberschritten wird<\/li>\n<li><strong>Vereinfachte Wartung<\/strong> dank einfachem Zugang zum mechanischen Teil<\/li>\n<\/ul>","protected":false},"featured_media":14645,"comment_status":"closed","ping_status":"closed","template":"","meta":{"_acf_changed":false,"_et_pb_use_builder":"on","_et_pb_old_content":"","_et_gb_content_width":""},"product_brand":[],"product_cat":[1174,1491,1364,1450,1742,1308,1285,1439,1311,1497,1169,1474,1284,1294,1473,1302,1281,1295],"product_tag":[],"class_list":{"0":"post-18898","1":"product","2":"type-product","3":"status-publish","4":"has-post-thumbnail","6":"product_cat-treuils-de-levage-de-materiels","7":"product_cat-inferieur-a-300-kg-660-lbs","8":"product_cat-1-monophase-220-240v","9":"product_cat-acces-exterieur","10":"product_cat-ascensoriste-levage-de-charges","11":"product_cat-batiment-secteur-dactivite","12":"product_cat-ce","13":"product_cat-charge-maximale-dutilisation-cmu","14":"product_cat-eolien","15":"product_cat-gamme-lm","16":"product_cat-industrie","17":"product_cat-mecanique","18":"product_cat-norme","19":"product_cat-secteur-dactivite","20":"product_cat-surcharge","21":"product_cat-tension","22":"product_cat-treuils-electriques","23":"product_cat-type-de-treuil","25":"first","26":"instock","27":"shipping-taxable","28":"purchasable","29":"product-type-variable","30":"has-default-attributes"},"acf":[],"_links":{"self":[{"href":"https:\/\/fixator.fr\/de\/wp-json\/wp\/v2\/product\/18898","targetHints":{"allow":["GET"]}}],"collection":[{"href":"https:\/\/fixator.fr\/de\/wp-json\/wp\/v2\/product"}],"about":[{"href":"https:\/\/fixator.fr\/de\/wp-json\/wp\/v2\/types\/product"}],"replies":[{"embeddable":true,"href":"https:\/\/fixator.fr\/de\/wp-json\/wp\/v2\/comments?post=18898"}],"wp:featuredmedia":[{"embeddable":true,"href":"https:\/\/fixator.fr\/de\/wp-json\/wp\/v2\/media\/14645"}],"wp:attachment":[{"href":"https:\/\/fixator.fr\/de\/wp-json\/wp\/v2\/media?parent=18898"}],"wp:term":[{"taxonomy":"product_brand","embeddable":true,"href":"https:\/\/fixator.fr\/de\/wp-json\/wp\/v2\/product_brand?post=18898"},{"taxonomy":"product_cat","embeddable":true,"href":"https:\/\/fixator.fr\/de\/wp-json\/wp\/v2\/product_cat?post=18898"},{"taxonomy":"product_tag","embeddable":true,"href":"https:\/\/fixator.fr\/de\/wp-json\/wp\/v2\/product_tag?post=18898"}],"curies":[{"name":"wp","href":"https:\/\/api.w.org\/{rel}","templated":true}]}}