{"id":16156,"date":"2023-11-30T15:48:54","date_gmt":"2023-11-30T14:48:54","guid":{"rendered":"https:\/\/fixator.fr\/?post_type=product&#038;p=16156"},"modified":"2025-03-07T16:00:08","modified_gmt":"2025-03-07T15:00:08","slug":"liftho-oder-motrix-einscherungssatz","status":"publish","type":"product","link":"https:\/\/fixator.fr\/de\/produit\/kit-de-mouflage-liftho-ou-motrix\/","title":{"rendered":"Liftho- oder Motrix-Einscherungssatz"},"content":{"rendered":"","protected":false},"excerpt":{"rendered":"<p><span style=\"color: #00a776;\"><span style=\"font-family: Raleway;\"><span style=\"font-size: x-large;\"><b>Produktbeschreibung<\/b><\/span><\/span><\/span><\/p>\n<p>Ein Einscherungssatz f\u00fcr eine elektrische Winde besteht aus einer Reihe von Werkzeugen und Ger\u00e4ten, mit denen Sie die Zugkraft der Winde erh\u00f6hen oder die Zugrichtung \u00e4ndern k\u00f6nnen. Es wird verwendet, um die Winde vielseitiger zu machen und bestimmte Hebe- oder Zugvorg\u00e4nge unter Bedingungen zu erleichtern, bei denen die Standardwindenkonfiguration nicht ausreichen w\u00fcrde.<\/p>\n<p>Mit diesem Einschersatz k\u00f6nnen Tragf\u00e4higkeiten von bis zu 2T zum Heben von Personen erreicht werden <strong><a href=\"https:\/\/fixator.fr\/de\/produkt\/elektrische-winde-liftho-neo-600-1000-kg-208-v-220-v-230-v-400-v\/\" target=\"_blank\" rel=\"noopener\">Liftho Elektrowinden 600-1000 kg<\/a><\/strong> oder 2T zum Heben von Materialien mit <strong><a href=\"https:\/\/fixator.fr\/de\/produkt\/elektrische-seilwinde-motrix-600-1500kg-230v-380v\/\" target=\"_blank\" rel=\"noopener\">Motrix 600-750-1000 kg elektrische Winden<\/a><\/strong>.<\/p>\n<p>Erm\u00f6glicht es Ihnen, die Last wieder auf die Winde zu \u00fcbertragen und gleichzeitig die Schaffung eines zweiten Befestigungspunkts zu vermeiden.<\/p>\n<p>Begrenzt auf Winden bis 1000 kg.<\/p>","protected":false},"featured_media":16161,"comment_status":"closed","ping_status":"closed","template":"","meta":{"_acf_changed":false,"_et_pb_use_builder":"","_et_pb_old_content":"","_et_gb_content_width":""},"product_brand":[],"product_cat":[1176],"product_tag":[1510],"class_list":{"0":"post-16156","1":"product","2":"type-product","3":"status-publish","4":"has-post-thumbnail","6":"product_cat-accessoires","7":"product_tag-polyvalence","9":"first","10":"instock","11":"shipping-taxable","12":"purchasable","13":"product-type-simple"},"acf":[],"_links":{"self":[{"href":"https:\/\/fixator.fr\/de\/wp-json\/wp\/v2\/product\/16156","targetHints":{"allow":["GET"]}}],"collection":[{"href":"https:\/\/fixator.fr\/de\/wp-json\/wp\/v2\/product"}],"about":[{"href":"https:\/\/fixator.fr\/de\/wp-json\/wp\/v2\/types\/product"}],"replies":[{"embeddable":true,"href":"https:\/\/fixator.fr\/de\/wp-json\/wp\/v2\/comments?post=16156"}],"wp:featuredmedia":[{"embeddable":true,"href":"https:\/\/fixator.fr\/de\/wp-json\/wp\/v2\/media\/16161"}],"wp:attachment":[{"href":"https:\/\/fixator.fr\/de\/wp-json\/wp\/v2\/media?parent=16156"}],"wp:term":[{"taxonomy":"product_brand","embeddable":true,"href":"https:\/\/fixator.fr\/de\/wp-json\/wp\/v2\/product_brand?post=16156"},{"taxonomy":"product_cat","embeddable":true,"href":"https:\/\/fixator.fr\/de\/wp-json\/wp\/v2\/product_cat?post=16156"},{"taxonomy":"product_tag","embeddable":true,"href":"https:\/\/fixator.fr\/de\/wp-json\/wp\/v2\/product_tag?post=16156"}],"curies":[{"name":"wp","href":"https:\/\/api.w.org\/{rel}","templated":true}]}}