{"id":13817,"date":"2023-11-05T00:59:02","date_gmt":"2023-11-04T23:59:02","guid":{"rendered":"https:\/\/fixator.fr\/?post_type=product&#038;p=13817"},"modified":"2025-02-25T16:51:20","modified_gmt":"2025-02-25T15:51:20","slug":"modulaho-arbeitsbuhne-fur-mannlocher","status":"publish","type":"product","link":"https:\/\/fixator.fr\/de\/produit\/plateforme-suspendue-modulaho-trou-dhommes\/","title":{"rendered":"Modulaho H\u00e4ngeb\u00fchne f\u00fcr Mannl\u00f6cher"},"content":{"rendered":"","protected":false},"excerpt":{"rendered":"<h1><span style=\"color: #00a776;\"><span style=\"font-family: Raleway;\"><span style=\"font-size: x-large;\"><b>Produktbeschreibung<\/b><\/span><\/span><\/span><\/h1>\n<p><strong>MODULAHO f\u00fcr Mannl\u00f6cher<\/strong> ist eine flexible modulare H\u00e4ngeplattform, die sich ideal f\u00fcr Arbeiten in schwer zug\u00e4nglichen Bereichen wie Schachtdurchg\u00e4ngen eignet.<\/p>\n<p>MODULAHO f\u00fcr Mannl\u00f6cher kann in einem Kessel, Tank, Silo oder Lagertank verwendet werden, indem die gesamte Ausr\u00fcstung durch ein Mannloch mit einem Mindestdurchmesser von 400 mm gef\u00fchrt wird.<\/p>\n<h1><span style=\"color: #00a776;\"><span style=\"font-family: Raleway;\"><span style=\"font-size: x-large;\"><span style=\"color: #00a776; font-family: Raleway; font-size: x-large;\"><b>Vorteile<\/b><\/span><b style=\"color: #00a776; font-family: Raleway; font-size: x-large;\">\u00a0Benutzer<\/b><\/span><\/span><\/span><\/h1>\n<p><strong>Praktikabilit\u00e4t und Einfachheit:<\/strong><\/p>\n<ul>\n<li>Geeignet f\u00fcr eingeschr\u00e4nkten Zugang wie Schachtdurchg\u00e4nge mit einem Mindestdurchmesser von 400 mm;<\/li>\n<li>Standardbreite: 0,70 Meter;<\/li>\n<li>Alle Plattformelemente haben eine Grundfl\u00e4che von weniger als 400 mm und die maximale L\u00e4nge betr\u00e4gt 2 Meter;<\/li>\n<li>Kompatibel mit elektrischen, manuellen und pneumatischen Winden (<strong><a href=\"https:\/\/fixator.fr\/de\/produkt\/winden-e-lift-350-501-601\/\" target=\"_blank\" rel=\"noopener\">e.Lift<\/a><\/strong> - <strong><a href=\"https:\/\/fixator.fr\/de\/produkt\/winde-handbuch-mlift-400kg-900lbs\/\" target=\"_blank\" rel=\"noopener\">m.lift<\/a><\/strong> - <strong><a href=\"https:\/\/fixator.fr\/de\/produkt\/pneumatisch-winde-plift-500\/\" target=\"_blank\" rel=\"noopener\">p.lift<\/a><\/strong>);<\/li>\n<li>4 Modelle verf\u00fcgbar: L\u00e4ngen von 2 m, 4 m, 6 m und 8 m;<\/li>\n<li>Agile Montage und Demontage dank Clip-Pins; spart Zeit \u2013 kein Werkzeug erforderlich;<\/li>\n<li>Vereinfachter Transport und Lagerung;<\/li>\n<li>Einfach zu verwenden;<\/li>\n<li>Ergonomisch, leicht und einfach zu handhaben.<\/li>\n<\/ul>","protected":false},"featured_media":5751,"comment_status":"closed","ping_status":"closed","template":"","meta":{"_acf_changed":false,"_et_pb_use_builder":"on","_et_pb_old_content":"","_et_gb_content_width":""},"product_brand":[],"product_cat":[1205,1492,1453,1160,1169,1370,1452,1369],"product_tag":[],"class_list":{"0":"post-13817","1":"product","2":"type-product","3":"status-publish","4":"has-post-thumbnail","6":"product_cat-plateformes-suspendues-temporaires","7":"product_cat-inferieur-a-400-kg-882-lbs","8":"product_cat-cheminee-chaudiere","9":"product_cat-equipements-temporaires","10":"product_cat-industrie","11":"product_cat-levage-de-personnes-type-de-levage","12":"product_cat-stockage-silos","13":"product_cat-type-de-levage","15":"first","16":"instock","17":"shipping-taxable","18":"purchasable","19":"product-type-simple"},"acf":[],"_links":{"self":[{"href":"https:\/\/fixator.fr\/de\/wp-json\/wp\/v2\/product\/13817","targetHints":{"allow":["GET"]}}],"collection":[{"href":"https:\/\/fixator.fr\/de\/wp-json\/wp\/v2\/product"}],"about":[{"href":"https:\/\/fixator.fr\/de\/wp-json\/wp\/v2\/types\/product"}],"replies":[{"embeddable":true,"href":"https:\/\/fixator.fr\/de\/wp-json\/wp\/v2\/comments?post=13817"}],"wp:featuredmedia":[{"embeddable":true,"href":"https:\/\/fixator.fr\/de\/wp-json\/wp\/v2\/media\/5751"}],"wp:attachment":[{"href":"https:\/\/fixator.fr\/de\/wp-json\/wp\/v2\/media?parent=13817"}],"wp:term":[{"taxonomy":"product_brand","embeddable":true,"href":"https:\/\/fixator.fr\/de\/wp-json\/wp\/v2\/product_brand?post=13817"},{"taxonomy":"product_cat","embeddable":true,"href":"https:\/\/fixator.fr\/de\/wp-json\/wp\/v2\/product_cat?post=13817"},{"taxonomy":"product_tag","embeddable":true,"href":"https:\/\/fixator.fr\/de\/wp-json\/wp\/v2\/product_tag?post=13817"}],"curies":[{"name":"wp","href":"https:\/\/api.w.org\/{rel}","templated":true}]}}