{"id":13816,"date":"2023-11-05T00:39:17","date_gmt":"2023-11-04T23:39:17","guid":{"rendered":"https:\/\/fixator.fr\/?post_type=product&#038;p=13816"},"modified":"2025-05-12T10:49:10","modified_gmt":"2025-05-12T08:49:10","slug":"v-plattform-einstellbarer-winkel","status":"publish","type":"product","link":"https:\/\/fixator.fr\/de\/produit\/plateforme-en-v-angle-reglable\/","title":{"rendered":"V-f\u00f6rmige Plattform (winkelverstellbar)"},"content":{"rendered":"","protected":false},"excerpt":{"rendered":"<h1><span style=\"color: #00a776;\"><span style=\"font-family: Raleway;\"><span style=\"font-size: x-large;\"><b>Produktbeschreibung<\/b><\/span><\/span><\/span><\/h1>\n<p>Der <strong>V-f\u00f6rmige H\u00e4ngeplattform<\/strong> (einstellbarer Winkel) wurde f\u00fcr die Durchf\u00fchrung von Reparaturarbeiten entwickelt <strong><a href=\"https:\/\/fixator.fr\/de\/windrader-sektor\/\" target=\"_blank\" rel=\"noopener\">F\u00e4sser von Windkraftanlagen<\/a><\/strong> \u00d8 4-5 Meter, auf <strong><a href=\"https:\/\/fixator.fr\/de\/industriesektor\/#stockage_silos\" target=\"_blank\" rel=\"noopener\">Tanks und Silos<\/a><\/strong>.<\/p>\n<p>Das V-f\u00f6rmige H\u00e4ngeger\u00fcst profitiert von einer schnellen Inbetriebnahme auf der Baustelle.<\/p>\n<p>Die Kabelinstallation kann mit unserem durchgef\u00fchrt werden <strong><a href=\"https:\/\/fixator.fr\/de\/produkt-kategorie\/hebewinden\/heben-von-materialien-winden\/\" target=\"_blank\" rel=\"noopener\">Materialhubwinden<\/a><\/strong>.<\/p>\n<h1><span style=\"color: #00a776;\"><span style=\"font-family: Raleway;\"><span style=\"font-size: x-large;\"><span style=\"color: #00a776; font-family: Raleway; font-size: x-large;\"><b>Vorteile<\/b><\/span><b style=\"color: #00a776; font-family: Raleway; font-size: x-large;\">\u00a0Benutzer<\/b><\/span><\/span><\/span><\/h1>\n<p><strong>Praktikabilit\u00e4t und Einfachheit:<\/strong><\/p>\n<ul>\n<li>Anpassbar an jede Art von Windkraftanlage \u2013 der um 54\u00b0 verstellbare Winkel bietet einen einfacheren Arbeitsbereich;<\/li>\n<li>Schneller Zugang zu Masten und Ecken von Windkraftanlagen;<\/li>\n<li>Vollst\u00e4ndig zerlegbar, leicht zu transportieren und zu lagern;<\/li>\n<li>Verwendung mit Schwanenhalssteigb\u00fcgeln m\u00f6glich;<\/li>\n<li>Kompatibel mit <strong><a href=\"https:\/\/fixator.fr\/de\/produkt\/winde-handbuch-mlift-400kg-900lbs\/\" target=\"_blank\" rel=\"noopener\">manuelle Winden<\/a><\/strong> und <a href=\"https:\/\/fixator.fr\/de\/produkt\/winden-e-lift-350-501-601\/\" target=\"_blank\" rel=\"noopener\"><strong>e.lift Elektroseilwinden<\/strong><\/a>.<\/li>\n<\/ul>\n<p><strong>Komfort:<\/strong><\/p>\n<ul>\n<li>Rutschfestes Aluminiumtablett;<\/li>\n<li>St\u00fctzr\u00e4der f\u00fcr sanfteren Auf- und Abstieg.<\/li>\n<\/ul>","protected":false},"featured_media":5522,"comment_status":"closed","ping_status":"closed","template":"","meta":{"_acf_changed":false,"_et_pb_use_builder":"on","_et_pb_old_content":"","_et_gb_content_width":""},"product_brand":[],"product_cat":[1205,1491,1450,1453,1311,1160,1370,1452,1369],"product_tag":[],"class_list":{"0":"post-13816","1":"product","2":"type-product","3":"status-publish","4":"has-post-thumbnail","6":"product_cat-plateformes-suspendues-temporaires","7":"product_cat-inferieur-a-300-kg-660-lbs","8":"product_cat-acces-exterieur","9":"product_cat-cheminee-chaudiere","10":"product_cat-eolien","11":"product_cat-equipements-temporaires","12":"product_cat-levage-de-personnes-type-de-levage","13":"product_cat-stockage-silos","14":"product_cat-type-de-levage","16":"first","17":"instock","18":"shipping-taxable","19":"purchasable","20":"product-type-simple"},"acf":[],"_links":{"self":[{"href":"https:\/\/fixator.fr\/de\/wp-json\/wp\/v2\/product\/13816","targetHints":{"allow":["GET"]}}],"collection":[{"href":"https:\/\/fixator.fr\/de\/wp-json\/wp\/v2\/product"}],"about":[{"href":"https:\/\/fixator.fr\/de\/wp-json\/wp\/v2\/types\/product"}],"replies":[{"embeddable":true,"href":"https:\/\/fixator.fr\/de\/wp-json\/wp\/v2\/comments?post=13816"}],"wp:featuredmedia":[{"embeddable":true,"href":"https:\/\/fixator.fr\/de\/wp-json\/wp\/v2\/media\/5522"}],"wp:attachment":[{"href":"https:\/\/fixator.fr\/de\/wp-json\/wp\/v2\/media?parent=13816"}],"wp:term":[{"taxonomy":"product_brand","embeddable":true,"href":"https:\/\/fixator.fr\/de\/wp-json\/wp\/v2\/product_brand?post=13816"},{"taxonomy":"product_cat","embeddable":true,"href":"https:\/\/fixator.fr\/de\/wp-json\/wp\/v2\/product_cat?post=13816"},{"taxonomy":"product_tag","embeddable":true,"href":"https:\/\/fixator.fr\/de\/wp-json\/wp\/v2\/product_tag?post=13816"}],"curies":[{"name":"wp","href":"https:\/\/api.w.org\/{rel}","templated":true}]}}