{"id":13813,"date":"2023-11-05T00:25:13","date_gmt":"2023-11-04T23:25:13","guid":{"rendered":"https:\/\/fixator.fr\/?post_type=product&#038;p=13813"},"modified":"2024-12-17T18:44:22","modified_gmt":"2024-12-17T17:44:22","slug":"doppelstock-arbeitsbuhne","status":"publish","type":"product","link":"https:\/\/fixator.fr\/de\/produit\/plateforme-temporaire-a-etages\/","title":{"rendered":"Tempor\u00e4re mehrst\u00f6ckige Plattform"},"content":{"rendered":"","protected":false},"excerpt":{"rendered":"<h1><span style=\"color: #00a776;\"><span style=\"font-family: Raleway;\"><span style=\"font-size: x-large;\"><b>Produktbeschreibung<\/b><\/span><\/span><\/span><\/h1>\n<p>Der <strong>Doppelstock-Arbeitsb\u00fchne<\/strong> ist ideal zum Herstellen <strong>Hochhausfassadenarbeiten<\/strong>.<\/p>\n<p>Es besteht aus a<strong> Doppelboden<\/strong> mit etwas <strong>2 und 3 Meter lange Tabletts<\/strong> k\u00f6nnen je nach Bedarf zusammengestellt werden.<\/p>\n<h1><span style=\"color: #00a776;\"><span style=\"font-family: Raleway;\"><span style=\"font-size: x-large;\"><span style=\"color: #00a776; font-family: Raleway; font-size: x-large;\"><b>Vorteile<\/b><\/span><b style=\"color: #00a776; font-family: Raleway; font-size: x-large;\">\u00a0Benutzer<\/b><\/span><\/span><\/span><\/h1>\n<p><strong>Wirtschaftlichkeit und Praktikabilit\u00e4t:<\/strong><\/p>\n<ul>\n<li>Passt sich an jede Art von Website an;<\/li>\n<li>Echte Zeitersparnis \u2013 die Plattform bietet die M\u00f6glichkeit, Arbeiten auf einer gr\u00f6\u00dferen Fl\u00e4che durchzuf\u00fchren;<\/li>\n<li>Erm\u00f6glicht das gleichzeitige Arbeiten auf zwei Ebenen.<\/li>\n<\/ul>\n<p><span style=\"color: #000000;\"><span style=\"font-family: webkit-standard;\"><span style=\"font-size: large;\">Eine tempor\u00e4re mehrst\u00f6ckige Plattform ist eine mobile oder modulare Struktur, die haupts\u00e4chlich f\u00fcr Arbeiten in der H\u00f6he oder zur Schaffung eines tempor\u00e4ren Arbeitsbereichs verwendet wird, h\u00e4ufig w\u00e4hrend Bauarbeiten, Renovierungen oder Veranstaltungen. <\/span><\/span><\/span><\/p>\n<p><span style=\"color: #000000;\"><span style=\"font-family: webkit-standard;\"><span style=\"font-size: large;\">Es besteht aus mehreren Ebenen (oder Etagen), die es Arbeitern oder Benutzern erm\u00f6glichen, je nach Bedarf auf unterschiedliche H\u00f6hen zuzugreifen. <\/span><\/span><\/span><\/p>\n<p><span style=\"color: #000000;\"><span style=\"font-family: webkit-standard;\"><span style=\"font-size: large;\">Hier sind einige Merkmale dieser Art von Plattform: <\/span><\/span><\/span><\/p>\n<ol>\n<li><span style=\"color: #000000;\"><span style=\"font-family: webkit-standard;\"><span style=\"font-size: large;\"><strong>Mehrstufig:<\/strong> Es verf\u00fcgt \u00fcber mehrere Etagen bzw. Ebenen und erm\u00f6glicht so den Zugang zu verschiedenen H\u00f6hen, was f\u00fcr Aufgaben n\u00fctzlich ist, die Arbeiten auf verschiedenen Ebenen erfordern (Malerei, Installation, Inspektion usw.);<\/span><\/span><\/span><\/li>\n<li><span style=\"color: #000000;\"><span style=\"font-family: webkit-standard;\"><span style=\"font-size: large;\"><strong>Vor\u00fcbergehend :<\/strong> Es ist f\u00fcr die Verwendung \u00fcber einen bestimmten Zeitraum konzipiert, abh\u00e4ngig von den spezifischen Anforderungen eines Projekts. Nach Abschluss der Arbeiten kann die Plattform abgebaut oder verschoben werden;<\/span><\/span><\/span><\/li>\n<li><span style=\"color: #000000;\"><span style=\"font-family: webkit-standard;\"><span style=\"font-size: large;\"><strong>Mobilit\u00e4t:<\/strong> Je nach Ausf\u00fchrung k\u00f6nnen diese Plattformen mobil (zum Beispiel auf R\u00e4dern) oder feststehend sein und sind oft modular aufgebaut, wodurch sie an die Abmessungen des Ortes oder der Veranstaltung angepasst werden k\u00f6nnen;<\/span><\/span><\/span><\/li>\n<li><span style=\"color: #000000;\"><span style=\"font-family: webkit-standard;\"><span style=\"font-size: large;\"><strong>Sicherheit:<\/strong> Sie sind mit Sicherheitsvorrichtungen wie Gel\u00e4nder, Leitern oder Treppen ausgestattet, um St\u00fcrze zu verhindern und die Sicherheit der Arbeiter zu gew\u00e4hrleisten;<\/span><\/span><\/span><\/li>\n<li><span style=\"color: #000000;\"><span style=\"font-family: webkit-standard;\"><span style=\"font-size: large;\"><strong>Verwendung:<\/strong> Sie werden in Bereichen wie dem Baugewerbe, der industriellen Wartung, Messen und Ausstellungen oder f\u00fcr alle Aufgaben eingesetzt, die einen Zugang in der H\u00f6he erfordern.<\/span><\/span><\/span><\/li>\n<\/ol>","protected":false},"featured_media":9326,"comment_status":"closed","ping_status":"closed","template":"","meta":{"_acf_changed":false,"_et_pb_use_builder":"","_et_pb_old_content":"","_et_gb_content_width":""},"product_brand":[],"product_cat":[1205,1494,1308,1160,1370,1448,1369],"product_tag":[],"class_list":{"0":"post-13813","1":"product","2":"type-product","3":"status-publish","4":"has-post-thumbnail","6":"product_cat-plateformes-suspendues-temporaires","7":"product_cat-inferieur-a-800-kg-1764-lbs","8":"product_cat-batiment-secteur-dactivite","9":"product_cat-equipements-temporaires","10":"product_cat-levage-de-personnes-type-de-levage","11":"product_cat-travaux-temporaires","12":"product_cat-type-de-levage","14":"first","15":"instock","16":"shipping-taxable","17":"purchasable","18":"product-type-simple"},"acf":[],"_links":{"self":[{"href":"https:\/\/fixator.fr\/de\/wp-json\/wp\/v2\/product\/13813","targetHints":{"allow":["GET"]}}],"collection":[{"href":"https:\/\/fixator.fr\/de\/wp-json\/wp\/v2\/product"}],"about":[{"href":"https:\/\/fixator.fr\/de\/wp-json\/wp\/v2\/types\/product"}],"replies":[{"embeddable":true,"href":"https:\/\/fixator.fr\/de\/wp-json\/wp\/v2\/comments?post=13813"}],"wp:featuredmedia":[{"embeddable":true,"href":"https:\/\/fixator.fr\/de\/wp-json\/wp\/v2\/media\/9326"}],"wp:attachment":[{"href":"https:\/\/fixator.fr\/de\/wp-json\/wp\/v2\/media?parent=13813"}],"wp:term":[{"taxonomy":"product_brand","embeddable":true,"href":"https:\/\/fixator.fr\/de\/wp-json\/wp\/v2\/product_brand?post=13813"},{"taxonomy":"product_cat","embeddable":true,"href":"https:\/\/fixator.fr\/de\/wp-json\/wp\/v2\/product_cat?post=13813"},{"taxonomy":"product_tag","embeddable":true,"href":"https:\/\/fixator.fr\/de\/wp-json\/wp\/v2\/product_tag?post=13813"}],"curies":[{"name":"wp","href":"https:\/\/api.w.org\/{rel}","templated":true}]}}