{"id":13749,"date":"2023-11-04T17:42:19","date_gmt":"2023-11-04T16:42:19","guid":{"rendered":"https:\/\/fixator.fr\/?post_type=product&#038;p=13749"},"modified":"2025-03-06T13:02:00","modified_gmt":"2025-03-06T12:02:00","slug":"permanente-arbeitssitz-perm06","status":"publish","type":"product","link":"https:\/\/fixator.fr\/de\/produit\/sellette-permanente-perm-06\/","title":{"rendered":"Permanente Arbeitssitz PERM 06"},"content":{"rendered":"","protected":false},"excerpt":{"rendered":"<h1><span style=\"color: #00a776;\"><span style=\"font-family: Raleway;\"><span style=\"font-size: x-large;\"><b>Produktbeschreibung<\/b><\/span><\/span><\/span><\/h1>\n<p>Der <strong>Permanente Arbeitssitz PERM 06<\/strong> ist speziell f\u00fcr die Durchf\u00fchrung konzipiert<strong> Arbeiten in engen Zug\u00e4ngen<\/strong>.<\/p>\n<p>PERM 06 soll sein<strong> dauerhaft an einem Geb\u00e4ude installiert<\/strong>.<\/p>\n<p>Der permanente Arbeitssitz ist <strong>motorisiert mit elektrischer Winde<\/strong> Menschen heben <a href=\"https:\/\/fixator.fr\/de\/produkt\/winden-e-lift-350-501-601\/\" target=\"_blank\" rel=\"noopener\"><strong>e.lift 350<\/strong><\/a> (dreiphasig oder einphasig). PERM 06 verwendet nur eine elektrische Winde zum Heben von Personen.<\/p>\n<p>Vielleicht ist sie es <strong>ausgesetzt<\/strong> zu Aufh\u00e4ngungssystemen des Typs <strong><a href=\"https:\/\/fixator.fr\/de\/produkt\/manueller-einschienen-ubersetzungswagen\/\" target=\"_blank\" rel=\"noopener\">Einschienenbahn<\/a><\/strong>.<\/p>\n<h1><span style=\"color: #00a776;\"><span style=\"font-family: Raleway;\"><span style=\"font-size: x-large;\"><span style=\"color: #00a776; font-family: Raleway; font-size: x-large;\"><b>Vorteile<\/b><\/span><b style=\"color: #00a776; font-family: Raleway; font-size: x-large;\">\u00a0Benutzer<\/b><\/span><\/span><\/span><\/h1>\n<p><strong>Komfort und Praktikabilit\u00e4t:<\/strong><\/p>\n<ul>\n<li>Ideal f\u00fcr Arbeiten in engen R\u00e4umen und eingeschr\u00e4nktem Zugang;<\/li>\n<li>Wird \u201ebetriebsbereit\u201c geliefert \u2013 die Winde vor dem Versand am Stuhl installiert;<\/li>\n<li>Passt sich jedem Geb\u00e4udetyp an;<\/li>\n<li>Schneller Zugang zu Fassaden und Fassadenecken;<\/li>\n<li>Leicht und \u00e4u\u00dferst korrosionsbest\u00e4ndig \u2013 aus Aluminium;<\/li>\n<li>F\u00fchrungsr\u00e4der;<\/li>\n<li>Individuelle Gestaltung nach gemeinsam mit dem Konstruktionsb\u00fcro definierten Vorgaben m\u00f6glich.<\/li>\n<\/ul>","protected":false},"featured_media":5095,"comment_status":"closed","ping_status":"closed","template":"","meta":{"_acf_changed":false,"_et_pb_use_builder":"","_et_pb_old_content":"","_et_gb_content_width":""},"product_brand":[],"product_cat":[1480,1441,1308,1161,1169,1370,1449],"product_tag":[],"class_list":{"0":"post-13749","1":"product","2":"type-product","3":"status-publish","4":"has-post-thumbnail","6":"product_cat-sellettes-suspendues-permanentes","7":"product_cat-inferieur-a-500-kg-1100-lbs","8":"product_cat-batiment-secteur-dactivite","9":"product_cat-equipements-permanents","10":"product_cat-industrie","11":"product_cat-levage-de-personnes-type-de-levage","12":"product_cat-travaux-permanents","14":"first","15":"instock","16":"shipping-taxable","17":"purchasable","18":"product-type-simple"},"acf":[],"_links":{"self":[{"href":"https:\/\/fixator.fr\/de\/wp-json\/wp\/v2\/product\/13749","targetHints":{"allow":["GET"]}}],"collection":[{"href":"https:\/\/fixator.fr\/de\/wp-json\/wp\/v2\/product"}],"about":[{"href":"https:\/\/fixator.fr\/de\/wp-json\/wp\/v2\/types\/product"}],"replies":[{"embeddable":true,"href":"https:\/\/fixator.fr\/de\/wp-json\/wp\/v2\/comments?post=13749"}],"wp:featuredmedia":[{"embeddable":true,"href":"https:\/\/fixator.fr\/de\/wp-json\/wp\/v2\/media\/5095"}],"wp:attachment":[{"href":"https:\/\/fixator.fr\/de\/wp-json\/wp\/v2\/media?parent=13749"}],"wp:term":[{"taxonomy":"product_brand","embeddable":true,"href":"https:\/\/fixator.fr\/de\/wp-json\/wp\/v2\/product_brand?post=13749"},{"taxonomy":"product_cat","embeddable":true,"href":"https:\/\/fixator.fr\/de\/wp-json\/wp\/v2\/product_cat?post=13749"},{"taxonomy":"product_tag","embeddable":true,"href":"https:\/\/fixator.fr\/de\/wp-json\/wp\/v2\/product_tag?post=13749"}],"curies":[{"name":"wp","href":"https:\/\/api.w.org\/{rel}","templated":true}]}}