{"id":13737,"date":"2023-11-04T14:04:17","date_gmt":"2023-11-04T13:04:17","guid":{"rendered":"https:\/\/fixator.fr\/?post_type=product&#038;p=13737"},"modified":"2025-05-22T12:44:35","modified_gmt":"2025-05-22T10:44:35","slug":"gondeln-mit-masten-die-durch-arme-gefuhrt-oder-an-kabeln-abnehmbar-sind","status":"publish","type":"product","link":"https:\/\/fixator.fr\/de\/produit\/nacelles-a-mats-guidees-a-bras-ou-demontables-sur-cables\/","title":{"rendered":"Mastpod (durch Arme gef\u00fchrt oder an Seilen abnehmbar)"},"content":{"rendered":"","protected":false},"excerpt":{"rendered":"<h1><span style=\"color: #00a776;\"><span style=\"font-family: Raleway;\"><span style=\"font-size: x-large;\"><b>Produktbeschreibung<\/b><\/span><\/span><\/span><\/h1>\n<p>Die<strong> Mastgondeln<\/strong> von FIXATOR wurden speziell daf\u00fcr entwickelt <strong>Klettern Sie entlang der gro\u00dfen Lichtmasten<\/strong> (Stadien, Hafengebiete, Flugh\u00e4fen, Industriestandorte) bis zur Wartungsplattform.<\/p>\n<p>Sie existieren in <strong>zwei Versionen:<\/strong> die gef\u00fchrte Gondel<strong> durch einen Gelenkarm<\/strong> die den Mast entlang der gesamten Steigung oder Gondel umh\u00fcllt<strong> abnehmbar an Kabeln<\/strong>.<\/p>\n<p><strong>Beide verwenden nur eine elektrische Winde<\/strong> (insbesondere die <strong><a href=\"https:\/\/fixator.fr\/de\/produkt-kategorie\/hebewinden\/heben-von-personen-winden\/e-lift-serie\/\" target=\"_blank\" rel=\"noopener\">e.lift 350<\/a><\/strong>) zum Heben von ein oder zwei Personen.<\/p>\n<h1><span style=\"color: #00a776;\"><span style=\"font-family: Raleway;\"><span style=\"font-size: x-large;\"><span style=\"color: #00a776; font-family: Raleway; font-size: x-large;\"><b>Vorteile<\/b><\/span><b style=\"color: #00a776; font-family: Raleway; font-size: x-large;\">\u00a0Benutzer<\/b><\/span><\/span><\/span><\/h1>\n<p><strong>Praktikabilit\u00e4t:<\/strong><\/p>\n<ul>\n<li>Mastpods k\u00f6nnen problemlos von einem Turm zum anderen am selben Standort bewegt werden;<\/li>\n<li>M\u00f6glichkeit der Montage an gro\u00dfen Masten aller Art bis zu 45 Metern;<\/li>\n<li>Individuelle Anpassung an unterschiedliche Mastdurchmesser (Kabelversion);<\/li>\n<li>Vollst\u00e4ndig abnehmbar (Version mit Gelenkarmen).<\/li>\n<\/ul>\n<p><strong>Komfort und Sicherheit:<\/strong><\/p>\n<ul>\n<li>Aluminiumausf\u00fchrung \u2013 Korrosionsschutz;<\/li>\n<li>Ausgestattet mit F\u00fchrungsr\u00e4dern,<\/li>\n<li>Die Struktur ist mit einer Verl\u00e4ngerung (Option) versehen, die einen v\u00f6llig sicheren Durchgang auf der Plattform erm\u00f6glicht.<\/li>\n<li>Ausgestattet mit Spannern und F\u00fchrungsrollen mit R\u00e4dern (Gelenkarmversion).<\/li>\n<\/ul>","protected":false},"featured_media":9286,"comment_status":"closed","ping_status":"closed","template":"","meta":{"_acf_changed":false,"_et_pb_use_builder":"","_et_pb_old_content":"","_et_gb_content_width":""},"product_brand":[],"product_cat":[1479,1450,1311,1160,1169,1370,1448],"product_tag":[],"class_list":{"0":"post-13737","1":"product","2":"type-product","3":"status-publish","4":"has-post-thumbnail","6":"product_cat-nacelles-suspendues-temporaires","7":"product_cat-acces-exterieur","8":"product_cat-eolien","9":"product_cat-equipements-temporaires","10":"product_cat-industrie","11":"product_cat-levage-de-personnes-type-de-levage","12":"product_cat-travaux-temporaires","14":"first","15":"instock","16":"shipping-taxable","17":"purchasable","18":"product-type-variable","19":"has-default-attributes"},"acf":[],"_links":{"self":[{"href":"https:\/\/fixator.fr\/de\/wp-json\/wp\/v2\/product\/13737","targetHints":{"allow":["GET"]}}],"collection":[{"href":"https:\/\/fixator.fr\/de\/wp-json\/wp\/v2\/product"}],"about":[{"href":"https:\/\/fixator.fr\/de\/wp-json\/wp\/v2\/types\/product"}],"replies":[{"embeddable":true,"href":"https:\/\/fixator.fr\/de\/wp-json\/wp\/v2\/comments?post=13737"}],"wp:featuredmedia":[{"embeddable":true,"href":"https:\/\/fixator.fr\/de\/wp-json\/wp\/v2\/media\/9286"}],"wp:attachment":[{"href":"https:\/\/fixator.fr\/de\/wp-json\/wp\/v2\/media?parent=13737"}],"wp:term":[{"taxonomy":"product_brand","embeddable":true,"href":"https:\/\/fixator.fr\/de\/wp-json\/wp\/v2\/product_brand?post=13737"},{"taxonomy":"product_cat","embeddable":true,"href":"https:\/\/fixator.fr\/de\/wp-json\/wp\/v2\/product_cat?post=13737"},{"taxonomy":"product_tag","embeddable":true,"href":"https:\/\/fixator.fr\/de\/wp-json\/wp\/v2\/product_tag?post=13737"}],"curies":[{"name":"wp","href":"https:\/\/api.w.org\/{rel}","templated":true}]}}