{"id":13545,"date":"2023-11-02T19:53:32","date_gmt":"2023-11-02T18:53:32","guid":{"rendered":"https:\/\/fixator.fr\/?post_type=product&#038;p=13545"},"modified":"2025-05-23T10:36:51","modified_gmt":"2025-05-23T08:36:51","slug":"arbeitskorb-individueller-monoblock","status":"publish","type":"product","link":"https:\/\/fixator.fr\/de\/produit\/nacelle-individuelle-monobloc\/","title":{"rendered":"Arbeitskorb individueller Monoblock"},"content":{"rendered":"","protected":false},"excerpt":{"rendered":"<h2 style=\"text-align: left;\"><span style=\"color: #00a776;\"><span style=\"font-family: Raleway;\"><span style=\"font-size: x-large;\"><b>Produktbeschreibung<\/b><\/span><\/span><\/span><\/h2>\n<p>Der<strong> Arbeitskorb individueller Monoblock<\/strong> FIXATOR ist eine Alternative zur H\u00e4ngeplattform mit dem Unterschied, dass der Korb nur eine einzige elektrische oder manuelle Winde zum Heben einer Person verwendet.<\/p>\n<p>Arbeitskorb individueller Monoblock ist ideal f\u00fcr Eins\u00e4tze in <strong>beengte R\u00e4ume<\/strong> und<strong> eingeschr\u00e4nkter Zugang<\/strong> und profitiert von einer schnellen Inbetriebnahme auf der Baustelle.<\/p>\n<p>Es kann an H\u00e4ngesystemen wie z.B. aufgeh\u00e4ngt werden <strong><a href=\"https:\/\/fixator.fr\/de\/produkt\/fixapoutre-dachausleger\/\">Dachausleger<\/a> <\/strong>oder der<strong> <a href=\"https:\/\/fixator.fr\/de\/produkt\/brustungszangen-500-600-800\/\">Br\u00fcstungshalterung<\/a><\/strong>.<\/p>\n<h2 style=\"text-align: left;\"><span style=\"color: #00a776;\"><span style=\"font-family: Raleway;\"><span style=\"font-size: x-large;\"><span style=\"color: #00a776; font-family: Raleway; font-size: x-large;\"><b>Vorteile<\/b><\/span><b style=\"color: #00a776; font-family: Raleway; font-size: x-large;\">\u00a0Benutzer<\/b><\/span><\/span><\/span><\/h2>\n<p><strong>Vielseitigkeit:<\/strong><\/p>\n<ul>\n<li>Mit der einzelnen Arbeitskorb k\u00f6nnen unterschiedliche Arbeiten auf engstem Raum ausgef\u00fchrt werden.<\/li>\n<\/ul>\n<p><strong>Praktikabilit\u00e4t und Komfort:<\/strong><\/p>\n<ul>\n<li>Ideal f\u00fcr Arbeiten in engen R\u00e4umen und eingeschr\u00e4nktem Zugang;<\/li>\n<li>Ausgestattet mit F\u00fchrungsr\u00e4dern;<\/li>\n<li>Ergonomisch, leicht und einfach zu handhaben.<\/li>\n<\/ul>","protected":false},"featured_media":9296,"comment_status":"closed","ping_status":"closed","template":"","meta":{"_acf_changed":false,"_et_pb_use_builder":"on","_et_pb_old_content":"","_et_gb_content_width":""},"product_brand":[],"product_cat":[1479,1450,1311,1160,1169,1370,1448],"product_tag":[],"class_list":{"0":"post-13545","1":"product","2":"type-product","3":"status-publish","4":"has-post-thumbnail","6":"product_cat-nacelles-suspendues-temporaires","7":"product_cat-acces-exterieur","8":"product_cat-eolien","9":"product_cat-equipements-temporaires","10":"product_cat-industrie","11":"product_cat-levage-de-personnes-type-de-levage","12":"product_cat-travaux-temporaires","14":"first","15":"instock","16":"shipping-taxable","17":"purchasable","18":"product-type-variable","19":"has-default-attributes"},"acf":[],"_links":{"self":[{"href":"https:\/\/fixator.fr\/de\/wp-json\/wp\/v2\/product\/13545","targetHints":{"allow":["GET"]}}],"collection":[{"href":"https:\/\/fixator.fr\/de\/wp-json\/wp\/v2\/product"}],"about":[{"href":"https:\/\/fixator.fr\/de\/wp-json\/wp\/v2\/types\/product"}],"replies":[{"embeddable":true,"href":"https:\/\/fixator.fr\/de\/wp-json\/wp\/v2\/comments?post=13545"}],"wp:featuredmedia":[{"embeddable":true,"href":"https:\/\/fixator.fr\/de\/wp-json\/wp\/v2\/media\/9296"}],"wp:attachment":[{"href":"https:\/\/fixator.fr\/de\/wp-json\/wp\/v2\/media?parent=13545"}],"wp:term":[{"taxonomy":"product_brand","embeddable":true,"href":"https:\/\/fixator.fr\/de\/wp-json\/wp\/v2\/product_brand?post=13545"},{"taxonomy":"product_cat","embeddable":true,"href":"https:\/\/fixator.fr\/de\/wp-json\/wp\/v2\/product_cat?post=13545"},{"taxonomy":"product_tag","embeddable":true,"href":"https:\/\/fixator.fr\/de\/wp-json\/wp\/v2\/product_tag?post=13545"}],"curies":[{"name":"wp","href":"https:\/\/api.w.org\/{rel}","templated":true}]}}