{"id":13540,"date":"2023-11-02T19:08:18","date_gmt":"2023-11-02T18:08:18","guid":{"rendered":"https:\/\/fixator.fr\/?post_type=product&#038;p=13540"},"modified":"2025-06-23T16:23:47","modified_gmt":"2025-06-23T14:23:47","slug":"winde-fur-basketballkorb","status":"publish","type":"product","link":"https:\/\/fixator.fr\/de\/produit\/treuil-pour-panier-de-basket\/","title":{"rendered":"Winde f\u00fcr Basketballkorb"},"content":{"rendered":"","protected":false},"excerpt":{"rendered":"<h2 style=\"text-align: left;\"><span style=\"color: #4786a6;\"><span style=\"font-family: Raleway;\"><span style=\"font-size: medium;\"><b>CE-Norm<\/b><\/span><\/span><\/span><\/h2>\n<h2 style=\"text-align: left;\"><span style=\"color: #00a776;\"><span style=\"font-family: Raleway;\"><span style=\"font-size: x-large;\"><b>Produktbeschreibung<\/b><\/span><\/span><\/span><\/h2>\n<p>Die<strong> Basketballwinde<\/strong> erm\u00f6glicht das Anheben und Absenken von Basketball-R\u00fcckw\u00e4nden im Fitnessstudio.<\/p>\n<p>Seine maximale Tragf\u00e4higkeit betr\u00e4gt 300 kg.<\/p>\n<p>Es stehen zwei Modelle zur Verf\u00fcgung: per Schl\u00fcsselsteuerung oder per Funksteuerung zur Fernsteuerung.<\/p>\n<p>&nbsp;<\/p>\n<h2 style=\"text-align: left;\"><span style=\"color: #00a776;\"><span style=\"font-family: Raleway;\"><span style=\"font-size: x-large;\"><span style=\"color: #00a776; font-family: Raleway; font-size: x-large;\"><b>Vorteile<\/b><\/span><b style=\"color: #00a776; font-family: Raleway; font-size: x-large;\">\u00a0Benutzer<\/b><\/span><\/span><\/span><\/h2>\n<p><strong>Komfort :<\/strong><\/p>\n<ul>\n<li>Kompakt und leicht;<\/li>\n<li>Automatische Installation der 2 Kabel (Arbeit und Sicherheit).<\/li>\n<\/ul>\n<p><strong>Sicherheit:<\/strong><\/p>\n<ul>\n<li>Vereinfachte Wartung dank einfachem Zugang zu Ersatzteilen (Motor befindet sich au\u00dferhalb des Rohrteils);<\/li>\n<li>Geeignet f\u00fcr immer schwerere ausziehbare Basketball-R\u00fcckw\u00e4nde, die eine leistungsstarke Motorisierung erfordern.<\/li>\n<\/ul>\n<p><strong>Sicherheit:<\/strong><\/p>\n<ul>\n<li>Endschalter nach oben und unten<\/li>\n<\/ul>","protected":false},"featured_media":14654,"comment_status":"closed","ping_status":"closed","template":"","meta":{"_acf_changed":false,"_et_pb_use_builder":"","_et_pb_old_content":"","_et_gb_content_width":""},"product_brand":[],"product_cat":[1174,1491,1285,1439,1474,1284,1294,1511,1157,1281,1295],"product_tag":[],"class_list":{"0":"post-13540","1":"product","2":"type-product","3":"status-publish","4":"has-post-thumbnail","6":"product_cat-treuils-de-levage-de-materiels","7":"product_cat-inferieur-a-300-kg-660-lbs","8":"product_cat-ce","9":"product_cat-charge-maximale-dutilisation-cmu","10":"product_cat-mecanique","11":"product_cat-norme","12":"product_cat-secteur-dactivite","13":"product_cat-sport-et-spectacle","14":"product_cat-treuils-de-levage","15":"product_cat-treuils-electriques","16":"product_cat-type-de-treuil","18":"first","19":"instock","20":"shipping-taxable","21":"purchasable","22":"product-type-variable","23":"has-default-attributes"},"acf":[],"_links":{"self":[{"href":"https:\/\/fixator.fr\/de\/wp-json\/wp\/v2\/product\/13540","targetHints":{"allow":["GET"]}}],"collection":[{"href":"https:\/\/fixator.fr\/de\/wp-json\/wp\/v2\/product"}],"about":[{"href":"https:\/\/fixator.fr\/de\/wp-json\/wp\/v2\/types\/product"}],"replies":[{"embeddable":true,"href":"https:\/\/fixator.fr\/de\/wp-json\/wp\/v2\/comments?post=13540"}],"wp:featuredmedia":[{"embeddable":true,"href":"https:\/\/fixator.fr\/de\/wp-json\/wp\/v2\/media\/14654"}],"wp:attachment":[{"href":"https:\/\/fixator.fr\/de\/wp-json\/wp\/v2\/media?parent=13540"}],"wp:term":[{"taxonomy":"product_brand","embeddable":true,"href":"https:\/\/fixator.fr\/de\/wp-json\/wp\/v2\/product_brand?post=13540"},{"taxonomy":"product_cat","embeddable":true,"href":"https:\/\/fixator.fr\/de\/wp-json\/wp\/v2\/product_cat?post=13540"},{"taxonomy":"product_tag","embeddable":true,"href":"https:\/\/fixator.fr\/de\/wp-json\/wp\/v2\/product_tag?post=13540"}],"curies":[{"name":"wp","href":"https:\/\/api.w.org\/{rel}","templated":true}]}}