{"id":13348,"date":"2023-07-27T16:16:34","date_gmt":"2023-07-27T14:16:34","guid":{"rendered":"https:\/\/fixator.fr\/?post_type=product&#038;p=13348"},"modified":"2026-01-05T17:02:29","modified_gmt":"2026-01-05T16:02:29","slug":"vervielfachte-manuelle-winden-mit-kurbel-60-300-kg","status":"publish","type":"product","link":"https:\/\/fixator.fr\/de\/produit\/treuils-manuels-demultiplies-a-manivelle-60-300kg\/","title":{"rendered":"Handkurbel-Getriebewinden 60-300 kg"},"content":{"rendered":"<p>[et_pb_section fb_built=&#8221;1&#8243; _builder_version=&#8221;4.16&#8243; custom_padding=&#8221;0px||||false|false&#8221; global_colors_info=&#8221;{}&#8221;][et_pb_row admin_label=&#8221;Ligne&#8221; _builder_version=&#8221;4.16&#8243; background_size=&#8221;initial&#8221; background_position=&#8221;top_left&#8221; background_repeat=&#8221;repeat&#8221; width=&#8221;100%&#8221; custom_padding=&#8221;0px||0px||false|false&#8221; global_colors_info=&#8221;{}&#8221;][et_pb_column type=&#8221;4_4&#8243; _builder_version=&#8221;4.16&#8243; custom_padding=&#8221;|||&#8221; global_colors_info=&#8221;{}&#8221; custom_padding__hover=&#8221;|||&#8221;][et_pb_wc_breadcrumb _builder_version=&#8221;4.16&#8243; global_colors_info=&#8221;{}&#8221;][\/et_pb_wc_breadcrumb][et_pb_wc_cart_notice _builder_version=&#8221;4.16&#8243; global_colors_info=&#8221;{}&#8221;][\/et_pb_wc_cart_notice][\/et_pb_column][\/et_pb_row][et_pb_row column_structure=&#8221;1_2,1_2&#8243; _builder_version=&#8221;4.16&#8243; background_size=&#8221;initial&#8221; background_position=&#8221;top_left&#8221; background_repeat=&#8221;repeat&#8221; width=&#8221;100%&#8221; custom_padding=&#8221;0px||||false|false&#8221; global_colors_info=&#8221;{}&#8221;][et_pb_column type=&#8221;1_2&#8243; _builder_version=&#8221;4.16&#8243; custom_padding=&#8221;|||&#8221; global_colors_info=&#8221;{}&#8221; custom_padding__hover=&#8221;|||&#8221;][et_pb_wc_images _builder_version=&#8221;4.16&#8243; global_colors_info=&#8221;{}&#8221;][\/et_pb_wc_images][\/et_pb_column][et_pb_column type=&#8221;1_2&#8243; _builder_version=&#8221;4.16&#8243; custom_padding=&#8221;|||&#8221; global_colors_info=&#8221;{}&#8221; custom_padding__hover=&#8221;|||&#8221;][et_pb_wc_title _builder_version=&#8221;4.16&#8243; global_colors_info=&#8221;{}&#8221;][\/et_pb_wc_title][et_pb_wc_rating _builder_version=&#8221;4.16&#8243; global_colors_info=&#8221;{}&#8221;][\/et_pb_wc_rating][et_pb_wc_price _builder_version=&#8221;4.16&#8243; global_colors_info=&#8221;{}&#8221;][\/et_pb_wc_price][et_pb_wc_description _builder_version=&#8221;4.16&#8243; global_colors_info=&#8221;{}&#8221;][\/et_pb_wc_description][et_pb_wc_add_to_cart _builder_version=&#8221;4.16&#8243; global_colors_info=&#8221;{}&#8221;][\/et_pb_wc_add_to_cart][et_pb_wc_meta _builder_version=&#8221;4.16&#8243; global_colors_info=&#8221;{}&#8221;][\/et_pb_wc_meta][\/et_pb_column][\/et_pb_row][et_pb_row _builder_version=&#8221;4.16&#8243; background_size=&#8221;initial&#8221; background_position=&#8221;top_left&#8221; background_repeat=&#8221;repeat&#8221; width=&#8221;100%&#8221; global_colors_info=&#8221;{}&#8221;][et_pb_column type=&#8221;4_4&#8243; _builder_version=&#8221;4.16&#8243; custom_padding=&#8221;|||&#8221; global_colors_info=&#8221;{}&#8221; custom_padding__hover=&#8221;|||&#8221;][et_pb_wc_tabs _builder_version=&#8221;4.16&#8243; global_colors_info=&#8221;{}&#8221;] [\/et_pb_wc_tabs][et_pb_wc_upsells _builder_version=&#8221;4.16&#8243; global_colors_info=&#8221;{}&#8221;][\/et_pb_wc_upsells][et_pb_wc_related_products include_categories=&#8221;1242,1205&#8243; admin_label=&#8221;Woo Produits connexes&#8221; _builder_version=&#8221;4.22.1&#8243; global_colors_info=&#8221;{}&#8221;][\/et_pb_wc_related_products][\/et_pb_column][\/et_pb_row][\/et_pb_section]<\/p>\n","protected":false},"excerpt":{"rendered":"<h2 style=\"text-align: left\"><span style=\"color: #4786a6\"><span style=\"font-family: Raleway\"><span style=\"font-size: medium\"><b>CE-Norm<\/b><\/span><\/span><\/span><\/h2>\n<h2 style=\"text-align: left\"><span style=\"color: #00a776\"><span style=\"font-family: Raleway\"><span style=\"font-size: x-large\"><b>Produktbeschreibung<\/b><\/span><\/span><\/span><\/h2>\n<p>Die <strong>Getriebehandwinden mit Kurbel<\/strong> (Modelle <strong>3060, 3120, 3121, 3200, 3300<\/strong>) werden in Sporthallen h\u00e4ufig zum manuellen Anheben von Basketball-R\u00fcckw\u00e4nden und zum Bewegen von Jalousien verwendet.<\/p>\n<p>Konform mit der CE-Norm und ohne staatliche Garantie patentiert (HdO SGDG), ihre maximale Tragf\u00e4higkeit liegt je nach Modell zwischen 60 und 300 kg.<\/p>\n<h2 style=\"text-align: left\"><span style=\"color: #00a776\"><span style=\"font-family: Raleway\"><span style=\"font-size: x-large\"><b><span style=\"color: #00a776;font-family: Raleway;font-size: x-large\">Vorteile<\/span><b style=\"color: #00a776;font-family: Raleway;font-size: x-large\"> Benutzer<\/b><\/b><\/span><\/span><\/span><\/h2>\n<p><strong>Komfort :<\/strong><\/p>\n<ul>\n<li><strong>Einfache Wartung<\/strong> (1 Jahresscheck),<\/li>\n<li>Abnehmbare Kurbel;<\/li>\n<li>Robuste, verzinkte Stahloberfl\u00e4che.<\/li>\n<\/ul>\n<p>Sicherheit:<\/p>\n<ul>\n<li>Ausgestattet mit<strong> FIXATOR automatische Bremse;<\/strong><\/li>\n<li><strong>Automatisch irreversibel<\/strong>\u00a0in beiden Drehrichtungen,<\/li>\n<li>Keine Ratsche, kein Ruck.<\/li>\n<\/ul>","protected":false},"featured_media":14655,"comment_status":"closed","ping_status":"closed","template":"","meta":{"_acf_changed":false,"_et_pb_use_builder":"on","_et_pb_old_content":"","_et_gb_content_width":""},"product_brand":[],"product_cat":[1174,1491,1308,1285,1439,1284,1294,1511,1157,1512,1295],"product_tag":[],"class_list":{"0":"post-13348","1":"product","2":"type-product","3":"status-publish","4":"has-post-thumbnail","6":"product_cat-treuils-de-levage-de-materiels","7":"product_cat-inferieur-a-300-kg-660-lbs","8":"product_cat-batiment-secteur-dactivite","9":"product_cat-ce","10":"product_cat-charge-maximale-dutilisation-cmu","11":"product_cat-norme","12":"product_cat-secteur-dactivite","13":"product_cat-sport-et-spectacle","14":"product_cat-treuils-de-levage","15":"product_cat-treuils-manuels","16":"product_cat-type-de-treuil","18":"first","19":"instock","20":"shipping-taxable","21":"purchasable","22":"product-type-variable","23":"has-default-attributes"},"acf":[],"_links":{"self":[{"href":"https:\/\/fixator.fr\/de\/wp-json\/wp\/v2\/product\/13348","targetHints":{"allow":["GET"]}}],"collection":[{"href":"https:\/\/fixator.fr\/de\/wp-json\/wp\/v2\/product"}],"about":[{"href":"https:\/\/fixator.fr\/de\/wp-json\/wp\/v2\/types\/product"}],"replies":[{"embeddable":true,"href":"https:\/\/fixator.fr\/de\/wp-json\/wp\/v2\/comments?post=13348"}],"wp:featuredmedia":[{"embeddable":true,"href":"https:\/\/fixator.fr\/de\/wp-json\/wp\/v2\/media\/14655"}],"wp:attachment":[{"href":"https:\/\/fixator.fr\/de\/wp-json\/wp\/v2\/media?parent=13348"}],"wp:term":[{"taxonomy":"product_brand","embeddable":true,"href":"https:\/\/fixator.fr\/de\/wp-json\/wp\/v2\/product_brand?post=13348"},{"taxonomy":"product_cat","embeddable":true,"href":"https:\/\/fixator.fr\/de\/wp-json\/wp\/v2\/product_cat?post=13348"},{"taxonomy":"product_tag","embeddable":true,"href":"https:\/\/fixator.fr\/de\/wp-json\/wp\/v2\/product_tag?post=13348"}],"curies":[{"name":"wp","href":"https:\/\/api.w.org\/{rel}","templated":true}]}}