{"id":13235,"date":"2023-10-27T17:42:05","date_gmt":"2023-10-27T15:42:05","guid":{"rendered":"https:\/\/fixator.fr\/?post_type=product&#038;p=13235"},"modified":"2025-07-22T11:55:24","modified_gmt":"2025-07-22T09:55:24","slug":"haken-zum-aufhangen","status":"publish","type":"product","link":"https:\/\/fixator.fr\/de\/produit\/crochets-de-suspension\/","title":{"rendered":"Haken zum Aufh\u00e4ngen"},"content":{"rendered":"","protected":false},"excerpt":{"rendered":"<p data-start=\"0\" data-end=\"228\">Haken sind Hebe- und H\u00e4ngevorrichtungen, die in verschiedenen Bereichen eingesetzt werden, unter anderem zum industriellen Heben, Handhaben und Transportieren von Lasten. Dies sind die wichtigsten Hakentypen:<\/p>\n<h3 data-start=\"230\" data-end=\"284\"><strong data-start=\"234\" data-end=\"282\">1. Feste und halbdrehbare Verriegelungshaken<\/strong><\/h3>\n<p data-start=\"285\" data-end=\"423\"><strong>Diese Haken sind mit einer Sicherheitsverriegelung ausgestattet,<\/strong> eine Sicherheitsvorrichtung, die das unbeabsichtigte L\u00f6sen der Ladung verhindert.<\/p>\n<ul data-start=\"425\" data-end=\"862\">\n<li data-start=\"425\" data-end=\"660\">\n<h4 data-start=\"427\" data-end=\"458\"><strong data-start=\"427\" data-end=\"454\">Feste Haken (\u00d6se) mit Riegel <\/strong>:<\/h4>\n<ul data-start=\"461\" data-end=\"660\">\n<li data-start=\"461\" data-end=\"552\">Das Auge ist fest und bewegt sich nicht, was eine konstante Lasthaltung gew\u00e4hrleistet;<\/li>\n<li data-start=\"461\" data-end=\"552\">Das Auge wird f\u00fcr Anwendungen verwendet, bei denen Stabilit\u00e4t wichtig ist und keine Rotation erforderlich ist.<\/li>\n<\/ul>\n<\/li>\n<li data-start=\"662\" data-end=\"862\">\n<h4 data-start=\"664\" data-end=\"705\"><strong data-start=\"664\" data-end=\"701\">Halbdrehbare Haken mit Verriegelung<\/strong> :<\/h4>\n<ul data-start=\"425\" data-end=\"862\">\n<li data-start=\"662\" data-end=\"862\">\n<p data-start=\"664\" data-end=\"705\"><strong>Sie erm\u00f6glichen eine gewisse Rotation unter Last<\/strong>, was die Positionierung erleichtert;<\/p>\n<\/li>\n<li data-start=\"708\" data-end=\"787\">Um unkontrollierte Bewegungen zu verhindern ist die Drehachse begrenzt.<\/li>\n<\/ul>\n<\/li>\n<\/ul>\n<h3 data-start=\"864\" data-end=\"924\"><strong data-start=\"868\" data-end=\"922\">2. Feste und halbrotierende selbstverriegelnde Haken<\/strong><\/h3>\n<p data-start=\"925\" data-end=\"1058\"><strong>Diese Haken verf\u00fcgen \u00fcber einen selbstverriegelnden Mechanismus,<\/strong> die ein unbeabsichtigtes Aush\u00e4ngen verhindert, sobald die Last angeh\u00e4ngt ist.<\/p>\n<ul data-start=\"1060\" data-end=\"1469\">\n<li data-start=\"1060\" data-end=\"1229\">\n<h4 data-start=\"1062\" data-end=\"1099\"><strong data-start=\"1062\" data-end=\"1095\">Feste selbstverriegelnde Haken<\/strong> :<\/h4>\n<ul data-start=\"1060\" data-end=\"1469\">\n<li data-start=\"1060\" data-end=\"1229\">\n<p data-start=\"1062\" data-end=\"1099\"><strong>Sie drehen sich nicht <\/strong>und <strong>Sie gew\u00e4hrleisten maximale Sicherheit<\/strong>;<\/p>\n<\/li>\n<li data-start=\"1060\" data-end=\"1229\">\n<p data-start=\"1062\" data-end=\"1099\">Sie werden f\u00fcr schwere Lasten verwendet, die eine starre Befestigung erfordern.<\/p>\n<\/li>\n<\/ul>\n<\/li>\n<li data-start=\"1231\" data-end=\"1469\">\n<h4 data-start=\"1233\" data-end=\"1279\"><strong data-start=\"1233\" data-end=\"1275\">Halbdrehbare, selbstverriegelnde Haken<\/strong> :<\/h4>\n<ul data-start=\"1060\" data-end=\"1469\">\n<li data-start=\"1231\" data-end=\"1469\">\n<p data-start=\"1233\" data-end=\"1279\"><strong>Sie k\u00f6nnen teilweise rotieren<\/strong> um die Lastorientierung zu erleichtern;<\/p>\n<\/li>\n<li data-start=\"1231\" data-end=\"1469\"><strong>Sie sind ideal<\/strong> f\u00fcr Eins\u00e4tze, die eine gewisse Anpassung erfordern und gleichzeitig optimale Sicherheit gew\u00e4hrleisten.<\/li>\n<\/ul>\n<\/li>\n<\/ul>\n<p data-start=\"1471\" data-end=\"1649\" data-is-last-node=\"\" data-is-only-node=\"\">Diese verschiedenen Hakentypen werden entsprechend den spezifischen Handhabungs- und Hebeanforderungen Ihrer h\u00e4ngenden elektrischen, manuellen oder pneumatischen Winden ausgew\u00e4hlt, wobei die erforderliche Sicherheit und Man\u00f6vrierf\u00e4higkeit ber\u00fccksichtigt wird.<\/p>","protected":false},"featured_media":13241,"comment_status":"closed","ping_status":"closed","template":"","meta":{"_acf_changed":false,"_et_pb_use_builder":"","_et_pb_old_content":"","_et_gb_content_width":""},"product_brand":[],"product_cat":[1176],"product_tag":[1367],"class_list":{"0":"post-13235","1":"product","2":"type-product","3":"status-publish","4":"has-post-thumbnail","6":"product_cat-accessoires","7":"product_tag-accrochage","9":"first","10":"instock","11":"shipping-taxable","12":"purchasable","13":"product-type-variable","14":"has-default-attributes"},"acf":[],"_links":{"self":[{"href":"https:\/\/fixator.fr\/de\/wp-json\/wp\/v2\/product\/13235","targetHints":{"allow":["GET"]}}],"collection":[{"href":"https:\/\/fixator.fr\/de\/wp-json\/wp\/v2\/product"}],"about":[{"href":"https:\/\/fixator.fr\/de\/wp-json\/wp\/v2\/types\/product"}],"replies":[{"embeddable":true,"href":"https:\/\/fixator.fr\/de\/wp-json\/wp\/v2\/comments?post=13235"}],"wp:featuredmedia":[{"embeddable":true,"href":"https:\/\/fixator.fr\/de\/wp-json\/wp\/v2\/media\/13241"}],"wp:attachment":[{"href":"https:\/\/fixator.fr\/de\/wp-json\/wp\/v2\/media?parent=13235"}],"wp:term":[{"taxonomy":"product_brand","embeddable":true,"href":"https:\/\/fixator.fr\/de\/wp-json\/wp\/v2\/product_brand?post=13235"},{"taxonomy":"product_cat","embeddable":true,"href":"https:\/\/fixator.fr\/de\/wp-json\/wp\/v2\/product_cat?post=13235"},{"taxonomy":"product_tag","embeddable":true,"href":"https:\/\/fixator.fr\/de\/wp-json\/wp\/v2\/product_tag?post=13235"}],"curies":[{"name":"wp","href":"https:\/\/api.w.org\/{rel}","templated":true}]}}