{"id":13153,"date":"2023-10-26T16:34:56","date_gmt":"2023-10-26T14:34:56","guid":{"rendered":"https:\/\/fixator.fr\/?post_type=product&#038;p=13153"},"modified":"2025-05-09T15:23:16","modified_gmt":"2025-05-09T13:23:16","slug":"funksteuerung-lm-vfd-300-500kg","status":"publish","type":"product","link":"https:\/\/fixator.fr\/de\/produit\/radiocommande-lm-vfd-300-500kg\/","title":{"rendered":"Funkgesteuerte elektrische Winde LM VFD 300-500 kg"},"content":{"rendered":"","protected":false},"excerpt":{"rendered":"<h1><span style=\"color: #00a776;\"><span style=\"font-family: Raleway;\"><span style=\"font-size: x-large;\"><b>Produktbeschreibung<\/b><\/span><\/span><\/span><\/h1>\n<p data-start=\"0\" data-end=\"199\">A <strong data-start=\"4\" data-end=\"73\">Funksteuerung (mit Box) f\u00fcr Winden mit variabler Frequenz oder variabler Geschwindigkeit<\/strong> wird verwendet, um <strong data-start=\"81\" data-end=\"105\">Fernbedienung<\/strong> Windenbetrieb mit pr\u00e4ziserer Steuerung von Geschwindigkeit und Leistung.<\/p>\n<h1><span style=\"color: #00a776;\"><span style=\"font-family: Raleway;\"><span style=\"font-size: x-large;\"><span style=\"color: #00a776; font-family: Raleway; font-size: x-large;\"><b>Vorteile<\/b><\/span><b style=\"color: #00a776; font-family: Raleway; font-size: x-large;\">\u00a0Benutzer<\/b><\/span><\/span><\/span><\/h1>\n<ol data-start=\"235\" data-end=\"1114\">\n<li data-start=\"235\" data-end=\"367\"><strong data-start=\"238\" data-end=\"270\">Sichere Fernbedienung<\/strong> : Erm\u00f6glicht die Bedienung der Winde aus der N\u00e4he und verringert so das Unfallrisiko;<\/li>\n<li data-start=\"368\" data-end=\"670\"><strong data-start=\"371\" data-end=\"396\">Geschwindigkeitsmanagement<\/strong> :\n<ul data-start=\"404\" data-end=\"670\">\n<li data-start=\"404\" data-end=\"540\"><strong data-start=\"406\" data-end=\"441\">Frequenzvariationswinde<\/strong> : Passt die Motordrehzahl stufenlos an, um ein sanftes, pr\u00e4zises Heben oder Bewegen zu erm\u00f6glichen;<\/li>\n<li data-start=\"544\" data-end=\"670\"><strong data-start=\"546\" data-end=\"567\">Winde mit zwei Geschwindigkeiten<\/strong> : Bietet zwei voreingestellte Geschwindigkeiten (eine langsame f\u00fcr Pr\u00e4zision und eine schnelle zum Zeitsparen).<\/li>\n<\/ul>\n<\/li>\n<li data-start=\"671\" data-end=\"798\"><strong data-start=\"674\" data-end=\"701\">Pr\u00e4zision und Effizienz<\/strong> : Erm\u00f6glicht eine bessere Kontrolle der Lastbewegung und vermeidet St\u00f6\u00dfe und Ersch\u00fctterungen;<\/li>\n<li data-start=\"799\" data-end=\"977\"><strong data-start=\"802\" data-end=\"827\">Benutzerfreundlichkeit<\/strong> : Der Bediener kann die Winde in optimaler Position bedienen, ohne die Bedienelemente am Ger\u00e4t direkt bet\u00e4tigen zu m\u00fcssen.<\/li>\n<\/ol>\n<h3 data-start=\"1116\" data-end=\"1136\">Anwendungen:<\/h3>\n<ul data-start=\"1137\" data-end=\"1387\">\n<li data-start=\"1137\" data-end=\"1213\"><strong data-start=\"1139\" data-end=\"1167\">Industrie und Handling<\/strong> : Schwere Lasten pr\u00e4zise heben.<\/li>\n<li data-start=\"1214\" data-end=\"1290\"><strong data-start=\"1216\" data-end=\"1244\">Forst- und Bauwirtschaft<\/strong> : Transport von Baumst\u00e4mmen, Materialien usw.<\/li>\n<li data-start=\"1291\" data-end=\"1387\"><strong data-start=\"1293\" data-end=\"1320\">Gel\u00e4ndeg\u00e4ngig und Rettung<\/strong> : Fahrzeuge oder Ger\u00e4te mit pr\u00e4ziser Steuerung anseilen.<\/li>\n<\/ul>\n<p data-start=\"1389\" data-end=\"1518\" data-is-last-node=\"\" data-is-only-node=\"\">Es ist daher von wesentlicher Bedeutung f\u00fcr <strong data-start=\"1420\" data-end=\"1517\">Verbesserung der Sicherheit, Produktivit\u00e4t und des Nutzungskomforts professioneller Winden<\/strong>.<\/p>","protected":false},"featured_media":20367,"comment_status":"closed","ping_status":"closed","template":"","meta":{"_acf_changed":false,"_et_pb_use_builder":"","_et_pb_old_content":"","_et_gb_content_width":""},"product_brand":[],"product_cat":[1176],"product_tag":[1510],"class_list":{"0":"post-13153","1":"product","2":"type-product","3":"status-publish","4":"has-post-thumbnail","6":"product_cat-accessoires","7":"product_tag-polyvalence","9":"first","10":"instock","11":"shipping-taxable","12":"purchasable","13":"product-type-simple"},"acf":[],"_links":{"self":[{"href":"https:\/\/fixator.fr\/de\/wp-json\/wp\/v2\/product\/13153","targetHints":{"allow":["GET"]}}],"collection":[{"href":"https:\/\/fixator.fr\/de\/wp-json\/wp\/v2\/product"}],"about":[{"href":"https:\/\/fixator.fr\/de\/wp-json\/wp\/v2\/types\/product"}],"replies":[{"embeddable":true,"href":"https:\/\/fixator.fr\/de\/wp-json\/wp\/v2\/comments?post=13153"}],"wp:featuredmedia":[{"embeddable":true,"href":"https:\/\/fixator.fr\/de\/wp-json\/wp\/v2\/media\/20367"}],"wp:attachment":[{"href":"https:\/\/fixator.fr\/de\/wp-json\/wp\/v2\/media?parent=13153"}],"wp:term":[{"taxonomy":"product_brand","embeddable":true,"href":"https:\/\/fixator.fr\/de\/wp-json\/wp\/v2\/product_brand?post=13153"},{"taxonomy":"product_cat","embeddable":true,"href":"https:\/\/fixator.fr\/de\/wp-json\/wp\/v2\/product_cat?post=13153"},{"taxonomy":"product_tag","embeddable":true,"href":"https:\/\/fixator.fr\/de\/wp-json\/wp\/v2\/product_tag?post=13153"}],"curies":[{"name":"wp","href":"https:\/\/api.w.org\/{rel}","templated":true}]}}