{"id":13095,"date":"2023-10-25T15:55:47","date_gmt":"2023-10-25T13:55:47","guid":{"rendered":"https:\/\/fixator.fr\/?post_type=product&#038;p=13095"},"modified":"2025-06-16T13:52:25","modified_gmt":"2025-06-16T11:52:25","slug":"mechanischer-lastbegrenzer","status":"publish","type":"product","link":"https:\/\/fixator.fr\/de\/produit\/limiteur-de-charge-mecanique\/","title":{"rendered":"Mechanischer Lastbegrenzer"},"content":{"rendered":"","protected":false},"excerpt":{"rendered":"<p><strong>Der Lastbegrenzer f\u00fcr Elektrowinden mit Fixator-Durchlaufkabel<\/strong> ist eine integrierte oder zus\u00e4tzliche Sicherheitseinrichtung zur \u00dcberwachung und Steuerung der Belastung einer Elektroseilwinde. Es spielt eine entscheidende Rolle bei der Vermeidung von \u00dcberlastungen, die zu Sch\u00e4den an der Ausr\u00fcstung, Kabelbr\u00fcchen oder Unf\u00e4llen beim Heben oder Ziehen f\u00fchren k\u00f6nnten.<\/p>\n<hr \/>\n<h3><strong>Beschreibung :<\/strong><\/h3>\n<ol>\n<li><strong>\u00dcberholende Seilwinde:<\/strong>\n<ul>\n<li>Im Gegensatz zu herk\u00f6mmlichen Trommelwinden erm\u00f6glicht eine Durchlaufseilwinde den Durchgang des Kabels durch die Winde, ohne dass es umwickelt wird, was typisch f\u00fcr Systeme ist, die f\u00fcr H\u00e4ngeplattformen oder Gondeln verwendet werden.<\/li>\n<li>Fixator-Winden werden h\u00e4ufig bei Arbeiten in der H\u00f6he, bei der Fassadenwartung oder anderen industriellen Anwendungen eingesetzt.<\/li>\n<\/ul>\n<\/li>\n<li><strong>Rolle des Lastbegrenzers:<\/strong>\n<ul>\n<li>Es erkennt, ob die auf das Seil ausge\u00fcbte Kraft einen vordefinierten Schwellenwert \u00fcberschreitet, der der maximalen Kapazit\u00e4t der Winde entspricht.<\/li>\n<li>Im Falle einer \u00dcberlastung unterbricht es automatisch die Stromversorgung der Winde oder l\u00f6st ein Alarmsystem aus, um Fehlfunktionen oder Unf\u00e4lle zu verhindern.<\/li>\n<\/ul>\n<\/li>\n<\/ol>\n<hr \/>\n<h3><strong>Technische Eigenschaften:<\/strong><\/h3>\n<ol>\n<li><strong>Erkennungsmethoden:<\/strong>\n<ul>\n<li><strong>W\u00e4gezelle:<\/strong>\n<ul>\n<li>Misst die auf das Kabel ausge\u00fcbte Kraft in Echtzeit.<\/li>\n<\/ul>\n<\/li>\n<li><strong>Mechanischer Sensor:<\/strong>\n<ul>\n<li>Erkennt \u00fcberm\u00e4\u00dfige Spannung \u00fcber kalibrierte Federn oder \u00e4hnliche Mechanismen.<\/li>\n<\/ul>\n<\/li>\n<li><strong>Elektromechanischer Sensor:<\/strong>\n<ul>\n<li>Kombiniert mechanische und elektrische Elemente zur \u00dcberwachung und Meldung von \u00dcberlastungen.<\/li>\n<\/ul>\n<\/li>\n<\/ul>\n<\/li>\n<li><strong>Kompatibilit\u00e4t:<\/strong>\n<ul>\n<li>Entwickelt f\u00fcr den Einsatz mit elektrischen Seilwinden der Serie Passing Fixator.<\/li>\n<li>Kann in die Winde integriert oder als externes Ger\u00e4t hinzugef\u00fcgt werden.<\/li>\n<\/ul>\n<\/li>\n<li><strong>Leistung und Konnektivit\u00e4t:<\/strong>\n<ul>\n<li>Wird \u00fcber die Stromversorgung der Winde betrieben.<\/li>\n<li>Einige Modelle verf\u00fcgen \u00fcber Anschl\u00fcsse zum Anschluss an eine Steuereinheit oder ein zentrales Steuerungssystem.<\/li>\n<\/ul>\n<\/li>\n<li><strong>Materialien:<\/strong>\n<ul>\n<li>Hergestellt aus robusten, korrosionsbest\u00e4ndigen Metalllegierungen f\u00fcr Langlebigkeit in rauen Umgebungen.<\/li>\n<\/ul>\n<\/li>\n<\/ol>\n<p>Es ist speziell f\u00fcr die Arbeit mit <a href=\"https:\/\/fixator.fr\/de\/produkt-kategorie\/hebewinden\/serie-lm\/\" target=\"_blank\" rel=\"noopener\"><strong>LM 300kg und 500kg elektrische Baustellenwinden (110 Volt, 220 Volt oder 400 Volt)<\/strong><\/a>.<\/p>","protected":false},"featured_media":20374,"comment_status":"closed","ping_status":"closed","template":"","meta":{"_acf_changed":false,"_et_pb_use_builder":"","_et_pb_old_content":"","_et_gb_content_width":""},"product_brand":[],"product_cat":[1176],"product_tag":[1277],"class_list":{"0":"post-13095","1":"product","2":"type-product","3":"status-publish","4":"has-post-thumbnail","6":"product_cat-accessoires","7":"product_tag-protection","9":"first","10":"instock","11":"shipping-taxable","12":"purchasable","13":"product-type-variable","14":"has-default-attributes"},"acf":[],"_links":{"self":[{"href":"https:\/\/fixator.fr\/de\/wp-json\/wp\/v2\/product\/13095","targetHints":{"allow":["GET"]}}],"collection":[{"href":"https:\/\/fixator.fr\/de\/wp-json\/wp\/v2\/product"}],"about":[{"href":"https:\/\/fixator.fr\/de\/wp-json\/wp\/v2\/types\/product"}],"replies":[{"embeddable":true,"href":"https:\/\/fixator.fr\/de\/wp-json\/wp\/v2\/comments?post=13095"}],"wp:featuredmedia":[{"embeddable":true,"href":"https:\/\/fixator.fr\/de\/wp-json\/wp\/v2\/media\/20374"}],"wp:attachment":[{"href":"https:\/\/fixator.fr\/de\/wp-json\/wp\/v2\/media?parent=13095"}],"wp:term":[{"taxonomy":"product_brand","embeddable":true,"href":"https:\/\/fixator.fr\/de\/wp-json\/wp\/v2\/product_brand?post=13095"},{"taxonomy":"product_cat","embeddable":true,"href":"https:\/\/fixator.fr\/de\/wp-json\/wp\/v2\/product_cat?post=13095"},{"taxonomy":"product_tag","embeddable":true,"href":"https:\/\/fixator.fr\/de\/wp-json\/wp\/v2\/product_tag?post=13095"}],"curies":[{"name":"wp","href":"https:\/\/api.w.org\/{rel}","templated":true}]}}