{"id":12857,"date":"2023-10-15T02:33:19","date_gmt":"2023-10-15T00:33:19","guid":{"rendered":"https:\/\/fixator.fr\/?post_type=product&#038;p=12857"},"modified":"2024-08-23T11:03:52","modified_gmt":"2024-08-23T09:03:52","slug":"einstellbarer-winkel","status":"publish","type":"product","link":"https:\/\/fixator.fr\/de\/produit\/angle-reglable\/","title":{"rendered":"Einstellbarer Winkel"},"content":{"rendered":"","protected":false},"excerpt":{"rendered":"<p>Durch das verstellbare Winkelprofil l\u00e4sst sich die Form der H\u00e4ngeb\u00fchne oder des Ger\u00fcsts ohne Unterbrechung des Bodens an jedes Geb\u00e4ude anpassen:<\/p>\n<ul>\n<li>Einfache, werkzeuglose Einstellung;<\/li>\n<li>8 Positionen von 27\u00b0 bis 90\u00b0 bieten die M\u00f6glichkeit, abgerundete Formen zu erreichen (Beispiel:<br \/>\nSilos).<\/li>\n<\/ul>","protected":false},"featured_media":9387,"comment_status":"closed","ping_status":"closed","template":"","meta":{"_acf_changed":false,"_et_pb_use_builder":"","_et_pb_old_content":"","_et_gb_content_width":""},"product_brand":[],"product_cat":[1176],"product_tag":[1274],"class_list":{"0":"post-12857","1":"product","2":"type-product","3":"status-publish","4":"has-post-thumbnail","6":"product_cat-accessoires","7":"product_tag-confort-dutilisation","9":"first","10":"instock","11":"shipping-taxable","12":"purchasable","13":"product-type-simple"},"acf":[],"_links":{"self":[{"href":"https:\/\/fixator.fr\/de\/wp-json\/wp\/v2\/product\/12857","targetHints":{"allow":["GET"]}}],"collection":[{"href":"https:\/\/fixator.fr\/de\/wp-json\/wp\/v2\/product"}],"about":[{"href":"https:\/\/fixator.fr\/de\/wp-json\/wp\/v2\/types\/product"}],"replies":[{"embeddable":true,"href":"https:\/\/fixator.fr\/de\/wp-json\/wp\/v2\/comments?post=12857"}],"wp:featuredmedia":[{"embeddable":true,"href":"https:\/\/fixator.fr\/de\/wp-json\/wp\/v2\/media\/9387"}],"wp:attachment":[{"href":"https:\/\/fixator.fr\/de\/wp-json\/wp\/v2\/media?parent=12857"}],"wp:term":[{"taxonomy":"product_brand","embeddable":true,"href":"https:\/\/fixator.fr\/de\/wp-json\/wp\/v2\/product_brand?post=12857"},{"taxonomy":"product_cat","embeddable":true,"href":"https:\/\/fixator.fr\/de\/wp-json\/wp\/v2\/product_cat?post=12857"},{"taxonomy":"product_tag","embeddable":true,"href":"https:\/\/fixator.fr\/de\/wp-json\/wp\/v2\/product_tag?post=12857"}],"curies":[{"name":"wp","href":"https:\/\/api.w.org\/{rel}","templated":true}]}}