{"id":12023,"date":"2023-07-25T09:09:35","date_gmt":"2023-07-25T07:09:35","guid":{"rendered":"https:\/\/fixator.fr\/?post_type=product&#038;p=12023"},"modified":"2026-01-05T17:00:38","modified_gmt":"2026-01-05T16:00:38","slug":"elektrische-baustellenseilwinde-lm-300-500kg-110v-240v-400v","status":"publish","type":"product","link":"https:\/\/fixator.fr\/de\/produit\/treuil-electrique-de-chantier-lm-300-500kg-110v-240v-400v\/","title":{"rendered":"LM Elektro-Baustellenseilwinde, 300-500kg, 110V, 240V und 400V"},"content":{"rendered":"<p>[et_pb_section fb_built=&#8221;1&#8243; _builder_version=&#8221;4.16&#8243; custom_padding=&#8221;0px||||false|false&#8221; global_colors_info=&#8221;{}&#8221;][et_pb_row admin_label=&#8221;Ligne&#8221; _builder_version=&#8221;4.16&#8243; background_size=&#8221;initial&#8221; background_position=&#8221;top_left&#8221; background_repeat=&#8221;repeat&#8221; width=&#8221;100%&#8221; custom_padding=&#8221;0px||0px||false|false&#8221; global_colors_info=&#8221;{}&#8221;][et_pb_column type=&#8221;4_4&#8243; _builder_version=&#8221;4.16&#8243; custom_padding=&#8221;|||&#8221; global_colors_info=&#8221;{}&#8221; custom_padding__hover=&#8221;|||&#8221;][et_pb_wc_breadcrumb _builder_version=&#8221;4.16&#8243; global_colors_info=&#8221;{}&#8221;][\/et_pb_wc_breadcrumb][et_pb_wc_cart_notice _builder_version=&#8221;4.16&#8243; global_colors_info=&#8221;{}&#8221;][\/et_pb_wc_cart_notice][\/et_pb_column][\/et_pb_row][et_pb_row column_structure=&#8221;1_2,1_2&#8243; _builder_version=&#8221;4.16&#8243; background_size=&#8221;initial&#8221; background_position=&#8221;top_left&#8221; background_repeat=&#8221;repeat&#8221; width=&#8221;100%&#8221; custom_padding=&#8221;0px||||false|false&#8221; global_colors_info=&#8221;{}&#8221;][et_pb_column type=&#8221;1_2&#8243; _builder_version=&#8221;4.16&#8243; custom_padding=&#8221;|||&#8221; global_colors_info=&#8221;{}&#8221; custom_padding__hover=&#8221;|||&#8221;][et_pb_wc_images _builder_version=&#8221;4.27.4&#8243; global_colors_info=&#8221;{}&#8221;][\/et_pb_wc_images][\/et_pb_column][et_pb_column type=&#8221;1_2&#8243; _builder_version=&#8221;4.16&#8243; custom_padding=&#8221;|||&#8221; global_colors_info=&#8221;{}&#8221; custom_padding__hover=&#8221;|||&#8221;][et_pb_wc_title _builder_version=&#8221;4.27.4&#8243; global_colors_info=&#8221;{}&#8221;][\/et_pb_wc_title][et_pb_wc_rating _builder_version=&#8221;4.16&#8243; global_colors_info=&#8221;{}&#8221;][\/et_pb_wc_rating][et_pb_wc_price _builder_version=&#8221;4.16&#8243; global_colors_info=&#8221;{}&#8221;][\/et_pb_wc_price][et_pb_wc_description _builder_version=&#8221;4.16&#8243; global_colors_info=&#8221;{}&#8221;][\/et_pb_wc_description][et_pb_wc_add_to_cart _builder_version=&#8221;4.27.4&#8243; global_colors_info=&#8221;{}&#8221;][\/et_pb_wc_add_to_cart][et_pb_wc_meta _builder_version=&#8221;4.16&#8243; global_colors_info=&#8221;{}&#8221;][\/et_pb_wc_meta][\/et_pb_column][\/et_pb_row][et_pb_row _builder_version=&#8221;4.16&#8243; background_size=&#8221;initial&#8221; background_position=&#8221;top_left&#8221; background_repeat=&#8221;repeat&#8221; width=&#8221;100%&#8221; global_colors_info=&#8221;{}&#8221;][et_pb_column type=&#8221;4_4&#8243; _builder_version=&#8221;4.16&#8243; custom_padding=&#8221;|||&#8221; global_colors_info=&#8221;{}&#8221; custom_padding__hover=&#8221;|||&#8221;][et_pb_wc_tabs _builder_version=&#8221;4.27.4&#8243; global_colors_info=&#8221;{}&#8221;] [\/et_pb_wc_tabs][et_pb_wc_upsells orderby=&#8221;popularity&#8221; _builder_version=&#8221;4.27.4&#8243; global_colors_info=&#8221;{}&#8221;][\/et_pb_wc_upsells][et_pb_wc_related_products include_categories=&#8221;1242,1205&#8243; admin_label=&#8221;Woo Produits connexes&#8221; _builder_version=&#8221;4.22.1&#8243; global_colors_info=&#8221;{}&#8221;][\/et_pb_wc_related_products][\/et_pb_column][\/et_pb_row][\/et_pb_section]<\/p>\n","protected":false},"excerpt":{"rendered":"<h2 style=\"text-align: left;color: #4786a6;font-family: Raleway;font-size: medium\"><b>CE-Norm<\/b><\/h2>\n<h2 style=\"color: #00a776;text-align: left\"><span style=\"font-family: Raleway;font-size: x-large\"><b>Produktbeschreibung<\/b><\/span><\/h2>\n<h3><strong>\u201eMaximale Belastung in kg\u201c und VFD-Frequenzvariationsversionen<\/strong><\/h3>\n<p><strong>F\u00fcr die Version \u201emaximale Belastung in Pfund\u201c gilt:<\/strong>\u00a0sehen\u00a0<a href=\"https:\/\/fixator.fr\/de\/produkt\/elektrische-bauwinde-lm-500-1000-lb-110-v-und-230-v\/\" target=\"_blank\" rel=\"noopener\">die Fixator LM 500-1000 lbs Bauwinde<\/a> (einphasig von 110 bis 240V) oder <a href=\"https:\/\/fixator.fr\/de\/produkt\/lm-elektrische-winde-300-500kg-vfd-variationsfrequenzantrieb-230v\/\" target=\"_blank\" rel=\"noopener\">die frequenzgesteuerte elektrische Winde (Vfd) oder Winde mit zwei Geschwindigkeiten f\u00fcr Lasten von 300 bis 500 kg <\/a>\u00a0mit dem St\u00f6\u00dfe vermieden werden, sodass auch gro\u00dfe oder zerbrechliche Lasten sicher gehoben werden k\u00f6nnen (einphasig von 208 bis 240 V).<\/p>\n<p>Bauwinden <strong>LM 300S+\/500+<\/strong> sind Seilwinden, die Ger\u00e4te bis zu 500 kg ohne Arbeitsh\u00f6henbeschr\u00e4nkung heben und ziehen k\u00f6nnen.<\/p>\n<p>Je nach gew\u00e4hltem Modell sind sie in einphasiger 110-V-, 220-240-V- oder 400-V-Version erh\u00e4ltlich.<\/p>\n<p>Diese elektrischen Hebewinden k\u00f6nnen Hubkapazit\u00e4ten von bis zu 1000 kg erreichen (das Transportset ist optional).<\/p>\n<p>&nbsp;<\/p>\n<h2 style=\"color: #00a776;text-align: left\"><span style=\"font-family: Raleway\"><span style=\"font-size: x-large\"><b>Vorteile f\u00fcr den Benutzer\u00a0<\/b><\/span><\/span><\/h2>\n<ul>\n<li><strong>Verwendung h\u00e4ngend oder am Boden befestigt<\/strong>;<\/li>\n<li><strong>Ober- und Endschalter<\/strong> Hohe und niedrige Werte garantieren Sicherheit und verhindern eine Besch\u00e4digung der Ger\u00e4te oder ein versehentliches L\u00f6sen des Kabels.<\/li>\n<li>M\u00f6glichkeit zur Verdoppelung der Hubkraft und Erreichen einer Hublast von bis zu 1000 kg dank der Verwendung <strong><u><a href=\"https:\/\/fixator.fr\/de\/produkt\/einscherungssatz\/\">Flaschenzug-Bausatz<\/a>;<\/u><\/strong><\/li>\n<li><strong>Knopffeld<\/strong> Im Lieferumfang der Winden enthalten: <a href=\"https:\/\/fixator.fr\/de\/produkt\/fernbedienung\/\"><strong>die Fernbedienung<\/strong> <\/a>Optional ist eine Steuerung von Winden ohne Kabelgewirr m\u00f6glich.<\/li>\n<li><a href=\"https:\/\/fixator.fr\/de\/produkt\/mechanischer-lastbegrenzer\/\"><strong>Lastbegrenzer<\/strong> <strong>elektromechanisch<\/strong><\/a> optionales Anhalten der Winde bei \u00dcberschreiten der Maximallast;<\/li>\n<li><strong>Vereinfachte Wartung<\/strong> dank einfachem Zugang zum mechanischen Teil.<\/li>\n<\/ul>","protected":false},"featured_media":14647,"comment_status":"closed","ping_status":"closed","template":"","meta":{"_acf_changed":false,"_et_pb_use_builder":"on","_et_pb_old_content":"","_et_gb_content_width":""},"product_brand":[],"product_cat":[1174,1443,1491,1492,1441,1366,1364,1720,1365,1742,1308,1285,1439,1311,1497,1169,1474,1284,1294,1473,1302,1449,1448,1157,1281,1295],"product_tag":[],"class_list":{"0":"post-12023","1":"product","2":"type-product","3":"status-publish","4":"has-post-thumbnail","6":"product_cat-treuils-de-levage-de-materiels","7":"product_cat-inferieur-a-1000-kg-2200-lbs","8":"product_cat-inferieur-a-300-kg-660-lbs","9":"product_cat-inferieur-a-400-kg-882-lbs","10":"product_cat-inferieur-a-500-kg-1100-lbs","11":"product_cat-1-monophase-110v","12":"product_cat-1-monophase-220-240v","13":"product_cat-3-triphase-220-240v","14":"product_cat-3-triphase-380-415v","15":"product_cat-ascensoriste-levage-de-charges","16":"product_cat-batiment-secteur-dactivite","17":"product_cat-ce","18":"product_cat-charge-maximale-dutilisation-cmu","19":"product_cat-eolien","20":"product_cat-gamme-lm","21":"product_cat-industrie","22":"product_cat-mecanique","23":"product_cat-norme","24":"product_cat-secteur-dactivite","25":"product_cat-surcharge","26":"product_cat-tension","27":"product_cat-travaux-permanents","28":"product_cat-travaux-temporaires","29":"product_cat-treuils-de-levage","30":"product_cat-treuils-electriques","31":"product_cat-type-de-treuil","33":"first","34":"instock","35":"shipping-taxable","36":"purchasable","37":"product-type-variable","38":"has-default-attributes"},"acf":[],"_links":{"self":[{"href":"https:\/\/fixator.fr\/de\/wp-json\/wp\/v2\/product\/12023","targetHints":{"allow":["GET"]}}],"collection":[{"href":"https:\/\/fixator.fr\/de\/wp-json\/wp\/v2\/product"}],"about":[{"href":"https:\/\/fixator.fr\/de\/wp-json\/wp\/v2\/types\/product"}],"replies":[{"embeddable":true,"href":"https:\/\/fixator.fr\/de\/wp-json\/wp\/v2\/comments?post=12023"}],"wp:featuredmedia":[{"embeddable":true,"href":"https:\/\/fixator.fr\/de\/wp-json\/wp\/v2\/media\/14647"}],"wp:attachment":[{"href":"https:\/\/fixator.fr\/de\/wp-json\/wp\/v2\/media?parent=12023"}],"wp:term":[{"taxonomy":"product_brand","embeddable":true,"href":"https:\/\/fixator.fr\/de\/wp-json\/wp\/v2\/product_brand?post=12023"},{"taxonomy":"product_cat","embeddable":true,"href":"https:\/\/fixator.fr\/de\/wp-json\/wp\/v2\/product_cat?post=12023"},{"taxonomy":"product_tag","embeddable":true,"href":"https:\/\/fixator.fr\/de\/wp-json\/wp\/v2\/product_tag?post=12023"}],"curies":[{"name":"wp","href":"https:\/\/api.w.org\/{rel}","templated":true}]}}