{"id":11834,"date":"2023-08-24T12:28:49","date_gmt":"2023-08-24T10:28:49","guid":{"rendered":"https:\/\/fixator.fr\/?post_type=product&#038;p=11834"},"modified":"2025-03-07T14:55:59","modified_gmt":"2025-03-07T13:55:59","slug":"handhaben","status":"publish","type":"product","link":"https:\/\/fixator.fr\/de\/produit\/poignee\/","title":{"rendered":"Handhaben"},"content":{"rendered":"","protected":false},"excerpt":{"rendered":"<p><span style=\"color: #00a776;\"><span style=\"font-family: Raleway;\"><span style=\"font-size: x-large;\"><b>Produktbeschreibung<\/b><\/span><\/span><\/span><\/p>\n<p>Tragegriff f\u00fcr einfaches <strong data-start=\"64\" data-end=\"109\">erleichtern Transport und Handhabung<\/strong> der Winde.<\/p>\n<p><span style=\"color: #00a776;\"><span style=\"font-family: Raleway;\"><span style=\"font-size: x-large;\"><span style=\"color: #00a776; font-family: Raleway; font-size: x-large;\"><b>Vorteile<\/b><\/span><b style=\"color: #00a776; font-family: Raleway; font-size: x-large;\">\u00a0Benutzer<\/b><\/span><\/span><\/span><\/p>\n<ol data-start=\"157\" data-end=\"584\">\n<li data-start=\"157\" data-end=\"256\"><strong data-start=\"160\" data-end=\"182\">Einfacher Transport<\/strong> : Erm\u00f6glicht ein leichteres Bewegen der Winde, insbesondere wenn diese schwer ist;<\/li>\n<li data-start=\"257\" data-end=\"364\"><strong data-start=\"260\" data-end=\"279\">Erh\u00f6hte Sicherheit<\/strong> : Vermeiden Sie Verletzungen durch das Tragen der Winde mit blo\u00dfen H\u00e4nden oder auf unbequeme Weise.<\/li>\n<li data-start=\"365\" data-end=\"476\"><strong data-start=\"368\" data-end=\"394\">Ger\u00e4teschutz<\/strong> : Reduziert das Risiko, dass die Winde w\u00e4hrend des Transports herunterf\u00e4llt oder besch\u00e4digt wird;<\/li>\n<li data-start=\"477\" data-end=\"584\"><strong data-start=\"480\" data-end=\"503\">Verbesserte Ergonomie<\/strong> : Bietet besseren Halt beim Installieren oder Neupositionieren der Winde.<\/li>\n<\/ol>\n<p data-start=\"586\" data-end=\"840\" data-is-last-node=\"\" data-is-only-node=\"\">Es ist besonders n\u00fctzlich f\u00fcr <strong>tragbare Winden<\/strong>, oft verwendet f\u00fcr<strong> Offroad-, Forst- oder Baustellenanwendungen<\/strong>. Einige Modelle sind direkt in die Winde integriert, w\u00e4hrend andere abnehmbares Zubeh\u00f6r sind.<\/p>","protected":false},"featured_media":9440,"comment_status":"closed","ping_status":"closed","template":"","meta":{"_acf_changed":false,"_et_pb_use_builder":"","_et_pb_old_content":"","_et_gb_content_width":""},"product_brand":[],"product_cat":[1176],"product_tag":[1274],"class_list":{"0":"post-11834","1":"product","2":"type-product","3":"status-publish","4":"has-post-thumbnail","6":"product_cat-accessoires","7":"product_tag-confort-dutilisation","9":"first","10":"instock","11":"shipping-taxable","12":"purchasable","13":"product-type-simple"},"acf":[],"_links":{"self":[{"href":"https:\/\/fixator.fr\/de\/wp-json\/wp\/v2\/product\/11834","targetHints":{"allow":["GET"]}}],"collection":[{"href":"https:\/\/fixator.fr\/de\/wp-json\/wp\/v2\/product"}],"about":[{"href":"https:\/\/fixator.fr\/de\/wp-json\/wp\/v2\/types\/product"}],"replies":[{"embeddable":true,"href":"https:\/\/fixator.fr\/de\/wp-json\/wp\/v2\/comments?post=11834"}],"wp:featuredmedia":[{"embeddable":true,"href":"https:\/\/fixator.fr\/de\/wp-json\/wp\/v2\/media\/9440"}],"wp:attachment":[{"href":"https:\/\/fixator.fr\/de\/wp-json\/wp\/v2\/media?parent=11834"}],"wp:term":[{"taxonomy":"product_brand","embeddable":true,"href":"https:\/\/fixator.fr\/de\/wp-json\/wp\/v2\/product_brand?post=11834"},{"taxonomy":"product_cat","embeddable":true,"href":"https:\/\/fixator.fr\/de\/wp-json\/wp\/v2\/product_cat?post=11834"},{"taxonomy":"product_tag","embeddable":true,"href":"https:\/\/fixator.fr\/de\/wp-json\/wp\/v2\/product_tag?post=11834"}],"curies":[{"name":"wp","href":"https:\/\/api.w.org\/{rel}","templated":true}]}}